{"id":3284,"date":"2017-03-09T15:19:04","date_gmt":"2017-03-09T20:19:04","guid":{"rendered":"http:\/\/caph-02.eproofs.ca\/formulaires\/"},"modified":"2019-11-12T09:44:16","modified_gmt":"2019-11-12T14:44:16","slug":"formulaires","status":"publish","type":"page","link":"https:\/\/cap.ca\/fr\/activites\/certification-professionnelle-phys\/formulaires\/","title":{"rendered":"Demande de certification professionnelle"},"content":{"rendered":"<p>En raison des documents exig\u00e9s pour appuyer une demande de certification professionnelle de l&#8217;ACP, il est impossible d&#8217;effectuer des demandes par voie \u00e9lectronique. Veuillez t\u00e9l\u00e9charger, imprimer et remplir le <span style=\"text-decoration: underline;\"><a href=\"https:\/\/cap.ca\/wp-content\/uploads\/2017\/03\/application-f.pdf\" target=\"_blank\" rel=\"noopener noreferrer\">Formulaire de demande de certification<\/a><\/span> (en format PDF), puis le poster \u00e0 l&#8217;ACP accompagn\u00e9 des documents requis et une lettre expliquant pourquoi vous voulez obtenir la certification et comment vous satisfaites aux crit\u00e8res de certification. Quand vous contactez vos r\u00e9pondants, demandez-leur d&#8217;utiliser ce <span style=\"text-decoration: underline;\"><a href=\"https:\/\/cap.ca\/wp-content\/uploads\/2017\/03\/reference_form-f.pdf\" target=\"_blank\" rel=\"noopener noreferrer\">formulaire pour r\u00e9f\u00e9rence<\/a><\/span> (en format PDF) ou d&#8217;envoyer directement \u00e0 l&#8217;ACP une lettre qui traite chacun des points mentionn\u00e9s dans le formulaire.<\/p>\n<p>Si les exigences en mati\u00e8re d&#8217;\u00e9ducation et d&#8217;exp\u00e9rience sont acceptables, le requ\u00e9rant doit faire un demande et r\u00e9ussir <span style=\"text-decoration: underline;\"><a href=\"https:\/\/cap.ca\/fr\/activites\/certification-professionnelle-phys\/professional-practice-exam-ppe\/\">l&#8217;Examen d&#8217;exercice professionnel<\/a><\/span>. Si un \u00e9tudiant en derni\u00e8re ann\u00e9e de premier cycle, un \u00e9tudiant de deuxi\u00e8me ou troisi\u00e8me cycle, ou un \u00e9tudiant dipl\u00f4m\u00e9 qui ne satisfait encore les crit\u00e8res pour l&#8217;exemption* souhaite passer l&#8217;examen d&#8217;exercice professionnel, il doit d&#8217;abord remplir un <span style=\"text-decoration: underline;\"><a href=\"https:\/\/cap.ca\/wp-content\/uploads\/2017\/03\/ppe-student-application-form-nofee-f.pdf\" target=\"_blank\" rel=\"noopener noreferrer\">formulaire d&#8217;inscription pour \u00e9tudiant<\/a><\/span>.<\/p>\n<p>Vous pouvez \u00eatre exempt\u00e9 de l&#8217;EEP si vous pratiquez la physique depuis au moins sept ans et fournissez une description d\u00e9taill\u00e9e de vos accomplissements professionnels et d\u00e9montrant inutilit\u00e9 de l&#8217;EEP. Le comit\u00e9 de certification professionnelle de l&#8217;ACP examinera cette description afin de d\u00e9terminer la n\u00e9cessit\u00e9 de l&#8217;EEP. Veuillez t\u00e9l\u00e9charger, imprimer et remplir le Formulaire de demande <a href=\"https:\/\/cap.ca\/wp-content\/uploads\/2017\/03\/ppe_exempt_form-f.pdf\" target=\"_blank\" rel=\"noopener noreferrer\"><span style=\"text-decoration: underline;\">d&#8217;exemption de l&#8217;examen d&#8217;exercice professionnel (EEP<\/span>)<\/a> (en format PDF), puis le poster \u00e0 l&#8217;ACP accompagn\u00e9 des documents requis.<\/p>\n","protected":false},"excerpt":{"rendered":"<p>En raison des documents exig\u00e9s pour appuyer une demande de certification professionnelle de l&#8217;ACP, il est impossible d&#8217;effectuer des demandes par voie \u00e9lectronique. Veuillez t\u00e9l\u00e9charger, imprimer et remplir le Formulaire de demande de certification (en format PDF), puis le poster \u00e0 l&#8217;ACP accompagn\u00e9 des documents requis et une lettre expliquant pourquoi vous voulez obtenir la&#8230;  <a class=\"excerpt-read-more\" href=\"https:\/\/cap.ca\/fr\/activites\/certification-professionnelle-phys\/formulaires\/\" title=\"LireDemande de certification professionnelle\">Lire la suite &raquo;<\/a><\/p>\n","protected":false},"author":10,"featured_media":0,"parent":3278,"menu_order":171,"comment_status":"closed","ping_status":"closed","template":"","meta":{"footnotes":""},"class_list":["post-3284","page","type-page","status-publish","hentry"],"_links":{"self":[{"href":"https:\/\/cap.ca\/fr\/wp-json\/wp\/v2\/pages\/3284","targetHints":{"allow":["GET"]}}],"collection":[{"href":"https:\/\/cap.ca\/fr\/wp-json\/wp\/v2\/pages"}],"about":[{"href":"https:\/\/cap.ca\/fr\/wp-json\/wp\/v2\/types\/page"}],"author":[{"embeddable":true,"href":"https:\/\/cap.ca\/fr\/wp-json\/wp\/v2\/users\/10"}],"replies":[{"embeddable":true,"href":"https:\/\/cap.ca\/fr\/wp-json\/wp\/v2\/comments?post=3284"}],"version-history":[{"count":8,"href":"https:\/\/cap.ca\/fr\/wp-json\/wp\/v2\/pages\/3284\/revisions"}],"predecessor-version":[{"id":14378,"href":"https:\/\/cap.ca\/fr\/wp-json\/wp\/v2\/pages\/3284\/revisions\/14378"}],"up":[{"embeddable":true,"href":"https:\/\/cap.ca\/fr\/wp-json\/wp\/v2\/pages\/3278"}],"wp:attachment":[{"href":"https:\/\/cap.ca\/fr\/wp-json\/wp\/v2\/media?parent=3284"}],"curies":[{"name":"wp","href":"https:\/\/api.w.org\/{rel}","templated":true}]}}