{"id":3283,"date":"2017-03-09T15:19:00","date_gmt":"2017-03-09T20:19:00","guid":{"rendered":"http:\/\/caph-02.eproofs.ca\/conditions\/"},"modified":"2020-07-23T18:53:53","modified_gmt":"2020-07-23T22:53:53","slug":"conditions","status":"publish","type":"page","link":"https:\/\/cap.ca\/fr\/activites\/certification-professionnelle-phys\/conditions\/","title":{"rendered":"Conditions pour l&#8217;obtention de certification"},"content":{"rendered":"<h2>Renseignements G\u00e9n\u00e9raux \u00c0 L&#8217;intention Des Requ\u00e9rants \u00c0 La Certification Professionnelle<\/h2>\n<p>Pour recevoir le droit d&#8217;utilisation de la d\u00e9signation \u201cphys.\u201d, en fran\u00e7ais, ou \u201cP.Phys.\u201d, en anglais, de l&#8217;ACP, le requ\u00e9rant doit satisfaire aux conditions suivantes.<\/p>\n<ul class=\"content-list\">\n<li>\u00catre de bonne moralit\u00e9 et \u00e2g\u00e9 d&#8217;au moins 18 ans.<\/li>\n<li>\u00catre membre de l&#8217;ACP.<\/li>\n<li>Rencontrer les normes \u00e9tablies par l&#8217;ACP en mati\u00e8re d&#8217;\u00e9ducation (voir ci-dessous).<\/li>\n<li>Rencontrer les exigences \u00e9tablies par l&#8217;ACP en mati\u00e8re d&#8217;exp\u00e9rience en physique (voir ci-dessous).<\/li>\n<li>Consentir \u00e0 maintenir le code de conduite et de d\u00e9ontologie de l&#8217;ACP.<\/li>\n<li>R\u00e9ussir <a href=\"https:\/\/cap.ca\/fr\/activites\/certification-professionnelle-phys\/professional-practice-exam-ppe\/\">l&#8217;examen d&#8217;exercice professionnel<\/a> (EEP).<\/li>\n<\/ul>\n<p>Le droit d\u2019utilisation de la d\u00e9signation \u201cphys.\u201d, en fran\u00e7ais, ou \u201cP.Phys.\u201d, en anglais, sera octroy\u00e9 par l&#8217;ACP qui en est propri\u00e9taire. Les personnes qui n&#8217;obtiendront pas le droit d&#8217;utilisation de l&#8217;ACP ne pourront utiliser cette d\u00e9signation. L&#8217;ACP est en droit d&#8217;entreprendre des d\u00e9marches judiciaires pour utilisation non autoris\u00e9e. Les requ\u00e9rants dont la demande a \u00e9t\u00e9 accept\u00e9e recevront un certificat aux fins d&#8217;encadrement.<\/p>\n<h2>\u00c9tudes<\/h2>\n<p>Vous devez fournir une preuve d&#8217;obtention d&#8217;un baccalaur\u00e9at, ou d\u2019un dipl\u00f4me plus \u00e9lev\u00e9, en physique ou dans une discipline connexe. Il est pr\u00e9f\u00e9rable qu\u2019un relev\u00e9 de notes certifi\u00e9, ou tout autre document de m\u00eame nature, soit envoy\u00e9 directement \u00e0 l\u2019ACP par le registraire de l\u2019universit\u00e9 fr\u00e9quent\u00e9e. Si vous ne poss\u00e9dez pas un tel dipl\u00f4me, votre dossier acad\u00e9mique sera \u00e9tudi\u00e9 par le Comit\u00e9 de certification professionnelle de l&#8217;ACP (CCP).<\/p>\n<h2>Exp\u00e9rience<\/h2>\n<p>Vous devez poss\u00e9der, ou poss\u00e9der sous peu, <u><strong>apr\u00e8s<\/strong><\/u> graduation, trois ann\u00e9es d&#8217;exp\u00e9rience r\u00e9cente dans un poste reli\u00e9 \u00e0 la physique. Une exp\u00e9rience de travail est consid\u00e9r\u00e9e reli\u00e9e \u00e0 la physique si le poste n\u00e9cessite l&#8217;utilisation directe de la physique, ou l&#8217;utilisation significative des modes de pens\u00e9e, tel que le processus de r\u00e9solution de probl\u00e8mes, d\u00e9velopp\u00e9s lors des \u00e9tudes et \/ ou des exp\u00e9riences en tant que physicien. Cette exp\u00e9rience peut \u00eatre acad\u00e9mique, industrielle, gouvernementale ou d&#8217;une autre source. La gestion d&#8217;un travail reli\u00e9 \u00e0 la physique, ainsi que les travaux appropri\u00e9s d&#8217;un \u00e9tudiant dipl\u00f4m\u00e9, sont admissibles. Le CCP \u00e9valuera votre exp\u00e9rience reli\u00e9e \u00e0 la physique en tenant compte des cinq crit\u00e8res suivants.<\/p>\n<ul class=\"content-list\">\n<li>Comp\u00e9tence dans l&#8217;application des principes de physique et \/ ou des modes de pens\u00e9e<\/li>\n<li>Exp\u00e9rience de travail<\/li>\n<li>Qualit\u00e9s de gestionnaire, au besoin<\/li>\n<li>Capacit\u00e9 de communiquer et habilet\u00e9s en relationss interpersonnelles<\/li>\n<li>Compr\u00e9hension de l&#8217;implication sociale de la physique<\/li>\n<\/ul>\n<h2>R\u00e9f\u00e9rences<\/h2>\n<p>Vous devez fournir les noms de deux personnes pouvant confirmer votre exp\u00e9rience et qui acceptent de faire parvenir, directement \u00e0 l&#8217;ACP, des rapports \u00e9crits r\u00e9sumant vos comp\u00e9tences et votre exp\u00e9rience. Ces rapports doivent exposer vos habilet\u00e9s techniques, votre capacit\u00e9 \u00e0 communiquer \u00e0 l&#8217;oral et \u00e0 l&#8217;\u00e9crit, votre aptitude \u00e0 appliquer les principes et les modes de pens\u00e9e de la physique, vos qualit\u00e9s de gestionnaire, au besoin, et votre habilet\u00e9 en communication et relations interpersonnelles. Un des r\u00e9pondants doit \u00eatre votre(vos) superviseur(s) actuel(s), \u00e0 moins que vous puissiez offrir des raisons valables du contraire. Il est possible, par exemple, que vous n&#8217;avez pas de superviseur parce que vous \u00eates travailleur ind\u00e9pendant ou \u00e0 la retraite. Dans ce cas, veuillez prendre contact avec la directrice ex\u00e9cutive de l&#8217;ACP. Elle saura vous indiquer les mesures appropri\u00e9es \u00e0 prendre. En ce qui concerne les requ\u00e9rants r\u00e9sidant \u00e0 l\u2019ext\u00e9rieur du Canada, un des r\u00e9pondants doit \u00eatre un physicien canadien de calibre international.<\/p>\n<h2>Curriculum Vitae<\/h2>\n<p>Un c.v. doit accompagner votre demande de certification initiale. Il doit comprendre les renseignements suivants : les dates d&#8217;emploi (ann\u00e9e et mois), travail ind\u00e9pendant, \u00e9tudes, sp\u00e9cifiez si les \u00e9tudes sont \u00e0 temps plein ou partiel; les noms des employeurs, universit\u00e9s, ainsi que leur emplacement; une description du travail reli\u00e9 \u00e0 la physique pour chaque emploi; et les p\u00e9riodes \u00e0 lesquelles vous n&#8217;aviez pas d&#8217;emploi, n&#8217;\u00e9tiez pas travailleur ind\u00e9pendant ou inscrit \u00e0 un programme d&#8217;\u00e9tudes, ainsi que les raisons. Veuillez expliquer, dans la description de votre exp\u00e9rience, comment vous avez appliqu\u00e9 les principes, ou les modes de pens\u00e9e, de la physique. D\u00e9crivez \u00e9galement votre exp\u00e9rience de travail et en gestion de projets, au besoin, et donnez des exemples de la fa\u00e7on dont vous avez mis en pratique vos capacit\u00e9s \u00e0 communiquer. Les requ\u00e9rants r\u00e9sidant \u00e0 l\u2019ext\u00e9rieur du Canada doivent inclure une note d\u00e9taillant leur collaboration avec des physiciens canadiens, si c\u2019est le cas.<\/p>\n<h2>Examen D&#8217;exercice Professionnel<\/h2>\n<p>Le formulaire de demande de certification sera r\u00e9vis\u00e9 par le CCP de l&#8217;ACP. Si les normes en mati\u00e8re d&#8217;\u00e9tudes et d&#8217;exp\u00e9rience sont rencontr\u00e9es, ou seront rencontr\u00e9es sou peu, le requ\u00e9rant devra passer l&#8217;examen d&#8217;exercice professionnel (EEP)*. Les frais de l&#8217;EEP, pr\u00e9sentement 50 $ plus TPS \/ TVH, doivent \u00eatre pay\u00e9s au moment du d\u00e9p\u00f4t du formulaire d&#8217;inscription \u00e0 l&#8217;examen. L\u2019EEP sera probablement offert une fois par ann\u00e9e dans divers centres au Canada. Pour les requ\u00e9rants demeurant \u00e0 l\u2019ext\u00e9rieur des centres choisis, il sera peut-\u00eatre possible de trouver un endroit qui conviendrait mieux. Le Comit\u00e9 de certification professionnelle doit agr\u00e9er et certifier ces nouvelles dispositions.<\/p>\n<h2>Indemnisation<\/h2>\n<p>Le requ\u00e9rant accepte que l&#8217;ACP et ses directeurs, employ\u00e9s et repr\u00e9sentants ne sont pas responsables de tout mal, dommage, perte, d\u00e9pense ou embarras caus\u00e9 ou pr\u00e9tendument caus\u00e9 au requ\u00e9rant ou \u00e0 tout administrateur, dirigeant, directeur, employ\u00e9 ou repr\u00e9sentant du requ\u00e9rant, quelqu&#8217;en soit la provenance, y compris, mais ne se limitant pas \u00e0, tout mal, dommage, perte, d\u00e9pense ou embarras d\u00e9coulant de ou concernant : a) la d\u00e9cision prise par le Comit\u00e9 de certification professionnelle de l&#8217;ACP sur sa demande; b) la d\u00e9cision prise par le Comit\u00e9 d&#8217;appels de l&#8217;ACP; c) tout rapport soumis par le Comit\u00e9 de certification professionnelle.<\/p>\n<h2>Licence<\/h2>\n<p>La licence d&#8217;utilisation de la d\u00e9signation est valide pour une p\u00e9riode de cinq ans, pourvu que vous demeuriez un membre en bonne et due forme de l&#8217;ACP et que vous payiez vos frais annuels de certification, pr\u00e9sentement 20 $ plus la TPS \/ TVH. Apr\u00e8s cinq ans, la licence est renouvelable si vous prouvez d\u00e9tenir encore un emploi reli\u00e9 \u00e0 la physique. \u00c0 d\u00e9faut de renouveler l&#8217;adh\u00e9sion \u00e0 l&#8217;ACP, ou d&#8217;acquitter les frais annuels de certification, la licence sera automatiquement r\u00e9voqu\u00e9e. De plus, la licence peut \u00eatre r\u00e9voqu\u00e9e si le licenci\u00e9 est trouv\u00e9 coupable de faute professionnelle et autres cas du m\u00eame genre.<\/p>\n<p>Tous les d\u00e9tails concernant le processus de certification professionnelle peuvent \u00eatre obtenus sur le site Web de l&#8217;ACP, <a href=\"\/\">https:\/\/cap.ca<\/a>, ou en s\u2019adressant au bureau de l&#8217;ACP \u00e0 l\u2019adresse suivante : 555 ave King Edward, 3e \u00e9tage, Ottawa (Ontario), K1N 7N5. T\u00e9l. : (613) 562-5614; t\u00e9l\u00e9c. : courriel : <a href=\"mailto:programs%40cap.ca\">programs@cap.ca<\/a>. <\/p>\n<p>Nonobstant la section ci-dessus, si vous pratiquez la physique depuis au moins sept ans et fournissez une description d\u00e9taill\u00e9e de vos accomplissements professionnels, d\u00e9montrant l&#8217;inutilit\u00e9 de l&#8217;EEP, vous pouvez \u00eatre exempt\u00e9 de l&#8217;examen d&#8217;exercice professionnel. Deux r\u00e9f\u00e9rences, qui adresse le critera sp\u00e9cifique d\u00e9taill\u00e9 sur la forme pour la demande d&#8217;exemption, sont exig\u00e9es. Le CCP de l&#8217;ACP d\u00e9terminera si l&#8217;exemption est justifi\u00e9e.<\/p>\n<p><u>Si vous croyez \u00eatre admissible \u00e0 l\u2019exemption, nous vous conseillons de soumettre le formulaire de demande d\u2019exemption de l\u2019examen d\u2019exercice professionnel, et tous les documents requis, avec votre demande de certification. Il serait bon de solliciter une lettre de vos r\u00e9pondants dans laquelle ils mentionnent que vous rencontrez les crit\u00e8res de la certification ET de l\u2019exemption. Sinon le traitement de votre demande d\u2019exemption sera retard\u00e9e.<\/u><\/p>\n","protected":false},"excerpt":{"rendered":"<p>Renseignements G\u00e9n\u00e9raux \u00c0 L&#8217;intention Des Requ\u00e9rants \u00c0 La Certification Professionnelle Pour recevoir le droit d&#8217;utilisation de la d\u00e9signation \u201cphys.\u201d, en fran\u00e7ais, ou \u201cP.Phys.\u201d, en anglais, de l&#8217;ACP, le requ\u00e9rant doit satisfaire aux conditions suivantes. \u00catre de bonne moralit\u00e9 et \u00e2g\u00e9 d&#8217;au moins 18 ans. \u00catre membre de l&#8217;ACP. Rencontrer les normes \u00e9tablies par l&#8217;ACP en&#8230;  <a class=\"excerpt-read-more\" href=\"https:\/\/cap.ca\/fr\/activites\/certification-professionnelle-phys\/conditions\/\" title=\"LireConditions pour l&#8217;obtention de certification\">Lire la suite &raquo;<\/a><\/p>\n","protected":false},"author":10,"featured_media":0,"parent":3278,"menu_order":170,"comment_status":"closed","ping_status":"closed","template":"","meta":{"footnotes":""},"class_list":["post-3283","page","type-page","status-publish","hentry"],"_links":{"self":[{"href":"https:\/\/cap.ca\/fr\/wp-json\/wp\/v2\/pages\/3283","targetHints":{"allow":["GET"]}}],"collection":[{"href":"https:\/\/cap.ca\/fr\/wp-json\/wp\/v2\/pages"}],"about":[{"href":"https:\/\/cap.ca\/fr\/wp-json\/wp\/v2\/types\/page"}],"author":[{"embeddable":true,"href":"https:\/\/cap.ca\/fr\/wp-json\/wp\/v2\/users\/10"}],"replies":[{"embeddable":true,"href":"https:\/\/cap.ca\/fr\/wp-json\/wp\/v2\/comments?post=3283"}],"version-history":[{"count":6,"href":"https:\/\/cap.ca\/fr\/wp-json\/wp\/v2\/pages\/3283\/revisions"}],"predecessor-version":[{"id":15824,"href":"https:\/\/cap.ca\/fr\/wp-json\/wp\/v2\/pages\/3283\/revisions\/15824"}],"up":[{"embeddable":true,"href":"https:\/\/cap.ca\/fr\/wp-json\/wp\/v2\/pages\/3278"}],"wp:attachment":[{"href":"https:\/\/cap.ca\/fr\/wp-json\/wp\/v2\/media?parent=3283"}],"curies":[{"name":"wp","href":"https:\/\/api.w.org\/{rel}","templated":true}]}}