{"id":3282,"date":"2017-03-09T15:18:57","date_gmt":"2017-03-09T20:18:57","guid":{"rendered":"http:\/\/caph-02.eproofs.ca\/code-deontologie\/"},"modified":"2022-09-07T10:24:31","modified_gmt":"2022-09-07T14:24:31","slug":"code-deontologie","status":"publish","type":"page","link":"https:\/\/cap.ca\/fr\/activites\/certification-professionnelle-phys\/code-deontologie\/","title":{"rendered":"Code de conduite et de d\u00e9ontologie de l&#8217;ACP"},"content":{"rendered":"<h2>Pour les licenci\u00e9s de la certification professionnelle (phys. et P. Phys.)<\/h2>\n<p>De surcro\u00eet, et de fa\u00e7on plus d\u00e9taill\u00e9e que ce qui est mentionn\u00e9 dans <a href=\"https:\/\/cap.ca\/fr\/adhesion\/code-de-deontologie-de-lacp\/\">le code de d\u00e9ontologie de l&#8217;ACP<\/a>, les licenci\u00e9s de la Certification professionnelle de l&#8217;ACP doivent honorer les conditions suivantes :<\/p>\n<ul class=\"content-list\">\n<li>Offrir ses services, donner son avis ou entreprendre des projets de physique consciencieusement et avec diligence, et dans les domaines de sa comp\u00e9tence seulement.<\/li>\n<li>Se tenir au courant des d\u00e9veloppements dans sa discipline afin de demeurer comp\u00e9tent, s&#8217;efforcer d&#8217;accro\u00eetre les connaissances dans son domaine d&#8217;exercice et donner \u00e0 ses subalternes des possibilit\u00e9s de formation professionnelle.<\/li>\n<li>\u00c9viter les situations de conflits d&#8217;int\u00e9r\u00eats autant que possible, mais si un tel conflit survient, le reconna\u00eetre et r\u00e9v\u00e9ler pleinement et promptement la nature du conflit.<\/li>\n<li>Se conduire avec \u00e9quit\u00e9, int\u00e9grit\u00e9, honn\u00eatet\u00e9, courtoisie et loyaut\u00e9 envers l&#8217;ensemble des clients, employeurs et de ses confr\u00e8res et autres; reconna\u00eetre le m\u00e9rite de tous et accepter, autant que donner, des critiques professionnelles justes et honn\u00eates.<\/li>\n<li>Indiquer clairement aux employeurs et clients qui \u00e9cartent une recommandation ou un avis technique les cons\u00e9quences pouvant en d\u00e9couler.<\/li>\n<li>Signaler \u00e0 sa corporation ou \u00e0 tout autre organisme pertinent tout travail ou recommandation de physique ill\u00e9gal ou non-d\u00e9ontologique.<\/li>\n<li>Traiter de fa\u00e7on \u00e9quitable et promouvoir le traitement \u00e9quitable de l&#8217;ensemble des clients et des coll\u00e8gues, sans \u00e9gard \u00e0 la race, \u00e0 la religion, au sexe, \u00e0 l&#8217;orientation sexuelle, \u00e0 l&#8217;\u00e2ge, aux aptitudes physiques ou mentales, \u00e0 l&#8217;\u00e9tat matrimonial ou familial et \u00e0 la nationalit\u00e9 d&#8217;origine.<\/li>\n<\/ul>\n","protected":false},"excerpt":{"rendered":"<p>Pour les licenci\u00e9s de la certification professionnelle (phys. et P. Phys.) De surcro\u00eet, et de fa\u00e7on plus d\u00e9taill\u00e9e que ce qui est mentionn\u00e9 dans le code de d\u00e9ontologie de l&#8217;ACP, les licenci\u00e9s de la Certification professionnelle de l&#8217;ACP doivent honorer les conditions suivantes : Offrir ses services, donner son avis ou entreprendre des projets de&#8230;  <a class=\"excerpt-read-more\" href=\"https:\/\/cap.ca\/fr\/activites\/certification-professionnelle-phys\/code-deontologie\/\" title=\"LireCode de conduite et de d\u00e9ontologie de l&#8217;ACP\">Lire la suite &raquo;<\/a><\/p>\n","protected":false},"author":10,"featured_media":0,"parent":3278,"menu_order":169,"comment_status":"closed","ping_status":"closed","template":"","meta":{"footnotes":""},"class_list":["post-3282","page","type-page","status-publish","hentry"],"_links":{"self":[{"href":"https:\/\/cap.ca\/fr\/wp-json\/wp\/v2\/pages\/3282","targetHints":{"allow":["GET"]}}],"collection":[{"href":"https:\/\/cap.ca\/fr\/wp-json\/wp\/v2\/pages"}],"about":[{"href":"https:\/\/cap.ca\/fr\/wp-json\/wp\/v2\/types\/page"}],"author":[{"embeddable":true,"href":"https:\/\/cap.ca\/fr\/wp-json\/wp\/v2\/users\/10"}],"replies":[{"embeddable":true,"href":"https:\/\/cap.ca\/fr\/wp-json\/wp\/v2\/comments?post=3282"}],"version-history":[{"count":4,"href":"https:\/\/cap.ca\/fr\/wp-json\/wp\/v2\/pages\/3282\/revisions"}],"predecessor-version":[{"id":21742,"href":"https:\/\/cap.ca\/fr\/wp-json\/wp\/v2\/pages\/3282\/revisions\/21742"}],"up":[{"embeddable":true,"href":"https:\/\/cap.ca\/fr\/wp-json\/wp\/v2\/pages\/3278"}],"wp:attachment":[{"href":"https:\/\/cap.ca\/fr\/wp-json\/wp\/v2\/media?parent=3282"}],"curies":[{"name":"wp","href":"https:\/\/api.w.org\/{rel}","templated":true}]}}