{"id":3281,"date":"2017-03-09T15:18:54","date_gmt":"2017-03-09T20:18:54","guid":{"rendered":"http:\/\/caph-02.eproofs.ca\/benefices-relies-la-certification\/"},"modified":"2017-03-21T13:50:59","modified_gmt":"2017-03-21T17:50:59","slug":"benefices-relies-la-certification","status":"publish","type":"page","link":"https:\/\/cap.ca\/fr\/activites\/certification-professionnelle-phys\/benefices-relies-la-certification\/","title":{"rendered":"B\u00e9n\u00e9fices reli\u00e9s \u00e0 la certification professionnelle pour physiciens et physiciennes"},"content":{"rendered":"<h2><strong>En tant que physicien(ne) professionnel(le) <\/strong><\/h2>\n<p>La certification professionnelle pour physicien(ne)s ne peut que rehausser votre r\u00e9putation. Bien que vos dipl\u00f4mes d\u00e9montrent vos connaissances en tant que scientifique, vous devez aussi d\u00e9tenir une preuve de vos habilet\u00e9s \u00e0 communiquer ainsi que de votre aptitude au raisonnement original qui vous d\u00e9marquera des concurrent(e)s durant votre recherche d&#8217;emploi. Votre certification de physicien(ne) professionnel(le) vous permet d&#8217;utiliserla d\u00e9signation \u00abphys.\u00bb en fran\u00e7ais ou \u00abP.Phys.\u00bb en anglais pour d\u00e9montrer votre capacit\u00e9 d\u00e9cisionnelle en ce qui a trait aux questions scientifiques dans votre domaine particulier. En tant que physicien(ne) professionnel(le) vous comprenez et respectez <a href=\"https:\/\/cap.ca\/fr\/activites\/certification-professionnelle-phys\/code-deontologie\/\">le code de conduite et de d\u00e9ontologie de l&#8217;ACP<\/a> et, lors de r\u00e9solution de probl\u00e8mes, vous examinez de votre mieux tous les aspects techniques et sociaux relatifs \u00e0 votre domaine de comp\u00e9tence.<\/p>\n<h2>En tant qu&#8217;employeur<\/h2>\n<p>Vous recherchez des gens poss\u00e9dant plus qu&#8217;une formation. Comment distinguer entre les connaissances et ce qui a \u00e9t\u00e9 mis en pratique? Il vous faut de l&#8217;exp\u00e9rience. Nous sommes persuad\u00e9s que l&#8217;Association canadienne des physiciens et physiciennes, \u00e0 l&#8217;aide de son programme de certification professionnelle, comble cette lacune en \u00e9valuant les ant\u00e9c\u00e9dents et l&#8217;exp\u00e9rience du requ\u00e9rant, en plus des habilet\u00e9s \u00e0 analyser et \u00e0 communiquer. Les \u00e9valuations m\u00e9thodiques du syst\u00e8me \u00e9ducatif, ainsi que les exigences de nos examens, font que le Comit\u00e9 de certification professionnelle peut \u00e9valuer le savoir-faire de chaque requ\u00e9rant afin de garantir un large \u00e9ventail de comp\u00e9tence et d&#8217;exp\u00e9rience.<\/p>\n<h2>Pour quelles raisons &#8220;physicienn(ne) professionnel(le)?<\/h2>\n<p>L&#8217;Association canadienne des physiciens et physiciennes a choisi la d\u00e9signation \u00abphysicien(ne) professionnel(le)\u00bb et a d\u00e9pos\u00e9 les abr\u00e9viations \u00abphys.\u00bb en fran\u00e7ais et \u00abP.Phys.\u00bb en anglais afin de cr\u00e9er une d\u00e9signation facilement identifiable \u00e0 ce domaine. Certains des aspects tr\u00e8s techniques des activit\u00e9s des physiciens(nes) exigent que ceux-ci travaillent de concert d&#8217;autres professionnels(les) tels(les) que les ing\u00e9nieurs professionnels, les comptables agr\u00e9\u00e9s, ou m\u00eame des membres de l&#8217;Institut royal des architectes du Canada. L&#8217;ACP utilise une d\u00e9signation qui se veut analogue \u00e0 celle de ces professions. De cette fa\u00e7on, l&#8217;Association s&#8217;attend \u00e0 ce que tous les professionnels oeuvrant dans un autre domaine que les sciences physiques reconnaissent la d\u00e9signation \u00abphysicien(ne) professionnel(le)\u00bb comme \u00e9tant semblable \u00e0 la leur ou \u00e0 d&#8217;autres avec lesquelles ils (elles) sont d\u00e9j\u00e0 familiers(\u00e8res).<\/p>\n","protected":false},"excerpt":{"rendered":"<p>En tant que physicien(ne) professionnel(le) La certification professionnelle pour physicien(ne)s ne peut que rehausser votre r\u00e9putation. Bien que vos dipl\u00f4mes d\u00e9montrent vos connaissances en tant que scientifique, vous devez aussi d\u00e9tenir une preuve de vos habilet\u00e9s \u00e0 communiquer ainsi que de votre aptitude au raisonnement original qui vous d\u00e9marquera des concurrent(e)s durant votre recherche d&#8217;emploi&#8230;.  <a class=\"excerpt-read-more\" href=\"https:\/\/cap.ca\/fr\/activites\/certification-professionnelle-phys\/benefices-relies-la-certification\/\" title=\"LireB\u00e9n\u00e9fices reli\u00e9s \u00e0 la certification professionnelle pour physiciens et physiciennes\">Lire la suite &raquo;<\/a><\/p>\n","protected":false},"author":10,"featured_media":0,"parent":3278,"menu_order":168,"comment_status":"open","ping_status":"open","template":"","meta":{"footnotes":""},"class_list":["post-3281","page","type-page","status-publish","hentry"],"_links":{"self":[{"href":"https:\/\/cap.ca\/fr\/wp-json\/wp\/v2\/pages\/3281","targetHints":{"allow":["GET"]}}],"collection":[{"href":"https:\/\/cap.ca\/fr\/wp-json\/wp\/v2\/pages"}],"about":[{"href":"https:\/\/cap.ca\/fr\/wp-json\/wp\/v2\/types\/page"}],"author":[{"embeddable":true,"href":"https:\/\/cap.ca\/fr\/wp-json\/wp\/v2\/users\/10"}],"replies":[{"embeddable":true,"href":"https:\/\/cap.ca\/fr\/wp-json\/wp\/v2\/comments?post=3281"}],"version-history":[{"count":2,"href":"https:\/\/cap.ca\/fr\/wp-json\/wp\/v2\/pages\/3281\/revisions"}],"predecessor-version":[{"id":5671,"href":"https:\/\/cap.ca\/fr\/wp-json\/wp\/v2\/pages\/3281\/revisions\/5671"}],"up":[{"embeddable":true,"href":"https:\/\/cap.ca\/fr\/wp-json\/wp\/v2\/pages\/3278"}],"wp:attachment":[{"href":"https:\/\/cap.ca\/fr\/wp-json\/wp\/v2\/media?parent=3281"}],"curies":[{"name":"wp","href":"https:\/\/api.w.org\/{rel}","templated":true}]}}