{"id":3280,"date":"2017-03-09T15:18:51","date_gmt":"2017-03-09T20:18:51","guid":{"rendered":"http:\/\/caph-02.eproofs.ca\/description-du-logo\/"},"modified":"2017-03-23T13:13:42","modified_gmt":"2017-03-23T17:13:42","slug":"description-du-logo","status":"publish","type":"page","link":"https:\/\/cap.ca\/fr\/activites\/certification-professionnelle-phys\/description-du-logo\/","title":{"rendered":"Description du Logo de d\u00e9signation professionnelle \u00abphysicien \u00b7 physicienne\u00bb"},"content":{"rendered":"<p><img loading=\"lazy\" decoding=\"async\" class=\"alignright wp-image-3883\" src=\"https:\/\/cap.ca\/wp-content\/uploads\/2017\/03\/pdlogo_md.gif\" alt=\"\" width=\"143\" height=\"145\" \/>Le Logo repr\u00e9sente deux \u00abp\u00bb latins, dispos\u00e9s \u00abdos \u00e0 dos\u00bb dans le sens inverse, de mani\u00e8re \u00e0 constituer la lettre grecque \u00abphi\u00bb: F. Une bande circulaire circonscrit le logo en p\u00e9riph\u00e9rie; sur ce contour, on retrouve les appellations: &#8220;Professional Physicist&#8221; et &#8220;physicien \u00b7 physicienne&#8221;; les sections libres, entre les appellations, pr\u00e9sentent des arcs de cercles concentriques altern\u00e9s blancs et mauves .<\/p>\n<h2>Explication<\/h2>\n<ol class=\"content-list\">\n<li>La lettre latine \u00abp\u00bb repr\u00e9sente les mots \u00abphysicien\u00b7\u00b7 physcienne \/ Physicist\u00bb. Un second \u00abp\u00bb se dessine en \u00abn\u00e9gatif\u00bb \u00e0 gauche du \u00abp\u00bb principal plus fonc\u00e9 afin de repr\u00e9senter le mot \u00abProfessional\u00bb dans la d\u00e9signation anglophone \u00abProfessional Physicist\u00bb;<\/li>\n<li>La lettre grecque \u00abphi\u00bb, F, a \u00e9t\u00e9 choisie pour les raisons suivantes:\n<ul class=\"content-list\">\n<li>Elle est la premi\u00e8re lettre des mots grecs \u00abphysis\u00bb et \u00abphysik\u00eb\u00bb qui signifient, respectivement, \u00abnature\u00bb et \u00abphysique\u00bb;<\/li>\n<li>Cette lettre est bien connue et utilis\u00e9e par nombre de physicien(ne)s et symbolise le plus souvent la fonction d&#8217;onde et\/ou le champ d&#8217;une ou de plusieurs particules;<\/li>\n<li>Sa g\u00e9om\u00e9trie pr\u00e9sente des lignes rectilignes et courbes, des formes carr\u00e9es et circulaires, communes aux diff\u00e9rentes repr\u00e9sentations graphiques en physique, avec une sym\u00e9trie, une simplicit\u00e9 et un certain esth\u00e9tisme qui sont des qualit\u00e9s souvent ch\u00e9ries par les physicien(ne)s. En particulier, on remarquera que le sigle est invariant sous l&#8217;op\u00e9ration parit\u00e9, sauf pour les couleurs;<\/li>\n<li>Le phon\u00e8me \u00abphi\u00bb rappelle en partie les abr\u00e9viations francophone et anglophone de la d\u00e9signation \u00abphysicien \u00b7 physicienne\u00bb et \u00abProfessional Physicist\u00bbsoient: \u00abphys.\u00bb et \u00abP. Phys.\u00bb;<\/li>\n<\/ul>\n<\/li>\n<li>La forme ronde donne l&#8217;id\u00e9e de sch\u00e9mas d&#8217;atomes et de mol\u00e9cules;<\/li>\n<li>Les arcs de cercles repr\u00e9sentent entre autres des fronts d&#8217;ondes circulaires d&#8217;une source situ\u00e9e au centre du logo (de plus, ceci rappelle quelque peu le sigle de radioactivit\u00e9).<\/li>\n<li>Les arcs sont aussi les ponts de communication, d&#8217;\u00e9changes et de collaboration que n\u00e9cessite et profite l&#8217;activit\u00e9 scientifique et qui cr\u00e9ent les mailles professionnelles, de solidarit\u00e9 et d&#8217;amiti\u00e9 d&#8217; une communit\u00e9;<\/li>\n<\/ol>\n<p>Le tout dans une configuration simple, sym\u00e9trique et esth\u00e9tique, repr\u00e9sente le rayonnement vaste et multiple qui \u00e9mane du r\u00f4le et de l&#8217;oeuvre des physicien(ne)s au sein de l&#8217;ensemble de la soci\u00e9t\u00e9.<\/p>\n","protected":false},"excerpt":{"rendered":"<p>Le Logo repr\u00e9sente deux \u00abp\u00bb latins, dispos\u00e9s \u00abdos \u00e0 dos\u00bb dans le sens inverse, de mani\u00e8re \u00e0 constituer la lettre grecque \u00abphi\u00bb: F. Une bande circulaire circonscrit le logo en p\u00e9riph\u00e9rie; sur ce contour, on retrouve les appellations: &#8220;Professional Physicist&#8221; et &#8220;physicien \u00b7 physicienne&#8221;; les sections libres, entre les appellations, pr\u00e9sentent des arcs de cercles&#8230;  <a class=\"excerpt-read-more\" href=\"https:\/\/cap.ca\/fr\/activites\/certification-professionnelle-phys\/description-du-logo\/\" title=\"LireDescription du Logo de d\u00e9signation professionnelle \u00abphysicien \u00b7 physicienne\u00bb\">Lire la suite &raquo;<\/a><\/p>\n","protected":false},"author":10,"featured_media":0,"parent":3278,"menu_order":167,"comment_status":"closed","ping_status":"closed","template":"","meta":{"footnotes":""},"class_list":["post-3280","page","type-page","status-publish","hentry"],"_links":{"self":[{"href":"https:\/\/cap.ca\/fr\/wp-json\/wp\/v2\/pages\/3280","targetHints":{"allow":["GET"]}}],"collection":[{"href":"https:\/\/cap.ca\/fr\/wp-json\/wp\/v2\/pages"}],"about":[{"href":"https:\/\/cap.ca\/fr\/wp-json\/wp\/v2\/types\/page"}],"author":[{"embeddable":true,"href":"https:\/\/cap.ca\/fr\/wp-json\/wp\/v2\/users\/10"}],"replies":[{"embeddable":true,"href":"https:\/\/cap.ca\/fr\/wp-json\/wp\/v2\/comments?post=3280"}],"version-history":[{"count":4,"href":"https:\/\/cap.ca\/fr\/wp-json\/wp\/v2\/pages\/3280\/revisions"}],"predecessor-version":[{"id":6044,"href":"https:\/\/cap.ca\/fr\/wp-json\/wp\/v2\/pages\/3280\/revisions\/6044"}],"up":[{"embeddable":true,"href":"https:\/\/cap.ca\/fr\/wp-json\/wp\/v2\/pages\/3278"}],"wp:attachment":[{"href":"https:\/\/cap.ca\/fr\/wp-json\/wp\/v2\/media?parent=3280"}],"curies":[{"name":"wp","href":"https:\/\/api.w.org\/{rel}","templated":true}]}}