{"id":3279,"date":"2017-03-09T15:18:48","date_gmt":"2017-03-09T20:18:48","guid":{"rendered":"http:\/\/caph-02.eproofs.ca\/informations\/"},"modified":"2017-03-09T18:13:10","modified_gmt":"2017-03-09T23:13:10","slug":"informations","status":"publish","type":"page","link":"https:\/\/cap.ca\/fr\/activites\/certification-professionnelle-phys\/informations\/","title":{"rendered":"Informations"},"content":{"rendered":"<p><img loading=\"lazy\" decoding=\"async\" class=\"alignright size-medium wp-image-3890\" src=\"https:\/\/cap.ca\/wp-content\/uploads\/2017\/03\/PD_certificate_sm-300x231.gif\" alt=\"\" width=\"300\" height=\"231\" \/>Les membres de l&#8217;ACP ont fortement soutenu le programme de certification professionnelle lors d&#8217;un sondage effectu\u00e9 il y a quelque temps et celui-ci a \u00e9t\u00e9 approuv\u00e9 lors de l&#8217;AGA de 1997. Le programme offre aux requ\u00e9rants qui rencontrent les exigences d\u00e9crites ci-dessous le droit d&#8217;utiliser la marque de commerce f\u00e9d\u00e9rale &#8220;phys.&#8221;. La d\u00e9signation &#8220;phys.&#8221; certifie que le d\u00e9tenteur a rencontr\u00e9 un ensemble d&#8217;exigences acad\u00e9miques et professionnelles \u00e9tablies par l&#8217;ACP et qu&#8217;il ou elle respecte le code de conduite et de d\u00e9ontologie de l&#8217;ACP. Les physiciens ne sont pas tenus de d\u00e9tenir la d\u00e9signation phys. pour exercer la physique. Par contre, l&#8217;ACP esp\u00e8re que la d\u00e9signation deviendra pour les physiciens une norme professionnelle de facto consid\u00e9r\u00e9e avec estime. La d\u00e9signation offre donc aux employeurs et au public une assurance suppl\u00e9mentaire des comp\u00e9tences du d\u00e9tenteur et renforce la cr\u00e9dibilit\u00e9 de ce dernier.<\/p>\n<p>L&#8217;ACP octroiera une licence donnant le droit d&#8217;utilisation de la d\u00e9signation et sera propri\u00e9taire de la d\u00e9signation au moyen d&#8217;une marque de commerce f\u00e9d\u00e9rale. Les personnes qui n&#8217;obtiendront pas le droit d&#8217;utilisation de l&#8217;ACP ne pourront pas utiliser la d\u00e9signation et l&#8217;ACP est en droit d&#8217;entreprendre des d\u00e9marches judiciaires pour utilisation non autoris\u00e9e.<\/p>\n","protected":false},"excerpt":{"rendered":"<p>Les membres de l&#8217;ACP ont fortement soutenu le programme de certification professionnelle lors d&#8217;un sondage effectu\u00e9 il y a quelque temps et celui-ci a \u00e9t\u00e9 approuv\u00e9 lors de l&#8217;AGA de 1997. Le programme offre aux requ\u00e9rants qui rencontrent les exigences d\u00e9crites ci-dessous le droit d&#8217;utiliser la marque de commerce f\u00e9d\u00e9rale &#8220;phys.&#8221;. La d\u00e9signation &#8220;phys.&#8221; certifie&#8230;  <a class=\"excerpt-read-more\" href=\"https:\/\/cap.ca\/fr\/activites\/certification-professionnelle-phys\/informations\/\" title=\"LireInformations\">Lire la suite &raquo;<\/a><\/p>\n","protected":false},"author":10,"featured_media":0,"parent":3278,"menu_order":166,"comment_status":"open","ping_status":"open","template":"","meta":{"footnotes":""},"class_list":["post-3279","page","type-page","status-publish","hentry"],"_links":{"self":[{"href":"https:\/\/cap.ca\/fr\/wp-json\/wp\/v2\/pages\/3279","targetHints":{"allow":["GET"]}}],"collection":[{"href":"https:\/\/cap.ca\/fr\/wp-json\/wp\/v2\/pages"}],"about":[{"href":"https:\/\/cap.ca\/fr\/wp-json\/wp\/v2\/types\/page"}],"author":[{"embeddable":true,"href":"https:\/\/cap.ca\/fr\/wp-json\/wp\/v2\/users\/10"}],"replies":[{"embeddable":true,"href":"https:\/\/cap.ca\/fr\/wp-json\/wp\/v2\/comments?post=3279"}],"version-history":[{"count":2,"href":"https:\/\/cap.ca\/fr\/wp-json\/wp\/v2\/pages\/3279\/revisions"}],"predecessor-version":[{"id":3891,"href":"https:\/\/cap.ca\/fr\/wp-json\/wp\/v2\/pages\/3279\/revisions\/3891"}],"up":[{"embeddable":true,"href":"https:\/\/cap.ca\/fr\/wp-json\/wp\/v2\/pages\/3278"}],"wp:attachment":[{"href":"https:\/\/cap.ca\/fr\/wp-json\/wp\/v2\/media?parent=3279"}],"curies":[{"name":"wp","href":"https:\/\/api.w.org\/{rel}","templated":true}]}}