{"id":3278,"date":"2017-03-09T15:18:45","date_gmt":"2017-03-09T20:18:45","guid":{"rendered":"http:\/\/caph-02.eproofs.ca\/certification-professionnelle-phys\/"},"modified":"2026-03-10T16:51:39","modified_gmt":"2026-03-10T20:51:39","slug":"certification-professionnelle-phys","status":"publish","type":"page","link":"https:\/\/cap.ca\/fr\/activites\/certification-professionnelle-phys\/","title":{"rendered":"Certification professionelle (phys.)"},"content":{"rendered":"<blockquote><img loading=\"lazy\" decoding=\"async\" class=\"alignright wp-image-3883\" src=\"https:\/\/cap.ca\/wp-content\/uploads\/2017\/03\/pdlogo_md.gif\" alt=\"\" width=\"143\" height=\"145\" \/>\n<p><strong>Mise \u00e0 jour du programme de certification professionnelle (phys.)<\/strong> :<\/p>\n<p>Le programme de certification professionnelle (phys.) fait actuellement l&#8217;objet d&#8217;une refonte afin de mettre en place un processus de certification et de renouvellement actualis\u00e9 et am\u00e9lior\u00e9.<\/p>\n<p>Jusqu&#8217;\u00e0 ce que le programme actualis\u00e9 soit pleinement mis en \u0153uvre et op\u00e9rationnel,\u00a0<b>le statut de certification de toutes les personnes qui d\u00e9tiennent actuellement le titre de phys et qui sont membres actifs continuera d&#8217;\u00eatre reconnu comme certifi\u00e9<\/b>.<\/p>\n<p>Notre objectif est de garantir que le nouveau programme offre un cadre de certification clair, moderne et durable, tout en assurant la continuit\u00e9 pour les titulaires actuels.<\/p>\n<p>Des informations suppl\u00e9mentaires concernant le programme mis \u00e0 jour, notamment le calendrier et les prochaines \u00e9tapes, seront communiqu\u00e9es au fur et \u00e0 mesure de l&#8217;avancement <span data-olk-copy-source=\"MessageBody\">du projet<\/span>.<\/p>\n<p>Nous vous remercions de votre patience et de votre engagement continu envers le programme de certification phys. Si vous avez des questions entre-temps, n&#8217;h\u00e9sitez pas \u00e0 nous contacter \u00e0 l&#8217;adresse execdir@cap.ca.<\/p>\n<p>Veuillez noter que, pendant cette p\u00e9riode de transition, <strong>les membres qui souhaitent obtenir le titre de phys. peuvent toujours pr\u00e9senter leur demande en suivant le processus actuel<\/strong>.<\/p><\/blockquote>\n<p>Comme d\u00e9marche pour rehausser l&#8217;impact de la profession de physicien autant aux yeux des \u00e9tudiants que des employeurs, l\u2019ACP a lanc\u00e9 la d\u00e9signation de physicien(ne) professionnel(le) lors de son <a href=\"https:\/\/cap.ca\/fr\/congres-de-lacp\/\">congr\u00e8s annuel<\/a> de juin 1999. Depuis, le Comit\u00e9 de la marque de commerce a travaill\u00e9 assid\u00fbment \u00e0 mettre sur pied le processus de certification, y compris l\u2019adoption <a href=\"https:\/\/cap.ca\/fr\/activites\/certification-professionnelle-phys\/code-deontologie\/\">d\u2019un code de conduite et de d\u00e9ontologie<\/a> pour les licenci\u00e9s, la mise sur pied d\u2019un comit\u00e9 de certification professionnelle, l\u2019enregistrement de la demande de marque de commerce, et le d\u00e9veloppement de <a href=\"https:\/\/cap.ca\/fr\/activites\/certification-professionnelle-phys\/professional-practice-exam-ppe\/\">l\u2019examen d\u2019exercice professionnel (EEP)<\/a>.<\/p>\n<p>L&#8217;Association canadienne des physiciens et physiciennes (ACP) est heureuse d&#8217;offrir un programme de certification professionnelle \u00e0 tous ses membres. Tous les membres de l&#8217;ACP qui rencontrent (ou rencontreront sous peu) les crit\u00e8res, y compris les \u00e9tudiants dipl\u00f4m\u00e9s, peuvent pr\u00e9senter une demande.<\/p>\n<p>Nous encourageons les \u00e9tudiants de premier cycle (en derni\u00e8re ann\u00e9e d\u2019un programme de physique ou d\u2019un programme \u00e9troitement li\u00e9 \u00e0 la physique), les \u00e9tudiants de deuxi\u00e8me ou troisi\u00e8me cycles, et les \u00e9tudiants dipl\u00f4m\u00e9s qui ne satisfont pas encore aux crit\u00e8res d&#8217;exemption de l&#8217;EEP \u00e0 passer l\u2019examen de certification professionnelle lorsqu\u2019il est offert. Ils pourront ensuite obtenir la certification une fois les autres conditions rencontr\u00e9es. L\u2019examen sera offert annuellement vers la fin de janvier dans les d\u00e9partements de physique d\u2019un bout \u00e0 l\u2019autre du pays.<\/p>\n<p>Toute question concernant le programme de certification professionnelle peut \u00eatre envoy\u00e9e par courriel \u00e0 <a href=\"mailto:capphys@uottawa.ca\">notre coordinatrice de certification.<\/a><\/p>\n","protected":false},"excerpt":{"rendered":"<p>Mise \u00e0 jour du programme de certification professionnelle (phys.) : Le programme de certification professionnelle (phys.) fait actuellement l&#8217;objet d&#8217;une refonte afin de mettre en place un processus de certification et de renouvellement actualis\u00e9 et am\u00e9lior\u00e9. Jusqu&#8217;\u00e0 ce que le programme actualis\u00e9 soit pleinement mis en \u0153uvre et op\u00e9rationnel,\u00a0le statut de certification de toutes les&#8230;  <a class=\"excerpt-read-more\" href=\"https:\/\/cap.ca\/fr\/activites\/certification-professionnelle-phys\/\" title=\"LireCertification professionelle (phys.)\">Lire la suite &raquo;<\/a><\/p>\n","protected":false},"author":10,"featured_media":0,"parent":3277,"menu_order":131,"comment_status":"closed","ping_status":"closed","template":"","meta":{"footnotes":""},"class_list":["post-3278","page","type-page","status-publish","hentry"],"_links":{"self":[{"href":"https:\/\/cap.ca\/fr\/wp-json\/wp\/v2\/pages\/3278","targetHints":{"allow":["GET"]}}],"collection":[{"href":"https:\/\/cap.ca\/fr\/wp-json\/wp\/v2\/pages"}],"about":[{"href":"https:\/\/cap.ca\/fr\/wp-json\/wp\/v2\/types\/page"}],"author":[{"embeddable":true,"href":"https:\/\/cap.ca\/fr\/wp-json\/wp\/v2\/users\/10"}],"replies":[{"embeddable":true,"href":"https:\/\/cap.ca\/fr\/wp-json\/wp\/v2\/comments?post=3278"}],"version-history":[{"count":18,"href":"https:\/\/cap.ca\/fr\/wp-json\/wp\/v2\/pages\/3278\/revisions"}],"predecessor-version":[{"id":28872,"href":"https:\/\/cap.ca\/fr\/wp-json\/wp\/v2\/pages\/3278\/revisions\/28872"}],"up":[{"embeddable":true,"href":"https:\/\/cap.ca\/fr\/wp-json\/wp\/v2\/pages\/3277"}],"wp:attachment":[{"href":"https:\/\/cap.ca\/fr\/wp-json\/wp\/v2\/media?parent=3278"}],"curies":[{"name":"wp","href":"https:\/\/api.w.org\/{rel}","templated":true}]}}