{"id":3277,"date":"2017-03-09T15:18:40","date_gmt":"2017-03-09T20:18:40","guid":{"rendered":"http:\/\/caph-02.eproofs.ca\/activites\/"},"modified":"2023-07-13T14:45:12","modified_gmt":"2023-07-13T18:45:12","slug":"activites","status":"publish","type":"page","link":"https:\/\/cap.ca\/fr\/activites\/","title":{"rendered":"Activit\u00e9s"},"content":{"rendered":"<p>L&#8217;Association canadienne des physiciens et physiciennes (ACP), fond\u00e9e en 1945, repr\u00e9sente les physiciens \u00e0 tous les stades de leur carri\u00e8re, des \u00e9tudes de premier cycle jusqu&#8217;\u00e0 la retraite et dans tous les secteurs, que ce soit au gouvernement ou dans les universit\u00e9s ou l&#8217;industrie. Nous soutenons et encourageons aussi la prochaine g\u00e9n\u00e9ration de physiciens par des programmes et activit\u00e9s destin\u00e9s aux \u00e9tudiants et aux enseignants au secondaire et au c\u00e9gep ainsi qu&#8217;\u00e0 leurs parents.<\/p>\n<p>La pr\u00e9sente section du site Web vous informe de nos nombreux programmes visant \u00e0 faire avancer la cause de la recherche et de l&#8217;enseignement en physique au Canada et \u00e0 vanter les r\u00e9alisations de la physique et des physiciens au Canada.<\/p>\n<p><strong>Nos programmes :<\/strong><\/p>\n<ul class=\"content-list\">\n<li><span style=\"text-decoration: underline;\"><a href=\"https:\/\/cap.ca\/fr\/politique-scientifique\">Politique scientifique et d\u00e9fense des int\u00e9r\u00eats<\/a><\/span><\/li>\n<li><a href=\"https:\/\/cap.ca\/fr\/activites\/certification-professionnelle-phys\"><u>Certification professionelle<\/u><\/a><\/li>\n<li><a href=\"https:\/\/cap.ca\/fr\/activites\/tournee-de-lacp\"><u>Tourn\u00e9e des conf\u00e9renciers de l&#8217;ACP<\/u><\/a><\/li>\n<li><a href=\"https:\/\/cap.ca\/fr\/activites\/ressources-etudiants-secondaire-parents\"><u>Ressources pour les \u00e9tudiants du secondaire et les parents<\/u><\/a><\/li>\n<li><a href=\"https:\/\/cap.ca\/fr\/activites\/ressources-etudiants-universitaires\"><u>Ressources pour les \u00e9tudiants universitaires en physique<\/u><\/a><\/li>\n<li><a href=\"https:\/\/cap.ca\/fr\/activites\/ressources-enseignants-physique\"><u>Ressources pour les enseignants en physique<\/u><\/a><\/li>\n<li><a href=\"https:\/\/cap.ca\/fr\/activites\/medailles-bourses\"><u>M\u00e9dailles et bourses<\/u><\/a><\/li>\n<li><em><a href=\"https:\/\/cap.ca\/programs\/art-of-physics\/\"><u>L\u2019Art de la physique (<\/u><u>interrompu \u00e0 partir d&#8217;avril 2023)<\/u><\/a><\/em><\/li>\n<\/ul>\n","protected":false},"excerpt":{"rendered":"<p>L&#8217;Association canadienne des physiciens et physiciennes (ACP), fond\u00e9e en 1945, repr\u00e9sente les physiciens \u00e0 tous les stades de leur carri\u00e8re, des \u00e9tudes de premier cycle jusqu&#8217;\u00e0 la retraite et dans tous les secteurs, que ce soit au gouvernement ou dans les universit\u00e9s ou l&#8217;industrie. Nous soutenons et encourageons aussi la prochaine g\u00e9n\u00e9ration de physiciens par&#8230;  <a class=\"excerpt-read-more\" href=\"https:\/\/cap.ca\/fr\/activites\/\" title=\"LireActivit\u00e9s\">Lire la suite &raquo;<\/a><\/p>\n","protected":false},"author":10,"featured_media":0,"parent":0,"menu_order":124,"comment_status":"closed","ping_status":"closed","template":"","meta":{"footnotes":""},"class_list":["post-3277","page","type-page","status-publish","hentry"],"_links":{"self":[{"href":"https:\/\/cap.ca\/fr\/wp-json\/wp\/v2\/pages\/3277","targetHints":{"allow":["GET"]}}],"collection":[{"href":"https:\/\/cap.ca\/fr\/wp-json\/wp\/v2\/pages"}],"about":[{"href":"https:\/\/cap.ca\/fr\/wp-json\/wp\/v2\/types\/page"}],"author":[{"embeddable":true,"href":"https:\/\/cap.ca\/fr\/wp-json\/wp\/v2\/users\/10"}],"replies":[{"embeddable":true,"href":"https:\/\/cap.ca\/fr\/wp-json\/wp\/v2\/comments?post=3277"}],"version-history":[{"count":10,"href":"https:\/\/cap.ca\/fr\/wp-json\/wp\/v2\/pages\/3277\/revisions"}],"predecessor-version":[{"id":23323,"href":"https:\/\/cap.ca\/fr\/wp-json\/wp\/v2\/pages\/3277\/revisions\/23323"}],"wp:attachment":[{"href":"https:\/\/cap.ca\/fr\/wp-json\/wp\/v2\/media?parent=3277"}],"curies":[{"name":"wp","href":"https:\/\/api.w.org\/{rel}","templated":true}]}}