{"id":3276,"date":"2017-03-09T15:18:36","date_gmt":"2017-03-09T20:18:36","guid":{"rendered":"http:\/\/caph-02.eproofs.ca\/autres-conferences\/"},"modified":"2024-08-07T13:50:35","modified_gmt":"2024-08-07T17:50:35","slug":"autres-conferences","status":"publish","type":"page","link":"https:\/\/cap.ca\/fr\/congres-de-lacp\/autres-conferences\/","title":{"rendered":"Autres conf\u00e9rences parrain\u00e9es par l&#8217;ACP"},"content":{"rendered":"<p>L&#8217;ACP et ses divisions parrainent ou financent d&#8217;autres conf\u00e9rences int\u00e9ressant la collectivit\u00e9 de la physique :<\/p>\n<ul class=\"content-list\">\n<li><a href=\"https:\/\/www.cumpc.ca\" target=\"_blank\" rel=\"noopener\">2024 Conf\u00e9rence canadienne des \u00e9tudiants en physique m\u00e9dicale<\/a>, 22-23 ao\u00fbt, 2024 (virtuelle)\u00a0&#8211; anglais seulement<\/li>\n<\/ul>\n<p>Conf\u00e9rences pr\u00e9c\u00e9demment parrain\u00e9es au cours des 4 derni\u00e8res ann\u00e9es :<\/p>\n<ul class=\"content-list\">\n<li><a href=\"https:\/\/indico.ibs.re.kr\/event\/469\/\">19i\u00e8me conf\u00e9rence internationale sur les s\u00e9parateurs \u00e9lectromagn\u00e9tiques d&#8217;isotopes et les sujets connexes (SEMI)<\/a>, 3-7 oct., 2022 (Daejeon, Korea)\u00a0&#8211; anglais seulement<\/li>\n<li><a href=\"https:\/\/wttc18.triumf.ca\/\">Conf\u00e9rence sur le ciblage et la chimie du ciblage (WTTC18)<\/a>, 21-26 ao\u00fbt, 2022 (Whistler, C-B) &#8211; anglais seulement<\/li>\n<li><a href=\"https:\/\/www.m2s-2022.com\/\">13e conf\u00e9rence internationale sur les mat\u00e9riaux et les m\u00e9canismes de la supraconductivit\u00e9 et les supraconducteurs \u00e0 haute temp\u00e9rature (M2S2022)<\/a>, 17-22 juillet, 2022 (Vancouver, C-B)\u00a0&#8211; anglais seulement<\/li>\n<li><a href=\"https:\/\/conference.physics.utoronto.ca\/event\/1\/\/\">27i\u00e8me conf\u00e9rence internationale sur la physique atomique<\/a>, 17-22 juillet, 2022 (Toronto, ON) &#8211; anglais seulement<\/li>\n<li><a href=\"https:\/\/indico.in2p3.fr\/event\/19688\/\">14i\u00e8me symposium international d&#8217;EBIS\/T (EBIST2022)<\/a>, 14-17 juin, 2022 (Whistler, C-B)\u00a0&#8211; anglais seulement<\/li>\n<li>4i\u00e8me conf\u00e9rence internationale et exposition sur les nanosciences et les nanotechnologies, 13-14 juin, 2022 (Paris, France) &#8211; anglais seulement<\/li>\n<\/ul>\n","protected":false},"excerpt":{"rendered":"<p>L&#8217;ACP et ses divisions parrainent ou financent d&#8217;autres conf\u00e9rences int\u00e9ressant la collectivit\u00e9 de la physique : 2024 Conf\u00e9rence canadienne des \u00e9tudiants en physique m\u00e9dicale, 22-23 ao\u00fbt, 2024 (virtuelle)\u00a0&#8211; anglais seulement Conf\u00e9rences pr\u00e9c\u00e9demment parrain\u00e9es au cours des 4 derni\u00e8res ann\u00e9es : 19i\u00e8me conf\u00e9rence internationale sur les s\u00e9parateurs \u00e9lectromagn\u00e9tiques d&#8217;isotopes et les sujets connexes (SEMI), 3-7 oct.,&#8230;  <a class=\"excerpt-read-more\" href=\"https:\/\/cap.ca\/fr\/congres-de-lacp\/autres-conferences\/\" title=\"LireAutres conf\u00e9rences parrain\u00e9es par l&#8217;ACP\">Lire la suite &raquo;<\/a><\/p>\n","protected":false},"author":10,"featured_media":0,"parent":3243,"menu_order":156,"comment_status":"closed","ping_status":"closed","template":"","meta":{"footnotes":""},"class_list":["post-3276","page","type-page","status-publish","hentry"],"_links":{"self":[{"href":"https:\/\/cap.ca\/fr\/wp-json\/wp\/v2\/pages\/3276","targetHints":{"allow":["GET"]}}],"collection":[{"href":"https:\/\/cap.ca\/fr\/wp-json\/wp\/v2\/pages"}],"about":[{"href":"https:\/\/cap.ca\/fr\/wp-json\/wp\/v2\/types\/page"}],"author":[{"embeddable":true,"href":"https:\/\/cap.ca\/fr\/wp-json\/wp\/v2\/users\/10"}],"replies":[{"embeddable":true,"href":"https:\/\/cap.ca\/fr\/wp-json\/wp\/v2\/comments?post=3276"}],"version-history":[{"count":8,"href":"https:\/\/cap.ca\/fr\/wp-json\/wp\/v2\/pages\/3276\/revisions"}],"predecessor-version":[{"id":25589,"href":"https:\/\/cap.ca\/fr\/wp-json\/wp\/v2\/pages\/3276\/revisions\/25589"}],"up":[{"embeddable":true,"href":"https:\/\/cap.ca\/fr\/wp-json\/wp\/v2\/pages\/3243"}],"wp:attachment":[{"href":"https:\/\/cap.ca\/fr\/wp-json\/wp\/v2\/media?parent=3276"}],"curies":[{"name":"wp","href":"https:\/\/api.w.org\/{rel}","templated":true}]}}