{"id":3275,"date":"2017-03-09T15:18:33","date_gmt":"2017-03-09T20:18:33","guid":{"rendered":"http:\/\/caph-02.eproofs.ca\/histoire-ccep\/"},"modified":"2025-12-02T11:15:20","modified_gmt":"2025-12-02T16:15:20","slug":"histoire-ccep","status":"publish","type":"page","link":"https:\/\/cap.ca\/fr\/congres-de-lacp\/ccep\/histoire-ccep\/","title":{"rendered":"Histoire de CCEP"},"content":{"rendered":"<p>L&#8217;id\u00e9e de la Conf\u00e9rence canadienne des \u00e9tudiants en physique (CCEP) a vu le jour en 1964 quand C.S. Kalman, de la Undergraduate Physics Society de McGill, a rencontr\u00e9 L. Rosen, de la Mathematics and Physics Undergraduate Society de l&#8217;Universit\u00e9 de Toronto, alors qu&#8217;il y travaillait. Ces deux \u00e9tudiants au premier cycle y ont pr\u00e9sent\u00e9 l&#8217;id\u00e9e d&#8217;une conf\u00e9rence nationale qui puisse rassembler les \u00e9tudiants et o\u00f9 ils pourraient discuter des projets en cours dans divers \u00e9tablissements du pays.<\/p>\n<p>En mars 1965, Rosen a envoy\u00e9 \u00e0 20 universit\u00e9s une lettre annon\u00e7ant que \u00ab divers groupes d&#8217;\u00e9tudiants de l&#8217;Association canadienne des physiciens et physiciennes, en Ontario et au Qu\u00e9bec, songeaient \u00e0 tenir une conf\u00e9rence interprovinciale pour \u00e9tudiants au premier cycle \u00bb. L&#8217;ann\u00e9e universitaire tirant \u00e0 sa fin, la premi\u00e8re conf\u00e9rence n&#8217;a eu lieu qu&#8217;\u00e0 la fin de 1965, ann\u00e9e universitaire suivante. Comme l&#8217;Universit\u00e9 McGill avait pu financer des conf\u00e9renciers de l&#8217;ext\u00e9rieur, on a choisi d&#8217;y tenir la premi\u00e8re conf\u00e9rence. Celle-ci s&#8217;est av\u00e9r\u00e9e un succ\u00e8s!<\/p>\n<p>La CCEP est une conf\u00e9rence enti\u00e8rement dirig\u00e9e par des \u00e9tudiants. Comme elle n&#8217;a pas d&#8217;organe dirigeant officiel, elle est planifi\u00e9e et men\u00e9e uniquement par des \u00e9tudiants au premier cycle de l&#8217;universit\u00e9 h\u00f4te. \u00c0 la fin de chaque conf\u00e9rence, un vote est tenu pour d\u00e9terminer o\u00f9 se tiendra la prochaine conf\u00e9rence et, depuis la premi\u00e8re il y a 50 ans, la conf\u00e9rence n&#8217;a jamais eu lieu au m\u00eame endroit deux ann\u00e9es de suite.<\/p>\n<p>La 56e Conf\u00e9rence canadienne annuelle des \u00e9tudiants en physique (CCEP) a \u00e9t\u00e9 organis\u00e9e pour la premi\u00e8re fois en ligne par l&#8217;Universit\u00e9 Western \u00e0 London, en Ontario, du 5 au 8 novembre 2020. En 2022, l&#8217;Universit\u00e9 de Guelph a de nouveau organis\u00e9 une conf\u00e9rence en personne.<\/p>\n<p><strong>Veuillez trouver ci-apr\u00e8s la liste des lieux des CCEP depuis la premi\u00e8re, en 1965.<\/strong><\/p>\n<ul class=\"content-list\">\n<li>2025 Exposition virtuelle des dipl\u00f4m\u00e9s, 8 et 9 novembre 2025<\/li>\n<li>2024 University of British Columbia, 24-27 octobre 2024<\/li>\n<li>2023 University of Waterloo, Waterloo, ON, 26-29 octobre 2023<\/li>\n<li>2022 University of Guelph, Guelph, ON,\u00a0 27-30 octobre 2022<\/li>\n<li>2021 Ryerson University, Toronto, ON, 4-7 novembre 2021 (virtuelle)<\/li>\n<li>2020 University of Western Ontario, London, ON, 6-8 novembre 2020\u00a0 (virtuelle)<\/li>\n<li>2019 Universit\u00e9 McGill,\u00a0Montr\u00e9al, QC, 7-10 novembre 2019<\/li>\n<li>2018 University of Alberta, Edmonton, AB, 15-18 ao\u00fbt 2018<\/li>\n<li>2017 Carleton University, Ottawa, ON<\/li>\n<li>2016 Dalhousie University, Halifax, N.-\u00c9.<\/li>\n<li>2015 Trent University, Peterborough, ON<\/li>\n<li>2014 Queen&#8217;s University, Kingston, ON<\/li>\n<li>2013 McMaster University, Hamilton, ON<\/li>\n<li>2012 University of British Columbia, Vancouver, C.-B.<\/li>\n<li>2011 University of Saskatchewan, Saskatoon, SK<\/li>\n<li>2010 Dalhousie University, Halifax, N.-\u00c9.<\/li>\n<li>2009 University of Alberta, Edmonton, AB<\/li>\n<li>2008 University of Toronto, Toronto, ON<\/li>\n<li>2007 Simon Fraser University, Burnaby, C.-B.<\/li>\n<li>2006 University of New Brunswick, Fredericton, N.-B.<\/li>\n<li>2005 University of Western Ontario, London, ON<\/li>\n<li>2004 University of Victoria, Victoria, C.-B.<\/li>\n<li>2003 Universit\u00e9 McGill, Montreal, QC<\/li>\n<li>2002 Dalhousie University, Halifax, N.-\u00c9.<\/li>\n<li>2001 University of Manitoba and University of Winnipeg, Winnipeg, MB<\/li>\n<li>2000 Universit\u00e9 Laval, Qu\u00e9bec, QC<\/li>\n<li>1999 University of Alberta, Edmonton, AB<\/li>\n<li>1998 Queen&#8217;s University, Kingston, ON<\/li>\n<li>1997 University of British Columbia, Vancouver, C.-B.<\/li>\n<li>1996 University of Guelph, Guelph, ON<\/li>\n<li>1995 University of Calgary, Calgary, AB<\/li>\n<li>1994 McMaster University, Hamilton, ON<\/li>\n<li>1993 University of Saskatchewan, Saskatoon, SK<\/li>\n<li>1992 Universit\u00e9 d&#8217;Ottawa, Ottawa, ON<\/li>\n<li>1991 University of Alberta, Edmonton, AB<\/li>\n<li>1990 Universit\u00e9 Laval, Qu\u00e9bec, QC<\/li>\n<li>1989 University of Waterloo, Waterloo, ON<\/li>\n<li>1988 Dalhousie University, Halifax, N.-\u00c9.<\/li>\n<li>1987 University of Calgary, Calgary, AB<\/li>\n<li>1986 Universit\u00e9 McGill, Montr\u00e9al, QC<\/li>\n<li>1985 University of Manitoba, Winnipeg, MB<\/li>\n<li>1984 University of New Brunswick, Fredericton, N.-B.<\/li>\n<li>1983 University of Toronto, Toronto, ON<\/li>\n<li>1982 University of Victoria and Royal Roads Military College, Victoria, C.-B.<\/li>\n<li>1981 Queen&#8217;s University and Royal Military College, Kingston, ON<\/li>\n<li>1980 University of British Columbia, Vancouver, C.-B.<\/li>\n<li>1979 University of Alberta, Edmonton, AB<\/li>\n<li>1978 Dalhousie University, Halifax, N.-\u00c9.<\/li>\n<li>1977 University of Toronto, Toronto, ON<\/li>\n<li>1976 Carleton University, Ottawa, ON<\/li>\n<li>1975 Universit\u00e9 Laval, Qu\u00e9bec, QC<\/li>\n<li>l1974 Simon Fraser University, Burnaby, C.-B.<\/li>\n<li>1973 University of Western Ontario, London, ON<\/li>\n<li>1972 McMaster University, Hamilton, ON<\/li>\n<li>1971 University of British Columbia, Vancouver, C.-B.<\/li>\n<li>1970 University of Alberta, Edmonton, AB<\/li>\n<li>1969 University of Waterloo, Waterloo, ON<\/li>\n<li>1968 University of Manitoba, Winnipeg, MB<\/li>\n<li>1967 McMaster University, Hamilton, ON<\/li>\n<li>1966 University of Toronto, Toronto, ON<\/li>\n<li>1965 Universit\u00e9 McGill (avec University of Toronto), Montr\u00e9al, QC<\/li>\n<\/ul>\n","protected":false},"excerpt":{"rendered":"<p>L&#8217;id\u00e9e de la Conf\u00e9rence canadienne des \u00e9tudiants en physique (CCEP) a vu le jour en 1964 quand C.S. Kalman, de la Undergraduate Physics Society de McGill, a rencontr\u00e9 L. Rosen, de la Mathematics and Physics Undergraduate Society de l&#8217;Universit\u00e9 de Toronto, alors qu&#8217;il y travaillait. Ces deux \u00e9tudiants au premier cycle y ont pr\u00e9sent\u00e9 l&#8217;id\u00e9e&#8230;  <a class=\"excerpt-read-more\" href=\"https:\/\/cap.ca\/fr\/congres-de-lacp\/ccep\/histoire-ccep\/\" title=\"LireHistoire de CCEP\">Lire la suite &raquo;<\/a><\/p>\n","protected":false},"author":10,"featured_media":0,"parent":3274,"menu_order":231,"comment_status":"closed","ping_status":"closed","template":"","meta":{"footnotes":""},"class_list":["post-3275","page","type-page","status-publish","hentry"],"_links":{"self":[{"href":"https:\/\/cap.ca\/fr\/wp-json\/wp\/v2\/pages\/3275","targetHints":{"allow":["GET"]}}],"collection":[{"href":"https:\/\/cap.ca\/fr\/wp-json\/wp\/v2\/pages"}],"about":[{"href":"https:\/\/cap.ca\/fr\/wp-json\/wp\/v2\/types\/page"}],"author":[{"embeddable":true,"href":"https:\/\/cap.ca\/fr\/wp-json\/wp\/v2\/users\/10"}],"replies":[{"embeddable":true,"href":"https:\/\/cap.ca\/fr\/wp-json\/wp\/v2\/comments?post=3275"}],"version-history":[{"count":14,"href":"https:\/\/cap.ca\/fr\/wp-json\/wp\/v2\/pages\/3275\/revisions"}],"predecessor-version":[{"id":28295,"href":"https:\/\/cap.ca\/fr\/wp-json\/wp\/v2\/pages\/3275\/revisions\/28295"}],"up":[{"embeddable":true,"href":"https:\/\/cap.ca\/fr\/wp-json\/wp\/v2\/pages\/3274"}],"wp:attachment":[{"href":"https:\/\/cap.ca\/fr\/wp-json\/wp\/v2\/media?parent=3275"}],"curies":[{"name":"wp","href":"https:\/\/api.w.org\/{rel}","templated":true}]}}