{"id":3274,"date":"2017-03-09T15:18:30","date_gmt":"2017-03-09T20:18:30","guid":{"rendered":"http:\/\/caph-02.eproofs.ca\/ccep\/"},"modified":"2026-04-10T00:00:07","modified_gmt":"2026-04-10T04:00:07","slug":"ccep","status":"publish","type":"page","link":"https:\/\/cap.ca\/fr\/congres-de-lacp\/ccep\/","title":{"rendered":"Conf\u00e9rence canadienne des \u00e9tudiants en physique (CCEP)"},"content":{"rendered":"<p><strong>Le CC\u00c9P 2026<\/strong> se tiendra \u00e0 l&#8217;Universit\u00e9 McMaster du 22 au 25 octobre. Restez \u00e0 l&#8217;\u00e9coute pour plus de d\u00e9tails !<\/p>\n<blockquote><p><strong>Vous \u00eates int\u00e9ress\u00e9 \u00e0 accueillir le CC\u00c9P 2027<\/strong> ?\u00a0 Faites-le nous savoir en soumettant <a href=\"https:\/\/cap.ca\/fr\/congres-de-lacp\/ccep\/formulaire-en-ligne-de-declaration-dinteret-pour-le-ccpe\/\">un expression d&#8217;int\u00e9r\u00eat<\/a> avant le 1 octobre. Pour plus d&#8217;informations, veuillez envoyer un courriel \u00e0 <a href=\"mailto:programs@cap.ca\">programs@cap.ca<\/a>. Nous serons heureux de r\u00e9pondre \u00e0 toutes vos questions.<\/p><\/blockquote>\n<p>La Conf\u00e9rence canadienne des \u00e9tudiants en physique (CCEP) est un \u00e9v\u00e9nement annuel organis\u00e9 par et pour les \u00e9tudiants canadiens en physique. Elle est accueillie par une universit\u00e9 diff\u00e9rente chaque ann\u00e9e, et se tient g\u00e9n\u00e9ralement pendant un week-end prolong\u00e9 en octobre (4 jours). Des \u00e9tudiants en physique de tout le Canada se r\u00e9unissent \u00e0 la CCEP pour pr\u00e9senter des contributions orales ou par affiches sur divers sujets li\u00e9s \u00e0 la physique, pour assister \u00e0 des conf\u00e9rences sp\u00e9ciales, pour visiter des installations de recherche locales, pour rencontrer des repr\u00e9sentants des institutions participantes qui offrent des dipl\u00f4mes d&#8217;\u00e9tudes sup\u00e9rieures en physique, et pour rencontrer un repr\u00e9sentant de l&#8217;ex\u00e9cutif de l&#8217;ACP afin d&#8217;en apprendre davantage sur l&#8217;association et son soutien \u00e0 la physique au Canada.<\/p>\n<p>L&#8217;ACP, par l&#8217;interm\u00e9diaire de sa Fondation, offre un don en esp\u00e8ces qui sera distribu\u00e9, au besoin, aux \u00e9tudiants qui ont besoin d&#8217;une aide financi\u00e8re pour assister \u00e0 la conf\u00e9rence.<\/p>\n","protected":false},"excerpt":{"rendered":"<p>Le CC\u00c9P 2026 se tiendra \u00e0 l&#8217;Universit\u00e9 McMaster du 22 au 25 octobre. Restez \u00e0 l&#8217;\u00e9coute pour plus de d\u00e9tails ! Vous \u00eates int\u00e9ress\u00e9 \u00e0 accueillir le CC\u00c9P 2027 ?\u00a0 Faites-le nous savoir en soumettant un expression d&#8217;int\u00e9r\u00eat avant le 1 octobre. Pour plus d&#8217;informations, veuillez envoyer un courriel \u00e0 programs@cap.ca. Nous serons heureux de&#8230;  <a class=\"excerpt-read-more\" href=\"https:\/\/cap.ca\/fr\/congres-de-lacp\/ccep\/\" title=\"LireConf\u00e9rence canadienne des \u00e9tudiants en physique (CCEP)\">Lire la suite &raquo;<\/a><\/p>\n","protected":false},"author":10,"featured_media":0,"parent":3243,"menu_order":155,"comment_status":"closed","ping_status":"closed","template":"","meta":{"footnotes":""},"class_list":["post-3274","page","type-page","status-publish","hentry"],"_links":{"self":[{"href":"https:\/\/cap.ca\/fr\/wp-json\/wp\/v2\/pages\/3274","targetHints":{"allow":["GET"]}}],"collection":[{"href":"https:\/\/cap.ca\/fr\/wp-json\/wp\/v2\/pages"}],"about":[{"href":"https:\/\/cap.ca\/fr\/wp-json\/wp\/v2\/types\/page"}],"author":[{"embeddable":true,"href":"https:\/\/cap.ca\/fr\/wp-json\/wp\/v2\/users\/10"}],"replies":[{"embeddable":true,"href":"https:\/\/cap.ca\/fr\/wp-json\/wp\/v2\/comments?post=3274"}],"version-history":[{"count":48,"href":"https:\/\/cap.ca\/fr\/wp-json\/wp\/v2\/pages\/3274\/revisions"}],"predecessor-version":[{"id":29091,"href":"https:\/\/cap.ca\/fr\/wp-json\/wp\/v2\/pages\/3274\/revisions\/29091"}],"up":[{"embeddable":true,"href":"https:\/\/cap.ca\/fr\/wp-json\/wp\/v2\/pages\/3243"}],"wp:attachment":[{"href":"https:\/\/cap.ca\/fr\/wp-json\/wp\/v2\/media?parent=3274"}],"curies":[{"name":"wp","href":"https:\/\/api.w.org\/{rel}","templated":true}]}}