{"id":3273,"date":"2017-03-09T15:18:26","date_gmt":"2017-03-09T20:18:26","guid":{"rendered":"http:\/\/caph-02.eproofs.ca\/cam2011f\/"},"modified":"2017-03-22T10:55:46","modified_gmt":"2017-03-22T14:55:46","slug":"cam2011f","status":"publish","type":"page","link":"https:\/\/cap.ca\/fr\/congres-de-lacp\/camf\/cam2011f\/","title":{"rendered":"Conf\u00e9rence CAM 2011"},"content":{"rendered":"<p><img decoding=\"async\" src=\"https:\/\/cap.ca\/wp-content\/uploads\/2017\/03\/header.jpg\" \/>La conf\u00e9rence CAM 2011 sur la physique des \u00e9tudiants dipl\u00f4m\u00e9s a eu lieu du <strong>29 septembre au 1er octobre, 2011<\/strong>\u00a0\u00e0 Washtington, DC<\/p>\n<p>Le Fonds d&#8217;affectation sp\u00e9ciale pour l&#8217;\u00e9ducation de l\u2019ACP (maintenant la Fondation de l\u2019ACP) a offert 30 bourses d&#8217;\u00e9tudes pour couvrir les frais d&#8217;inscription et les frais de d\u00e9placement des \u00e9tudiants canadiens dipl\u00f4m\u00e9s.<\/p>\n","protected":false},"excerpt":{"rendered":"<p>La conf\u00e9rence CAM 2011 sur la physique des \u00e9tudiants dipl\u00f4m\u00e9s a eu lieu du 29 septembre au 1er octobre, 2011\u00a0\u00e0 Washtington, DC Le Fonds d&#8217;affectation sp\u00e9ciale pour l&#8217;\u00e9ducation de l\u2019ACP (maintenant la Fondation de l\u2019ACP) a offert 30 bourses d&#8217;\u00e9tudes pour couvrir les frais d&#8217;inscription et les frais de d\u00e9placement des \u00e9tudiants canadiens dipl\u00f4m\u00e9s.<\/p>\n","protected":false},"author":10,"featured_media":0,"parent":3269,"menu_order":959,"comment_status":"closed","ping_status":"closed","template":"","meta":{"footnotes":""},"class_list":["post-3273","page","type-page","status-publish","hentry"],"_links":{"self":[{"href":"https:\/\/cap.ca\/fr\/wp-json\/wp\/v2\/pages\/3273","targetHints":{"allow":["GET"]}}],"collection":[{"href":"https:\/\/cap.ca\/fr\/wp-json\/wp\/v2\/pages"}],"about":[{"href":"https:\/\/cap.ca\/fr\/wp-json\/wp\/v2\/types\/page"}],"author":[{"embeddable":true,"href":"https:\/\/cap.ca\/fr\/wp-json\/wp\/v2\/users\/10"}],"replies":[{"embeddable":true,"href":"https:\/\/cap.ca\/fr\/wp-json\/wp\/v2\/comments?post=3273"}],"version-history":[{"count":3,"href":"https:\/\/cap.ca\/fr\/wp-json\/wp\/v2\/pages\/3273\/revisions"}],"predecessor-version":[{"id":5773,"href":"https:\/\/cap.ca\/fr\/wp-json\/wp\/v2\/pages\/3273\/revisions\/5773"}],"up":[{"embeddable":true,"href":"https:\/\/cap.ca\/fr\/wp-json\/wp\/v2\/pages\/3269"}],"wp:attachment":[{"href":"https:\/\/cap.ca\/fr\/wp-json\/wp\/v2\/media?parent=3273"}],"curies":[{"name":"wp","href":"https:\/\/api.w.org\/{rel}","templated":true}]}}