{"id":3272,"date":"2017-03-09T15:18:23","date_gmt":"2017-03-09T20:18:23","guid":{"rendered":"http:\/\/caph-02.eproofs.ca\/cam2013f\/"},"modified":"2017-03-22T10:53:02","modified_gmt":"2017-03-22T14:53:02","slug":"cam2013f","status":"publish","type":"page","link":"https:\/\/cap.ca\/fr\/congres-de-lacp\/camf\/cam2013f\/","title":{"rendered":"Conf\u00e9rence CAM 2013"},"content":{"rendered":"<p>La conf\u00e9rence CAM 2013 sur la physique des \u00e9tudiants dipl\u00f4m\u00e9s a eu lieu du <strong>15 au 18 ao\u00fbt 2013<\/strong> \u00e0 Waterloo, Ontario<\/p>\n<img decoding=\"async\" src=\"https:\/\/cap.ca\/wp-content\/uploads\/2017\/03\/CAM2013poster.jpg\" \/>\n<p>Pour plus d\u2019information, veuillez consulter le site <a href=\"https:\/\/indico.triumf.ca\/conferenceTimeTable.py?confId=1570\" target=\"_blank\">https:\/\/indico.triumf.ca\/conferenceTimeTable.py?confId=1570<\/a><\/p>\n","protected":false},"excerpt":{"rendered":"<p>La conf\u00e9rence CAM 2013 sur la physique des \u00e9tudiants dipl\u00f4m\u00e9s a eu lieu du 15 au 18 ao\u00fbt 2013 \u00e0 Waterloo, Ontario Pour plus d\u2019information, veuillez consulter le site https:\/\/indico.triumf.ca\/conferenceTimeTable.py?confId=1570<\/p>\n","protected":false},"author":10,"featured_media":0,"parent":3269,"menu_order":958,"comment_status":"closed","ping_status":"closed","template":"","meta":{"footnotes":""},"class_list":["post-3272","page","type-page","status-publish","hentry"],"_links":{"self":[{"href":"https:\/\/cap.ca\/fr\/wp-json\/wp\/v2\/pages\/3272","targetHints":{"allow":["GET"]}}],"collection":[{"href":"https:\/\/cap.ca\/fr\/wp-json\/wp\/v2\/pages"}],"about":[{"href":"https:\/\/cap.ca\/fr\/wp-json\/wp\/v2\/types\/page"}],"author":[{"embeddable":true,"href":"https:\/\/cap.ca\/fr\/wp-json\/wp\/v2\/users\/10"}],"replies":[{"embeddable":true,"href":"https:\/\/cap.ca\/fr\/wp-json\/wp\/v2\/comments?post=3272"}],"version-history":[{"count":3,"href":"https:\/\/cap.ca\/fr\/wp-json\/wp\/v2\/pages\/3272\/revisions"}],"predecessor-version":[{"id":5770,"href":"https:\/\/cap.ca\/fr\/wp-json\/wp\/v2\/pages\/3272\/revisions\/5770"}],"up":[{"embeddable":true,"href":"https:\/\/cap.ca\/fr\/wp-json\/wp\/v2\/pages\/3269"}],"wp:attachment":[{"href":"https:\/\/cap.ca\/fr\/wp-json\/wp\/v2\/media?parent=3272"}],"curies":[{"name":"wp","href":"https:\/\/api.w.org\/{rel}","templated":true}]}}