{"id":3271,"date":"2017-03-09T15:18:18","date_gmt":"2017-03-09T20:18:18","guid":{"rendered":"http:\/\/caph-02.eproofs.ca\/cam2015f\/"},"modified":"2017-06-12T12:34:46","modified_gmt":"2017-06-12T16:34:46","slug":"cam2015f","status":"publish","type":"page","link":"https:\/\/cap.ca\/fr\/congres-de-lacp\/camf\/cam2015f\/","title":{"rendered":"Conf\u00e9rence CAM 2015"},"content":{"rendered":"<p><img loading=\"lazy\" decoding=\"async\" class=\"alignright size-medium wp-image-3934\" src=\"https:\/\/cap.ca\/wp-content\/uploads\/2017\/03\/cam2015poster-1-200x300.jpg\" alt=\"\" width=\"200\" height=\"300\" srcset=\"https:\/\/cap.ca\/wp-content\/uploads\/2017\/03\/cam2015poster-1-200x300.jpg 200w, https:\/\/cap.ca\/wp-content\/uploads\/2017\/03\/cam2015poster-1-768x1152.jpg 768w, https:\/\/cap.ca\/wp-content\/uploads\/2017\/03\/cam2015poster-1-683x1024.jpg 683w\" sizes=\"auto, (max-width: 200px) 100vw, 200px\" \/>La conf\u00e9rence CAM 2015 sur la physique des \u00e9tudiants dipl\u00f4m\u00e9s a eu lieu du <strong>9 au 12 septembre 2015<\/strong> \u00e0 Oaxaca, au Mexique<\/p>\n<p>Gr\u00e2ce \u00e0 des dons g\u00e9n\u00e9reux de la Fondation de l\u2019ACP et de la Sociedad Mexicana Fisica, nous avons pu offrir 25 bourses de 250 $ en voyage et 17 subventions alimentaires et d&#8217;h\u00e9bergement pour les \u00e9tudiants canadiens.<\/p>\n","protected":false},"excerpt":{"rendered":"<p>La conf\u00e9rence CAM 2015 sur la physique des \u00e9tudiants dipl\u00f4m\u00e9s a eu lieu du 9 au 12 septembre 2015 \u00e0 Oaxaca, au Mexique Gr\u00e2ce \u00e0 des dons g\u00e9n\u00e9reux de la Fondation de l\u2019ACP et de la Sociedad Mexicana Fisica, nous avons pu offrir 25 bourses de 250 $ en voyage et 17 subventions alimentaires et&#8230;  <a class=\"excerpt-read-more\" href=\"https:\/\/cap.ca\/fr\/congres-de-lacp\/camf\/cam2015f\/\" title=\"LireConf\u00e9rence CAM 2015\">Lire la suite &raquo;<\/a><\/p>\n","protected":false},"author":10,"featured_media":0,"parent":3269,"menu_order":957,"comment_status":"closed","ping_status":"closed","template":"","meta":{"footnotes":""},"class_list":["post-3271","page","type-page","status-publish","hentry"],"_links":{"self":[{"href":"https:\/\/cap.ca\/fr\/wp-json\/wp\/v2\/pages\/3271","targetHints":{"allow":["GET"]}}],"collection":[{"href":"https:\/\/cap.ca\/fr\/wp-json\/wp\/v2\/pages"}],"about":[{"href":"https:\/\/cap.ca\/fr\/wp-json\/wp\/v2\/types\/page"}],"author":[{"embeddable":true,"href":"https:\/\/cap.ca\/fr\/wp-json\/wp\/v2\/users\/10"}],"replies":[{"embeddable":true,"href":"https:\/\/cap.ca\/fr\/wp-json\/wp\/v2\/comments?post=3271"}],"version-history":[{"count":7,"href":"https:\/\/cap.ca\/fr\/wp-json\/wp\/v2\/pages\/3271\/revisions"}],"predecessor-version":[{"id":7300,"href":"https:\/\/cap.ca\/fr\/wp-json\/wp\/v2\/pages\/3271\/revisions\/7300"}],"up":[{"embeddable":true,"href":"https:\/\/cap.ca\/fr\/wp-json\/wp\/v2\/pages\/3269"}],"wp:attachment":[{"href":"https:\/\/cap.ca\/fr\/wp-json\/wp\/v2\/media?parent=3271"}],"curies":[{"name":"wp","href":"https:\/\/api.w.org\/{rel}","templated":true}]}}