{"id":3270,"date":"2017-03-09T15:18:14","date_gmt":"2017-03-09T20:18:14","guid":{"rendered":"http:\/\/caph-02.eproofs.ca\/anciens-conferences-cam\/"},"modified":"2024-08-09T15:14:20","modified_gmt":"2024-08-09T19:14:20","slug":"anciens-conferences-cam","status":"publish","type":"page","link":"https:\/\/cap.ca\/fr\/congres-de-lacp\/camf\/anciens-conferences-cam\/","title":{"rendered":"Historique du lieu de CAM et de la participation"},"content":{"rendered":"<p>La conf\u00e9rence Canada-Am\u00e9rique-Mexique (CAM) est devenue la conf\u00e9rence Canada-Cuba-Am\u00e9rique-Mexique (CCAM ou C<sup>2<\/sup>AM) en 2017.<\/p>\n<table style=\"width: 731px;\">\n<thead>\n<tr>\n<th style=\"width: 277px;\"><strong>Ann\u00e9e<\/strong><\/th>\n<th style=\"width: 67px;\"><strong>C<sup>2<\/sup>AM#<\/strong><\/th>\n<th style=\"width: 68px;\"><strong>H\u00f4te<\/strong><\/th>\n<th style=\"width: 119px;\"><strong>Endroit<\/strong><\/th>\n<th style=\"width: 200px;\"><strong>Nombre de participants<\/strong><\/th>\n<\/tr>\n<\/thead>\n<tbody>\n<tr style=\"border-color: #000000;\">\n<td style=\"width: 277px; text-align: left; vertical-align: top;\"><a href=\"https:\/\/sac.cap.ca\/index.php\/events\/ccam-2022-conference\/\" target=\"_blank\" rel=\"noopener\">2022<\/a><\/p>\n<p>2 &#8211; 3 ao\u00fbt<\/td>\n<td style=\"width: 67px; text-align: left; vertical-align: top;\">10<sup><span style=\"font-size: small;\">i\u00e8me<\/span><\/sup><\/td>\n<td style=\"width: 68px; text-align: left; vertical-align: top;\">\u00a0CAP<\/td>\n<td style=\"width: 119px; text-align: left; vertical-align: top;\">Virtual<\/td>\n<td style=\"width: 200px; text-align: left; vertical-align: top;\"><\/td>\n<\/tr>\n<tr style=\"border-color: #000000;\">\n<td style=\"width: 277px; text-align: left; vertical-align: top;\"><a href=\"https:\/\/cam.cap.ca\/\" target=\"_blank\" rel=\"noopener\">2019<\/a><\/p>\n<p>24 &#8211; 27 juillet<\/td>\n<td style=\"width: 67px; text-align: left; vertical-align: top;\">9<sup><span style=\"font-size: small;\">i\u00e8me<\/span><\/sup><\/td>\n<td style=\"width: 68px; text-align: left; vertical-align: top;\">\u00a0CAP<\/td>\n<td style=\"width: 119px; text-align: left; vertical-align: top;\">Laurentian University, Sudbury ON<\/td>\n<td style=\"width: 200px; text-align: left; vertical-align: top;\"><\/td>\n<\/tr>\n<tr style=\"border-color: #000000;\">\n<td style=\"text-align: left; vertical-align: top; width: 277px;\"><a href=\"https:\/\/cap.ca\/fr\/congres-de-lacp\/camf\/conference-cam-2017\/\">2017<\/a><\/p>\n<p>17 &#8211; 19 ao\u00fbt<\/td>\n<td style=\"text-align: left; vertical-align: top; width: 67px;\">8<sup><span style=\"font-size: small;\">i\u00e8me<\/span><\/sup><\/td>\n<td style=\"text-align: left; vertical-align: top; width: 68px;\">APS<\/td>\n<td style=\"text-align: left; vertical-align: top; width: 119px;\">Hyatt Regency, Washington, DC, E-U.<\/td>\n<td style=\"text-align: left; vertical-align: top; width: 200px;\">\u00a0\u00a089 &#8211;\u00a014 Cdn,\u00a038 US,\u00a023 Mex, 14 Cuban<\/td>\n<\/tr>\n<tr>\n<th style=\"width: 277px;\"><strong>Ann\u00e9e<\/strong><\/th>\n<th style=\"width: 67px;\"><strong>CAM#<\/strong><\/th>\n<th style=\"width: 68px;\"><strong>H\u00f4te<\/strong><\/th>\n<th style=\"width: 119px;\"><strong>Endroit<\/strong><\/th>\n<th style=\"width: 200px;\"><strong>Nombre de participants<\/strong><\/th>\n<\/tr>\n<tr style=\"border-color: #000000;\">\n<td style=\"text-align: left; vertical-align: top; width: 277px;\"><a href=\"https:\/\/cap.ca\/fr\/congres-de-lacp\/camf\/cam2015f\/\">2015<\/a><\/p>\n<p>10-12 sept.<\/td>\n<td style=\"text-align: left; vertical-align: top; width: 67px;\">7<sup><span style=\"font-size: small;\">i\u00e8me<\/span><\/sup><\/td>\n<td style=\"text-align: left; vertical-align: top; width: 68px;\">SMF<\/td>\n<td style=\"text-align: left; vertical-align: top; width: 119px;\">Hotel Mision de los Angeles, Oaxaca, Oaxaca, Mexico<\/td>\n<td style=\"text-align: left; vertical-align: top; width: 200px;\">\u00a0\u00a093 &#8211;\u00a013 Cdn,\u00a031 US,\u00a049 Mex<\/td>\n<\/tr>\n<tr style=\"border-color: #000000;\">\n<td style=\"text-align: left; vertical-align: top; width: 277px;\"><a href=\"https:\/\/cap.ca\/fr\/congres-de-lacp\/camf\/cam2013f\/\">2013<\/a><\/p>\n<p>15-18 ao\u00fbt<\/td>\n<td style=\"text-align: left; vertical-align: top; width: 67px;\">6<sup><span style=\"font-size: small;\">i\u00e8me<\/span><\/sup><\/td>\n<td style=\"text-align: left; vertical-align: top; width: 68px;\">ACP<\/td>\n<td style=\"text-align: left; vertical-align: top; width: 119px;\">University of Waterloo, Waterloo, ON<\/td>\n<td style=\"text-align: left; vertical-align: top; width: 200px;\">\u00a0129 &#8211;\u00a085 Cdn,\u00a022 US,\u00a022 Mex<\/td>\n<\/tr>\n<tr style=\"border-color: #000000;\">\n<td style=\"text-align: left; vertical-align: top; width: 277px;\"><a href=\"https:\/\/cap.ca\/fr\/congres-de-lacp\/camf\/cam2011f\/\">2011<\/a><\/p>\n<p>29 sept. au 1<sup>er<\/sup> oct.<\/td>\n<td style=\"text-align: left; vertical-align: top; width: 67px;\">5<sup><span style=\"font-size: small;\">i\u00e8me<\/span><\/sup><\/td>\n<td style=\"text-align: left; vertical-align: top; width: 68px;\">APS<\/td>\n<td style=\"text-align: left; vertical-align: top; width: 119px;\">Liaison Capital Hill Hotel, Washington, DC, USA<\/td>\n<td style=\"text-align: left; vertical-align: top; width: 200px;\">103 &#8211; 28 Cdn, 42 US, 33 Mex<\/td>\n<\/tr>\n<tr style=\"border-color: #000000;\">\n<td style=\"text-align: left; vertical-align: top; width: 277px;\">2009<\/p>\n<p>22-24 oct.<\/td>\n<td style=\"text-align: left; vertical-align: top; width: 67px;\">4<sup><span style=\"font-size: small;\">i\u00e8me<\/span><\/sup><\/td>\n<td style=\"text-align: left; vertical-align: top; width: 68px;\">SMF<\/td>\n<td style=\"text-align: left; vertical-align: top; width: 119px;\">Fairmont Pierre Marques Hotel, Acapulco, Mexico<\/td>\n<td style=\"text-align: left; vertical-align: top; width: 200px;\">118 &#8211; 82 oral (28 Cdn, 33 US, 21 Mex);<\/p>\n<p>36 posters (4 Cdn, 6 US, 26 Mex)<\/p>\n<p>Cdn : 32 students, 2 inv. Speakers (Adriana Predoi-Cross, U.Lethbridge; Alex Vitkin, U.Toronto), and 2 professors (Michael Steinitz and Gordon Drake)<\/td>\n<\/tr>\n<tr style=\"border-color: #000000;\">\n<td style=\"text-align: left; vertical-align: top; width: 277px;\">2007<\/p>\n<p>8-11 ao\u00fbt<\/td>\n<td style=\"text-align: left; vertical-align: top; width: 67px;\">3<sup><span style=\"font-size: small;\">i\u00e8me<\/span><\/sup><\/td>\n<td style=\"text-align: left; vertical-align: top; width: 68px;\">ACP<\/td>\n<td style=\"text-align: left; vertical-align: top; width: 119px;\">McGill University, Montreal, Quebec, Canada<\/td>\n<td style=\"text-align: left; vertical-align: top; width: 200px;\">112 &#8212; 63 Cdn, 29 US, 20 Mex.<\/p>\n<p>Cdn: 63 students, 2 inv. Speakers (Brigitte Vachon, McGill U., Dean Chapman, U.Sask\/CLS)<\/td>\n<\/tr>\n<tr style=\"border-color: #000000;\">\n<td style=\"text-align: left; vertical-align: top; width: 277px;\">2005<\/p>\n<p>19-21 ao\u00fbt<\/td>\n<td style=\"text-align: left; vertical-align: top; width: 67px;\">2<sup>i\u00e8me<\/sup><\/td>\n<td style=\"text-align: left; vertical-align: top; width: 68px;\">APS<\/td>\n<td style=\"text-align: left; vertical-align: top; width: 119px;\">The Horton Grand Hotel, San Diego, CA, USA<\/td>\n<td style=\"text-align: left; vertical-align: top; width: 200px;\">100+<\/td>\n<\/tr>\n<tr style=\"border-color: #000000;\">\n<td style=\"text-align: left; vertical-align: top; width: 277px;\">2003<\/p>\n<p>24-26 oct.<\/td>\n<td style=\"text-align: left; vertical-align: top; width: 67px;\">1<sup>ier<\/sup><\/td>\n<td style=\"text-align: left; vertical-align: top; width: 68px;\">SMF<\/td>\n<td style=\"text-align: left; vertical-align: top; width: 119px;\">Holiday Inn, Merida, Mexico<\/td>\n<td style=\"text-align: left; vertical-align: top; width: 200px;\">111 &#8211; 25 Cdn, 44 US, 42 Mex<\/td>\n<\/tr>\n<\/tbody>\n<\/table>\n<p>&nbsp;<\/p>\n","protected":false},"excerpt":{"rendered":"<p>La conf\u00e9rence Canada-Am\u00e9rique-Mexique (CAM) est devenue la conf\u00e9rence Canada-Cuba-Am\u00e9rique-Mexique (CCAM ou C2AM) en 2017. Ann\u00e9e C2AM# H\u00f4te Endroit Nombre de participants 2022 2 &#8211; 3 ao\u00fbt 10i\u00e8me \u00a0CAP Virtual 2019 24 &#8211; 27 juillet 9i\u00e8me \u00a0CAP Laurentian University, Sudbury ON 2017 17 &#8211; 19 ao\u00fbt 8i\u00e8me APS Hyatt Regency, Washington, DC, E-U. \u00a0\u00a089 &#8211;\u00a014 Cdn,\u00a038&#8230;  <a class=\"excerpt-read-more\" href=\"https:\/\/cap.ca\/fr\/congres-de-lacp\/camf\/anciens-conferences-cam\/\" title=\"LireHistorique du lieu de CAM et de la participation\">Lire la suite &raquo;<\/a><\/p>\n","protected":false},"author":10,"featured_media":0,"parent":3269,"menu_order":218,"comment_status":"closed","ping_status":"closed","template":"","meta":{"footnotes":""},"class_list":["post-3270","page","type-page","status-publish","hentry"],"_links":{"self":[{"href":"https:\/\/cap.ca\/fr\/wp-json\/wp\/v2\/pages\/3270","targetHints":{"allow":["GET"]}}],"collection":[{"href":"https:\/\/cap.ca\/fr\/wp-json\/wp\/v2\/pages"}],"about":[{"href":"https:\/\/cap.ca\/fr\/wp-json\/wp\/v2\/types\/page"}],"author":[{"embeddable":true,"href":"https:\/\/cap.ca\/fr\/wp-json\/wp\/v2\/users\/10"}],"replies":[{"embeddable":true,"href":"https:\/\/cap.ca\/fr\/wp-json\/wp\/v2\/comments?post=3270"}],"version-history":[{"count":18,"href":"https:\/\/cap.ca\/fr\/wp-json\/wp\/v2\/pages\/3270\/revisions"}],"predecessor-version":[{"id":25601,"href":"https:\/\/cap.ca\/fr\/wp-json\/wp\/v2\/pages\/3270\/revisions\/25601"}],"up":[{"embeddable":true,"href":"https:\/\/cap.ca\/fr\/wp-json\/wp\/v2\/pages\/3269"}],"wp:attachment":[{"href":"https:\/\/cap.ca\/fr\/wp-json\/wp\/v2\/media?parent=3270"}],"curies":[{"name":"wp","href":"https:\/\/api.w.org\/{rel}","templated":true}]}}