{"id":3269,"date":"2017-03-09T15:18:10","date_gmt":"2017-03-09T20:18:10","guid":{"rendered":"http:\/\/caph-02.eproofs.ca\/camf\/"},"modified":"2020-09-21T15:23:17","modified_gmt":"2020-09-21T19:23:17","slug":"camf","status":"publish","type":"page","link":"https:\/\/cap.ca\/fr\/congres-de-lacp\/camf\/","title":{"rendered":"La Conf\u00e9rence d&#8217;\u00e9tudiants dipl\u00f4m\u00e9s de physique Canada-\u00c9tats-Unis-Mexique (CAM)"},"content":{"rendered":"<blockquote><p>ATTN: En raison de la pand\u00e9mie COVID-19 en cours, l&#8217;\u00e9quipe CAM a suivi la situation pour d\u00e9terminer la meilleure fa\u00e7on d&#8217;aller de l&#8217;avant avec la conf\u00e9rence CAM 2021. Le site Web sera mis \u00e0 jour et une annonce officielle sera envoy\u00e9e \u00e0 tous les membres de l&#8217;ACP lorsqu&#8217;une d\u00e9cision finale aura \u00e9t\u00e9 prise.<\/p><\/blockquote>\n<hr \/>\n<h1><\/h1>\n<h1>CAM 2019, Sudbury, ON, le 24 au 27 juillet<\/h1>\n<h3 style=\"text-align: center;\"><strong><a href=\"https:\/\/cam.cap.ca\">Cliquez pour\u00a0visitez le site web pour\u00a0CAM 2019<br \/>\n<\/a>(anglais seulement)<\/strong><\/h3>\n<h3 style=\"text-align: center;\"><strong>Les r\u00e9sum\u00e9s sont maintenant accept\u00e9s<\/strong><\/h3>\n<p>&nbsp;<\/p>\n<p><strong>L\u2019Universit\u00e9 Laurentienne et SNOLAB\u00a0organisent en partenariat la Conf\u00e9rence d\u2019\u00e9tudiants dipl\u00f4m\u00e9s en physique Canada-\u00c9tats-Unis-Mexique 2019, qui se tiendra \u00e0 Sudbury (Ont.), au Canada, du\u00a024 au 27 juillet. Il sera possible de visiter le laboratoire canadien de recherche souterrain &#8211; SNOLAB \u2013 juste avant et apr\u00e8s la Conf\u00e9rence.\u00a0<\/strong>\u00a0Le conseiller de l\u2019ACP qui repr\u00e9sente les membres<strong> dipl\u00f4m\u00e9s en physique<\/strong>, Matt Steffler de l\u2019Universit\u00e9 de Guelph (<a href=\"mailto:stefflem@uoguelph.ca\">stefflem@uoguelph.ca<\/a>),\u00a0pr\u00e9side le comit\u00e9 organisateur national de cette conf\u00e9rence.<\/p>\n<p>La conf\u00e9rence CAM est organis\u00e9e conjointement par les soci\u00e9t\u00e9s de physique canadienne, am\u00e9ricaine et mexicaine.\u00a0 En 2019, la soci\u00e9t\u00e9 de physique cubain se joindre.\u00a0 Jusqu&#8217;\u00e0 2019, elle a lieu \u00e0 tous les deux ans, alternativement au Mexique, aux \u00c9tats-Unis et au Canada, de sorte que le Canada l&#8217;accueille \u00e0 tous les six ans. (<a href=\"https:\/\/cap.ca\/fr\/congres-de-lacp\/camf\/anciens-conferences-cam\/\">Cliquez ici pour l&#8217;historique des lieux et de la participation<\/a>.)<\/p>\n<p>La conf\u00e9rence s&#8217;int\u00e9resse \u00e0 la recherche effectu\u00e9e par des \u00e9tudiants de cycles sup\u00e9rieurs.\u00a0 Des conf\u00e9rences pl\u00e9ni\u00e8res prononc\u00e9es par des scientifiques reconnus pr\u00e9senteront \u00e9galement, aux participants \u00e9tudiants, la recherche de pointe effectu\u00e9e dans diff\u00e9rents champs.\u00a0 Les \u00e9tudiants partagent les r\u00e9sultats de leur recherche avec des scientifiques exp\u00e9riment\u00e9s, ainsi qu&#8217;avec d&#8217;autres \u00e9tudiants qui travaillent dans leur champ ou dans diff\u00e9rents domaines de la physique.\u00a0 L&#8217;objectif de la conf\u00e9rence CAM consiste \u00e0 donner aux \u00e9tudiants une occasion extraordinaire de d\u00e9velopper des habilet\u00e9s professionnelles, d&#8217;acqu\u00e9rir des connaissances dans plusieurs champs de la physique et d&#8217;initier des contacts outre fronti\u00e8res.\u00a0 De plus, la conf\u00e9rence facilitera la communication et l&#8217;\u00e9change d&#8217;id\u00e9es entre \u00e9tudiants de formation et d&#8217;int\u00e9r\u00eats distincts.<\/p>\n<h2><\/h2>\n<h2><\/h2>\n","protected":false},"excerpt":{"rendered":"<p>ATTN: En raison de la pand\u00e9mie COVID-19 en cours, l&#8217;\u00e9quipe CAM a suivi la situation pour d\u00e9terminer la meilleure fa\u00e7on d&#8217;aller de l&#8217;avant avec la conf\u00e9rence CAM 2021. Le site Web sera mis \u00e0 jour et une annonce officielle sera envoy\u00e9e \u00e0 tous les membres de l&#8217;ACP lorsqu&#8217;une d\u00e9cision finale aura \u00e9t\u00e9 prise. CAM 2019,&#8230;  <a class=\"excerpt-read-more\" href=\"https:\/\/cap.ca\/fr\/congres-de-lacp\/camf\/\" title=\"LireLa Conf\u00e9rence d&#8217;\u00e9tudiants dipl\u00f4m\u00e9s de physique Canada-\u00c9tats-Unis-Mexique (CAM)\">Lire la suite &raquo;<\/a><\/p>\n","protected":false},"author":10,"featured_media":0,"parent":3243,"menu_order":151,"comment_status":"closed","ping_status":"closed","template":"","meta":{"footnotes":""},"class_list":["post-3269","page","type-page","status-publish","hentry"],"_links":{"self":[{"href":"https:\/\/cap.ca\/fr\/wp-json\/wp\/v2\/pages\/3269","targetHints":{"allow":["GET"]}}],"collection":[{"href":"https:\/\/cap.ca\/fr\/wp-json\/wp\/v2\/pages"}],"about":[{"href":"https:\/\/cap.ca\/fr\/wp-json\/wp\/v2\/types\/page"}],"author":[{"embeddable":true,"href":"https:\/\/cap.ca\/fr\/wp-json\/wp\/v2\/users\/10"}],"replies":[{"embeddable":true,"href":"https:\/\/cap.ca\/fr\/wp-json\/wp\/v2\/comments?post=3269"}],"version-history":[{"count":15,"href":"https:\/\/cap.ca\/fr\/wp-json\/wp\/v2\/pages\/3269\/revisions"}],"predecessor-version":[{"id":12941,"href":"https:\/\/cap.ca\/fr\/wp-json\/wp\/v2\/pages\/3269\/revisions\/12941"}],"up":[{"embeddable":true,"href":"https:\/\/cap.ca\/fr\/wp-json\/wp\/v2\/pages\/3243"}],"wp:attachment":[{"href":"https:\/\/cap.ca\/fr\/wp-json\/wp\/v2\/media?parent=3269"}],"curies":[{"name":"wp","href":"https:\/\/api.w.org\/{rel}","templated":true}]}}