{"id":3268,"date":"2017-03-09T15:18:06","date_gmt":"2017-03-09T20:18:06","guid":{"rendered":"http:\/\/caph-02.eproofs.ca\/theory-canadaf\/"},"modified":"2024-03-27T11:01:17","modified_gmt":"2024-03-27T15:01:17","slug":"theory-canada","status":"publish","type":"page","link":"https:\/\/cap.ca\/fr\/congres-de-lacp\/theory-canada\/","title":{"rendered":"Th\u00e9orie Canada"},"content":{"rendered":"<h2>Conf\u00e9rence Th\u00e9orie CANADA 2024<\/h2>\n<p>Th\u00e9orie CANADA 16 (24-25 mai, 2024, University of Waterloo) est la seizi\u00e8me d\u2019une s\u00e9rie de conf\u00e9rences annuelles organis\u00e9es par la <a href=\"https:\/\/cap.ca\/divisions\/dtp\/\">Division de la physique th\u00e9orique<\/a>\u00a0(DPT) de\u00a0<a href=\"https:\/\/cap.ca\/\">l\u2019Association canadienne des physiciens et physiciennes<\/a>\u00a0(ACP), en marge du Congr\u00e8s annuel de l\u2019Association.\u00a0\u00a0Pour de plus amples renseignements, veuillez consulter le site <a href=\"https:\/\/dtp.cap.ca\/theory-canada\/tc-16\/\">Web de la TC16<\/a>.<\/p>\n<p>L&#8217;inscription \u00e0 Theory Canada 16 est maintenant ouverte : <a href=\"https:\/\/indico.cern.ch\/event\/1396918\/\">https:\/\/indico.cern.ch\/event\/1396918\/<\/a><\/p>\n<p>Comme d&#8217;habitude, il n&#8217;y a pas de frais d&#8217;inscription. Les r\u00e9sum\u00e9s peuvent \u00eatre soumis jusqu&#8217;au 3 mai.<\/p>\n<hr \/>\n<p><strong><br \/>\nTh\u00e9orie CANADA<\/strong>\u00a0a c\u00e9l\u00e9br\u00e9 son 10<sup>e<\/sup> anniversaire en 2015. Cette s\u00e9rie de rencontres, tenues chaque ann\u00e9e (sauf une) en m\u00eame temps que le Congr\u00e8s de l\u2019ACP, a \u00e9t\u00e9 inaugur\u00e9e en 2005, la premi\u00e8re ayant eu lieu \u00e0 l\u2019Universit\u00e9 de la C.-B. sous les auspices du Pacific Institute for Theoretical Physics. Le principal motif de cette rencontre \u00e9tait de r\u00e9unir les th\u00e9oriciens canadiens de tout le pays afin de favoriser l\u2019\u00e9change d\u2019id\u00e9es et de faciliter leur participation au Congr\u00e8s annuel de l\u2019ACP qui suivait tout de suite apr\u00e8s.<\/p>\n<p>La conf\u00e9rence propos\u00e9e, appel\u00e9e Th\u00e9orie CANADA (TC), avait trois buts principaux. Le premier \u00e9tait d\u2019augmenter le nombre de th\u00e9oriciens \u00e0 se r\u00e9unir chaque ann\u00e9e plut\u00f4t qu\u2019au seul Congr\u00e8s de l\u2019ACP, de sorte que la majorit\u00e9 des th\u00e9oriciens canadiens d\u2019un vaste \u00e9ventail de disciplines aient la chance de se rencontrer, d\u2019interagir avec d\u2019autres chercheurs de leur discipline et de communiquer l\u2019\u00e9tat de leurs travaux. En second lieu, la conf\u00e9rence offrirait aux chercheurs la possibilit\u00e9 de communiquer et d\u2019interagir d\u2019une discipline \u00e0 l\u2019autre. Enfin, dans un pays aussi vaste et peu peupl\u00e9 que le Canada, les chercheurs des grands centres relativement peu nombreux peuvent se sentir quelque peu isol\u00e9s, et une tribune centrale comme cette conf\u00e9rence aiderait \u00e0 nouer des liens de recherche entre des gens g\u00e9ographiquement \u00e9loign\u00e9s les uns des autres. \u00c0 ce titre, la conf\u00e9rence favoriserait la discussion ouverte de questions int\u00e9ressant la collectivit\u00e9 de la physique th\u00e9orique de tout le Canada. Comme avantage secondaire, on esp\u00e9rait que, si l\u2019on tenait la r\u00e9union dans la m\u00eame ville que le Congr\u00e8s de l\u2019ACP ou dans le voisinage, cela ferait augmenter le nombre de th\u00e9oriciens participant au Congr\u00e8s m\u00eame de l\u2019ACP, ce qui profiterait \u00e0 toute l\u2019Association.<\/p>\n<p>Cliquez ici pour lire \u00ab <a href=\"https:\/\/pic-pac.cap.ca\/static\/downloads\/d296acd93a6f7617b06bed1baca61dc9927ac620.pdf\">Ten years of Theory CANADA<\/a>\u00a0\u00bb (les dix ann\u00e9es de Th\u00e9orie CANADA) par Manu Paranjape, publi\u00e9 dans\u00a0<em>La Physique au Canada,\u00a0<\/em>72(3), 2016.<\/p>\n<h2>Sites pr\u00e9c\u00e9dents de Th\u00e9orie CANADA<\/h2>\n<p>(Cliquez sur le titre de la Conf\u00e9rence pour voir le compte rendu sur celle-ci, publi\u00e9 dans\u00a0<em>La Physique au Canada<\/em>)<\/p>\n<h4>Th\u00e9orie Canada 15<\/h4>\n<p>Mount Allison University, Sackville, N-B, 2018, (<a href=\"https:\/\/dtp.cap.ca\/theory-canada\/tc-15\/\">site web de TC15<\/a>)<\/p>\n<h4>Th\u00e9orie Canada 14<\/h4>\n<p>TRIUMF et University of British Columbia, 2019 (<a href=\"http:\/\/particletheory.triumf.ca\/TC14\/\">http:\/\/particletheory.triumf.ca\/TC14\/<\/a>)<\/p>\n<h4>Th\u00e9orie Canada 13<\/h4>\n<p>St. Francis Xavier University, 2018,\u00a0(<a href=\"http:\/\/physics.stfx.ca\/TC13\/\">http:\/\/physics.stfx.ca\/TC13\/<\/a>)<\/p>\n<h4>Th\u00e9orie Canada 12<\/h4>\n<p>York University, 2017 (<a href=\"http:\/\/cosmo.phys.yorku.ca\/theory_canada_12.html\">http:\/\/cosmo.phys.yorku.ca\/theory_canada_12.html<\/a>)<\/p>\n<h4>Th\u00e9orie Canada 11<\/h4>\n<p>Carleton University, 2016 (<a href=\"https:\/\/physics.carleton.ca\/theory-canada-11\">https:\/\/physics.carleton.ca\/theory-canada-11<\/a>)<\/p>\n<h4>Th\u00e9orie Canada 10<\/h4>\n<p>University of Calgary, 2015 (<a href=\"http:\/\/www.hep-atlantic.ca\/TC10\/Theory_Canada_10\/Home.html\">http:\/\/www.hep-atlantic.ca\/TC10\/Theory_Canada_10\/Home.html<\/a>)<\/p>\n<h4>Th\u00e9orie Canada 9<\/h4>\n<p>Wilfrid Laurier University, 2014 (<a href=\"https:\/\/theorycanada9.wlu.ca\">https:\/\/theorycanada9.wlu.ca<\/a>\/)<\/p>\n<h4>Th\u00e9orie Canada 8<\/h4>\n<p>Bishops University, 2013 (<a href=\"http:\/\/www.theorycanada8.ca\/home.html\">http:\/\/www.theorycanada8.ca\/home.html<\/a>)<\/p>\n<h4>Th\u00e9orie Canada 7<\/h4>\n<p>University of Lethbridge, June 7th-9th 2012 (<a href=\"http:\/\/www.pims.math.ca\/scientific-event\/120607-tc\" target=\"_blank\" rel=\"noopener noreferrer\">http:\/\/www.pims.math.ca\/scientific-event\/120607-tc<\/a>)<\/p>\n<ul class=\"content-list\">\n<li><a href=\"http:\/\/www.nrcresearchpress.com\/doi\/abs\/10.1139\/cjp-2013-0183\" target=\"_blank\" rel=\"noopener noreferrer\">The proceedings were published in CJP<\/a><\/li>\n<\/ul>\n<h4>Th\u00e9orie Canada 6<\/h4>\n<p>Wilfred Grenfell Campus of Memorial University, 2011 (<u><a href=\"http:\/\/www.hep-atlantic.ca\/TC6\/\">http:\/\/www.hep-atlantic.ca\/TC6\/<\/a>)<\/u><\/p>\n<h4>Th\u00e9orie Canada 5<\/h4>\n<p>University of New Brunswick, 2009 (<u><a href=\"http:\/\/www.math.unb.ca\/~gravity\/theory-canada-5\/\">http:\/\/www.math.unb.ca\/~gravity\/theory-canada-5\/<\/a>)<\/u><\/p>\n<h4>Th\u00e9orie Canada 4<\/h4>\n<p>Universit\u00e9 de Montr\u00e9al in 2008 (<u><a href=\"http:\/\/www.crm.umontreal.ca\/TC4\/index_e.shtml\">http:\/\/www.crm.umontreal.ca\/TC4\/index_e.shtml<\/a>)<\/u><\/p>\n<h4>Th\u00e9orie Canada 3<\/h4>\n<p>Theoretical Physics Institute at the University of Alberta, June 13th to June 16th, 2007 (<a href=\"http:\/\/fermi.phys.ualberta.ca\/TheoryCanada3.htm\">http:\/\/fermi.phys.ualberta.ca\/TheoryCanada3.htm<\/a>)<\/p>\n<h4>Th\u00e9orie Canada 2<\/h4>\n<p>Perimeter Institute for Theoretical Physics, 2006 (<a href=\"http:\/\/www.perimeterinstitute.ca\/conferences\/theory-canada-2\">http:\/\/www.perimeterinstitute.ca\/conferences\/theory-canada-2<\/a>)<\/p>\n<h4>Th\u00e9orie Canada 1<\/h4>\n<p>Pacific Institute for Theoretical Physics, 2005 (<a href=\"http:\/\/pitp.physics.ubc.ca\/archives\/CWSS\/theorycanada\/proceedings.html\">http:\/\/pitp.physics.ubc.ca\/archives\/CWSS\/theorycanada\/proceedings.html<\/a>)<\/p>\n","protected":false},"excerpt":{"rendered":"<p>Conf\u00e9rence Th\u00e9orie CANADA 2024 Th\u00e9orie CANADA 16 (24-25 mai, 2024, University of Waterloo) est la seizi\u00e8me d\u2019une s\u00e9rie de conf\u00e9rences annuelles organis\u00e9es par la Division de la physique th\u00e9orique\u00a0(DPT) de\u00a0l\u2019Association canadienne des physiciens et physiciennes\u00a0(ACP), en marge du Congr\u00e8s annuel de l\u2019Association.\u00a0\u00a0Pour de plus amples renseignements, veuillez consulter le site Web de la TC16. L&#8217;inscription&#8230;  <a class=\"excerpt-read-more\" href=\"https:\/\/cap.ca\/fr\/congres-de-lacp\/theory-canada\/\" title=\"LireTh\u00e9orie Canada\">Lire la suite &raquo;<\/a><\/p>\n","protected":false},"author":10,"featured_media":0,"parent":3243,"menu_order":148,"comment_status":"closed","ping_status":"closed","template":"","meta":{"footnotes":""},"class_list":["post-3268","page","type-page","status-publish","hentry"],"_links":{"self":[{"href":"https:\/\/cap.ca\/fr\/wp-json\/wp\/v2\/pages\/3268","targetHints":{"allow":["GET"]}}],"collection":[{"href":"https:\/\/cap.ca\/fr\/wp-json\/wp\/v2\/pages"}],"about":[{"href":"https:\/\/cap.ca\/fr\/wp-json\/wp\/v2\/types\/page"}],"author":[{"embeddable":true,"href":"https:\/\/cap.ca\/fr\/wp-json\/wp\/v2\/users\/10"}],"replies":[{"embeddable":true,"href":"https:\/\/cap.ca\/fr\/wp-json\/wp\/v2\/comments?post=3268"}],"version-history":[{"count":13,"href":"https:\/\/cap.ca\/fr\/wp-json\/wp\/v2\/pages\/3268\/revisions"}],"predecessor-version":[{"id":24349,"href":"https:\/\/cap.ca\/fr\/wp-json\/wp\/v2\/pages\/3268\/revisions\/24349"}],"up":[{"embeddable":true,"href":"https:\/\/cap.ca\/fr\/wp-json\/wp\/v2\/pages\/3243"}],"wp:attachment":[{"href":"https:\/\/cap.ca\/fr\/wp-json\/wp\/v2\/media?parent=3268"}],"curies":[{"name":"wp","href":"https:\/\/api.w.org\/{rel}","templated":true}]}}