{"id":3265,"date":"2017-03-09T15:17:56","date_gmt":"2017-03-09T20:17:56","guid":{"rendered":"http:\/\/caph-02.eproofs.ca\/congres-2018\/"},"modified":"2019-01-15T09:22:29","modified_gmt":"2019-01-15T14:22:29","slug":"congres-2018","status":"publish","type":"page","link":"https:\/\/cap.ca\/fr\/congres-de-lacp\/congres-anterieurs\/congres-2018\/","title":{"rendered":"Congr\u00e8s de l&#8217;ACP 2018 &#8211; Universit\u00e9 Dalhousie (Halifax, NS)"},"content":{"rendered":"<p><strong>Ann\u00e9e :<\/strong> 2018<strong><img loading=\"lazy\" decoding=\"async\" class=\" wp-image-7179 alignleft\" src=\"https:\/\/cap.ca\/wp-content\/uploads\/2017\/06\/21683-CAP-Congress-Posters-2018-Website_Slide_475x400ratio-300x253.jpg\" alt=\"\" width=\"293\" height=\"247\" srcset=\"https:\/\/cap.ca\/wp-content\/uploads\/2017\/06\/21683-CAP-Congress-Posters-2018-Website_Slide_475x400ratio-300x253.jpg 300w, https:\/\/cap.ca\/wp-content\/uploads\/2017\/06\/21683-CAP-Congress-Posters-2018-Website_Slide_475x400ratio-768x647.jpg 768w, https:\/\/cap.ca\/wp-content\/uploads\/2017\/06\/21683-CAP-Congress-Posters-2018-Website_Slide_475x400ratio-1024x863.jpg 1024w, https:\/\/cap.ca\/wp-content\/uploads\/2017\/06\/21683-CAP-Congress-Posters-2018-Website_Slide_475x400ratio.jpg 1200w\" sizes=\"auto, (max-width: 293px) 100vw, 293px\" \/><\/strong><\/p>\n<p><strong>Date :<\/strong> 11 juin 2018 &#8211; 15 juin 2018<\/p>\n<p><strong>Endroit :<\/strong>\u00a0Universit\u00e9 Dalhousie, Halifax, Nouvelle \u00c9cosse<\/p>\n<p><strong>Nombre de participants :<\/strong>\u00a0508<\/p>\n<p><strong>Conf\u00e9renci\u00e8re publique\u00a0<\/strong><strong>:<\/strong>\u00a0\u00a0Nergis Mavalvala, LIGO\/MIT<\/p>\n<p><strong>Titre du lecture :\u00a0\u00a0<\/strong> L\u2019Univers gauchi : la qu\u00eate centenaire d\u2019Einstein \u00e0 la d\u00e9couverte des ondes gravitationnelles<\/p>\n<hr \/>\n<p>Le programme en ligne\u00a0est disponible <strong><a href=\"http:\/\/indico.cern.ch\/e\/CAP2018\">ici<\/a><a href=\"http:\/\/indico.cern.ch\/e\/CAP2018\">\u00a0<\/a><\/strong>(choisissez &#8220;Timetable&#8221;).<\/p>\n<h4 class=\"page-title\">R\u00e9sultats de la comp\u00e9tition pour la meilleure communication \u00e9tudiante 2018.<\/h4>\n<p><a href=\"https:\/\/cap.ca\/wp-content\/uploads\/2018\/06\/2018-Division-POSTER-Finalists-not-ranked.xls\">2018 Division POSTER Finalists &#8211; not ranked<\/a><\/p>\n<p><a href=\"https:\/\/cap.ca\/wp-content\/uploads\/2018\/06\/2018-CAP-ORAL-Finalists.xls\">2018 CAP ORAL Finalists<\/a><\/p>\n<p style=\"text-align: center;\">Thank you to our Diamond Sponsor: Dalhousie University, Office of the President<a href=\"https:\/\/www.dal.ca\/\"><img loading=\"lazy\" decoding=\"async\" class=\" wp-image-10207 aligncenter\" src=\"https:\/\/cap.ca\/wp-content\/uploads\/2017\/03\/01.1.5-DAL-200-FullMark-Gd-POS-RGB-1-300x74.jpg\" alt=\"\" width=\"308\" height=\"76\" srcset=\"https:\/\/cap.ca\/wp-content\/uploads\/2017\/03\/01.1.5-DAL-200-FullMark-Gd-POS-RGB-1-300x74.jpg 300w, https:\/\/cap.ca\/wp-content\/uploads\/2017\/03\/01.1.5-DAL-200-FullMark-Gd-POS-RGB-1-768x190.jpg 768w, https:\/\/cap.ca\/wp-content\/uploads\/2017\/03\/01.1.5-DAL-200-FullMark-Gd-POS-RGB-1-1024x253.jpg 1024w, https:\/\/cap.ca\/wp-content\/uploads\/2017\/03\/01.1.5-DAL-200-FullMark-Gd-POS-RGB-1.jpg 1750w\" sizes=\"auto, (max-width: 308px) 100vw, 308px\" \/><\/a><\/p>\n<p style=\"text-align: center;\">\u00a0and our Gold Sponsors:\u00a0<strong>Canadian Light Source<\/strong>,\u00a0<strong>Dalhousie University, Faculty of Science<\/strong>\u00a0and\u00a0<strong>TRIUMF<\/strong>\u00a0for your generous contributions.<\/p>\n<a href=\"http:\/\/www.lightsource.ca\/\"><img loading=\"lazy\" decoding=\"async\" class=\"size-medium wp-image-10413 aligncenter\" src=\"https:\/\/cap.ca\/wp-content\/uploads\/2018\/05\/CLS_logo_tag_artwork-300x104.jpg\" alt=\"\" width=\"300\" height=\"104\" srcset=\"https:\/\/cap.ca\/wp-content\/uploads\/2018\/05\/CLS_logo_tag_artwork-300x104.jpg 300w, https:\/\/cap.ca\/wp-content\/uploads\/2018\/05\/CLS_logo_tag_artwork-768x267.jpg 768w, https:\/\/cap.ca\/wp-content\/uploads\/2018\/05\/CLS_logo_tag_artwork.jpg 781w\" sizes=\"auto, (max-width: 300px) 100vw, 300px\" \/><\/a>\n<a href=\"https:\/\/www.dal.ca\/faculty\/science.html\"><img loading=\"lazy\" decoding=\"async\" class=\"alignnone size-medium wp-image-10376 aligncenter\" src=\"https:\/\/cap.ca\/wp-content\/uploads\/2018\/05\/DalSci-Logo-2018-300x90.jpg\" alt=\"\" width=\"300\" height=\"90\" srcset=\"https:\/\/cap.ca\/wp-content\/uploads\/2018\/05\/DalSci-Logo-2018-300x90.jpg 300w, https:\/\/cap.ca\/wp-content\/uploads\/2018\/05\/DalSci-Logo-2018.jpg 382w\" sizes=\"auto, (max-width: 300px) 100vw, 300px\" \/><\/a>\n<a href=\"http:\/\/www.triumf.ca\/\"><img loading=\"lazy\" decoding=\"async\" class=\"alignnone size-medium wp-image-10304 aligncenter\" src=\"https:\/\/cap.ca\/wp-content\/uploads\/2018\/05\/TRIUMF_Logo_Blue-300x54.jpg\" alt=\"\" width=\"300\" height=\"54\" srcset=\"https:\/\/cap.ca\/wp-content\/uploads\/2018\/05\/TRIUMF_Logo_Blue-300x54.jpg 300w, https:\/\/cap.ca\/wp-content\/uploads\/2018\/05\/TRIUMF_Logo_Blue-768x139.jpg 768w, https:\/\/cap.ca\/wp-content\/uploads\/2018\/05\/TRIUMF_Logo_Blue-1024x185.jpg 1024w\" sizes=\"auto, (max-width: 300px) 100vw, 300px\" \/><\/a>\n<p>&nbsp;<\/p>\n<p>&nbsp;<\/p>\n<p>Suivez l&#8217;ACP sur la page <strong><a href=\"https:\/\/www.facebook.com\/CanadianAssociationOfPhysicists\/?utm_source=emailcampaign181&amp;utm_medium=phpList&amp;utm_content=HTMLemail&amp;utm_campaign=%28DRAFT%29+InfoCongr%C3%A8s+%3A+%C3%89ch%C3%A9ances+pour+l%E2%80%99inscription+h%C3%A2tive+et+les+ateliers+de+r%C3%A9seautage+++\">Facebook<\/a><\/strong> et sur le <strong><a href=\"https:\/\/twitter.com\/CAPhys?utm_source=emailcampaign181&amp;utm_medium=phpList&amp;utm_content=HTMLemail&amp;utm_campaign=%28DRAFT%29+InfoCongr%C3%A8s+%3A+%C3%89ch%C3%A9ances+pour+l%E2%80%99inscription+h%C3%A2tive+et+les+ateliers+de+r%C3%A9seautage+++\">Twitter<\/a><\/strong> de l&#8217;ACP. Gazouillez avec nous tout au long de la conf\u00e9rence avec #Congr\u00e8sACP18.<\/p>\n","protected":false},"excerpt":{"rendered":"<p>Ann\u00e9e : 2018 Date : 11 juin 2018 &#8211; 15 juin 2018 Endroit :\u00a0Universit\u00e9 Dalhousie, Halifax, Nouvelle \u00c9cosse Nombre de participants :\u00a0508 Conf\u00e9renci\u00e8re publique\u00a0:\u00a0\u00a0Nergis Mavalvala, LIGO\/MIT Titre du lecture :\u00a0\u00a0 L\u2019Univers gauchi : la qu\u00eate centenaire d\u2019Einstein \u00e0 la d\u00e9couverte des ondes gravitationnelles Le programme en ligne\u00a0est disponible ici\u00a0(choisissez &#8220;Timetable&#8221;). R\u00e9sultats de la comp\u00e9tition pour&#8230;  <a class=\"excerpt-read-more\" href=\"https:\/\/cap.ca\/fr\/congres-de-lacp\/congres-anterieurs\/congres-2018\/\" title=\"LireCongr\u00e8s de l&#8217;ACP 2018 &#8211; Universit\u00e9 Dalhousie (Halifax, NS)\">Lire la suite &raquo;<\/a><\/p>\n","protected":false},"author":10,"featured_media":0,"parent":3253,"menu_order":98,"comment_status":"closed","ping_status":"closed","template":"","meta":{"footnotes":""},"class_list":["post-3265","page","type-page","status-publish","hentry"],"_links":{"self":[{"href":"https:\/\/cap.ca\/fr\/wp-json\/wp\/v2\/pages\/3265","targetHints":{"allow":["GET"]}}],"collection":[{"href":"https:\/\/cap.ca\/fr\/wp-json\/wp\/v2\/pages"}],"about":[{"href":"https:\/\/cap.ca\/fr\/wp-json\/wp\/v2\/types\/page"}],"author":[{"embeddable":true,"href":"https:\/\/cap.ca\/fr\/wp-json\/wp\/v2\/users\/10"}],"replies":[{"embeddable":true,"href":"https:\/\/cap.ca\/fr\/wp-json\/wp\/v2\/comments?post=3265"}],"version-history":[{"count":51,"href":"https:\/\/cap.ca\/fr\/wp-json\/wp\/v2\/pages\/3265\/revisions"}],"predecessor-version":[{"id":11765,"href":"https:\/\/cap.ca\/fr\/wp-json\/wp\/v2\/pages\/3265\/revisions\/11765"}],"up":[{"embeddable":true,"href":"https:\/\/cap.ca\/fr\/wp-json\/wp\/v2\/pages\/3253"}],"wp:attachment":[{"href":"https:\/\/cap.ca\/fr\/wp-json\/wp\/v2\/media?parent=3265"}],"curies":[{"name":"wp","href":"https:\/\/api.w.org\/{rel}","templated":true}]}}