{"id":3264,"date":"2017-03-09T15:17:52","date_gmt":"2017-03-09T20:17:52","guid":{"rendered":"http:\/\/caph-02.eproofs.ca\/congres-venir\/"},"modified":"2026-04-27T10:22:38","modified_gmt":"2026-04-27T14:22:38","slug":"congres-venir","status":"publish","type":"page","link":"https:\/\/cap.ca\/fr\/congres-de-lacp\/congres-venir\/","title":{"rendered":"Congr\u00e8s \u00e0 venir"},"content":{"rendered":"<p>Le congr\u00e8s annuel de l\u2019ACP est un lieu de rencontre important, favorisant l\u2019\u00e9change d\u2019id\u00e9es entre physiciens canadiens et coll\u00e8gues de partout \u00e0 travers le monde. Il permet \u00e9galement aux h\u00f4tes de mettre en valeur leur ville et leur institution. Les prochains congr\u00e8s auront lieu \u00e0 :<\/p>\n<ul class=\"content-list\">\n<li>2026 &#8211; 21-26 juin &#8211; Ottawa, ON &#8211; Co-organis\u00e9 par l&#8217;Universit\u00e9 d&#8217;Ottawa et Carleton University<\/li>\n<li>2027 &#8211; 6 au 11 juin &#8211; St. John&#8217;s, NL &#8211; Organis\u00e9 par\u00a0Memorial University of Newfoundland<\/li>\n<\/ul>\n<h2><\/h2>\n<h2>Nous sommes int\u00e9ress\u00e9s \u00e0 recevoir des offres pour organiser les congr\u00e8s suivants.<\/h2>\n<p><strong>Pour vous aider \u00e0 pr\u00e9parer une offre, nous avons d\u00e9velopp\u00e9 une trousse de planification du congr\u00e8s d\u00e9taill\u00e9e, ci-jointe.<\/strong> L\u2019offre formelle ne requiert qu\u2019une lettre d\u2019intention, une description de l\u2019institution et des installations, et un budget tr\u00e8s pr\u00e9liminaire qui illustre si vous croyez \u00eatre capable de rencontrer la contribution budgetaire du congr\u00e8s de l\u2019ACP, sur la base d\u2019un nombre raisonnable de participants. La trousse comprend des exemples de tout ce dont vous avez besoin pour une offre.<\/p>\n<p>Si vous \u00eates int\u00e9ress\u00e9 \u00e0 faire une offre, veuillez contacter le bureau de l&#8217;ACP qui vous enverra les gabarits .doc et .xls pour les documents qui doivent \u00eatre soumis \u00e0 l&#8217;ACP avec l&#8217;offre.<\/p>\n<p>Toute offre d&#8217;accueillir le congr\u00e8s annuel de l&#8217;ACP devra \u00eatre envoy\u00e9e \u00e0 la Directrice ex\u00e9cutive, Francine Ford (<a href=\"mailto:execdir@cap.ca\">execdir@cap.ca<\/a>). <strong>Les offres pour le congr\u00e8s de 2030 et les suivants doivent parvenir au bureau de l&#8217;ACP au plus tard le 31 ao\u00fbt 2027.<\/strong> Dans la lettre, veuillez mentionner l&#8217;ann\u00e9e qui vous int\u00e9resse, sans oublier que le congr\u00e8s a normalement lieu successivement dans le centre, l&#8217;est, le centre et l&#8217;ouest du Canada.<\/p>\n<p style=\"text-align: center;\"><a class=\"green-btn\" href=\"https:\/\/cap.ca\/wp-content\/uploads\/2017\/03\/congress_kit-complete-feb-2011.pdf\">T\u00e9l\u00e9charger Trousse de Planification (mise-a-jour requis)<\/a><\/p>\n","protected":false},"excerpt":{"rendered":"<p>Le congr\u00e8s annuel de l\u2019ACP est un lieu de rencontre important, favorisant l\u2019\u00e9change d\u2019id\u00e9es entre physiciens canadiens et coll\u00e8gues de partout \u00e0 travers le monde. Il permet \u00e9galement aux h\u00f4tes de mettre en valeur leur ville et leur institution. Les prochains congr\u00e8s auront lieu \u00e0 : 2026 &#8211; 21-26 juin &#8211; Ottawa, ON &#8211; Co-organis\u00e9&#8230;  <a class=\"excerpt-read-more\" href=\"https:\/\/cap.ca\/fr\/congres-de-lacp\/congres-venir\/\" title=\"LireCongr\u00e8s \u00e0 venir\">Lire la suite &raquo;<\/a><\/p>\n","protected":false},"author":10,"featured_media":0,"parent":3243,"menu_order":139,"comment_status":"closed","ping_status":"closed","template":"","meta":{"footnotes":""},"class_list":["post-3264","page","type-page","status-publish","hentry"],"_links":{"self":[{"href":"https:\/\/cap.ca\/fr\/wp-json\/wp\/v2\/pages\/3264","targetHints":{"allow":["GET"]}}],"collection":[{"href":"https:\/\/cap.ca\/fr\/wp-json\/wp\/v2\/pages"}],"about":[{"href":"https:\/\/cap.ca\/fr\/wp-json\/wp\/v2\/types\/page"}],"author":[{"embeddable":true,"href":"https:\/\/cap.ca\/fr\/wp-json\/wp\/v2\/users\/10"}],"replies":[{"embeddable":true,"href":"https:\/\/cap.ca\/fr\/wp-json\/wp\/v2\/comments?post=3264"}],"version-history":[{"count":19,"href":"https:\/\/cap.ca\/fr\/wp-json\/wp\/v2\/pages\/3264\/revisions"}],"predecessor-version":[{"id":29129,"href":"https:\/\/cap.ca\/fr\/wp-json\/wp\/v2\/pages\/3264\/revisions\/29129"}],"up":[{"embeddable":true,"href":"https:\/\/cap.ca\/fr\/wp-json\/wp\/v2\/pages\/3243"}],"wp:attachment":[{"href":"https:\/\/cap.ca\/fr\/wp-json\/wp\/v2\/media?parent=3264"}],"curies":[{"name":"wp","href":"https:\/\/api.w.org\/{rel}","templated":true}]}}