{"id":3260,"date":"2017-03-09T15:17:38","date_gmt":"2017-03-09T20:17:38","guid":{"rendered":"http:\/\/caph-02.eproofs.ca\/conferenciers-pleniers-2015\/"},"modified":"2017-03-24T15:09:30","modified_gmt":"2017-03-24T19:09:30","slug":"conferenciers-pleniers-2015","status":"publish","type":"page","link":"https:\/\/cap.ca\/fr\/congres-de-lacp\/congres-anterieurs\/congres-2015\/conferenciers-pleniers-2015\/","title":{"rendered":"Liste des conf\u00e9renciers pl\u00e9niers 2015"},"content":{"rendered":"<div class=\"wpb-content-wrapper\"><p>[vc_row][vc_column][vc_column_text]L\u2019ACP est heureuse d\u2019accueillir tous les conf\u00e9renciers invit\u00e9s du Congr\u00e8s de l\u2019ACP 2015 \u00e0 Edmonton.[\/vc_column_text][vc_custom_heading text=&#8221;Conf\u00e9rencier publique Herzberg&#8221; use_theme_fonts=&#8221;yes&#8221;][vc_empty_space height=&#8221;10px&#8221;][\/vc_column][\/vc_row][vc_row][vc_column][vc_row_inner][vc_column_inner width=&#8221;1\/6&#8243;][vc_single_image image=&#8221;6226&#8243; img_size=&#8221;150&#215;150&#8243; style=&#8221;vc_box_rounded&#8221; css=&#8221;.vc_custom_1490382055995{margin-bottom: 10px !important;}&#8221;][\/vc_column_inner][vc_column_inner width=&#8221;5\/6&#8243;][vc_column_text]<strong>Miguel Alcubierre<\/strong><\/p>\n<p>Institut des sciences nucl\u00e9aires<\/p>\n<p>Universit\u00e9 nationale autonome de Mexico[\/vc_column_text][\/vc_column_inner][\/vc_row_inner][vc_column_text]<\/p>\n<h4>\u00ab Plus rapide que la lumi\u00e8re (Faster than the Speed of Light) \u00bb<\/h4>\n<p>Dans mon propos, je vous exposerai bri\u00e8vement certaines notions fondamentales de la th\u00e9orie de la relativit\u00e9 restreinte d\u2019Einstein, qui fonde toute la physique moderne. En particulier, je me concentrerai sur la notion de causalit\u00e9 et sur ce qui fait que celle-ci implique que rien ne peut voyager \u00e0 une vitesse sup\u00e9rieure \u00e0 celle de la lumi\u00e8re dans le vide. J\u2019\u00e9voquerai ensuite certaines id\u00e9es de base qui sous-tendent l\u2019autre grande th\u00e9orie d\u2019Einstein, celle de la relativit\u00e9 g\u00e9n\u00e9rale, qui est la th\u00e9orie moderne de la gravit\u00e9 et postule que la g\u00e9om\u00e9trie de l\u2019espace-temps est dynamique et que la pr\u00e9sence de grandes concentrations de masse et d\u2019\u00e9nergie produit une \u00ab courbure \u00bb dans l\u2019espace-temps. Nous verrons ensuite comment cette courbure peut servir de diverses fa\u00e7ons \u00e0 voyager \u00ab \u00e0 une vitesse sup\u00e9rieure \u00e0 celle de la lumi\u00e8re \u00bb en \u00e9cartant la g\u00e9om\u00e9trie de celle de l\u2019espace plat. En particulier, j\u2019examinerai les id\u00e9es entourant le mod\u00e8le g\u00e9om\u00e9trique d\u2019une \u00ab vitesse supraluminique \u00bb.<\/p>\n<p>Lundi 15 juin, 19 h 30[\/vc_column_text][\/vc_column][\/vc_row][vc_row][vc_column][vc_separator][\/vc_column][\/vc_row][vc_row][vc_column][vc_custom_heading text=&#8221;Conf\u00e9renciers pl\u00e9niers&#8221; use_theme_fonts=&#8221;yes&#8221;][vc_empty_space height=&#8221;10px&#8221;][\/vc_column][\/vc_row][vc_row][vc_column][vc_row_inner][vc_column_inner width=&#8221;1\/6&#8243;][vc_single_image image=&#8221;6227&#8243; img_size=&#8221;150&#215;150&#8243; style=&#8221;vc_box_rounded&#8221; css=&#8221;.vc_custom_1490382169542{margin-bottom: 10px !important;}&#8221;][\/vc_column_inner][vc_column_inner width=&#8221;5\/6&#8243;][vc_column_text]<strong>Prof. Francis Halzen<\/strong><\/p>\n<p>Wisconsin IceCube Particle Astrophysics Center et<\/p>\n<p>D\u00e9partement de physique, Universit\u00e9 du Wisconsin, Madison[\/vc_column_text][\/vc_column_inner][\/vc_row_inner][vc_column_text]<\/p>\n<h4>\u00ab IceCube et la d\u00e9couverte de neutrinos cosmiques \u00e0 haute \u00e9nergie (IceCube and the Discovery of High-Energy Cosmic Neutrinos) \u00bb<\/h4>\n<p>Le projet IceCube a transform\u00e9 un kilom\u00e8tre cube de glace naturelle de l\u2019Antarctique en d\u00e9tecteur de neutrinos. Cet instrument d\u00e9tecte 100 000 neutrinos par ann\u00e9e dans les gammes d\u2019\u00e9nergie GeV \u00e0 PeV. De ce nombre, nous avons isol\u00e9 r\u00e9cemment un flux de neutrinos cosmiques \u00e0 haute \u00e9nergie. Je parlerai de l\u2019instrument, d\u2019analyse de donn\u00e9es et de l\u2019importance de la d\u00e9couverte de neutrinos cosmiques.<\/p>\n<p>Jeudi 18 juin, 11 h 45[\/vc_column_text][\/vc_column][\/vc_row][vc_row][vc_column][vc_separator][\/vc_column][\/vc_row][vc_row][vc_column][vc_row_inner][vc_column_inner width=&#8221;1\/6&#8243;][vc_single_image image=&#8221;6228&#8243; img_size=&#8221;150&#215;150&#8243; style=&#8221;vc_box_rounded&#8221; css=&#8221;.vc_custom_1490382185053{margin-bottom: 10px !important;}&#8221;][\/vc_column_inner][vc_column_inner width=&#8221;5\/6&#8243;][vc_column_text]<strong>Prof. Wick Haxton<\/strong><\/p>\n<p>Institute for Nuclear Physics, Universit\u00e9 de Washington<\/p>\n<p>D\u00e9partement de physique, Universit\u00e9 de la Californie[\/vc_column_text][\/vc_column_inner][\/vc_row_inner][vc_column_text]<\/p>\n<h4>\u00ab Neutrino Physics: On Earth and in the Heavens \u00bb<\/h4>\n<p>The discovery 15 years ago that neutrinos have mass and can spontaneously change their flavors has led to intense activity in nuclear and particle physics, including plans for powerful neutrino beams for long-baseline oscillation experiments and for ton-scale ultraclean underground detectors for double beta decay studies. Our improved knowledge of neutrinos has also enabled us to understand better their roles in astrophysics. Supernova neutrinos may be responsible for important nucleosynthesis in the first stars that formed in our galaxy, and solar neutrinos may allow us to determine the metallicity of the primordial gas cloud from which our solar system formed. I will review some of these themes and their connections, arguing that recent neutrino discoveries are just the beginning of a series of surprises.<\/p>\n<p>Mercredi 17 juin, 10 h 45[\/vc_column_text][\/vc_column][\/vc_row][vc_row][vc_column][vc_separator][\/vc_column][\/vc_row][vc_row][vc_column][vc_row_inner][vc_column_inner width=&#8221;1\/6&#8243;][vc_single_image image=&#8221;6229&#8243; img_size=&#8221;150&#215;150&#8243; style=&#8221;vc_box_rounded&#8221; css=&#8221;.vc_custom_1490382235056{margin-bottom: 10px !important;}&#8221;][\/vc_column_inner][vc_column_inner width=&#8221;5\/6&#8243;][vc_column_text]<strong>Prof. Sara Seager<\/strong><\/p>\n<p>Massachusetts Institute of Technology[\/vc_column_text][\/vc_column_inner][\/vc_row_inner][vc_column_text]<\/p>\n<h4>\u00ab Les exoplan\u00e8tes et la recherche de mondes habitables (Exoplanets and the Search for Habitable Worlds) \u00bb<\/h4>\n<p>On sait que des milliers d\u2019exoplan\u00e8tes sont en orbite autour d\u2019\u00e9toiles proches, avec l\u2019inf\u00e9rence statistique que chaque \u00e9toile de notre galaxie la Voie lact\u00e9e doit avoir au moins une plan\u00e8te. Au-del\u00e0 de leur d\u00e9couverte, une \u00e8re nouvelle de \u00ab caract\u00e9risation des exoplan\u00e8tes \u00bb est en cours et une diversit\u00e9 \u00e9tonnante d\u2019exoplan\u00e8tes donne une profondeur in\u00e9dite aux domaines de la formation et de l\u2019\u00e9volution des plan\u00e8tes, de leur structure interne, de la science de l\u2019atmosph\u00e8re et de la dynamique orbitale. Les efforts sont fructueux en vue de trouver des plan\u00e8tes de plus en plus petites, de taille \u00e9gale \u00e0 celle de la Terre, et ils incitent \u00e0 donner \u00e0 la prochaine g\u00e9n\u00e9ration de t\u00e9lescopes spatiaux la capacit\u00e9 de d\u00e9couvrir des plan\u00e8tes pouvant pr\u00e9senter des conditions favorables \u00e0 la vie ou m\u00eame des signes de vie, sous forme de gaz atmosph\u00e9riques (bio-signatures).<\/p>\n<p>Lundi 15 juin, 13 h[\/vc_column_text][\/vc_column][\/vc_row][vc_row][vc_column][vc_separator][\/vc_column][\/vc_row][vc_row][vc_column][vc_row_inner][vc_column_inner width=&#8221;1\/6&#8243;][vc_single_image image=&#8221;6230&#8243; img_size=&#8221;150&#215;150&#8243; style=&#8221;vc_box_rounded&#8221; css=&#8221;.vc_custom_1490382299895{margin-bottom: 10px !important;}&#8221;][\/vc_column_inner][vc_column_inner width=&#8221;5\/6&#8243;][vc_column_text]<strong>Prof. David A. Weitz<\/strong><\/p>\n<p>Harvard SEAS[\/vc_column_text][\/vc_column_inner][\/vc_row_inner][vc_column_text]<\/p>\n<h4>\u00ab La rigidit\u00e9 et le volume des cellules (Cell Stiffness and Cell Volume) \u00bb<\/h4>\n<p>On pense commun\u00e9ment que la rigidit\u00e9 des cellules d\u00e9pend de celle de leur entourage : les cellules osseuses sont beaucoup plus rigides que les neurones et chacune existe dans les tissus avoisinants dont la rigidit\u00e9 correspond \u00e0 celle des cellules. Dans mon propos, je parlerai des nouvelles mesures de la rigidit\u00e9 des cellules et montrerai que cette rigidit\u00e9 est \u00e9troitement li\u00e9e au volume des cellules. Cela touche \u00e0 la fois les rouages et l\u2019expression g\u00e9nique dans la cellule, et m\u00eame les effets sur la diff\u00e9renciation des cellules souches.<\/p>\n<p>Vendredi 19 juin, 12 h 45[\/vc_column_text][\/vc_column][\/vc_row]<\/p>\n<\/div>","protected":false},"excerpt":{"rendered":"<p>[vc_row][vc_column][vc_column_text]L\u2019ACP est heureuse d\u2019accueillir tous les conf\u00e9renciers invit\u00e9s du Congr\u00e8s de l\u2019ACP 2015 \u00e0 Edmonton.[\/vc_column_text][vc_custom_heading text=&#8221;Conf\u00e9rencier publique Herzberg&#8221; use_theme_fonts=&#8221;yes&#8221;][vc_empty_space height=&#8221;10px&#8221;][\/vc_column][\/vc_row][vc_row][vc_column][vc_row_inner][vc_column_inner width=&#8221;1\/6&#8243;][vc_single_image image=&#8221;6226&#8243; img_size=&#8221;150&#215;150&#8243; style=&#8221;vc_box_rounded&#8221; css=&#8221;.vc_custom_1490382055995{margin-bottom: 10px !important;}&#8221;][\/vc_column_inner][vc_column_inner width=&#8221;5\/6&#8243;][vc_column_text]Miguel Alcubierre Institut des sciences nucl\u00e9aires Universit\u00e9 nationale autonome de Mexico[\/vc_column_text][\/vc_column_inner][\/vc_row_inner][vc_column_text] \u00ab Plus rapide que la lumi\u00e8re (Faster than the Speed of Light) \u00bb Dans mon propos, je&#8230;  <a class=\"excerpt-read-more\" href=\"https:\/\/cap.ca\/fr\/congres-de-lacp\/congres-anterieurs\/congres-2015\/conferenciers-pleniers-2015\/\" title=\"LireListe des conf\u00e9renciers pl\u00e9niers 2015\">Lire la suite &raquo;<\/a><\/p>\n","protected":false},"author":10,"featured_media":0,"parent":3259,"menu_order":666,"comment_status":"closed","ping_status":"closed","template":"","meta":{"footnotes":""},"class_list":["post-3260","page","type-page","status-publish","hentry"],"_links":{"self":[{"href":"https:\/\/cap.ca\/fr\/wp-json\/wp\/v2\/pages\/3260","targetHints":{"allow":["GET"]}}],"collection":[{"href":"https:\/\/cap.ca\/fr\/wp-json\/wp\/v2\/pages"}],"about":[{"href":"https:\/\/cap.ca\/fr\/wp-json\/wp\/v2\/types\/page"}],"author":[{"embeddable":true,"href":"https:\/\/cap.ca\/fr\/wp-json\/wp\/v2\/users\/10"}],"replies":[{"embeddable":true,"href":"https:\/\/cap.ca\/fr\/wp-json\/wp\/v2\/comments?post=3260"}],"version-history":[{"count":4,"href":"https:\/\/cap.ca\/fr\/wp-json\/wp\/v2\/pages\/3260\/revisions"}],"predecessor-version":[{"id":6233,"href":"https:\/\/cap.ca\/fr\/wp-json\/wp\/v2\/pages\/3260\/revisions\/6233"}],"up":[{"embeddable":true,"href":"https:\/\/cap.ca\/fr\/wp-json\/wp\/v2\/pages\/3259"}],"wp:attachment":[{"href":"https:\/\/cap.ca\/fr\/wp-json\/wp\/v2\/media?parent=3260"}],"curies":[{"name":"wp","href":"https:\/\/api.w.org\/{rel}","templated":true}]}}