{"id":3259,"date":"2017-03-09T15:17:35","date_gmt":"2017-03-09T20:17:35","guid":{"rendered":"http:\/\/caph-02.eproofs.ca\/congres-2015\/"},"modified":"2017-03-25T18:51:13","modified_gmt":"2017-03-25T22:51:13","slug":"congres-2015","status":"publish","type":"page","link":"https:\/\/cap.ca\/fr\/congres-de-lacp\/congres-anterieurs\/congres-2015\/","title":{"rendered":"Congr\u00e8s de l&#8217;ACP 2015 &#8211; University of Alberta (Edmonton, Alberta)"},"content":{"rendered":"<p><img decoding=\"async\" class=\"alignright\" src=\"https:\/\/cap.ca\/wp-content\/uploads\/2017\/03\/2015-congress-poster-17x11-2.jpg\" width=\"399\" \/><strong>Ann\u00e9e:<\/strong> 2015<\/p>\n<p><strong>Date:<\/strong>15 juin 2015 &#8211; 19 juin 2015<\/p>\n<p><strong>Venue:<\/strong> University of Alberta<\/p>\n<h2><strong>Congr\u00e8s ant\u00e9rieurs <\/strong><\/h2>\n<p><strong>Nombre de participants:<\/strong> 574<\/p>\n<p><strong>Keynote Speaker:<\/strong> Miguel Alcubierre, Institut des sciences nucl\u00e9aires, Universit\u00e9 nationale autonome de Mexico<\/p>\n<p><strong>Keynote Title:<\/strong> \u00ab Plus rapide que la lumi\u00e8re (Faster than the Speed of Light) \u00bb<\/p>\n<ul class=\"content-list\">\n<li><a href=\"https:\/\/cap.ca\/fr\/congres-de-lacp\/congres-anterieurs\/congres-2015\/conferenciers-pleniers-2015\/\">Liste des conf\u00e9renciers pl\u00e9niers 2015<\/a><\/li>\n<li><a href=\"https:\/\/cap.ca\/fr\/congres-de-lacp\/congres-anterieurs\/congres-2015\/commanditaires-2015\/\">Commanditaires et partenaires du Congr\u00e8s de l\u2019ACP 2015<\/a><\/li>\n<li><a href=\"https:\/\/cap.ca\/fr\/congres-de-lacp\/congres-anterieurs\/congres-2015\/exposants-2015\/\">Exposants au Congr\u00e8s de l\u2019ACP 2015<\/a><\/li>\n<li><a href=\"https:\/\/cap.ca\/fr\/congres-de-lacp\/congres-anterieurs\/congres-2015\/journee-enseignants-2015\/\">Journ\u00e9e des enseignants 2015<\/a><\/li>\n<\/ul>\n<p>&nbsp;<\/p>\n","protected":false},"excerpt":{"rendered":"<p>Ann\u00e9e: 2015 Date:15 juin 2015 &#8211; 19 juin 2015 Venue: University of Alberta Congr\u00e8s ant\u00e9rieurs Nombre de participants: 574 Keynote Speaker: Miguel Alcubierre, Institut des sciences nucl\u00e9aires, Universit\u00e9 nationale autonome de Mexico Keynote Title: \u00ab Plus rapide que la lumi\u00e8re (Faster than the Speed of Light) \u00bb Liste des conf\u00e9renciers pl\u00e9niers 2015 Commanditaires et partenaires&#8230;  <a class=\"excerpt-read-more\" href=\"https:\/\/cap.ca\/fr\/congres-de-lacp\/congres-anterieurs\/congres-2015\/\" title=\"LireCongr\u00e8s de l&#8217;ACP 2015 &#8211; University of Alberta (Edmonton, Alberta)\">Lire la suite &raquo;<\/a><\/p>\n","protected":false},"author":10,"featured_media":0,"parent":3253,"menu_order":197,"comment_status":"closed","ping_status":"closed","template":"","meta":{"footnotes":""},"class_list":["post-3259","page","type-page","status-publish","hentry"],"_links":{"self":[{"href":"https:\/\/cap.ca\/fr\/wp-json\/wp\/v2\/pages\/3259","targetHints":{"allow":["GET"]}}],"collection":[{"href":"https:\/\/cap.ca\/fr\/wp-json\/wp\/v2\/pages"}],"about":[{"href":"https:\/\/cap.ca\/fr\/wp-json\/wp\/v2\/types\/page"}],"author":[{"embeddable":true,"href":"https:\/\/cap.ca\/fr\/wp-json\/wp\/v2\/users\/10"}],"replies":[{"embeddable":true,"href":"https:\/\/cap.ca\/fr\/wp-json\/wp\/v2\/comments?post=3259"}],"version-history":[{"count":8,"href":"https:\/\/cap.ca\/fr\/wp-json\/wp\/v2\/pages\/3259\/revisions"}],"predecessor-version":[{"id":6323,"href":"https:\/\/cap.ca\/fr\/wp-json\/wp\/v2\/pages\/3259\/revisions\/6323"}],"up":[{"embeddable":true,"href":"https:\/\/cap.ca\/fr\/wp-json\/wp\/v2\/pages\/3253"}],"wp:attachment":[{"href":"https:\/\/cap.ca\/fr\/wp-json\/wp\/v2\/media?parent=3259"}],"curies":[{"name":"wp","href":"https:\/\/api.w.org\/{rel}","templated":true}]}}