{"id":3258,"date":"2017-03-09T15:17:32","date_gmt":"2017-03-09T20:17:32","guid":{"rendered":"http:\/\/caph-02.eproofs.ca\/journee-des-enseignants-2016\/"},"modified":"2017-03-25T20:20:23","modified_gmt":"2017-03-26T00:20:23","slug":"journee-des-enseignants-2016","status":"publish","type":"page","link":"https:\/\/cap.ca\/fr\/congres-de-lacp\/congres-anterieurs\/congres-2016\/journee-des-enseignants-2016\/","title":{"rendered":"Journ\u00e9e des enseignants (14 juin, 2016)"},"content":{"rendered":"<div class=\"wpb-content-wrapper\"><p>[vc_row][vc_column][vc_column_text]La 16e atelier annuel des enseignants de physique qui se tiendra lors du Congr\u00e8s de l&#8217;ACP le mardi 14 juin 2016 \u00e0 l&#8217;Universit\u00e9 d&#8217;Ottawa. Cet atelier donnera acc\u00e8s aux enseignants pr\u00e9sents \u00e0 des experts en physique reconnus mondialement, \u00e0 de nouvelles techniques d&#8217;apprentissage et \u00e0 des ressources p\u00e9dagogiques destin\u00e9es \u00e0 enrichir l&#8217;apprentissage.<\/p>\n<p>Le Canada est un chef de file de la recherche en physique, mais afin d&#8217;augmenter son impact au niveau international et de rester comp\u00e9titif, innovateur et productif, nous avons besoin de travailleurs avec une tr\u00e8s bonne formation en science et technologie. Nos enseignants sont bien s\u00fbr les mieux plac\u00e9s pour atteindre ce but. Cet atelier se veut donc \u00eatre un lien entre la communaut\u00e9 scientifique et les enseignants, qui mettra en vedette le travail de nos chercheurs tout en offrant un appui \u00e0 l&#8217;enseignement des sciences.<\/p>\n<p>La journ\u00e9e comprend une gamme d&#8217;activit\u00e9s et conf\u00e9rences, incluant des visites de laboratoires de recherche en biophysique et photonique. Le co\u00fbt d&#8217;inscription est de 10 $, ce qui inclus le repas du midi, le stationnement, les mat\u00e9riaux pour les activit\u00e9s et l&#8217;acc\u00e8s aux \u00e9v\u00e8nements et conf\u00e9rences du congr\u00e8s de l&#8217;ACP. De plus, chaque enseignant recevra un certificat de participation.<\/p>\n<p><strong>Horaire<\/strong><\/p>\n<table cellspacing=\"0\" cellpadding=\"0\">\n<tbody>\n<tr>\n<td><strong>Heure<\/strong><\/td>\n<td><strong>Endroit<\/strong><\/td>\n<td><strong>Activit<\/strong><strong>\u00e9<\/strong><\/td>\n<\/tr>\n<tr>\n<td>8 h 15<\/td>\n<td>MCD hall<\/td>\n<td>Accueil, caf\u00e9 (au MCD) et inscription<\/td>\n<\/tr>\n<tr>\n<td>8 h 45<\/td>\n<td>MCD 146<\/td>\n<td>Mot de bienvenue et introduction<\/td>\n<\/tr>\n<tr>\n<td>9 h 00<\/td>\n<td>MCD 146<\/td>\n<td>Paul Corkum : <em>Attosecond Science<\/em><\/td>\n<\/tr>\n<tr>\n<td>9 h 30<\/td>\n<td>MCD 146<\/td>\n<td>Calvin Kalman : <em>Changing Students\u2019 Approach to Learning Physics<\/em><\/td>\n<\/tr>\n<tr>\n<td>10 h 00<\/td>\n<td>SITE hall<\/td>\n<td>Pause caf\u00e9<\/td>\n<\/tr>\n<tr>\n<td>10 h 30<\/td>\n<td>MRN 150<\/td>\n<td>Conf\u00e9rence de la m\u00e9daille de l&#8217;ACP en enseignement 1ier cycle<\/td>\n<\/tr>\n<tr>\n<td>11 h 00<\/td>\n<td>MCD 146<\/td>\n<td>Atelier offert par le <em>Perimeter Institute<\/em><\/td>\n<\/tr>\n<tr>\n<td>12 h 30<\/td>\n<td>MRN<\/td>\n<td>Repas et atelier de liaison avec physique<\/td>\n<\/tr>\n<tr>\n<td>13 h 30 &#8212; 15 h 00<\/td>\n<td>MCD 205<\/td>\n<td>Activit\u00e9s dans les laboratoires d&#8217;enseignement<\/td>\n<\/tr>\n<tr>\n<td>14 h 30<\/td>\n<td>MCD 205<\/td>\n<td>Remise des certificats de participation<\/td>\n<\/tr>\n<tr>\n<td>15 h 00<\/td>\n<td>ARC hall<\/td>\n<td>Visite du <em>Advanced Research Complex<\/em><\/td>\n<\/tr>\n<tr>\n<td>15 h 45<\/td>\n<td>SITE hall<\/td>\n<td>Pause caf\u00e9<\/td>\n<\/tr>\n<tr>\n<td>16 h 15<\/td>\n<td>MCD 146<\/td>\n<td>Conf\u00e9rence du prix de l&#8217;ACP en enseignement au secondaire<\/td>\n<\/tr>\n<tr>\n<td>16 h 45<\/td>\n<td>MCD 146<\/td>\n<td>Trends and challenges in teaching physics: panel discussion<\/td>\n<\/tr>\n<tr>\n<td colspan=\"3\"><strong>Activit\u00e9s suppl\u00e9mentaire (accessibles \u00e0 tous les participants)<\/strong><\/td>\n<\/tr>\n<tr>\n<td>17 h 15<\/td>\n<td>SITE, MCD<\/td>\n<td>Visite de l&#8217;observatoire et du <em>Makerspace uOttawa<\/em><\/td>\n<\/tr>\n<tr>\n<td>18 h 00<\/td>\n<td><\/td>\n<td>Temps libre pour d\u00eener (non-inclus dans le co\u00fbt)<\/td>\n<\/tr>\n<tr>\n<td>19 h 00 \u2013 22 h 00<\/td>\n<td>SITE hall<\/td>\n<td>Session d&#8217;affiches du congr\u00e8s de l&#8217;ACP (un rafra\u00eechissement inclus)<\/td>\n<\/tr>\n<tr>\n<td>19 h 30 \u2013 20 h 00<\/td>\n<td>SITE hall<\/td>\n<td>Emplois en physique: rencontre avec employeurs<\/td>\n<\/tr>\n<\/tbody>\n<\/table>\n<h2>\n<p>Nous remercions grandement nos commanditaires :<\/h2>\n<p>[\/vc_column_text][\/vc_column][\/vc_row][vc_row equal_height=&#8221;yes&#8221; content_placement=&#8221;middle&#8221;][vc_column width=&#8221;1\/4&#8243;][vc_single_image image=&#8221;6362&#8243; img_size=&#8221;full&#8221; alignment=&#8221;center&#8221;][\/vc_column][vc_column width=&#8221;1\/4&#8243;][vc_single_image image=&#8221;6340&#8243; img_size=&#8221;full&#8221; alignment=&#8221;center&#8221;][\/vc_column][vc_column width=&#8221;1\/4&#8243;][vc_single_image image=&#8221;6347&#8243; img_size=&#8221;full&#8221; alignment=&#8221;center&#8221;][\/vc_column][vc_column width=&#8221;1\/4&#8243;][vc_single_image image=&#8221;6363&#8243; img_size=&#8221;full&#8221; alignment=&#8221;center&#8221;][\/vc_column][\/vc_row]<\/p>\n<\/div>","protected":false},"excerpt":{"rendered":"<p>[vc_row][vc_column][vc_column_text]La 16e atelier annuel des enseignants de physique qui se tiendra lors du Congr\u00e8s de l&#8217;ACP le mardi 14 juin 2016 \u00e0 l&#8217;Universit\u00e9 d&#8217;Ottawa. Cet atelier donnera acc\u00e8s aux enseignants pr\u00e9sents \u00e0 des experts en physique reconnus mondialement, \u00e0 de nouvelles techniques d&#8217;apprentissage et \u00e0 des ressources p\u00e9dagogiques destin\u00e9es \u00e0 enrichir l&#8217;apprentissage. Le Canada est&#8230;  <a class=\"excerpt-read-more\" href=\"https:\/\/cap.ca\/fr\/congres-de-lacp\/congres-anterieurs\/congres-2016\/journee-des-enseignants-2016\/\" title=\"LireJourn\u00e9e des enseignants (14 juin, 2016)\">Lire la suite &raquo;<\/a><\/p>\n","protected":false},"author":10,"featured_media":0,"parent":3254,"menu_order":659,"comment_status":"closed","ping_status":"closed","template":"","meta":{"footnotes":""},"class_list":["post-3258","page","type-page","status-publish","hentry"],"_links":{"self":[{"href":"https:\/\/cap.ca\/fr\/wp-json\/wp\/v2\/pages\/3258","targetHints":{"allow":["GET"]}}],"collection":[{"href":"https:\/\/cap.ca\/fr\/wp-json\/wp\/v2\/pages"}],"about":[{"href":"https:\/\/cap.ca\/fr\/wp-json\/wp\/v2\/types\/page"}],"author":[{"embeddable":true,"href":"https:\/\/cap.ca\/fr\/wp-json\/wp\/v2\/users\/10"}],"replies":[{"embeddable":true,"href":"https:\/\/cap.ca\/fr\/wp-json\/wp\/v2\/comments?post=3258"}],"version-history":[{"count":10,"href":"https:\/\/cap.ca\/fr\/wp-json\/wp\/v2\/pages\/3258\/revisions"}],"predecessor-version":[{"id":6367,"href":"https:\/\/cap.ca\/fr\/wp-json\/wp\/v2\/pages\/3258\/revisions\/6367"}],"up":[{"embeddable":true,"href":"https:\/\/cap.ca\/fr\/wp-json\/wp\/v2\/pages\/3254"}],"wp:attachment":[{"href":"https:\/\/cap.ca\/fr\/wp-json\/wp\/v2\/media?parent=3258"}],"curies":[{"name":"wp","href":"https:\/\/api.w.org\/{rel}","templated":true}]}}