{"id":3255,"date":"2017-03-09T15:17:11","date_gmt":"2017-03-09T20:17:11","guid":{"rendered":"http:\/\/caph-02.eproofs.ca\/conferenciers-pleniers-2016\/"},"modified":"2017-03-24T14:55:51","modified_gmt":"2017-03-24T18:55:51","slug":"conferenciers-pleniers-2016","status":"publish","type":"page","link":"https:\/\/cap.ca\/fr\/congres-de-lacp\/congres-anterieurs\/congres-2016\/conferenciers-pleniers-2016\/","title":{"rendered":"Liste des conf\u00e9renciers pl\u00e9niers 2016"},"content":{"rendered":"<div class=\"wpb-content-wrapper\"><p>[vc_row][vc_column][vc_column_text]L\u2019ACP est heureuse d\u2019accueillir tous les conf\u00e9renciers invit\u00e9s du Congr\u00e8s 2016 \u00e0 Ottawa.[\/vc_column_text][vc_custom_heading text=&#8221;Conf\u00e9rence comm\u00e9morative publique Herzberg&#8221; use_theme_fonts=&#8221;yes&#8221;][vc_empty_space height=&#8221;10px&#8221;][\/vc_column][\/vc_row][vc_row][vc_column][vc_row_inner][vc_column_inner width=&#8221;1\/6&#8243;][vc_single_image image=&#8221;6221&#8243; img_size=&#8221;150&#215;150&#8243; style=&#8221;vc_box_rounded&#8221; css=&#8221;.vc_custom_1490381462858{margin-bottom: 10px !important;}&#8221;][\/vc_column_inner][vc_column_inner width=&#8221;5\/6&#8243;][vc_column_text]<strong>Prof. Victoria Kaspi<\/strong><\/p>\n<p>D\u00e9partement de Physique<\/p>\n<p>Universit\u00e9 McGill[\/vc_column_text][\/vc_column_inner][\/vc_row_inner][vc_column_text]<\/p>\n<h4>\u00ab Le don cosmique des \u00e9toiles \u00e0 neutrons \u00bb<\/h4>\n<p>Bien qu\u2019elles soient \u00e0 des milliers d\u2019ann\u00e9es lumi\u00e8res, les \u00e9toiles \u00e0 neutrons peuvent \u00eatre des balises cosmiques tr\u00e8s pr\u00e9cises \u2014 un don c\u00e9leste qui \u00e9claire certains des probl\u00e8mes les plus int\u00e9ressants de la science moderne. Nous examinerons ces objets \u00e9tranges, expliquerons comment les astronomes s\u2019en servent pour \u00e9tudier les questions allant des origines de l\u2019Univers \u00e0 la nature m\u00eame de la mati\u00e8re, et \u00e9couterons m\u00eame la symphonie cosmique qu\u2019ils cr\u00e9ent.<\/p>\n<p>Le lundi 13 juin, 19 h 30[\/vc_column_text][\/vc_column][\/vc_row][vc_row][vc_column][vc_separator][\/vc_column][\/vc_row][vc_row][vc_column][vc_custom_heading text=&#8221;Conf\u00e9renciers pl\u00e9niers&#8221; use_theme_fonts=&#8221;yes&#8221;][vc_empty_space height=&#8221;10px&#8221;][\/vc_column][\/vc_row][vc_row][vc_column][vc_row_inner][vc_column_inner width=&#8221;1\/6&#8243;][vc_single_image image=&#8221;6220&#8243; img_size=&#8221;150&#215;150&#8243; style=&#8221;vc_box_rounded&#8221; css=&#8221;.vc_custom_1490381449598{margin-bottom: 10px !important;}&#8221;][\/vc_column_inner][vc_column_inner width=&#8221;5\/6&#8243;][vc_column_text]<strong>Prof. Hendrik Schatz<\/strong><\/p>\n<p>National Superconducting Cyclotron Laboratory<\/p>\n<p>Michigan State University[\/vc_column_text][\/vc_column_inner][\/vc_row_inner][vc_column_text]<\/p>\n<h4>\u00ab L\u2019astrophysique nucl\u00e9aire \u00e0 l\u2019aide de faisceaux radioactifs \u00bb<\/h4>\n<p>Les explosions stellaires et les collisions d\u2019\u00e9toiles \u00e0 neutrons sont d\u2019importantes sources d\u2019\u00e9l\u00e9ments chimiques dans la nature. Les propri\u00e9t\u00e9s des isotopes tr\u00e8s instables qui voient le jour l\u2019espace d\u2019un instant dans ces sites astrophysiques extr\u00eames laissent leur empreinte dans la nature de l\u2019explosion et les mod\u00e8les d\u2019\u00e9l\u00e9ments caract\u00e9ristiques qui sont cr\u00e9\u00e9s et fa\u00e7onnent la composition ultime de l\u2019univers visible. Les acc\u00e9l\u00e9rateurs sources de ces faisceaux d\u2019isotopes radioactifs \u00e0 p\u00e9riode courte permettent maintenant d\u2019\u00e9tudier les taux de r\u00e9actions nucl\u00e9aires pertinents et les propri\u00e9t\u00e9s nucl\u00e9aires de sorte qu\u2019on peut comprendre en laboratoire comment les \u00e9toiles cr\u00e9ent les \u00e9l\u00e9ments. Ils permettent aussi d\u2019utiliser les mod\u00e8les d\u2019\u00e9l\u00e9ments observ\u00e9s comme outil de diagnostic pour percer au plus profond certains sites stellaires les plus lointains. J\u2019examinerai certaines questions encore sans r\u00e9ponse au sujet des processus astrophysiques \u00e0 noyau instable et la mani\u00e8re d\u2019aborder ces questions dans les exp\u00e9riences men\u00e9es aux installations actuelles et pr\u00e9vues de production d\u2019isotopes rares aux \u00c9tats-Unis, au Canada et ailleurs, de concert avec les observations et les mod\u00e8les astrophysiques.<\/p>\n<p>Le lundi 13 juin, 9 h 30[\/vc_column_text][\/vc_column][\/vc_row][vc_row][vc_column][vc_separator][\/vc_column][\/vc_row][vc_row][vc_column][vc_row_inner][vc_column_inner width=&#8221;1\/6&#8243;][vc_single_image image=&#8221;6219&#8243; img_size=&#8221;150&#215;150&#8243; style=&#8221;vc_box_rounded&#8221; css=&#8221;.vc_custom_1490381432872{margin-bottom: 10px !important;}&#8221;][\/vc_column_inner][vc_column_inner width=&#8221;5\/6&#8243;][vc_column_text]<strong>Dr. Mario Pinto<\/strong><\/p>\n<p>Conseil de recherches en sciences naturelles et en g\u00e9nie du Canada[\/vc_column_text][\/vc_column_inner][\/vc_row_inner][vc_column_text]<\/p>\n<h4>\u00ab Plan strat\u00e9gique de 2020 du CRSNG \u00bb<\/h4>\n<p>J\u2019ai fix\u00e9 plusieurs objectifs pour le CRSNG et moi-m\u00eame et l\u2019\u00e9laboration et la mise en oeuvre d\u2019un plan strat\u00e9gique pour les cinq prochaines ann\u00e9es arrivent en t\u00eate de liste. Au cours de l\u2019ann\u00e9e pendant laquelle le CRSNG a men\u00e9 des consultations en vue d\u2019\u00e9laborer le Plan, il a grandement b\u00e9n\u00e9fici\u00e9 des commentaires et des points de vue du milieu de la recherche qui lui ont \u00e9t\u00e9 transmis par divers moyens. Je vous pr\u00e9senterai donc le Plan strat\u00e9gique de 2020 du CRSNG.<\/p>\n<p>Le mardi 14 juin, 11 h 00[\/vc_column_text][\/vc_column][\/vc_row][vc_row][vc_column][vc_separator][\/vc_column][\/vc_row][vc_row][vc_column][vc_row_inner][vc_column_inner width=&#8221;1\/6&#8243;][vc_single_image image=&#8221;6218&#8243; img_size=&#8221;150&#215;150&#8243; style=&#8221;vc_box_rounded&#8221; css=&#8221;.vc_custom_1490381412807{margin-bottom: 10px !important;}&#8221;][\/vc_column_inner][vc_column_inner width=&#8221;5\/6&#8243;][vc_column_text]<strong>Prof. Russell Jacobs<\/strong><\/p>\n<p>Beckman Institute \/ Caltech Brain Imaging Center<\/p>\n<p>California Institute of Technology[\/vc_column_text][\/vc_column_inner][\/vc_row_inner][vc_column_text]<\/p>\n<h4>\u00ab Usages et abus des \u00b5IRM et des \u00b5TEP\/\u00b5IRM simultan\u00e9s : \u00e9changes d\u2019un chimiste avec des physiciens en biologie \u00bb<\/h4>\n<p>Comme pour toute technologie, des emplois de \u00b5IRM et de \u00b5TEP sont appropri\u00e9s et d\u2019autres pas. Nous verrons pourquoi l\u2019un peut affecter l\u2019autre, puis un ensemble d\u2019applications : comment cr\u00e9er un atlas 3D de la souris et de la caille \u00e0 l\u2019aide d\u2019images haute r\u00e9solution par r\u00e9sonance magn\u00e9tique; comment les IRM facilitent l\u2019\u00e9tude des l\u00e9sions et des changements \u00e0 la structure c\u00e9r\u00e9brale des mod\u00e8les de scl\u00e9rose en plaques chez les souris; comment la configuration statistique param\u00e9trique (CSP) de multiples scintigraphies c\u00e9r\u00e9brales par IRM de mod\u00e8les de souris transg\u00e9niques fournit de l\u2019information sur les alt\u00e9rations au circuit neuronal. Le suivi des changements \u00e0 la physiologie des tumeurs est un aspect important de l\u2019 imagerie clinique et pr\u00e9clinique \u2013 examen du SAD, du DCE et de travaux de rep\u00e9rage cellulaire. L\u2019enregistrement simultan\u00e9 d\u2019images par \u00b5TEP et \u00b5RM est un progr\u00e8s r\u00e9cent qui comporte une foule d\u2019usages et d\u2019abus \u2013 les travaux en ath\u00e9roscl\u00e9rose et en oncologie sur les mod\u00e8les de souris n\u00e9cessitent la sensibilit\u00e9 des \u00b5TEP et la r\u00e9solution dans le contexte anatomique des \u00b5IRM.<\/p>\n<p>Le mardi 14 juin, 15 h 00[\/vc_column_text][\/vc_column][\/vc_row][vc_row][vc_column][vc_separator][\/vc_column][\/vc_row][vc_row][vc_column][vc_row_inner][vc_column_inner width=&#8221;1\/6&#8243;][vc_single_image image=&#8221;6217&#8243; img_size=&#8221;150&#215;150&#8243; style=&#8221;vc_box_rounded&#8221; css=&#8221;.vc_custom_1490381395881{margin-bottom: 10px !important;}&#8221;][\/vc_column_inner][vc_column_inner width=&#8221;5\/6&#8243;][vc_column_text]<strong>Prof. Paul Corkum<\/strong><\/p>\n<p>Canada Research Chair in Attosecond Photonics<\/p>\n<p>Universit\u00e9 d\u2019Ottawa[\/vc_column_text][\/vc_column_inner][\/vc_row_inner][vc_column_text]<\/p>\n<h4>\u00ab Syst\u00e8mes quantiques sond\u00e9s de l\u2019int\u00e9rieur \u2013 \u00e0 l\u2019\u00e9chelle de l\u2019attoseconde \u00bb<\/h4>\n<p>Les impulsions attoseconde sont g\u00e9n\u00e9r\u00e9es par des \u00e9lectrons qui sont extraits d\u2019un syst\u00e8me quantique en explorant par impulsion lumineuse intense et d\u00e9placement dans le continuum. Des parties de chaque paquet d\u2019ondes \u00e9lectroniques doivent entrer en collision avec l\u2019ion parent par la force oscillatoire du champ \u00e9lectrique temporel. Cette nouvelle collision permet \u00e0 l\u2019\u00e9lectron et \u00e0 l\u2019ion de se refusionner, \u00e9mettant des rayons X mous. Ce processus hautement non lin\u00e9aire se produit dans les atomes, les mol\u00e9cules et les solides et comporte des possibilit\u00e9s uniques de mesure \u2013 des impulsions attoseconde m\u00eames, des orbitales mol\u00e9culaires et m\u00eame de la structure de bande des semiconducteurs \u00e0 large bande.<\/p>\n<p>Le jeudi 16 juin, 17 h 15[\/vc_column_text][\/vc_column][\/vc_row]<\/p>\n<\/div>","protected":false},"excerpt":{"rendered":"<p>[vc_row][vc_column][vc_column_text]L\u2019ACP est heureuse d\u2019accueillir tous les conf\u00e9renciers invit\u00e9s du Congr\u00e8s 2016 \u00e0 Ottawa.[\/vc_column_text][vc_custom_heading text=&#8221;Conf\u00e9rence comm\u00e9morative publique Herzberg&#8221; use_theme_fonts=&#8221;yes&#8221;][vc_empty_space height=&#8221;10px&#8221;][\/vc_column][\/vc_row][vc_row][vc_column][vc_row_inner][vc_column_inner width=&#8221;1\/6&#8243;][vc_single_image image=&#8221;6221&#8243; img_size=&#8221;150&#215;150&#8243; style=&#8221;vc_box_rounded&#8221; css=&#8221;.vc_custom_1490381462858{margin-bottom: 10px !important;}&#8221;][\/vc_column_inner][vc_column_inner width=&#8221;5\/6&#8243;][vc_column_text]Prof. Victoria Kaspi D\u00e9partement de Physique Universit\u00e9 McGill[\/vc_column_text][\/vc_column_inner][\/vc_row_inner][vc_column_text] \u00ab Le don cosmique des \u00e9toiles \u00e0 neutrons \u00bb Bien qu\u2019elles soient \u00e0 des milliers d\u2019ann\u00e9es lumi\u00e8res, les \u00e9toiles \u00e0 neutrons&#8230;  <a class=\"excerpt-read-more\" href=\"https:\/\/cap.ca\/fr\/congres-de-lacp\/congres-anterieurs\/congres-2016\/conferenciers-pleniers-2016\/\" title=\"LireListe des conf\u00e9renciers pl\u00e9niers 2016\">Lire la suite &raquo;<\/a><\/p>\n","protected":false},"author":10,"featured_media":0,"parent":3254,"menu_order":656,"comment_status":"closed","ping_status":"closed","template":"","meta":{"footnotes":""},"class_list":["post-3255","page","type-page","status-publish","hentry"],"_links":{"self":[{"href":"https:\/\/cap.ca\/fr\/wp-json\/wp\/v2\/pages\/3255","targetHints":{"allow":["GET"]}}],"collection":[{"href":"https:\/\/cap.ca\/fr\/wp-json\/wp\/v2\/pages"}],"about":[{"href":"https:\/\/cap.ca\/fr\/wp-json\/wp\/v2\/types\/page"}],"author":[{"embeddable":true,"href":"https:\/\/cap.ca\/fr\/wp-json\/wp\/v2\/users\/10"}],"replies":[{"embeddable":true,"href":"https:\/\/cap.ca\/fr\/wp-json\/wp\/v2\/comments?post=3255"}],"version-history":[{"count":4,"href":"https:\/\/cap.ca\/fr\/wp-json\/wp\/v2\/pages\/3255\/revisions"}],"predecessor-version":[{"id":6224,"href":"https:\/\/cap.ca\/fr\/wp-json\/wp\/v2\/pages\/3255\/revisions\/6224"}],"up":[{"embeddable":true,"href":"https:\/\/cap.ca\/fr\/wp-json\/wp\/v2\/pages\/3254"}],"wp:attachment":[{"href":"https:\/\/cap.ca\/fr\/wp-json\/wp\/v2\/media?parent=3255"}],"curies":[{"name":"wp","href":"https:\/\/api.w.org\/{rel}","templated":true}]}}