{"id":3254,"date":"2017-03-09T15:17:05","date_gmt":"2017-03-09T20:17:05","guid":{"rendered":"http:\/\/caph-02.eproofs.ca\/congres-2016\/"},"modified":"2017-03-16T09:41:19","modified_gmt":"2017-03-16T13:41:19","slug":"congres-2016","status":"publish","type":"page","link":"https:\/\/cap.ca\/fr\/congres-de-lacp\/congres-anterieurs\/congres-2016\/","title":{"rendered":"Congr\u00e8s de l&#8217;ACP 2016 &#8211; Universit\u00e9 d&#8217;Ottawa (Ottawa, Ontario)"},"content":{"rendered":"<p><img loading=\"lazy\" decoding=\"async\" class=\"alignright\" src=\"https:\/\/cap.ca\/wp-content\/uploads\/2017\/03\/2016-congress-poster-17x11-1.jpg\" width=\"399\" height=\"258\" \/><strong>Ann\u00e9e:<\/strong> 2016<\/p>\n<p><strong>Date:<\/strong> 13 juin 2016 &#8211; 17 juin 2016<\/p>\n<p><strong>Venue:<\/strong> Universit\u00e9 d&#8217;Ottawa<\/p>\n<p><strong>Nombre de participants:<\/strong> 647<\/p>\n<p><strong>Keynote Speaker:<\/strong> Victoria Kaspie, Universit\u00e9 McGill<\/p>\n<p><strong>Keynote Title:<\/strong> Le don cosmique des \u00e9toiles \u00e0 neutrons<\/p>\n<ul class=\"content-list\">\n<li><a href=\"https:\/\/cap.ca\/fr\/congres-de-lacp\/congres-anterieurs\/congres-2016\/conferenciers-pleniers-2016\/\">Liste des conf\u00e9renciers pl\u00e9niers 2016<\/a><\/li>\n<li><a href=\"https:\/\/cap.ca\/fr\/congres-de-lacp\/congres-anterieurs\/congres-2016\/5355-2\/\">Programme 2016<\/a><\/li>\n<li><a href=\"https:\/\/cap.ca\/fr\/congres-de-lacp\/congres-anterieurs\/congres-2016\/commanditaires-2016\/\">Partenaires et commanditaires du congr\u00e8s de l\u2019ACP 2016<\/a><\/li>\n<li><a href=\"https:\/\/cap.ca\/fr\/congres-de-lacp\/congres-anterieurs\/congres-2016\/exposants-2016\/\">Exposants au Congr\u00e8s de l\u2019ACP 2016<\/a><\/li>\n<li><a href=\"https:\/\/cap.ca\/fr\/congres-de-lacp\/congres-anterieurs\/congres-2016\/journee-des-enseignants-2016\/\">Journ\u00e9e des enseignants 2016<\/a><\/li>\n<\/ul>\n","protected":false},"excerpt":{"rendered":"<p>Ann\u00e9e: 2016 Date: 13 juin 2016 &#8211; 17 juin 2016 Venue: Universit\u00e9 d&#8217;Ottawa Nombre de participants: 647 Keynote Speaker: Victoria Kaspie, Universit\u00e9 McGill Keynote Title: Le don cosmique des \u00e9toiles \u00e0 neutrons Liste des conf\u00e9renciers pl\u00e9niers 2016 Programme 2016 Partenaires et commanditaires du congr\u00e8s de l\u2019ACP 2016 Exposants au Congr\u00e8s de l\u2019ACP 2016 Journ\u00e9e des&#8230;  <a class=\"excerpt-read-more\" href=\"https:\/\/cap.ca\/fr\/congres-de-lacp\/congres-anterieurs\/congres-2016\/\" title=\"LireCongr\u00e8s de l&#8217;ACP 2016 &#8211; Universit\u00e9 d&#8217;Ottawa (Ottawa, Ontario)\">Lire la suite &raquo;<\/a><\/p>\n","protected":false},"author":10,"featured_media":0,"parent":3253,"menu_order":192,"comment_status":"open","ping_status":"open","template":"","meta":{"footnotes":""},"class_list":["post-3254","page","type-page","status-publish","hentry"],"_links":{"self":[{"href":"https:\/\/cap.ca\/fr\/wp-json\/wp\/v2\/pages\/3254","targetHints":{"allow":["GET"]}}],"collection":[{"href":"https:\/\/cap.ca\/fr\/wp-json\/wp\/v2\/pages"}],"about":[{"href":"https:\/\/cap.ca\/fr\/wp-json\/wp\/v2\/types\/page"}],"author":[{"embeddable":true,"href":"https:\/\/cap.ca\/fr\/wp-json\/wp\/v2\/users\/10"}],"replies":[{"embeddable":true,"href":"https:\/\/cap.ca\/fr\/wp-json\/wp\/v2\/comments?post=3254"}],"version-history":[{"count":7,"href":"https:\/\/cap.ca\/fr\/wp-json\/wp\/v2\/pages\/3254\/revisions"}],"predecessor-version":[{"id":5361,"href":"https:\/\/cap.ca\/fr\/wp-json\/wp\/v2\/pages\/3254\/revisions\/5361"}],"up":[{"embeddable":true,"href":"https:\/\/cap.ca\/fr\/wp-json\/wp\/v2\/pages\/3253"}],"wp:attachment":[{"href":"https:\/\/cap.ca\/fr\/wp-json\/wp\/v2\/media?parent=3254"}],"curies":[{"name":"wp","href":"https:\/\/api.w.org\/{rel}","templated":true}]}}