{"id":3250,"date":"2017-03-09T15:16:51","date_gmt":"2017-03-09T20:16:51","guid":{"rendered":"http:\/\/caph-02.eproofs.ca\/comite-de-programmation-2017\/"},"modified":"2017-03-25T18:29:01","modified_gmt":"2017-03-25T22:29:01","slug":"comite-de-programmation-2017","status":"publish","type":"page","link":"https:\/\/cap.ca\/fr\/congres-de-lacp\/congres-anterieurs\/congres-2017\/comite-de-programmation-2017\/","title":{"rendered":"Comit\u00e9 de programmation du Congr\u00e8s 2017"},"content":{"rendered":"<table>\n<tbody>\n<tr>\n<td valign=\"top\"><strong>PR\u00c9SIDENT<\/strong><\/p>\n<p>Stephen Pistorius, P.Phys.<\/p>\n<p>University of Manitoba<\/p>\n<p>Email: spistorius@cancercare.mb.ca<\/td>\n<td valign=\"top\"><strong>TR\u00c9SORIER DE L&#8217;ACP<\/strong><\/p>\n<p>David Lockwood, P.Phys.<\/p>\n<p>National Research Council of Canada<\/p>\n<p>Tel.: 613-993-9614<\/p>\n<p>Email: david.lockwood@nrc.ca<\/td>\n<\/tr>\n<tr>\n<td valign=\"top\"><strong>COORDONNATRICE DU CONGR\u00c8S<\/strong><\/p>\n<p>Francine Ford<\/p>\n<p>Canadian Association of Physicists<\/p>\n<p>Tel.: (613) 562-5614<\/p>\n<p>Email: cap@uottawa.ca<\/td>\n<td valign=\"top\"><strong>COORDONNATRICE-ADJOINTE DU CONGR\u00c8S<\/strong><\/p>\n<p>Eloise Boileau<\/p>\n<p>Canadian Association of Physicists<\/p>\n<p>Tel.: (613) 562-5614<\/p>\n<p>Email: capmgr@uottawa.ca<\/td>\n<\/tr>\n<tr>\n<td valign=\"top\"><strong>POLITIQUE SCIENTIFIQUE<\/strong><\/p>\n<p>Kristin Poduska<\/p>\n<p>Memorial University of Newfoundland<\/p>\n<p>Tel.: 709-864-8890<\/p>\n<p>Email: kris@mun.ca<\/td>\n<td valign=\"top\"><strong>COMIT\u00c9 POUR ENCOURAGER LES FEMMES \u00c0 LA PHYSIQUE<\/strong><\/p>\n<p>Shohini Ghose<\/p>\n<p>Wilfrid Laurier University<\/p>\n<p>Tel.: 519-884-0710, 2891<\/p>\n<p>Email:sghose@wlu.ca<\/td>\n<\/tr>\n<tr>\n<td valign=\"top\"><strong>PHYSIQUE ATMOSPH\u00c9RIQUE ET DE L&#8217;ESPACE<\/strong><\/p>\n<p>Johnathan Burchill<\/p>\n<p>University of Calgary<\/p>\n<p>Email: j.burchill@ucalgary.ca<\/td>\n<td valign=\"top\"><strong>PHYSIQUE ATOMIQUE, MOL\u00c9CULAIRE ET PHOTONIQUE<\/strong><\/p>\n<p>Paul Barclay<\/p>\n<p>University of Calgary<\/p>\n<p>Email: pbarclay@ucalgary.ca<\/td>\n<\/tr>\n<tr>\n<td valign=\"top\"><strong>PHYSIQUE DE LA MATI\u00c8RE CONDENS\u00c9E ET DES MAT\u00c9RIAUX<\/strong><\/p>\n<p>Graeme Luke<\/p>\n<p>McMaster University<\/p>\n<p>Email: luke@mcmaster.ca<\/td>\n<td valign=\"top\"><strong>HISTOIRE DE LA PHYSIQUE<\/strong><\/p>\n<p>Louis Marchildon<\/p>\n<p>Universit\u00e9 du Qu\u00e9bec \u00e0 Trois-Rivi\u00e8res<\/p>\n<p>Tel.: 819-376-5011 x 3573<\/p>\n<p>Email: louis.marchildon@uqtr.ca<\/td>\n<\/tr>\n<tr>\n<td valign=\"top\"><strong>PHYSIQUE INDUSTRIELLE ET APPLIQU\u00c9E<\/strong><\/p>\n<p>Ren\u00e9 Roy, P.Phys.<\/p>\n<p>Universit\u00e9 Laval<\/p>\n<p>Tel.: 418-656-2655<\/p>\n<p>Email: rene.roy@phy.ulaval.ca<\/td>\n<td valign=\"top\"><strong>PHYSIQUE DES INSTRUMENTS ET MESURES<\/strong><\/p>\n<p>Kirk Michaelian<\/p>\n<p>CANMET Energy Tech., Centre Devon, Natural Resources Canada<\/p>\n<p>Tel.: 780-987-8646<\/p>\n<p>Email: michaeli@nrcan.gc.ca<\/td>\n<\/tr>\n<tr>\n<td valign=\"top\"><strong>PHYSIQUE EN M\u00c9DECINE ET EN BIOLOGIE<\/strong><\/p>\n<p>Christopher Bergevin<\/p>\n<p>York University<\/p>\n<p>Email: cberge@yorku.ca<\/td>\n<td valign=\"top\"><strong>PHYSIQUE NUCL\u00c9AIRE<\/strong><\/p>\n<p>Reiner Kruecken<\/p>\n<p>TRIUMF<\/p>\n<p>Tel.: 604-222-7365<\/p>\n<p>Email: reiner.kruecken@triumf.ca<\/td>\n<\/tr>\n<tr>\n<td valign=\"top\"><strong>PHYSIQUE DES PARTICULES<\/strong><\/p>\n<p>Steven Robertson<\/p>\n<p>McGill University<\/p>\n<p>Email: steven@hep.physics.mcgill.ca<\/td>\n<td valign=\"top\"><strong>ENSEIGNEMENT DE LA PHYSIQUE<\/strong><\/p>\n<p>Martin Williams<\/p>\n<p>University of Guelph<\/p>\n<p>Tel.: 519-824-4120 x 58546<\/p>\n<p>Email: mwilli04@uoguelph.ca<\/td>\n<\/tr>\n<tr>\n<td valign=\"top\"><strong>PHYSIQUE DES PLASMAS<\/strong><\/p>\n<p>Lora Ramunno<\/p>\n<p>University of Ottawa<\/p>\n<p>Tel.: 613-562-6790<\/p>\n<p>Email: lora.ramunno@uottawa.ca<\/td>\n<td valign=\"top\"><strong>SCIENCE DES SURFACES<\/strong><\/p>\n<p>Steve Patitsas<\/p>\n<p>Lakehead University<\/p>\n<p>Tel.: 403-329-2358<\/p>\n<p>Email: steve.patitsas@lakeheadu.ca<\/td>\n<\/tr>\n<tr>\n<td valign=\"top\"><strong>PHYSIQUE TH\u00c9ORIQUE<\/strong><\/p>\n<p>Svetlana Barkanova<\/p>\n<p>Acadia University<\/p>\n<p>Tel.: 902-585-1341<\/p>\n<p>Email: svetlana.barkanova@acadiau.ca<\/td>\n<td valign=\"top\"><\/td>\n<\/tr>\n<\/tbody>\n<\/table>\n","protected":false},"excerpt":{"rendered":"<p>PR\u00c9SIDENT Stephen Pistorius, P.Phys. University of Manitoba Email: spistorius@cancercare.mb.ca TR\u00c9SORIER DE L&#8217;ACP David Lockwood, P.Phys. National Research Council of Canada Tel.: 613-993-9614 Email: david.lockwood@nrc.ca COORDONNATRICE DU CONGR\u00c8S Francine Ford Canadian Association of Physicists Tel.: (613) 562-5614 Email: cap@uottawa.ca COORDONNATRICE-ADJOINTE DU CONGR\u00c8S Eloise Boileau Canadian Association of Physicists Tel.: (613) 562-5614 Email: capmgr@uottawa.ca POLITIQUE SCIENTIFIQUE Kristin&#8230;  <a class=\"excerpt-read-more\" href=\"https:\/\/cap.ca\/fr\/congres-de-lacp\/congres-anterieurs\/congres-2017\/comite-de-programmation-2017\/\" title=\"LireComit\u00e9 de programmation du Congr\u00e8s 2017\">Lire la suite &raquo;<\/a><\/p>\n","protected":false},"author":10,"featured_media":0,"parent":3245,"menu_order":171,"comment_status":"closed","ping_status":"closed","template":"","meta":{"footnotes":""},"class_list":["post-3250","page","type-page","status-publish","hentry"],"_links":{"self":[{"href":"https:\/\/cap.ca\/fr\/wp-json\/wp\/v2\/pages\/3250","targetHints":{"allow":["GET"]}}],"collection":[{"href":"https:\/\/cap.ca\/fr\/wp-json\/wp\/v2\/pages"}],"about":[{"href":"https:\/\/cap.ca\/fr\/wp-json\/wp\/v2\/types\/page"}],"author":[{"embeddable":true,"href":"https:\/\/cap.ca\/fr\/wp-json\/wp\/v2\/users\/10"}],"replies":[{"embeddable":true,"href":"https:\/\/cap.ca\/fr\/wp-json\/wp\/v2\/comments?post=3250"}],"version-history":[{"count":2,"href":"https:\/\/cap.ca\/fr\/wp-json\/wp\/v2\/pages\/3250\/revisions"}],"predecessor-version":[{"id":6312,"href":"https:\/\/cap.ca\/fr\/wp-json\/wp\/v2\/pages\/3250\/revisions\/6312"}],"up":[{"embeddable":true,"href":"https:\/\/cap.ca\/fr\/wp-json\/wp\/v2\/pages\/3245"}],"wp:attachment":[{"href":"https:\/\/cap.ca\/fr\/wp-json\/wp\/v2\/media?parent=3250"}],"curies":[{"name":"wp","href":"https:\/\/api.w.org\/{rel}","templated":true}]}}