{"id":3249,"date":"2017-03-09T15:16:47","date_gmt":"2017-03-09T20:16:47","guid":{"rendered":"http:\/\/caph-02.eproofs.ca\/conferenciers-pleniers-2017\/"},"modified":"2017-05-22T07:29:11","modified_gmt":"2017-05-22T11:29:11","slug":"conferenciers-pleniers-2017","status":"publish","type":"page","link":"https:\/\/cap.ca\/fr\/congres-de-lacp\/congres-anterieurs\/congres-2017\/conferenciers-pleniers-2017\/","title":{"rendered":"Liste des conf\u00e9renciers pl\u00e9niers 2017"},"content":{"rendered":"<div class=\"wpb-content-wrapper\"><p>[vc_row][vc_column][vc_column_text]The CAP is pleased to welcome all the guest speakers at the 2017 Congress in Kingston.[\/vc_column_text][vc_custom_heading text=&#8221;Herzberg Public Speaker&#8221; use_theme_fonts=&#8221;yes&#8221;][vc_empty_space height=&#8221;10px&#8221;][\/vc_column][\/vc_row][vc_row][vc_column][vc_row_inner][vc_column_inner width=&#8221;1\/6&#8243;][vc_single_image image=&#8221;5192&#8243; img_size=&#8221;150&#215;150&#8243; style=&#8221;vc_box_rounded&#8221; css=&#8221;.vc_custom_1490380285987{margin-bottom: 10px !important;}&#8221;][\/vc_column_inner][vc_column_inner width=&#8221;5\/6&#8243;][vc_column_text]<strong>Prof. Arthur B. McDonald<\/strong><\/p>\n<p>Department of Physics<\/p>\n<p>Queen&#8217;s University[\/vc_column_text][\/vc_column_inner][\/vc_row_inner][vc_column_text]<\/p>\n<h4>&#8220;Questions profondes, noires: les neutrinos et la mati\u00e8re noire \u00e0 l&#8217;ONS et\u00a0\u00e0 SNOLAB&#8221;<\/h4>\n<p>En descendant \u00e0 deux kilom\u00e8tres sous terre et en cr\u00e9ant un laboratoire ultra-propre, il est possible de s&#8217;attaquer \u00e0 certaines questions tr\u00e8s fondamentales concernant notre Univers : Comment le Soleil se consume t-il?; Quelles sont les particules de mati\u00e8re noire qui composent 27 % de notre Univers?; Quelles sont les propri\u00e9t\u00e9s des neutrinos, ces particules insaisissables qui sont l&#8217;une des composantes fondamentales de la nature? L&#8217;Observatoire de neutrinos de Sudbury (ONS) a permis d&#8217;observer, chez les neutrinos, de nouvelles propri\u00e9t\u00e9s qui d\u00e9bordent le mod\u00e8le standard des particules \u00e9l\u00e9mentaires et confirment l&#8217;exactitude pouss\u00e9e des mod\u00e8les sur la mani\u00e8re dont le Soleil se consume. Le laboratoire agrandi SNOLAB permet d&#8217;accueillir le monde dans des exp\u00e9riences en collaboration o\u00f9 l&#8217;on cherche les propri\u00e9t\u00e9s des particules de mati\u00e8re noire, en qu\u00eate d&#8217;autres propri\u00e9t\u00e9s des neutrinos et pour capter les signaux neutrino \u00e9mis par les supernovae de notre galaxie, la Terre et le Soleil. On d\u00e9crira les avantages d\u00e9coulant de l&#8217;am\u00e9nagement de l&#8217;un des laboratoires ayant la radioactivit\u00e9 la plus faible du monde et la science fondamentale qui en \u00e9mane<\/p>\n<p>Monday, May 29, 19:30[\/vc_column_text][\/vc_column][\/vc_row][vc_row][vc_column][vc_separator][\/vc_column][\/vc_row][vc_row][vc_column][vc_custom_heading text=&#8221;Plenary Speakers&#8221; use_theme_fonts=&#8221;yes&#8221;][vc_empty_space height=&#8221;10px&#8221;][\/vc_column][\/vc_row][vc_row][vc_column][vc_row_inner][vc_column_inner width=&#8221;1\/6&#8243;][vc_single_image image=&#8221;5279&#8243; img_size=&#8221;150&#215;150&#8243; style=&#8221;vc_box_rounded&#8221; css=&#8221;.vc_custom_1490380317664{margin-bottom: 10px !important;}&#8221;][\/vc_column_inner][vc_column_inner width=&#8221;5\/6&#8243;][vc_column_text]<strong>Dr. C\u00e9cile Fradin<\/strong><\/p>\n<p>McMaster University[\/vc_column_text][\/vc_column_inner][\/vc_row_inner][vc_column_text]<\/p>\n<h4>&#8220;On the importance of diffusion in biological systems&#8221;<\/h4>\n<p>In living systems thermal motions become dominant at the nanometre scale, thus protein diffusion must play an important role in cells. But how can stochastic motions at the molecular scale add up to create the exquisite order observed at the cellular scale? Dr. Fradin will present the case of Bicoid, a protein whose concentration acts as a postal code in the fly embryo, by letting cells know what is their exact location. The diffusion of Bicoid across the embryo drive the robust and precise formation of a large-scale concentration gradient, as envisioned by Francis Crick in 1970. Further, the diffusion of Bicoid while searching for its binding sites on the DNA controls how quickly and precisely each cell in the embryo can read the gradient concentration. Bicoid is thus a perfect exemple of how protein diffusion in cells can both drive exquisitely precise pattern formation and support the very rapid transmission of information.<\/p>\n<p>Wednesday, May 31, 17:30[\/vc_column_text][\/vc_column][\/vc_row][vc_row][vc_column][vc_separator][\/vc_column][\/vc_row][vc_row][vc_column][vc_row_inner][vc_column_inner width=&#8221;1\/6&#8243;][vc_single_image image=&#8221;3974&#8243; img_size=&#8221;150&#215;150&#8243; style=&#8221;vc_box_rounded&#8221; css=&#8221;.vc_custom_1490380340751{margin-bottom: 10px !important;}&#8221;][\/vc_column_inner][vc_column_inner width=&#8221;5\/6&#8243;][vc_column_text]<strong>Prof. Marcel Franz<\/strong><\/p>\n<p>Dept. of Physics &amp; Astronomy<\/p>\n<p>University of British Columbia[\/vc_column_text][\/vc_column_inner][\/vc_row_inner][vc_column_text]<\/p>\n<h4>&#8220;From solids with topology to black holes and back&#8221;<\/h4>\n<p>An intriguing connection was noticed recently by Kitaev between a simple model of Majorana fermions with random infinite range interactions &#8211; the Sachdev-Ye-Kitaev (SYK) model &#8211; and the horizons of extremal black holes in two-dimensional anti-de Sitter (AdS2) space. This connection furnishes a rare example of holographic duality between a solvable quantum-mechanical model and Einstein gravity. In this talk I will review some of these developments and describe a proposed physical realization of the SYK model in a solid state system. The system employs the Fu-Kane superconductor realized at the interface between a three dimensional topological insulator (TI) and an ordinary superconductor. The requisite Majorana fermions are bound to a nanoscale hole fabricated in the superconductor that is threaded by N quanta of magnetic flux. Under the right conditions the Majorana zero modes are described by the SYK Hamiltonian. Extensive numerical simulations demonstrate that the system indeed exhibits physical properties expected of the SYK model, including thermodynamic quantities and two-point as well as four-point correlators, and suggest ways in which these can be observed experimentally.<\/p>\n<p>Monday, May 29, 10:30[\/vc_column_text][\/vc_column][\/vc_row][vc_row][vc_column][vc_separator][\/vc_column][\/vc_row][vc_row][vc_column][vc_row_inner][vc_column_inner width=&#8221;1\/6&#8243;][\/vc_column_inner][vc_column_inner width=&#8221;5\/6&#8243;][vc_column_text]<strong>Dr. Laura Greene<\/strong><\/p>\n<p>President, American Physical Society<\/p>\n<p>lhgreene@magnet.fsu.edu[\/vc_column_text][\/vc_column_inner][\/vc_row_inner][vc_column_text]<\/p>\n<h4>&#8220;The American Physical Society and Electrons: Interesting Correlations&#8221;<\/h4>\n<p>The American Physical Society (APS) is the largest physics society in the US whose main focus remains our Journals.\u00a0 We also provide four major programs, including international affairs, and are working towards dynamic correlations with other physics and scientific societies, worldwide.\u00a0 It is almost as exciting as the field of correlated electron matter, which poses fundamental physics questions, with unique applications; we believe on the precipice of breakthrough solutions<\/p>\n<p>Wednesday, May 31, 17:00[\/vc_column_text][\/vc_column][\/vc_row][vc_row][vc_column][vc_separator][\/vc_column][\/vc_row][vc_row][vc_column][vc_row_inner][vc_column_inner width=&#8221;1\/6&#8243;][vc_single_image image=&#8221;3977&#8243; img_size=&#8221;150&#215;150&#8243; style=&#8221;vc_box_rounded&#8221; css=&#8221;.vc_custom_1490380356037{margin-bottom: 10px !important;}&#8221;][\/vc_column_inner][vc_column_inner width=&#8221;5\/6&#8243;][vc_column_text]<strong>Prof. Chris Quigg<\/strong>[\/vc_column_text][\/vc_column_inner][\/vc_row_inner][vc_column_text]<\/p>\n<h4>&#8220;Perspectives and Prospects for Particles Physics&#8221;<\/h4>\n<p>Prof. Quigg will present an overview of where we stand in the physics of high energies and ultrasensitives experiements, mentionning developments from Large Hadron Collider experiements and elsewhere, and give an assessment of what comes next. Prof. Quigg will bring plenty of questions, and looks forward to hearing yours.<\/p>\n<p>Thursday, June 1, 17:30[\/vc_column_text][\/vc_column][\/vc_row][vc_row][vc_column][vc_separator][\/vc_column][\/vc_row][vc_row][vc_column][vc_row_inner][vc_column_inner width=&#8221;1\/6&#8243;][vc_single_image image=&#8221;5194&#8243; img_size=&#8221;150&#215;150&#8243; style=&#8221;vc_box_rounded&#8221; css=&#8221;.vc_custom_1490380370086{margin-bottom: 10px !important;}&#8221;][\/vc_column_inner][vc_column_inner width=&#8221;5\/6&#8243;][vc_column_text]<strong>Dr. Jun Ye<\/strong><\/p>\n<p>JILA, National Institute of Standards and Technology and University of Colorado[\/vc_column_text][\/vc_column_inner][\/vc_row_inner][vc_column_text]<\/p>\n<h4>&#8220;Atomic Clock based on quatum matter&#8221;<\/h4>\n<p>Quantum state engineering of ultracold matter and precise control of laser coherence have revolutionized a new generation of atomic clocks with accuracy at the 18th digit. This progress has benefited greatly from microscopic understanding of atomic interactions in the quantum regime. In return, the unified front for precision metrology and quantum physics has enabled exploration of many-body spin systems. Our next clock will have at its core a Sr Fermi degenerate gas configured as a band insulator in a three-dimensional optical lattice. The correlated, high-density atomic system provides a clear path for improving the clock performance to the next decimal point, and sets the stage to advance measurement precision beyond the standard quantum limit. These emerging quantum technologies will allow us to test the fundamental laws of nature and search for new physics.<\/p>\n<p>Thursday, June 1, 9:15[\/vc_column_text][\/vc_column][\/vc_row]<\/p>\n<\/div>","protected":false},"excerpt":{"rendered":"<p>[vc_row][vc_column][vc_column_text]The CAP is pleased to welcome all the guest speakers at the 2017 Congress in Kingston.[\/vc_column_text][vc_custom_heading text=&#8221;Herzberg Public Speaker&#8221; use_theme_fonts=&#8221;yes&#8221;][vc_empty_space height=&#8221;10px&#8221;][\/vc_column][\/vc_row][vc_row][vc_column][vc_row_inner][vc_column_inner width=&#8221;1\/6&#8243;][vc_single_image image=&#8221;5192&#8243; img_size=&#8221;150&#215;150&#8243; style=&#8221;vc_box_rounded&#8221; css=&#8221;.vc_custom_1490380285987{margin-bottom: 10px !important;}&#8221;][\/vc_column_inner][vc_column_inner width=&#8221;5\/6&#8243;][vc_column_text]Prof. Arthur B. McDonald Department of Physics Queen&#8217;s University[\/vc_column_text][\/vc_column_inner][\/vc_row_inner][vc_column_text] &#8220;Questions profondes, noires: les neutrinos et la mati\u00e8re noire \u00e0 l&#8217;ONS et\u00a0\u00e0 SNOLAB&#8221; En descendant \u00e0 deux kilom\u00e8tres&#8230;  <a class=\"excerpt-read-more\" href=\"https:\/\/cap.ca\/fr\/congres-de-lacp\/congres-anterieurs\/congres-2017\/conferenciers-pleniers-2017\/\" title=\"LireListe des conf\u00e9renciers pl\u00e9niers 2017\">Lire la suite &raquo;<\/a><\/p>\n","protected":false},"author":10,"featured_media":0,"parent":3245,"menu_order":170,"comment_status":"closed","ping_status":"closed","template":"","meta":{"footnotes":""},"class_list":["post-3249","page","type-page","status-publish","hentry"],"_links":{"self":[{"href":"https:\/\/cap.ca\/fr\/wp-json\/wp\/v2\/pages\/3249","targetHints":{"allow":["GET"]}}],"collection":[{"href":"https:\/\/cap.ca\/fr\/wp-json\/wp\/v2\/pages"}],"about":[{"href":"https:\/\/cap.ca\/fr\/wp-json\/wp\/v2\/types\/page"}],"author":[{"embeddable":true,"href":"https:\/\/cap.ca\/fr\/wp-json\/wp\/v2\/users\/10"}],"replies":[{"embeddable":true,"href":"https:\/\/cap.ca\/fr\/wp-json\/wp\/v2\/comments?post=3249"}],"version-history":[{"count":7,"href":"https:\/\/cap.ca\/fr\/wp-json\/wp\/v2\/pages\/3249\/revisions"}],"predecessor-version":[{"id":7106,"href":"https:\/\/cap.ca\/fr\/wp-json\/wp\/v2\/pages\/3249\/revisions\/7106"}],"up":[{"embeddable":true,"href":"https:\/\/cap.ca\/fr\/wp-json\/wp\/v2\/pages\/3245"}],"wp:attachment":[{"href":"https:\/\/cap.ca\/fr\/wp-json\/wp\/v2\/media?parent=3249"}],"curies":[{"name":"wp","href":"https:\/\/api.w.org\/{rel}","templated":true}]}}