{"id":3245,"date":"2017-03-09T15:16:34","date_gmt":"2017-03-09T20:16:34","guid":{"rendered":"http:\/\/caph-02.eproofs.ca\/congres-2017\/"},"modified":"2021-01-07T08:44:25","modified_gmt":"2021-01-07T13:44:25","slug":"congres-2017","status":"publish","type":"page","link":"https:\/\/cap.ca\/fr\/congres-de-lacp\/congres-anterieurs\/congres-2017\/","title":{"rendered":"Congr\u00e8s de l&#8217;ACP 2017 &#8211; Queen&#8217;s University (Kingston, ON)"},"content":{"rendered":"<div class=\"wpb-content-wrapper\"><p>[vc_row][vc_column][vc_row_inner][vc_column_inner width=&#8221;1\/3&#8243;][vc_single_image image=&#8221;4662&#8243; img_size=&#8221;full&#8221; css=&#8221;.vc_custom_1490380584456{margin-bottom: 10px !important;}&#8221;][\/vc_column_inner][vc_column_inner width=&#8221;2\/3&#8243;][vc_column_text css=&#8221;.vc_custom_1533571893698{margin-bottom: 10px !important;}&#8221;]<\/p>\n<h2>Kingston, ON<\/h2>\n<p><strong>Ann\u00e9e :<\/strong> 2017<\/p>\n<p><strong>Date :<\/strong> 29 mai 2017 &#8211; 2 juin 2017<\/p>\n<p><strong>Endroit :<\/strong> Universit\u00e9 Queen&#8217;s<\/p>\n<p><strong>Nombre de participants:<\/strong>\u00a0509<\/p>\n<p><strong>Conf\u00e9rencier publique\u00a0<\/strong><strong>:<\/strong>\u00a0Arthur McDonald, SNOLAB\/Universit\u00e9 Queen&#8217;s<\/p>\n<p><strong>Titre de lecture\u00a0:\u00a0<\/strong>\u00a0 \u00ab Questions profondes, noires : les neutrinos et la mati\u00e8re noire \u00e0 l\u2019ONS et \u00e0 SNOLAB \u00bb<\/p>\n<p>&nbsp;<\/p>\n<hr \/>\n<p>L&#8217;INSCRIPTION AU CONGR\u00c8S 2017 EST OUVERTE. \u00a0<a href=\"https:\/\/services.cap.ca\/CAP_Meetings\/default.aspx\" target=\"_blank\" rel=\"noopener noreferrer\">\u00a0Inscrivez avant le 19 mai pour le plus grand \u00e9conomisation.<\/a><\/p>\n<h3>Register by noon EDT May 15 to be able to sign up for all Congress events that involve catering (e.g. welcome BBQ; Thursday closing dinner).<\/h3>\n<p><strong>Veuillez noter que les paiements d\u2019adh\u00e9sions en ligne s\u2019activent pas automatiquement dans notre syst\u00e8me d\u2019adh\u00e9sion.<\/strong><em><strong> Il peut prendre jusqu&#8217;\u00e0 <\/strong><\/em><em><strong><u>3 jours ouvrables<\/u><\/strong><\/em> <em><strong>avant que votre adh\u00e9sion soit activ\u00e9e.<\/strong><\/em><\/p>\n<p>L&#8217;horaire d\u00e9taill\u00e9e en ligne est disponible\u00a0<a href=\"https:\/\/indico.cern.ch\/event\/593812\/timetable\/#20170528\" target=\"_blank\" rel=\"noopener noreferrer\">ici<\/a>.<\/p>\n<h3>LA SOUMISSION DE R\u00c9SUM\u00c9S POUR LA PR\u00c9SENTATION D&#8217;AFFICHES ET D&#8217;ORAUX EST MAINTENANT FERM\u00c9.<\/h3>\n<p>[\/vc_column_text][vc_column_text]<\/p>\n<table>\n<thead>\n<tr>\n<th>Fichier attach\u00e9<\/th>\n<th>Taille<\/th>\n<\/tr>\n<\/thead>\n<tbody>\n<tr>\n<td><a href=\"https:\/\/cap.ca\/wp-content\/uploads\/2017\/03\/2017-cap-congress-poster-17x11_0.pdf\" target=\"_blank\" rel=\"noopener noreferrer\">2017-cap-congress-poster-17&#215;11.pdf<\/a><\/td>\n<td>7.12 Mo<\/td>\n<\/tr>\n<tr>\n<td><a href=\"https:\/\/cap.ca\/wp-content\/uploads\/2017\/03\/2017-cap-congress-poster-11x8.5_0.pdf\" target=\"_blank\" rel=\"noopener noreferrer\">2017-cap-congress-poster-11&#215;8.5.pdf<\/a><\/td>\n<td>3.96 Mo<\/td>\n<\/tr>\n<\/tbody>\n<\/table>\n<p>[\/vc_column_text][\/vc_column][\/vc_row]<\/p>\n<\/div>","protected":false},"excerpt":{"rendered":"<p>[vc_row][vc_column][vc_row_inner][vc_column_inner width=&#8221;1\/3&#8243;][vc_single_image image=&#8221;4662&#8243; img_size=&#8221;full&#8221; css=&#8221;.vc_custom_1490380584456{margin-bottom: 10px !important;}&#8221;][\/vc_column_inner][vc_column_inner width=&#8221;2\/3&#8243;][vc_column_text css=&#8221;.vc_custom_1533571893698{margin-bottom: 10px !important;}&#8221;] Kingston, ON Ann\u00e9e : 2017 Date : 29 mai 2017 &#8211; 2 juin 2017 Endroit : Universit\u00e9 Queen&#8217;s Nombre de participants:\u00a0509 Conf\u00e9rencier publique\u00a0:\u00a0Arthur McDonald, SNOLAB\/Universit\u00e9 Queen&#8217;s Titre de lecture\u00a0:\u00a0\u00a0 \u00ab Questions profondes, noires : les neutrinos et la mati\u00e8re noire \u00e0 l\u2019ONS et \u00e0&#8230;  <a class=\"excerpt-read-more\" href=\"https:\/\/cap.ca\/fr\/congres-de-lacp\/congres-anterieurs\/congres-2017\/\" title=\"LireCongr\u00e8s de l&#8217;ACP 2017 &#8211; Queen&#8217;s University (Kingston, ON)\">Lire la suite &raquo;<\/a><\/p>\n","protected":false},"author":10,"featured_media":0,"parent":3253,"menu_order":123,"comment_status":"closed","ping_status":"closed","template":"","meta":{"footnotes":""},"class_list":["post-3245","page","type-page","status-publish","hentry"],"_links":{"self":[{"href":"https:\/\/cap.ca\/fr\/wp-json\/wp\/v2\/pages\/3245","targetHints":{"allow":["GET"]}}],"collection":[{"href":"https:\/\/cap.ca\/fr\/wp-json\/wp\/v2\/pages"}],"about":[{"href":"https:\/\/cap.ca\/fr\/wp-json\/wp\/v2\/types\/page"}],"author":[{"embeddable":true,"href":"https:\/\/cap.ca\/fr\/wp-json\/wp\/v2\/users\/10"}],"replies":[{"embeddable":true,"href":"https:\/\/cap.ca\/fr\/wp-json\/wp\/v2\/comments?post=3245"}],"version-history":[{"count":19,"href":"https:\/\/cap.ca\/fr\/wp-json\/wp\/v2\/pages\/3245\/revisions"}],"predecessor-version":[{"id":16971,"href":"https:\/\/cap.ca\/fr\/wp-json\/wp\/v2\/pages\/3245\/revisions\/16971"}],"up":[{"embeddable":true,"href":"https:\/\/cap.ca\/fr\/wp-json\/wp\/v2\/pages\/3253"}],"wp:attachment":[{"href":"https:\/\/cap.ca\/fr\/wp-json\/wp\/v2\/media?parent=3245"}],"curies":[{"name":"wp","href":"https:\/\/api.w.org\/{rel}","templated":true}]}}