{"id":3243,"date":"2017-03-09T15:16:28","date_gmt":"2017-03-09T20:16:28","guid":{"rendered":"http:\/\/caph-02.eproofs.ca\/congres-de-lacp\/"},"modified":"2026-01-19T18:09:32","modified_gmt":"2026-01-19T23:09:32","slug":"congres-de-lacp","status":"publish","type":"page","link":"https:\/\/cap.ca\/fr\/congres-de-lacp\/","title":{"rendered":"Congr\u00e8s et conf\u00e9rences"},"content":{"rendered":"<div class=\"wpb-content-wrapper\"><p>[vc_row][vc_column][vc_column_text css=&#8221;&#8221;]L&#8217;ACP pr\u00e9sente et parraine des congr\u00e8s ainsi que des conf\u00e9rences publiques et autres, directement ou par l&#8217;entremise de ses divisions ou de la Fondation de l&#8217;ACP, afin de promouvoir et partager la recherche en physique et d&#8217;offrir des occasions de r\u00e9seautage professionnel :<\/p>\n<ul class=\"content-list\">\n<li><a href=\"https:\/\/cap.ca\/fr\/congres-de-lacp\/congres-2026\/\"><u>Le Congr\u00e8s de l&#8217;ACP<\/u><\/a> est la principale conf\u00e9rence g\u00e9n\u00e9rale sur la physique au Canada. Son programme comprend des expos\u00e9s sur les toutes derni\u00e8res recherches dans la vaste gamme des sous-disciplines de la physique, les ateliers en enseignement de la physique, la reconnaissance professionnelle et les prix, les affaires de l&#8217;Association, les occasions de r\u00e9seautage et les rapports sur les derniers dossiers de politique scientifique et de financement. On peut obtenir des renseignements sur le prochain congr\u00e8s de l&#8217;ACP, ses congr\u00e8s pass\u00e9s et les futurs congr\u00e8s de l&#8217;ACP.<\/li>\n<li><a href=\"https:\/\/cap.ca\/fr\/congres-de-lacp\/herzbergf\/\"><u>La Conf\u00e9rence publique comm\u00e9morative Herzberg<\/u><\/a> , qui se tient chaque ann\u00e9e en m\u00eame temps que le Congr\u00e8s de l&#8217;ACP, est con\u00e7ue pour sensibiliser le public aux sciences et les lui faire appr\u00e9cier.<\/li>\n<li><a href=\"https:\/\/cap.ca\/fr\/congres-de-lacp\/theory-canada\/\"><u>Th\u00e9orie Canada<\/u><\/a> est une conf\u00e9rence satellite de l&#8217;ACP, coordonn\u00e9e et pr\u00e9sent\u00e9e par la Division de la physique th\u00e9orique de l&#8217;ACP.<\/li>\n<li><a href=\"https:\/\/cap.ca\/fr\/congres-de-lacp\/camf\/\"><u>La Conf\u00e9rence d&#8217;\u00e9tudiants dipl\u00f4m\u00e9s de physique Canada-\u00c9tats-Unis-Mexique (CAM)<\/u><\/a> est une rencontre conjointe que les soci\u00e9t\u00e9s de physique de ces trois pays tiennent tous les deux ans et qui vise \u00e0 fournir une tribune pour la pr\u00e9sentation des recherches et le r\u00e9seautage d&#8217;\u00e9tudiants aux cycles sup\u00e9rieurs.<\/li>\n<li><a href=\"https:\/\/cap.ca\/fr\/congres-de-lacp\/ccep\/\"><u>La Conf\u00e9rence canadienne des \u00e9tudiants en physique<\/u><\/a>\u00a0(CCEP) est une rencontre organis\u00e9e tous les ans par, et pour, les \u00e9tudiants canadiens au premier cycle en physique.<\/li>\n<li>La <span style=\"text-decoration: underline;\"><a href=\"https:\/\/cap.ca\/fr\/congres-de-lacp\/conference-canadienne-des-etudiantes-en-physique-ccuwip\/\">Conf\u00e9rence canadienne pour les \u00e9tudiantes de premier cycle en physique<\/a><\/span>\u00a0(CCUWiP)\u00a0est une conf\u00e9rence national de trois jours pour les \u00e9tudiant(e)s canadien(ne)s en physique or des sujets reli\u00e9s.<\/li>\n<li>La <a href=\"https:\/\/cap.ca\/fr\/congres-de-lacp\/wipc\/\">Conf\u00e9rence sur les femmes en physique Canada (WIPC)<\/a> est une conf\u00e9rence professionnelle qui vise \u00e0 cr\u00e9er un espace o\u00f9 les participantes peuvent cr\u00e9er des r\u00e9seaux, explorer des cheminements de carri\u00e8re et pr\u00e9senter des travaux de recherche, tout en promouvant l\u2019\u00e9quit\u00e9 entre les sexes et en prenant part \u00e0 des conversations sur les femmes en physique, en sant\u00e9 mentale\u00a0 et les questions LGTBQ +.<\/li>\n<li><a href=\"https:\/\/cap.ca\/fr\/congres-de-lacp\/autres-conferences\/\"><u>Parmi les autres conf\u00e9rences parrain\u00e9es par l&#8217;ACP<\/u><\/a> figurent les rencontres propres des divisions et d&#8217;autres conf\u00e9rences d&#8217;\u00e9tudiants parrain\u00e9es par l&#8217;ACP.<\/li>\n<li><a href=\"https:\/\/cap.ca\/fr\/congres-de-lacp\/conferences-evenements-venir\/\"><u>Notre liste de congr\u00e8s et conf\u00e9rences<\/u><\/a> fournit un registre \u00e0 jour des conf\u00e9rences et des congr\u00e8s de l&#8217;industrie.<\/li>\n<\/ul>\n<p>[\/vc_column_text][\/vc_column][\/vc_row][vc_row][vc_column][vc_btn title=&#8221;VOIR LES \u00c9V\u00c9NEMENTS ICI&#8221; color=&#8221;danger&#8221; size=&#8221;lg&#8221; align=&#8221;left&#8221; link=&#8221;url:https%3A%2F%2Fcap.ca%2Ffr%2Fcongres-de-lacp%2Fconferences-evenements-venir%2F||target:%20_blank|&#8221;][\/vc_column][\/vc_row]<\/p>\n<\/div>","protected":false},"excerpt":{"rendered":"<p>[vc_row][vc_column][vc_column_text css=&#8221;&#8221;]L&#8217;ACP pr\u00e9sente et parraine des congr\u00e8s ainsi que des conf\u00e9rences publiques et autres, directement ou par l&#8217;entremise de ses divisions ou de la Fondation de l&#8217;ACP, afin de promouvoir et partager la recherche en physique et d&#8217;offrir des occasions de r\u00e9seautage professionnel : Le Congr\u00e8s de l&#8217;ACP est la principale conf\u00e9rence g\u00e9n\u00e9rale sur la&#8230;  <a class=\"excerpt-read-more\" href=\"https:\/\/cap.ca\/fr\/congres-de-lacp\/\" title=\"LireCongr\u00e8s et conf\u00e9rences\">Lire la suite &raquo;<\/a><\/p>\n","protected":false},"author":10,"featured_media":0,"parent":0,"menu_order":114,"comment_status":"closed","ping_status":"closed","template":"","meta":{"footnotes":""},"class_list":["post-3243","page","type-page","status-publish","hentry"],"_links":{"self":[{"href":"https:\/\/cap.ca\/fr\/wp-json\/wp\/v2\/pages\/3243","targetHints":{"allow":["GET"]}}],"collection":[{"href":"https:\/\/cap.ca\/fr\/wp-json\/wp\/v2\/pages"}],"about":[{"href":"https:\/\/cap.ca\/fr\/wp-json\/wp\/v2\/types\/page"}],"author":[{"embeddable":true,"href":"https:\/\/cap.ca\/fr\/wp-json\/wp\/v2\/users\/10"}],"replies":[{"embeddable":true,"href":"https:\/\/cap.ca\/fr\/wp-json\/wp\/v2\/comments?post=3243"}],"version-history":[{"count":20,"href":"https:\/\/cap.ca\/fr\/wp-json\/wp\/v2\/pages\/3243\/revisions"}],"predecessor-version":[{"id":28574,"href":"https:\/\/cap.ca\/fr\/wp-json\/wp\/v2\/pages\/3243\/revisions\/28574"}],"wp:attachment":[{"href":"https:\/\/cap.ca\/fr\/wp-json\/wp\/v2\/media?parent=3243"}],"curies":[{"name":"wp","href":"https:\/\/api.w.org\/{rel}","templated":true}]}}