{"id":3242,"date":"2017-03-09T15:16:26","date_gmt":"2017-03-09T20:16:26","guid":{"rendered":"http:\/\/caph-02.eproofs.ca\/ugc\/"},"modified":"2017-04-05T17:43:10","modified_gmt":"2017-04-05T21:43:10","slug":"ugc","status":"publish","type":"page","link":"https:\/\/cap.ca\/fr\/divisions\/ugc\/","title":{"rendered":"Union G\u00e9ophysique Canadienne (UGC)"},"content":{"rendered":"<h2>\u00c0 propos de nous<\/h2>\n<p>L&#8217;UGC a vu le jour \u00e0 titre de soci\u00e9t\u00e9 vou\u00e9e \u00e0 l&#8217;\u00e9tude scientifique du globe solide et en est venue \u00e0 s&#8217;int\u00e9resser \u00e0 tous les aspects de l&#8217;\u00e9tude physique de la Terre et de son environnement spatial, y compris le Soleil et le syst\u00e8me solaire. Pour donner une vision plus vaste des sciences g\u00e9ophysiques, l&#8217;Union a adopt\u00e9 une structure en \u00e9l\u00e9ments qui permet \u00e0 chacun de ceux-ci de fonctionner \u00e0 titre d&#8217;entit\u00e9s semi-autonomes.<\/p>\n<p>Pour favoriser la communication scientifique, l&#8217;UGC organise des r\u00e9unions annuelles, des conf\u00e9rences et des ateliers th\u00e9matiques. Pour reconna\u00eetre les r\u00e9sultats scientifiques remarquables et l&#8217;apport aux sciences g\u00e9ophysiques canadiennes, l&#8217;UGC offre divers prix allant de celui de meilleur article \u00e9tudiant \u00e0 la m\u00e9daille J. Tuzo Wilson, qui honore le principal g\u00e9ophysicien et le premier laur\u00e9at de la m\u00e9daille au Canada. Pour communiquer les r\u00e9sultats de recherche passionnants \u00e0 la communaut\u00e9 universitaire et au grand public, l&#8217;UGC parraine un programme de conf\u00e9renciers \u00e9minents \u00e0 l&#8217;\u00e9chelle du pays et facilite les autres fa\u00e7ons de porter les sciences \u00e0 l&#8217;attention du public. Pour renforcer les sciences g\u00e9ophysiques et les sciences en g\u00e9n\u00e9ral au Canada, l&#8217;UGC est repr\u00e9sent\u00e9e au Conseil g\u00e9oscientifique canadien et au Comit\u00e9 national canadien de l&#8217;Union g\u00e9od\u00e9sique et g\u00e9ophysique internationale.<\/p>\n<h2>Notre mission\/activit\u00e9s<\/h2>\n<ul class=\"content-list\">\n<li>faire avancer et promouvoir l&#8217;\u00e9tude scientifique de la Terre et de son environnement spatial et servir de point de mire national pour les sciences g\u00e9ophysiques au Canada<\/li>\n<li>favoriser la coop\u00e9ration entre la collectivit\u00e9 canadienne de la g\u00e9ophysique et les autres organisations scientifiques nationales et internationales<\/li>\n<li>encourager la communication par l&#8217;organisation et le parrainage de conf\u00e9rences ainsi que la publication des r\u00e9sultats scientifiques<\/li>\n<li>promouvoir l&#8217;int\u00e9gration des connaissances en g\u00e9ophysique \u00e0 celles des autres sciences qui s&#8217;int\u00e9ressent \u00e0 l&#8217;am\u00e9lioration de la vie sur Terre.<\/li>\n<\/ul>\n<p>&nbsp;<\/p>\n<p style=\"text-align: center;\"><a class=\"green-btn\" href=\"http:\/\/cgu-ugc.ca\">Visiter le site web<\/a><\/p>\n","protected":false},"excerpt":{"rendered":"<p>\u00c0 propos de nous L&#8217;UGC a vu le jour \u00e0 titre de soci\u00e9t\u00e9 vou\u00e9e \u00e0 l&#8217;\u00e9tude scientifique du globe solide et en est venue \u00e0 s&#8217;int\u00e9resser \u00e0 tous les aspects de l&#8217;\u00e9tude physique de la Terre et de son environnement spatial, y compris le Soleil et le syst\u00e8me solaire. Pour donner une vision plus vaste&#8230;  <a class=\"excerpt-read-more\" href=\"https:\/\/cap.ca\/fr\/divisions\/ugc\/\" title=\"LireUnion G\u00e9ophysique Canadienne (UGC)\">Lire la suite &raquo;<\/a><\/p>\n","protected":false},"author":10,"featured_media":0,"parent":3203,"menu_order":151,"comment_status":"closed","ping_status":"closed","template":"","meta":{"footnotes":""},"class_list":["post-3242","page","type-page","status-publish","hentry"],"_links":{"self":[{"href":"https:\/\/cap.ca\/fr\/wp-json\/wp\/v2\/pages\/3242","targetHints":{"allow":["GET"]}}],"collection":[{"href":"https:\/\/cap.ca\/fr\/wp-json\/wp\/v2\/pages"}],"about":[{"href":"https:\/\/cap.ca\/fr\/wp-json\/wp\/v2\/types\/page"}],"author":[{"embeddable":true,"href":"https:\/\/cap.ca\/fr\/wp-json\/wp\/v2\/users\/10"}],"replies":[{"embeddable":true,"href":"https:\/\/cap.ca\/fr\/wp-json\/wp\/v2\/comments?post=3242"}],"version-history":[{"count":2,"href":"https:\/\/cap.ca\/fr\/wp-json\/wp\/v2\/pages\/3242\/revisions"}],"predecessor-version":[{"id":6615,"href":"https:\/\/cap.ca\/fr\/wp-json\/wp\/v2\/pages\/3242\/revisions\/6615"}],"up":[{"embeddable":true,"href":"https:\/\/cap.ca\/fr\/wp-json\/wp\/v2\/pages\/3203"}],"wp:attachment":[{"href":"https:\/\/cap.ca\/fr\/wp-json\/wp\/v2\/media?parent=3242"}],"curies":[{"name":"wp","href":"https:\/\/api.w.org\/{rel}","templated":true}]}}