{"id":3240,"date":"2017-03-09T15:16:21","date_gmt":"2017-03-09T20:16:21","guid":{"rendered":"http:\/\/caph-02.eproofs.ca\/ppd-f-thesis\/"},"modified":"2024-12-11T17:09:20","modified_gmt":"2024-12-11T22:09:20","slug":"ppd-f-thesis","status":"publish","type":"page","link":"https:\/\/cap.ca\/fr\/divisions\/ppd-f\/ppd-f-thesis\/","title":{"rendered":"Bourse de th\u00e8se DPP"},"content":{"rendered":"<p><strong>Bourse de th\u00e8se DPP<\/strong><\/p>\n<p>La Division de la physique des particules (DPP) d\u00e9cernera une bourse de th\u00e8se DPP \u00e0 un \u00e9tudiant ou une \u00e9tudiante ayant obtenu un doctorat en physique exp\u00e9rimentale ou ph\u00e9nom\u00e9nologique des particules dans une universit\u00e9 canadienne au cours de l&#8217;ann\u00e9e civile actuelle.<\/p>\n<p>La bourse consiste en :<\/p>\n<ul class=\"content-list\">\n<li>un montant de 500 $ de la DPP\u00a0;<\/li>\n<li>une invitation \u00e0 donner une conf\u00e9rence de 30 minutes au prochain congr\u00e8s de l&#8217;ACP (commandit\u00e9e par TRIUMF ou par la DPP \u00e0 un co\u00fbt maximum de 1000\u00a0$)\u00a0;<\/li>\n<li>(si convenu) la publication d&#8217;un r\u00e9sum\u00e9 de deux pages du travail de th\u00e8se dans un num\u00e9ro de <em>La Physique au Canada.<\/em><\/li>\n<\/ul>\n<p>Un r\u00e9sum\u00e9 d&#8217;une page d\u00e9crivant les r\u00e9sultats du concours sera publi\u00e9 par le pr\u00e9sident du comit\u00e9 de la bourse de th\u00e8se sur le site Web de la DPP. De plus amples d\u00e9tails sur les r\u00e8gles, l&#8217;\u00e9ligibilit\u00e9 et les proc\u00e9dures de nomination sont disponibles ci-dessous.<\/p>\n<table width=\"100%\">\n<tbody>\n<tr>\n<td width=\"45\"><strong>Ann\u00e9e<\/strong><\/td>\n<td width=\"133\"><strong>Meilleur auteur de th\u00e8se<\/strong><\/td>\n<td width=\"563\"><strong>Titre de la th\u00e8se<\/strong><\/td>\n<\/tr>\n<tr>\n<td>2024<\/td>\n<td>Soud Al Kharusi (McGill)<\/td>\n<td>\u00ab A Water-Cherenkov Muon Veto For The nEXO Neutrinoless Double Beta Decay Experiment \u00bb<\/td>\n<\/tr>\n<tr>\n<td>2023<\/td>\n<td>Vacant<\/td>\n<td><\/td>\n<\/tr>\n<tr>\n<td width=\"45\">2022<\/td>\n<td width=\"133\">Dominique Trischuk (UBC)<\/td>\n<td width=\"563\">\u00ab\u00a0Displaced Vertex Search for Heavy Neutral Leptons Using the ATLAS Detector\u00a0\u00bb<\/td>\n<\/tr>\n<tr>\n<td width=\"45\">2021<\/td>\n<td width=\"133\">Stephen Weber (Carleton)<\/td>\n<td width=\"563\">\u00ab\u00a0Measurements of Z Boson Production in Association with Two Jets Using the ATLAS Run-II Dataset\u00a0\u00bb<\/td>\n<\/tr>\n<tr>\n<td width=\"45\">2020<\/td>\n<td width=\"133\">Savino Longo (Victoria)<\/td>\n<td width=\"563\">\u00ab\u00a0First Application of CsI(Tl) Pulse Shape Discrimination at an e<sup>+<\/sup>e<sup>\u2212<\/sup>\u00a0Collider to Improve Particle Identification at the Belle II Experiment\u00a0\u00bb<\/td>\n<\/tr>\n<tr>\n<td width=\"45\">2019<\/td>\n<td width=\"133\">Elder Pinzon Guerra (York)<\/td>\n<td width=\"563\">\u00ab\u00a0Measurement of Pion-Carbon Cross Sections at DUET and Measurement of Neutrino Oscillation Parameters at the T2K Experiment\u00a0\u00bb<\/td>\n<\/tr>\n<tr>\n<td width=\"45\">2018<\/td>\n<td width=\"133\">Patrick deNiverville<\/td>\n<td width=\"563\">\u00ab\u00a0Searching for Hidden Sector Dark Matter with Fixed Target Neutrino Experiments\u00a0\u00bb<\/td>\n<\/tr>\n<tr>\n<td width=\"45\">2017<\/td>\n<td width=\"133\"><em>Non d\u00e9cern\u00e9e<\/em><\/td>\n<td width=\"563\"><\/td>\n<\/tr>\n<tr>\n<td width=\"45\">2016<\/td>\n<td width=\"133\">Patrick De Perio (Toronto)<\/td>\n<td width=\"563\">\u00ab\u00a0Joint Three-Flavour Oscillation Analysis of \u03bd<sub>\u03bc<\/sub> Disappearance and \u03bd<sub>e<\/sub> Appearance in the T2K Neutrino Beam\u00a0\u00bb<\/td>\n<\/tr>\n<tr>\n<td width=\"45\">2015<\/td>\n<td width=\"133\"><em>Non d\u00e9cern\u00e9e \u2013 trop peu de candidats<\/em><\/td>\n<td width=\"563\"><\/td>\n<\/tr>\n<\/tbody>\n<\/table>\n<p>&nbsp;<\/p>\n<p>&nbsp;<\/p>\n<table width=\"743\">\n<tbody>\n<tr>\n<td width=\"741\"><strong>RUBRIQUE DU PRIX<br \/>\n<\/strong><a href=\"https:\/\/cap.ca\/wp-content\/uploads\/2024\/01\/CAP-PPD-Thesis-Award-rubric-for-website.pdf\">Cliquez ici pour consulter et t\u00e9l\u00e9charger la grille d&#8217;\u00e9valuation des th\u00e8ses PPD. <\/a><\/p>\n<p><strong>\u00c9CH\u00c9ANCE<\/strong><\/p>\n<p>Pour \u00eatre pris en consid\u00e9ration pour le prix, l\u2019\u00e9tudiant ou l\u2019\u00e9tudiante doit soumettre la documentation ci-dessous \u00e0 la pr\u00e9sidente de la DPP, actuellement Heather Russell (hrussell@uvic.ca), avec \u00ab PPD THESIS AWARD \u00bb dans l&#8217;en-t\u00eate :<\/p>\n<ul class=\"content-list\">\n<li>une copie de la th\u00e8se en format \u00e9lectronique\u00a0;<\/li>\n<li>une lettre de mise en candidature par le directeur de th\u00e8se, qui doit d\u00e9crire en d\u00e9tail les contributions de l&#8217;\u00e9tudiant aux travaux de recherche\u00a0;<\/li>\n<li>une lettre de recommandation de l&#8217;examinateur externe du comit\u00e9 de th\u00e8se du candidat\u00a0;<\/li>\n<li>une lettre de mise en candidature par le directeur de th\u00e8se.\u00a0La lettre doit d\u00e9crire en d\u00e9tail les contributions de l&#8217;\u00e9tudiant aux travaux de recherche et contenir un \u00e9loge d&#8217;environ 3-4 phrases r\u00e9sumant ces r\u00e9alisations cl\u00e9s. Cet \u00e9loge sera utilis\u00e9 pour annoncer le prix (s&#8217;il est d\u00e9cern\u00e9) et sera publi\u00e9 sur la page web ;<\/li>\n<\/ul>\n<p>La date limite de soumission est le 31 janvier. Le laur\u00e9at sera inform\u00e9 le 31 mars et l&#8217;annonce \u00e0 la DPP sera faite peu apr\u00e8s.<\/p>\n<p><strong>EXIGENCES<\/strong><\/p>\n<p>Le superviseur et le candidat doivent tous deux \u00eatre membres de l&#8217;ACP et de la DPP. Le concours DPP se d\u00e9roulera parall\u00e8lement aux concours DPN et DPT. Les soumissions simultan\u00e9es aux concours DPP, DPN et DPT ne sont pas autoris\u00e9es. Les th\u00e8ses en ph\u00e9nom\u00e9nologie de la physique des particules peuvent \u00eatre soumises aux prix DPT ou DPP. Les th\u00e8ses en th\u00e9orie formelle doivent \u00eatre soumises au prix DPT.<\/p>\n<p>Si moins de trois soumissions sont re\u00e7ues, aucun concours ne sera organis\u00e9 cette ann\u00e9e-l\u00e0 et toutes les soumissions re\u00e7ues seront prises en compte l&#8217;ann\u00e9e civile suivante. Aucun r\u00e9sultat \u00e9gal n&#8217;est autoris\u00e9.<\/p>\n<p><strong>COMIT\u00c9 DU PRIX DE TH\u00c8SE DE LA DPP<\/strong><\/p>\n<p>Le comit\u00e9 de la bourse de th\u00e8se de la DPP est pr\u00e9sid\u00e9 par le vice-pr\u00e9sident de la DPP. Le comit\u00e9 comprendra \u00e9galement deux membres suppl\u00e9mentaires nomm\u00e9s par le pr\u00e9sident du comit\u00e9 en fonction des domaines et langues des th\u00e8ses soumises. Le pr\u00e9sident et le vice-pr\u00e9sident de la DPP proposeront trois th\u00e8ses de doctorat pour examen sur la base des lettres du directeur de th\u00e8se et de l&#8217;examinateur externe.<\/td>\n<\/tr>\n<\/tbody>\n<\/table>\n<p>&nbsp;<\/p>\n<p>&nbsp;<\/p>\n","protected":false},"excerpt":{"rendered":"<p>Bourse de th\u00e8se DPP La Division de la physique des particules (DPP) d\u00e9cernera une bourse de th\u00e8se DPP \u00e0 un \u00e9tudiant ou une \u00e9tudiante ayant obtenu un doctorat en physique exp\u00e9rimentale ou ph\u00e9nom\u00e9nologique des particules dans une universit\u00e9 canadienne au cours de l&#8217;ann\u00e9e civile actuelle. La bourse consiste en : un montant de 500 $&#8230;  <a class=\"excerpt-read-more\" href=\"https:\/\/cap.ca\/fr\/divisions\/ppd-f\/ppd-f-thesis\/\" title=\"LireBourse de th\u00e8se DPP\">Lire la suite &raquo;<\/a><\/p>\n","protected":false},"author":10,"featured_media":0,"parent":3237,"menu_order":1656,"comment_status":"closed","ping_status":"closed","template":"","meta":{"footnotes":""},"class_list":["post-3240","page","type-page","status-publish","hentry"],"_links":{"self":[{"href":"https:\/\/cap.ca\/fr\/wp-json\/wp\/v2\/pages\/3240","targetHints":{"allow":["GET"]}}],"collection":[{"href":"https:\/\/cap.ca\/fr\/wp-json\/wp\/v2\/pages"}],"about":[{"href":"https:\/\/cap.ca\/fr\/wp-json\/wp\/v2\/types\/page"}],"author":[{"embeddable":true,"href":"https:\/\/cap.ca\/fr\/wp-json\/wp\/v2\/users\/10"}],"replies":[{"embeddable":true,"href":"https:\/\/cap.ca\/fr\/wp-json\/wp\/v2\/comments?post=3240"}],"version-history":[{"count":25,"href":"https:\/\/cap.ca\/fr\/wp-json\/wp\/v2\/pages\/3240\/revisions"}],"predecessor-version":[{"id":26126,"href":"https:\/\/cap.ca\/fr\/wp-json\/wp\/v2\/pages\/3240\/revisions\/26126"}],"up":[{"embeddable":true,"href":"https:\/\/cap.ca\/fr\/wp-json\/wp\/v2\/pages\/3237"}],"wp:attachment":[{"href":"https:\/\/cap.ca\/fr\/wp-json\/wp\/v2\/media?parent=3240"}],"curies":[{"name":"wp","href":"https:\/\/api.w.org\/{rel}","templated":true}]}}