{"id":3238,"date":"2017-03-09T15:16:14","date_gmt":"2017-03-09T20:16:14","guid":{"rendered":"http:\/\/caph-02.eproofs.ca\/ppd-f-prix\/"},"modified":"2017-03-26T12:03:55","modified_gmt":"2017-03-26T16:03:55","slug":"ppd-f-prix","status":"publish","type":"page","link":"https:\/\/cap.ca\/fr\/divisions\/ppd-f\/ppd-f-prix\/","title":{"rendered":"Prix et r\u00e9compenses de la PPD"},"content":{"rendered":"<p><strong>La Division de la physique des particules pr\u00e9sente les prix suivants chaque ann\u00e9e :<\/strong><\/p>\n<ul class=\"content-list\">\n<li><a href=\"https:\/\/cap.ca\/fr\/divisions\/ppd-f\/ppd-f-thesis\/\">Prix de th\u00e8se de la PPD<\/a><\/li>\n<li><a href=\"https:\/\/cap.ca\/fr\/divisions\/ppd-f\/ppd-f-etudiants\/\">Prix aux \u00e9tudiants de la PPD<\/a><\/li>\n<\/ul>\n","protected":false},"excerpt":{"rendered":"<p>La Division de la physique des particules pr\u00e9sente les prix suivants chaque ann\u00e9e : Prix de th\u00e8se de la PPD Prix aux \u00e9tudiants de la PPD<\/p>\n","protected":false},"author":10,"featured_media":0,"parent":3237,"menu_order":295,"comment_status":"closed","ping_status":"closed","template":"","meta":{"footnotes":""},"class_list":["post-3238","page","type-page","status-publish","hentry"],"_links":{"self":[{"href":"https:\/\/cap.ca\/fr\/wp-json\/wp\/v2\/pages\/3238","targetHints":{"allow":["GET"]}}],"collection":[{"href":"https:\/\/cap.ca\/fr\/wp-json\/wp\/v2\/pages"}],"about":[{"href":"https:\/\/cap.ca\/fr\/wp-json\/wp\/v2\/types\/page"}],"author":[{"embeddable":true,"href":"https:\/\/cap.ca\/fr\/wp-json\/wp\/v2\/users\/10"}],"replies":[{"embeddable":true,"href":"https:\/\/cap.ca\/fr\/wp-json\/wp\/v2\/comments?post=3238"}],"version-history":[{"count":3,"href":"https:\/\/cap.ca\/fr\/wp-json\/wp\/v2\/pages\/3238\/revisions"}],"predecessor-version":[{"id":6389,"href":"https:\/\/cap.ca\/fr\/wp-json\/wp\/v2\/pages\/3238\/revisions\/6389"}],"up":[{"embeddable":true,"href":"https:\/\/cap.ca\/fr\/wp-json\/wp\/v2\/pages\/3237"}],"wp:attachment":[{"href":"https:\/\/cap.ca\/fr\/wp-json\/wp\/v2\/media?parent=3238"}],"curies":[{"name":"wp","href":"https:\/\/api.w.org\/{rel}","templated":true}]}}