{"id":3237,"date":"2017-03-09T15:16:11","date_gmt":"2017-03-09T20:16:11","guid":{"rendered":"http:\/\/caph-02.eproofs.ca\/ppd-f\/"},"modified":"2025-11-03T16:55:06","modified_gmt":"2025-11-03T21:55:06","slug":"ppd-f","status":"publish","type":"page","link":"https:\/\/cap.ca\/fr\/divisions\/ppd-f\/","title":{"rendered":"Division de la physique des particules (PPD)"},"content":{"rendered":"<div class=\"wpb-content-wrapper\"><p>[vc_row][vc_column][vc_column_text]<\/p>\n<h2><span style=\"font-size: 14pt;\"><strong>\u00c0 propos de nous<\/strong><\/span><\/h2>\n<p>La division de la physique des particules regroupe un grand nombre de physiciens et physiciennes des particules \u00e0 travers le Canada. Les activit\u00e9s de la PPD comprennent une r\u00e9union annuelle et un programme complet de contributions au congr\u00e8s annuel de l&#8217;ACP. La PPD offre \u00e9galement des prix \u00e9tudiants pour les meilleures pr\u00e9sentations et le meilleur poster au congr\u00e8s, ainsi qu&#8217;un prix pour la meilleure th\u00e8se en physique des particules exp\u00e9rimentale ou th\u00e9orique.<\/p>\n<p>Nous invitons les \u00e9tudiants et les postdocs \u00e0 devenir membres de la PPD. La participation aux activit\u00e9s de la communaut\u00e9 vous exposera \u00e0 l&#8217;important programme de la recherche men\u00e9e au Canada et vous ouvrira des portes pour votre carri\u00e8re.<\/p>\n<p>Un bon nombre de membres de la Division de la Physique des Particules sont aussi membres de l&#8217;Institut de la Physique des Particules du Canada (Link to : http:\/\/www.ipp.ca\/), une organisation ind\u00e9pendante vou\u00e9e \u00e0 la promotion de la physique subatomique (PSA) au Canada.<\/p>\n<h2><strong><span style=\"font-size: 14pt;\">Nos objectifs\/activit\u00e9s<\/span><\/strong><\/h2>\n<p>Notre recherche se concentre sur la compr\u00e9hension des particules fondamentales et de leurs interactions. Les grandes questions auxquelles nous essayons de r\u00e9pondre portent sur l&#8217;origine de la masse, la nature de la mati\u00e8re sombre, ce que les neutrinos nous apprennent et les relations de notre domaine avec l&#8217;astrophysique et la cosmologie.<\/p>\n<p>La PPD est engag\u00e9e \u00e0 promouvoir la recherche et l&#8217;\u00e9ducation en physique des particules au Canada. Elle agit comme un phare pour la communaut\u00e9 \u00e0 l&#8217;ann\u00e9e longue et sert de plateforme pendant les congr\u00e8s annuels de l&#8217;ACP. La PPD offre aussi des chances de communication \u00e0 tous ses membres et facilite le dialogue entre ses sous-disciplines.<\/p>\n<h2><span style=\"font-size: 14pt;\"><strong>Plus<\/strong><\/span><\/h2>\n<ul class=\"content-list\">\n<li><a href=\"https:\/\/cap.ca\/fr\/divisions\/ppd-f\/ppd-f-etudiants\/\">Prix et recompenses de la PPD<\/a><\/li>\n<li><a href=\"https:\/\/cap.ca\/fr\/divisions\/ppd-f\/ppd-f-nouvelles\/\">Nouvelles et ressources de la PPD<\/a><\/li>\n<\/ul>\n<p>[\/vc_column_text][\/vc_column][\/vc_row][vc_row][vc_column][vc_column_text]<\/p>\n<h2><span style=\"font-size: 14pt;\"><b>Notre leadership :<\/b><\/span><\/h2>\n<p>[\/vc_column_text][vc_custom_heading text=&#8221;Notre leadership&#8221; use_theme_fonts=&#8221;yes&#8221;][vc_row_inner][vc_column_inner width=&#8221;1\/3&#8243;][vc_single_image image=&#8221;8042&#8243; img_size=&#8221;full&#8221; style=&#8221;vc_box_rounded&#8221; css=&#8221;.vc_custom_1543517126961{margin-bottom: 0px !important;border-bottom-width: 0px !important;padding-bottom: 0px !important;}&#8221;][vc_custom_heading text=&#8221;Pr\u00e9sident&#8221; font_container=&#8221;tag:h3|font_size:17px|text_align:left&#8221; use_theme_fonts=&#8221;yes&#8221; css=&#8221;&#8221;][vc_column_text css=&#8221;&#8221;]<b>Savino Longo<br \/>\n<\/b>University of Manitoba[\/vc_column_text][\/vc_column_inner][vc_column_inner width=&#8221;1\/3&#8243;][vc_single_image image=&#8221;8042&#8243; img_size=&#8221;full&#8221; style=&#8221;vc_box_rounded&#8221; css=&#8221;.vc_custom_1502309825789{margin-bottom: 0px !important;border-bottom-width: 0px !important;padding-bottom: 0px !important;}&#8221;][vc_custom_heading text=&#8221;Vice-pr\u00e9sidente&#8221; font_container=&#8221;tag:h3|font_size:17px|text_align:left&#8221; use_theme_fonts=&#8221;yes&#8221;][vc_column_text css=&#8221;&#8221;]<strong>Nikita Bilnov<br \/>\n<\/strong>York University[\/vc_column_text][\/vc_column_inner][vc_column_inner width=&#8221;1\/3&#8243;][vc_single_image image=&#8221;8042&#8243; img_size=&#8221;full&#8221; style=&#8221;vc_box_rounded&#8221; css=&#8221;.vc_custom_1502309858847{margin-bottom: 0px !important;border-bottom-width: 0px !important;padding-bottom: 0px !important;}&#8221;][vc_custom_heading text=&#8221;Secr\u00e9taire\/Tr\u00e9sori\u00e8re&#8221; font_container=&#8221;tag:h3|font_size:17px|text_align:left&#8221; use_theme_fonts=&#8221;yes&#8221;][vc_column_text]<em>Vacant<\/em>[\/vc_column_text][\/vc_column_inner][\/vc_row_inner][vc_separator][vc_row_inner][vc_column_inner width=&#8221;1\/3&#8243;][vc_single_image image=&#8221;8042&#8243; img_size=&#8221;full&#8221; style=&#8221;vc_box_rounded&#8221; css=&#8221;.vc_custom_1560958755008{margin-bottom: 0px !important;border-bottom-width: 0px !important;padding-bottom: 0px !important;}&#8221;][vc_custom_heading text=&#8221;Ancien pr\u00e9sidente&#8221; font_container=&#8221;tag:h3|font_size:17px|text_align:left&#8221; use_theme_fonts=&#8221;yes&#8221; css=&#8221;&#8221;][vc_column_text css=&#8221;&#8221;]<b>Heather Russell<br \/>\n<\/b>University of Victoria[\/vc_column_text][\/vc_column_inner][vc_column_inner width=&#8221;1\/3&#8243;][vc_single_image image=&#8221;8042&#8243; img_size=&#8221;full&#8221; style=&#8221;vc_box_rounded&#8221; css=&#8221;.vc_custom_1560958794838{margin-bottom: 0px !important;border-bottom-width: 0px !important;padding-bottom: 0px !important;}&#8221;][vc_custom_heading text=&#8221;Webma\u00eetre&#8221; font_container=&#8221;tag:h3|font_size:17px|text_align:left&#8221; use_theme_fonts=&#8221;yes&#8221;][vc_column_text]<em>Vacant<\/em>[\/vc_column_text][\/vc_column_inner][vc_column_inner width=&#8221;1\/3&#8243;][\/vc_column_inner][\/vc_row_inner][\/vc_column][\/vc_row][vc_row][vc_column][vc_column_text css=&#8221;&#8221;]<\/p>\n<h2>Direction de la PPD, par ann\u00e9e<\/h2>\n<table>\n<tbody>\n<tr>\n<td>Ann\u00e9e<\/td>\n<td>Chef<\/td>\n<td>Vice-Chef<\/td>\n<td>Ancien(ne) Chef<\/td>\n<td>Secr\u00e9taire-<\/p>\n<p>Tr\u00e9sorier<\/td>\n<td>Webma\u00eetre<\/td>\n<\/tr>\n<tr>\n<td>2024-2025<\/td>\n<td>Heather Russell<\/p>\n<p>University of Victoria<\/td>\n<td>Savino Longo<\/p>\n<p>University of Manitoba<\/td>\n<td>Seyda Ipek<\/p>\n<p>Carleton U<\/td>\n<td>Vacant<\/td>\n<td>Vacant<\/td>\n<\/tr>\n<tr>\n<td>2023-2024<\/td>\n<td>Seyda Ipek<\/p>\n<p>Carleton U<\/td>\n<td>Heather Russell<\/p>\n<p>University of Victoria<\/td>\n<td>Maximilian Swiatlowski<br \/>\nTRIUMF<\/td>\n<td><\/td>\n<td><\/td>\n<\/tr>\n<tr>\n<td>2022-2023<\/td>\n<td>Maximilian Swiatlowski<\/p>\n<p>&nbsp;<\/p>\n<p>TRIUMF<\/td>\n<td>Seyda Ipek<\/p>\n<p>&nbsp;<\/p>\n<p>Carleton U<\/td>\n<td>Matthias Danninger<\/p>\n<p>SFU<\/td>\n<td><\/td>\n<td><\/td>\n<\/tr>\n<tr>\n<td>2021-2022<\/td>\n<td>Matthias Danninger<\/p>\n<p>&nbsp;<\/p>\n<p>SFU<\/td>\n<td>Claire David<\/p>\n<p>&nbsp;<\/p>\n<p>York U<\/td>\n<td>Maire-Cecile Piro<\/p>\n<p>U. Alberta<\/td>\n<td><\/td>\n<td><\/td>\n<\/tr>\n<tr>\n<td>2019-2021<\/td>\n<td>Maire-Cecile Piro<\/p>\n<p>&nbsp;<\/p>\n<p>U.\u00a0 de l&#8217;Alberta<\/td>\n<td>Matthias Danninger<\/p>\n<p>&nbsp;<\/p>\n<p>SFU<\/td>\n<td>David Morrissey<\/p>\n<p>TRIUMF<\/td>\n<td><\/td>\n<td><\/td>\n<\/tr>\n<tr>\n<td>2018-2019<\/td>\n<td>&nbsp;<\/p>\n<p>David Morrissey<\/p>\n<p>TRIUMF<br \/>\n(depuis oct.2018)<\/p>\n<p>(C.Kopper a \u00e9t\u00e9<br \/>\nChef de juin \u00e0 sept.)<\/td>\n<td>Marie-C\u00e9cile Piro<\/p>\n<p>U. de l&#8217;Alberta<\/td>\n<td>Alison Lister, UBC<\/td>\n<td>Past CHair<\/td>\n<td>Fran\u00e7ois Corriveau<\/p>\n<p>McGill University<\/td>\n<\/tr>\n<tr>\n<td>2017-2018<\/td>\n<td>Alister Lister<\/p>\n<p>UBC<\/td>\n<td>Claudio Kopper<\/p>\n<p>University of Alberta<\/td>\n<td>Steven Robertson<\/p>\n<p>McGill<\/td>\n<td>Past Chair<\/td>\n<td>Fran\u00e7ois Corriveau<\/p>\n<p>McGill<\/td>\n<\/tr>\n<tr>\n<td>2016-2017<\/td>\n<td>Steven Robertson<\/p>\n<p>McGill<\/td>\n<td>Alister Lister<\/p>\n<p>UBC<\/td>\n<td>Christine Kraus<\/p>\n<p>Laurentian<\/td>\n<td>Past Chair<\/td>\n<td>Fran\u00e7ois Corriveau<\/p>\n<p>McGill<\/td>\n<\/tr>\n<tr>\n<td>2015-2016<\/td>\n<td>Christine Kraus<\/p>\n<p>Laurentian<\/td>\n<td>Steven Robertson<\/p>\n<p>McGill<\/td>\n<td>Jean-Fran\u00e7ois Arguin<\/p>\n<p>Montr\u00e9al<\/td>\n<td>David Bailey<\/p>\n<p>Toronto<\/td>\n<td>Fran\u00e7ois Corriveau<\/p>\n<p>McGill<\/td>\n<\/tr>\n<tr>\n<td>2014-2015<\/td>\n<td>Jean-Fran\u00e7ois Arguin<\/p>\n<p>Montr\u00e9al<\/td>\n<td>Christine Kraus<\/p>\n<p>Laurentian<\/td>\n<td>Anadi Canepa<\/p>\n<p>TRIUMF<\/td>\n<td>David Bailey<\/p>\n<p>Toronto<\/td>\n<td>Fran\u00e7ois Corriveau<\/p>\n<p>McGill<\/td>\n<\/tr>\n<tr>\n<td>2013-2014<\/td>\n<td>Anadi Canepa<\/p>\n<p>TRIUMF<\/td>\n<td>Jean-Fran\u00e7ois Arguin<\/p>\n<p>Montr\u00e9al<\/td>\n<td>Veronica Sanz<\/p>\n<p>York<\/td>\n<td>David Bailey<\/p>\n<p>Toronto<\/td>\n<td>Fran\u00e7ois Corriveau<\/p>\n<p>McGill<\/td>\n<\/tr>\n<tr>\n<td>2012-2013<\/td>\n<td>Veronica Sanz<\/p>\n<p>York<\/td>\n<td>Anadi Canepa<\/p>\n<p>TRIUMF<\/td>\n<td>Bernd Stelzer<\/p>\n<p>Simon Fraser<\/td>\n<td>David Bailey<\/p>\n<p>Toronto<\/td>\n<td>Fran\u00e7ois Corriveau<\/p>\n<p>McGill<\/td>\n<\/tr>\n<tr>\n<td>2011-2012<\/td>\n<td>Bernd Stelzer<\/p>\n<p>York<\/td>\n<td>Veronica Sanz<\/p>\n<p>York<\/td>\n<td>Kevin Graham<\/p>\n<p>Carleton<\/td>\n<td>David Bailey<\/p>\n<p>Toronto<\/td>\n<td>Fran\u00e7ois Corriveau<\/p>\n<p>McGill<\/td>\n<\/tr>\n<tr>\n<td>2010-2011<\/td>\n<td>Kevin Graham<\/p>\n<p>Carleton<\/td>\n<td>Bernd Stelzer<\/p>\n<p>Simon Fraser<\/td>\n<td>Isabel Trigger<\/p>\n<p>TRIUMF<\/td>\n<td>David Bailey<\/p>\n<p>Toronto<\/td>\n<td>Fran\u00e7ois Corriveau<\/p>\n<p>McGill<\/td>\n<\/tr>\n<tr>\n<td>2009-2010<\/td>\n<td>Isabel Trigger<\/p>\n<p>TRIUMF<\/td>\n<td>Kevin Graham<\/p>\n<p>Carleton<\/td>\n<td>Wendy Taylor<\/p>\n<p>York<\/td>\n<td>David Bailey<\/p>\n<p>Toronto<\/td>\n<td>Fran\u00e7ois Corriveau<\/p>\n<p>McGill<\/td>\n<\/tr>\n<tr>\n<td>2008-2009<\/td>\n<td>Wendy Taylor<\/p>\n<p>York<\/td>\n<td>Isabel Trigger<\/p>\n<p>TRIUMF<\/td>\n<td>Roger Moore<\/p>\n<p>Alberta<\/td>\n<td>David Bailey<\/p>\n<p>Toronto<\/td>\n<td>Fran\u00e7ois Corriveau<\/p>\n<p>McGill<\/td>\n<\/tr>\n<tr>\n<td>2007-2008<\/td>\n<td>Roger Moore<\/p>\n<p>Alberta<\/td>\n<td>Wendy Taylor<\/p>\n<p>York<\/td>\n<td>Alain Bellerive<\/p>\n<p>Carleton<\/td>\n<td>David Bailey<\/p>\n<p>Toronto<\/td>\n<td>Fran\u00e7ois Corriveau<\/p>\n<p>McGill<\/td>\n<\/tr>\n<tr>\n<td>2006-2007<\/td>\n<td>Alain Bellerive<\/p>\n<p>Carleton<\/td>\n<td>Roger Moore<\/p>\n<p>Alberta<\/td>\n<td>Dugan O&#8217;Neil<\/p>\n<p>Simon Fraser<\/td>\n<td>David Bailey<\/p>\n<p>Toronto<\/td>\n<td>Fran\u00e7ois Corriveau<\/p>\n<p>McGill<\/td>\n<\/tr>\n<tr>\n<td>2005-2006<\/td>\n<td>Dugan O&#8217;Neil<\/p>\n<p>Simon Fraser<\/td>\n<td>Alain Bellerive<\/p>\n<p>Carleton<\/td>\n<td>Clarence Virtue<\/p>\n<p>Laurentian<\/td>\n<td>David Bailey<\/p>\n<p>Toronto<\/td>\n<td>Fran\u00e7ois Corriveau<\/p>\n<p>McGill<\/td>\n<\/tr>\n<tr>\n<td>2004-2005<\/td>\n<td>Clarence Virtue<\/p>\n<p>Laurentian<\/td>\n<td>Dugan O&#8217;Neil<\/p>\n<p>Simon Fraser<\/td>\n<td>William Trischuk<\/p>\n<p>Toronto<\/td>\n<td>David Bailey<\/p>\n<p>Toronto<\/td>\n<td>Fran\u00e7ois Corriveau<\/p>\n<p>McGill<\/td>\n<\/tr>\n<tr>\n<td>2003-2004<\/td>\n<td>William Trischuk<\/p>\n<p>Toronto<\/td>\n<td>Clarence Virtue<\/p>\n<p>Laurentian<\/td>\n<td>Manuella Vincter<\/p>\n<p>Alberta<\/td>\n<td>David Bailey<\/p>\n<p>Toronto<\/td>\n<td>Fran\u00e7ois Corriveau<\/p>\n<p>McGill<\/td>\n<\/tr>\n<tr>\n<td>2002-2003<\/td>\n<td>Manuella Vincter<\/p>\n<p>Alberta<\/td>\n<td>William Trischuk<\/p>\n<p>Toronto<\/td>\n<td>Tom Mattison<\/p>\n<p>UBC<\/td>\n<td>David Bailey<\/p>\n<p>Toronto<\/td>\n<td>Fran\u00e7ois Corriveau<\/p>\n<p>McGill<\/td>\n<\/tr>\n<tr>\n<td>2001-2002<\/td>\n<td>Tom Mattison<\/p>\n<p>UBC<\/td>\n<td>Manuella Vincter<\/p>\n<p>Alberta<\/td>\n<td>Fran\u00e7ois Corriveau<\/p>\n<p>McGill<\/td>\n<td>David Bailey<\/p>\n<p>Toronto<\/td>\n<td>Fran\u00e7ois Corriveau<\/p>\n<p>McGill<\/td>\n<\/tr>\n<tr>\n<td>2000-2001<\/td>\n<td>Fran\u00e7ois Corriveau<\/p>\n<p>McGill<\/td>\n<td>Tom Mattison<\/p>\n<p>UBC<\/td>\n<td>Scott Menary<\/p>\n<p>York<\/td>\n<td>David Bailey<\/p>\n<p>Toronto<\/td>\n<td>Fran\u00e7ois Corriveau<\/p>\n<p>McGill<\/td>\n<\/tr>\n<tr>\n<td>1999-2000<\/td>\n<td>Scott Menary<\/p>\n<p>York<\/td>\n<td>Fran\u00e7ois Corriveau<\/p>\n<p>McGill<\/td>\n<td>Mike Roney<\/p>\n<p>Victoria<\/td>\n<td>David Bailey<\/p>\n<p>Toronto<\/td>\n<td><\/td>\n<\/tr>\n<tr>\n<td>1998-1999<\/td>\n<td>Mike Roney<\/p>\n<p>Victoria<\/td>\n<td>Scott Menary<\/p>\n<p>York<\/td>\n<td>Ken Ragan<\/p>\n<p>McGill<\/td>\n<td>David Bailey<\/p>\n<p>Toronto<\/td>\n<td><\/td>\n<\/tr>\n<tr>\n<td>1997-1998<\/td>\n<td>Ken Ragan<\/p>\n<p>McGill<\/td>\n<td>Mike Roney<\/p>\n<p>Victoria<\/td>\n<td>Pat Kalyniak<\/p>\n<p>Carleton<\/td>\n<td>David Bailey<\/p>\n<p>Toronto<\/td>\n<td><\/td>\n<\/tr>\n<tr>\n<td>1996-1997<\/td>\n<td>Pat Kalyniak<\/p>\n<p>Carleton<\/td>\n<td>Ken Ragan<\/p>\n<p>McGill<\/td>\n<td>Janis McKenna<\/p>\n<p>UBC<\/td>\n<td>David Bailey<\/p>\n<p>Toronto<\/td>\n<td><\/td>\n<\/tr>\n<tr>\n<td>1995-1996<\/td>\n<td>Janis McKenna<\/p>\n<p>UBC<\/td>\n<td>Pat Kalyniak<\/p>\n<p>Carleton<\/td>\n<td>Pekka Sinervo<\/p>\n<p>Toronto<\/td>\n<td>David Bailey<\/p>\n<p>Toronto<\/td>\n<td><\/td>\n<\/tr>\n<tr>\n<td>1994-1995<\/td>\n<td>Pekka Sinervo<\/p>\n<p>Toronto<\/td>\n<td>Janis McKenna<\/p>\n<p>UBC<\/td>\n<td>Mike Vetterli<\/p>\n<p>Simon Fraser<\/td>\n<td>David Bailey<\/p>\n<p>Toronto<\/td>\n<td><\/td>\n<\/tr>\n<tr>\n<td>1993-1994<\/td>\n<td>Mike Vetterli<\/p>\n<p>Simon Fraser<\/td>\n<td>Pekka Sinervo<\/p>\n<p>Toronto<\/td>\n<td>Steve Godfrey<\/p>\n<p>Carleton<\/td>\n<td>David Bailey<\/p>\n<p>Toronto<\/td>\n<td><\/td>\n<\/tr>\n<tr>\n<td>1992-1993<\/td>\n<td>Steve Godfrey<\/p>\n<p>Carleton<\/td>\n<td>Mike Vetterli<\/p>\n<p>Simon Fraser<\/td>\n<td>David MacFarlane<\/p>\n<p>McGill<\/td>\n<td>David Bailey<\/p>\n<p>Toronto<\/td>\n<td><\/td>\n<\/tr>\n<tr>\n<td>1991-1992<\/td>\n<td>David MacFarlane<\/p>\n<p>McGill<\/td>\n<td>Steve Godfrey<\/p>\n<p>Carleton<\/td>\n<td>Penny Estabrooks<\/p>\n<p>Carleton<\/td>\n<td>David Bailey<\/p>\n<p>Toronto<\/td>\n<td><\/td>\n<\/tr>\n<tr>\n<td>1990-1991<\/td>\n<td>Penny Estabrooks<\/p>\n<p>Carleton<\/td>\n<td>David MacFarlane<\/p>\n<p>McGill<\/td>\n<td>Richard Woloshyn<\/p>\n<p>Simon Fraser<\/td>\n<td>David Bailey<\/p>\n<p>Toronto<\/td>\n<td><\/td>\n<\/tr>\n<tr>\n<td>1989-1990<\/td>\n<td>Richard Woloshyn<\/p>\n<p>Simon Fraser<\/td>\n<td>Penny Estabrooks<\/p>\n<p>Carleton<\/td>\n<td>Bob Orr<\/p>\n<p>Toronto<\/td>\n<td>David Bailey<\/p>\n<p>Toronto<\/td>\n<td><\/td>\n<\/tr>\n<tr>\n<td>1988-1989<\/td>\n<td>Bob Orr<\/p>\n<p>Toronto<\/td>\n<td>Richard Woloshyn<\/p>\n<p>Simon Fraser<\/td>\n<td>H.C. Lee<\/p>\n<p>Taiwan<\/td>\n<td>David Bailey<\/p>\n<p>Toronto<\/td>\n<td><\/td>\n<\/tr>\n<tr>\n<td>1987-1988<\/td>\n<td>H.C. Lee<\/p>\n<p>Taiwan<\/td>\n<td>Bob Orr<\/p>\n<p>Toronto<\/td>\n<td>Richard Hemingway<\/p>\n<p>Carleton<\/td>\n<td><\/td>\n<td><\/td>\n<\/tr>\n<tr>\n<td>1986-1987<\/td>\n<td>Richard Hemingway<\/p>\n<p>Carleton<\/td>\n<td>H.C. Lee<\/p>\n<p>Taiwan<\/td>\n<td><\/td>\n<td><\/td>\n<td><\/td>\n<\/tr>\n<tr>\n<td>1985-1986<\/td>\n<td><\/td>\n<td>Richard Hemingway<\/p>\n<p>Carleton<\/td>\n<td><\/td>\n<td><\/td>\n<td><\/td>\n<\/tr>\n<\/tbody>\n<\/table>\n<p>[\/vc_column_text][\/vc_column][\/vc_row]<\/p>\n<\/div>","protected":false},"excerpt":{"rendered":"<p>[vc_row][vc_column][vc_column_text] \u00c0 propos de nous La division de la physique des particules regroupe un grand nombre de physiciens et physiciennes des particules \u00e0 travers le Canada. Les activit\u00e9s de la PPD comprennent une r\u00e9union annuelle et un programme complet de contributions au congr\u00e8s annuel de l&#8217;ACP. La PPD offre \u00e9galement des prix \u00e9tudiants pour les&#8230;  <a class=\"excerpt-read-more\" href=\"https:\/\/cap.ca\/fr\/divisions\/ppd-f\/\" title=\"LireDivision de la physique des particules (PPD)\">Lire la suite &raquo;<\/a><\/p>\n","protected":false},"author":10,"featured_media":0,"parent":3203,"menu_order":150,"comment_status":"closed","ping_status":"closed","template":"","meta":{"footnotes":""},"class_list":["post-3237","page","type-page","status-publish","hentry"],"_links":{"self":[{"href":"https:\/\/cap.ca\/fr\/wp-json\/wp\/v2\/pages\/3237","targetHints":{"allow":["GET"]}}],"collection":[{"href":"https:\/\/cap.ca\/fr\/wp-json\/wp\/v2\/pages"}],"about":[{"href":"https:\/\/cap.ca\/fr\/wp-json\/wp\/v2\/types\/page"}],"author":[{"embeddable":true,"href":"https:\/\/cap.ca\/fr\/wp-json\/wp\/v2\/users\/10"}],"replies":[{"embeddable":true,"href":"https:\/\/cap.ca\/fr\/wp-json\/wp\/v2\/comments?post=3237"}],"version-history":[{"count":25,"href":"https:\/\/cap.ca\/fr\/wp-json\/wp\/v2\/pages\/3237\/revisions"}],"predecessor-version":[{"id":28164,"href":"https:\/\/cap.ca\/fr\/wp-json\/wp\/v2\/pages\/3237\/revisions\/28164"}],"up":[{"embeddable":true,"href":"https:\/\/cap.ca\/fr\/wp-json\/wp\/v2\/pages\/3203"}],"wp:attachment":[{"href":"https:\/\/cap.ca\/fr\/wp-json\/wp\/v2\/media?parent=3237"}],"curies":[{"name":"wp","href":"https:\/\/api.w.org\/{rel}","templated":true}]}}