{"id":3236,"date":"2017-03-09T15:16:08","date_gmt":"2017-03-09T20:16:08","guid":{"rendered":"http:\/\/caph-02.eproofs.ca\/congresssessionsfr\/"},"modified":"2018-08-21T14:58:50","modified_gmt":"2018-08-21T18:58:50","slug":"congresssessionsfr","status":"publish","type":"page","link":"https:\/\/cap.ca\/fr\/divisions\/dhpf\/congresssessionsfr\/","title":{"rendered":"Histoire de la physique au congr\u00e8s"},"content":{"rendered":"<h2><strong>2018 (Dalhousie University \/ Universit\u00e9 Dalhousie)<\/strong><\/h2>\n<p><strong>Gravity and Cosmology (joint with DTP) \/ Gravit\u00e9 et cosmologie (conjointement avec DPT)<\/strong><\/p>\n<p>&#8220;What we Have Learned from the Cosmic Microwave Background&#8221;, HALPERN, Mark.<\/p>\n<p>&#8220;The CMB and the Early Universe&#8221;, WILSON-EWING, Edward.<\/p>\n<p>&#8220;Bianchi IX Dynamics in Dust Time&#8221;, ALI, Masooma.<\/p>\n<p>&#8220;Is There a Cosmological Constant Problem?&#8221;, HASSAN, Syed Moeez.<\/p>\n<p>History of Physics \/ Histoire de la physique<\/p>\n<p>&#8220;Two Hundred Years of Physics at Dalhousie&#8221;, JERICHO, Manfred.<\/p>\n<p>John Stuart Foster and Canada&#8217;s First Cyclotron&#8221;, HANNA, David.<\/p>\n<p>The Role of the Cyclotrons in Photosynthesis Research&#8221;, BARLETTA, Francesco.<\/p>\n<h2><strong>2017 (Queen&#8217;s University \/ Universit\u00e9 Queen&#8217;s)<\/strong><\/h2>\n<p><strong>\u00a0<\/strong><strong>History of Physics \/ Histoire de la physique<\/strong><\/p>\n<p>&#8220;Queen&#8217;s Physics&#8221;, STOTT, Malcolm.<\/p>\n<p>&#8220;J. D. Jackson, Physicist, Teacher, Citizen&#8221;, QUIGG, Chris.<\/p>\n<p>&#8220;Recent Trends in Canadian Neutron Scattering: A Comparative Bibliographic Study&#8221;, CLANCY, Patrick.<\/p>\n<h2><strong>2016 (Universit\u00e9 d&#8217;Ottawa \/ University of Ottawa)<\/strong><\/h2>\n<p><strong>History of Physics \/ Histoire de la physique<\/strong><\/p>\n<p>&#8220;Documenting the Magnetic Crusade in Canada&#8221;, PANTALONY, David.<\/p>\n<p>&#8220;Enrico Fermi\u2019s Group at La Sapienza Included Franco Rasetti: de Rome \u00e0 Qu\u00e9bec ce Rasetti fonde le d\u00e9partement de physique il y a 75 ans&#8221;, ROY, Ren\u00e9.<\/p>\n<p><strong>100 Years in 100 Minutes: A Century of Physics at the National Research Council of Canada (organized by NRC) \/ 100 ans en 100 minutes: un si\u00e8cle de physique au Conseil national de recherche du Canada (organis\u00e9 par le CNRC)<\/strong><\/p>\n<p>&#8220;Basic and Applied Physics and Standards&#8221;, ROWELL, Nelson.<\/p>\n<p>&#8220;Chemical Physics&#8221;, STOLOW, Albert.<\/p>\n<p>&#8220;Astrophysics&#8221;, FAHLMAN, Gregory.<\/p>\n<p>&#8220;Biological Physics&#8221;, JOHNSTON, Linda.<\/p>\n<p>&#8220;Physics for Industrial Applications&#8221;, CHARBONNEAU, Sylvain.<\/p>\n<h2><strong>2015 (University of Alberta\/ Universit\u00e9 d&#8217;Alberta)<\/strong><\/h2>\n<p><strong>Advanced Instrumentation at Major Science Facilities &#8211; Detectors I (DIMP) \/ Instrumentation avanc\u00e9e dans des installations scientifiques majeures &#8211; d\u00e9tecteurs I (DPIM)<\/strong><\/p>\n<p>&#8220;The Electrodynamometer of the McPherson Collection of Scientific Instruments&#8221;, BARRETTE, Jean.<\/p>\n<h2><strong>2014 (Laurentian University \/ Universit\u00e9 laurentienne)<\/strong><\/h2>\n<p><strong>100 Years of X-Ray Diffraction (joint with DCMMP) \/ 100 ans de diffusion des rayons X (conjointement avec DPMCM)<\/strong><\/p>\n<p>&#8220;History of X-Ray Diffraction in Canada&#8221;, SUTTON, Mark.<\/p>\n<p>&#8220;Biomedical Imaging Applications of X-Ray Diffraction&#8221;, CHAPMAN, Dean.<\/p>\n<p><strong>History of Physics \/ Histoire de la physique<\/strong><\/p>\n<p>&#8220;The Key Contributions of Joseph-Louis Lagrange (1736-1813) to the Theory of Partial Differential Equations&#8221;, BARLETTA, Francesco.<\/p>\n<p>&#8220;The Mysterious Role of Alkaloids in Plants Revealed by a Multidisciplinary Approach&#8221;, BARLETTA, Francesco.<\/p>\n<h2><strong>2013 (Universit\u00e9 de Montr\u00e9al)<\/strong><\/h2>\n<p><strong>Mini-Symposium on Mass Spectrometry (joint with DNP and PPD \/ Mini-symposium sur la spectrom\u00e9trie de masse (conjointement avec DPN et PPD)<\/strong><\/p>\n<p>&#8220;A Brief History of Mass Spectrometry (with Canadian Highlights)&#8221;, SHARMA, Kumar.<\/p>\n<p>&#8220;Mass Spectrometry of Rare Radioactive Isotopes in the Environment&#8221;, CORNETT, Jack.<\/p>\n<p>&#8220;Stable Isotopes used as Biological Probes Enable Atomic Mass Spectrometry to Expand Cytometry for Single Cell Deep Profiling of the Human Immune System&#8221;, TANNER, Scott.<\/p>\n<p>&#8220;Isotope Measurements in Canada &#8211; Reading the stories Told by the Isotopes&#8221;, WEISER Michael.<\/p>\n<p><strong>History of Physics \/ Histoire de la physique<\/strong><\/p>\n<p>&#8220;Triumphs and Terrors of a Quarter Century of Physics in Physics World&#8221;, JOHNSTON, H.<\/p>\n<p>&#8220;The McPherson Collection of Scientific Instruments&#8221;, BARRETTE, J.<\/p>\n<p>&#8220;Fermi&#8217;s Theory of Beta Decay and the Hypothesis of the Nuclear Electrons&#8221;, BARLETTA, F.<\/p>\n<h2><strong>2012 (University of Calgary)<\/strong><\/h2>\n<p><strong>Plenary session \/ Session pl\u00e9ni\u00e8re<\/strong><\/p>\n<p>&#8220;Cosmic Rays &#8211; The First 100 Years&#8221;, HANNA, David.<\/p>\n<p><strong>Canada&#8217;s Contributions to Research in Cosmic Rays \/ Contributions canadiennes sur la recherche sur les rayons cosmiques<\/strong><\/p>\n<p>&#8220;Fifty Years of the Very Large to the Very Small: A Quick Look at the First Half-Century of Calgary&#8217;s Department of Physics and Astronomy&#8221;, THOMPSON, R.<\/p>\n<p>&#8220;History of Cosmic Ray Research in Canada &#8211; The Sulphur Mountain Cosmic Ray Station at Banff, Alberta&#8221;, HICKS, R. B.<\/p>\n<p>&#8220;The Rothney Astrophysical Observatory &#8211; A Historical Perspective&#8221;, LANGILL, P.<\/p>\n<p>&#8220;Exploring the Power of Isotopic Composition for Use as Environmental and Forensic Tracers: Forty Years of Isotope Science at the University of Calgary&#8221;, WIESER, M.<\/p>\n<p>&#8220;The Making of the Rutherford Documentary&#8221;, CAMPBELL, J.<\/p>\n<p><strong>Poster \/ Affiche<\/strong><\/p>\n<p>&#8220;Histoire de la physique&#8221;, BENNEKROUF, A. S.<\/p>\n<h2><strong>2011 (Memorial University)<\/strong><\/h2>\n<p><strong>100th Anniversary of Rutherford&#8217;s Discovery (joint with DNP) \/ 100e anniversaire de la d\u00e9couverte de Rutherford (conjointement avec DNP)<\/strong><\/p>\n<p>&#8220;Ernest Rutherford and the Origins of Nuclear Physics&#8221;, HARDY, John<\/p>\n<p><strong>Relativity and Spacetime: From the Beginnings to Quantum Gravity and Cosmology (joint with DTP) \/ Relativit\u00e9 et espace-temps: des d\u00e9buts \u00e0 la gravit\u00e9 quantique et \u00e0 la cosmologie (conjointement avec DPT)<\/strong><\/p>\n<p>&#8220;Einstein and Poincar\u00e9 at Solvay 1911: A Non-Meeting&#8221;, MATHIEU, Pierre<\/p>\n<p>&#8220;Recent Developments in Understanding Quantum Spacetime&#8221;, MANN, Robert<\/p>\n<p>&#8220;Background Independent Quantization: Field Theory and Cosmology&#8221;, HUSAIN, Viqar<\/p>\n<p><strong>Superconductivity (joint with DCMMP) \/ Supraconductivit\u00e9 (conjointement avec DPMCM)<\/strong><\/p>\n<p>&#8220;A Century of Discoveries and Superconductivity Continues to Surprise&#8221;, MARSIGLIO, Frank<\/p>\n<p>&#8220;Strongly Correlated Superconductivity&#8221;, TREMBLAY, Andr\u00e9-Marie<\/p>\n<p>&#8220;Multiband Superconductivity in 2H-NbSe2 Revealed by Cryomagnetic STM Spectroscopy Under Finite Superfluid Momentum&#8221;, WEI, John<\/p>\n<p><strong>DHP Session \/ Session de la DHP<\/strong><\/p>\n<p>&#8220;Made in Saskatchewan: Tracing the History of Prairie Physics Through Scientific Instruments&#8221;, PANTALONY, David<\/p>\n<h2><strong>2010 (University of Toronto)<\/strong><\/h2>\n<p><strong>History of the Laser in Canada I &#8211; Boris Stoicheff Memorial session (joint with DOP) \/ Histoire du laser au Canada I &#8211; \u00c0 la m\u00e9moire de Boris Stoicheff (conjointement avec DOP)<\/strong><\/p>\n<p>&#8220;Early Canadian Development and Research in Laser Science (as submitted by Dr. Stoicheff)&#8221;, STOICHEFF, Boris (video), VAN DRIEL, Henry.<\/p>\n<p>&#8220;Present at the Creation, the Gestation, Birth and Growth of two Companies that Pioneered the Development of Commercial Laser Devices&#8221;, CRAWFORD, A. R.<\/p>\n<p>&#8220;The Role of Lasers Through MPB\u2019s 30 Plus Year Adventure&#8221;, BACHYNSKI, Morrel.<\/p>\n<p><strong>History of the Laser in Canada II (joint with DOP) \/ Histoire du laser au Canada II (conjointement avec DOP)<\/strong><\/p>\n<p>&#8220;My Laser Adventure, 1961 to 2010: From a Solution Without a Problem to the Surface of Mars&#8221;, CARSWELL, Allan.<\/p>\n<p>&#8220;High Intensity Lasers for Plasma\/Fusion Science (IR to UV)&#8221;, OFFENBERGER, Allan.<\/p>\n<p><strong>Research at Toronto and Chalk River: The beginning \/ La recherche \u00e0 Toronto et \u00e0 Chalk River: le d\u00e9but<\/strong><\/p>\n<p>&#8220;Liquid Helium Research at Toronto and Chalk River in the 50s and 60s&#8221;, WOODS, A. D. B.<\/p>\n<p>&#8220;Nuclear Structure and Reaction Studies in Canada 1945\u20131965&#8221;, LITHERLAND, A. E.<\/p>\n<p>&#8220;Exploring Canada&#8217;s Nuclear History Through Artifacts, 1945-1970&#8221;, PANTALONY, David.<\/p>\n<p><strong>History of Physics contributed<\/strong><\/p>\n<p>&#8220;A Historical Note: Piezoelectric Materials in Generation and Detection of Ultrasound, over a Century of Innovation&#8221;, PANDYA, Aditya<\/p>\n<h2><strong>2009 (Universit\u00e9 de Moncton)<\/strong><\/h2>\n<p><strong>Plenary session \/ Session pl\u00e9ni\u00e8re<\/strong><\/p>\n<p>&#8220;Galileo and the International Year of Astronomy&#8221;, SOBEL, Dava.<\/p>\n<p><strong>Centenaries on the 9&#8217;s \/ Centenaires sur les 9&#8217;s<\/strong><\/p>\n<p>&#8220;The August 1909 meeting of the BAAS in Winnipeg at the University of Manitoba&#8221;, CONNOR, Robert.<\/p>\n<p>&#8220;Alexander Graham Bell, Baddeck and Thin Airfoils&#8221;, PENNA, Paul.<\/p>\n<p>&#8220;The Early Days of the McGill Physics Department&#8221;, BARRETTE, Jean.<\/p>\n<p>&#8220;The Fabulous Life of Albert A. Michelson&#8221;, KLEPPNER, Daniel.<\/p>\n<h2><strong>2008 (Universit\u00e9 Laval)<\/strong><\/h2>\n<p><strong>Plenary sessions \/ Sessions pl\u00e9ni\u00e8res<\/strong><\/p>\n<p>&#8220;Rutherford &#8211; His Path to the Nobel Prize&#8221;, CAMPBELL, John<\/p>\n<p>&#8220;Petite histoire des sciences et de leur enseignement au Qu\u00e9bec&#8221;, LACOURSI\u00c8RE, Jacques.<\/p>\n<p><strong>History of Physics \/ Histoire de la physique<\/strong><\/p>\n<p>&#8220;Ernest Rutherford at McGill&#8221;, BARRETTE, Jean.<\/p>\n<p>&#8220;A Scrapbook History of Physics at the University of Saskatchewan&#8221;, PYWELL, Robert.<\/p>\n<p>&#8220;The National Research Universal (NRU) Reactor &#8211; Fifty Years of Excellence&#8221;, ROOT, John.<\/p>\n<p>&#8220;100 Years of Liquid Helium: Highlights of Canadian Research&#8221;, GRIFFIN, Allan.<\/p>\n<p>&#8220;In Defense of Peter J. W. Debye&#8221;, STEINITZ, Michael Otto.<\/p>\n<p>&#8220;The Russian Space Program: The Things you Know and Things you Never Heard About&#8221;, BARKANOVA, Svetlana.<\/p>\n<h2><strong>2007 (University of Saskatchewan)<\/strong><\/h2>\n<p><strong>History of Physics in Canada &#8211; Invited \/ Histoire de la physique au Canada &#8211; Communications invit\u00e9es<\/strong><\/p>\n<p>&#8220;Phil Wallace and Theoretical Physics at McGill in the 1950s: A Personal Perspective&#8221;, JACKSON, J. David.<\/p>\n<p>&#8220;Philip Wallace, Educator and Pioneer of the Canadian Theoretical Physics Community&#8221;, JO\u00d3S, B\u00e9la.<\/p>\n<p>&#8220;Physics History in Bronze&#8221;, RIGDEN, John.<\/p>\n<p>&#8220;The History of the Institute of Particle Physics: Linking Small Groups to do Big Physics&#8221;, FRISKEN, William Ross.<\/p>\n<h2><strong>2006 (Brock University)<\/strong><\/h2>\n<p><strong>History of Physics in Canada \/ Histoire de la physique au Canada<\/strong><\/p>\n<p>&#8220;The Early History of Nuclear Physics in Canada,&#8221; VOGT, Eric.<\/p>\n<p>&#8220;Some Personal Recollections of Canadian Physics &#8211; 1931 to 1965&#8221;, DUCKWORTH, Henry E.<\/p>\n<p>&#8220;The Social Construction of the &#8216;Canadian Physicist&#8217; &#8220;, GINGRAS, Yves.<\/p>\n<p>&#8220;A Great Mathematics and Theoretical Physics Education at Toronto During World War II: Dedicated to its Architect, Dean Samuel Beatty&#8221;, KOHN, Walter.<\/p>\n","protected":false},"excerpt":{"rendered":"<p>2018 (Dalhousie University \/ Universit\u00e9 Dalhousie) Gravity and Cosmology (joint with DTP) \/ Gravit\u00e9 et cosmologie (conjointement avec DPT) &#8220;What we Have Learned from the Cosmic Microwave Background&#8221;, HALPERN, Mark. &#8220;The CMB and the Early Universe&#8221;, WILSON-EWING, Edward. &#8220;Bianchi IX Dynamics in Dust Time&#8221;, ALI, Masooma. &#8220;Is There a Cosmological Constant Problem?&#8221;, HASSAN, Syed Moeez&#8230;.  <a class=\"excerpt-read-more\" href=\"https:\/\/cap.ca\/fr\/divisions\/dhpf\/congresssessionsfr\/\" title=\"LireHistoire de la physique au congr\u00e8s\">Lire la suite &raquo;<\/a><\/p>\n","protected":false},"author":10,"featured_media":0,"parent":3233,"menu_order":287,"comment_status":"closed","ping_status":"closed","template":"","meta":{"footnotes":""},"class_list":["post-3236","page","type-page","status-publish","hentry"],"_links":{"self":[{"href":"https:\/\/cap.ca\/fr\/wp-json\/wp\/v2\/pages\/3236","targetHints":{"allow":["GET"]}}],"collection":[{"href":"https:\/\/cap.ca\/fr\/wp-json\/wp\/v2\/pages"}],"about":[{"href":"https:\/\/cap.ca\/fr\/wp-json\/wp\/v2\/types\/page"}],"author":[{"embeddable":true,"href":"https:\/\/cap.ca\/fr\/wp-json\/wp\/v2\/users\/10"}],"replies":[{"embeddable":true,"href":"https:\/\/cap.ca\/fr\/wp-json\/wp\/v2\/comments?post=3236"}],"version-history":[{"count":6,"href":"https:\/\/cap.ca\/fr\/wp-json\/wp\/v2\/pages\/3236\/revisions"}],"predecessor-version":[{"id":10950,"href":"https:\/\/cap.ca\/fr\/wp-json\/wp\/v2\/pages\/3236\/revisions\/10950"}],"up":[{"embeddable":true,"href":"https:\/\/cap.ca\/fr\/wp-json\/wp\/v2\/pages\/3233"}],"wp:attachment":[{"href":"https:\/\/cap.ca\/fr\/wp-json\/wp\/v2\/media?parent=3236"}],"curies":[{"name":"wp","href":"https:\/\/api.w.org\/{rel}","templated":true}]}}