{"id":3235,"date":"2017-03-09T15:16:02","date_gmt":"2017-03-09T20:16:02","guid":{"rendered":"http:\/\/caph-02.eproofs.ca\/picpacfr\/"},"modified":"2018-02-27T10:01:24","modified_gmt":"2018-02-27T15:01:24","slug":"picpacfr","status":"publish","type":"page","link":"https:\/\/cap.ca\/fr\/divisions\/dhpf\/picpacfr\/","title":{"rendered":"Histoire de la physique dans PaC"},"content":{"rendered":"<h2>Mat\u00e9riel reli\u00e9 \u00e0 l&#8217;histoire de la physique publi\u00e9 dans La Physique au Canada depuis 1990.<\/h2>\n<p><strong>Les articles sont accessibles sous l&#8217;onglet <a href=\"https:\/\/cap.ca\/fr\/publications\/physique-au-canada\/\">Publications \/ La Physique au Canada<\/a>.<\/strong><\/p>\n<p><strong>Vol. 73, No. 3 (2017)<\/strong><\/p>\n<p>&#8220;Four Decades of High School Physics Olympics Competitions at the University of British Columbia&#8221;, LIAO, T., McKENNA, J. and MILNER-BOLOTIN, M., p. 127-129.<\/p>\n<p><strong>Vol. 73, No. 2 (2017)<\/strong><\/p>\n<p>In Memoriam &#8211; Melvin A. Preston (1921-2016), p. 115-116.<\/p>\n<p><strong>Vol. 72, No. 4 (2016)<\/strong><\/p>\n<p>In Memoriam &#8211; Vireshwar Vishwanath Paranjape (1930-2016), p. 211.<\/p>\n<p>In Memoriam &#8211; Tudor Wyatt Johnston (1932-2016), p. 212.<\/p>\n<p>&#8220;A Century of Physics at the National Research Council of Canada (NRC)&#8221;, L\u00c9TOURNEAU, H. and RENAUD, P., p. 189-192.<\/p>\n<p>&#8220;Quantifying our World&#8221;, LOCKWOOD, D. J. and ROWELL, N. L., p. 193-196.<\/p>\n<p>&#8220;The Great Leap Forward: NRC and the Microscopic Structures and Transformations of Matter&#8221;, STOLOW, A., p. 197-199.<\/p>\n<p>&#8220;Generations of Biophysics: From Nucleotides to Nuclear Magnetic Resonance&#8221;, JOHNSTON, L. J., p. 200-203.<\/p>\n<p>&#8220;Lab to Industry: Science at Work for Canada&#8221;, CHARBONNEAU, S., p. 204-207.<\/p>\n<p><strong>Vol. 72, No. 3 (2016)<\/strong><\/p>\n<p>In Memoriam &#8211; Ursula Franklin (1921-2016), p. 180.<\/p>\n<p>In Memoriam &#8211; Marek J. Laubitz (1931-2016), p. 181.<\/p>\n<p><strong>Vol. 72, No. 1 (2016)<\/strong><\/p>\n<p>In Memoriam &#8211; Michael K. Craddock (1936-2015), p. 33.<\/p>\n<p>In Memoriam &#8211; Shew-Kuey (Tommy) Mark (1936-2015), p. 34-35.<\/p>\n<p><strong>Vol. 71, No. 3 (2015)<\/strong><\/p>\n<p>&#8220;General Relativity Turns 100 \/ La relativit\u00e9 g\u00e9n\u00e9rale a cent ans&#8221;, MACKENZIE, R., p. 125-129.<\/p>\n<p>&#8220;Ten Years of Theory Canada&#8221;, PARANJAPE, M., p. 199-201.<\/p>\n<p><strong>Vol. 71, No. 2 (2015)<\/strong><\/p>\n<p>In Memoriam &#8211; Peter Egelstaff (1925-2015), p. 105-108.<\/p>\n<p>&#8220;An Eclectic Historical Perspective on Advancing Women in Physics&#8221;, HARTLINE, B. K., DRESSELHAUS, M. S. and FRANZ, J., p. 85-89.<\/p>\n<p><strong>Vol. 70, No. 4 (2014)<\/strong><\/p>\n<p>In Memoriam &#8211; John C. McConnell (1945-2013), p. 257.<\/p>\n<p>&#8220;Remembering Erich Vogt&#8221;, POUTISSOU, J. M., CRADDOCK, M., BLACKMORE, E., PAGE, S. A., POON, A. W. P. and VOGT, P., p. 265-279.<\/p>\n<p><strong>Vol. 70, No. 3 (2014)<\/strong><\/p>\n<p>In Memoriam &#8211; Alan Astbury (1934-2014), p. 192-193.<\/p>\n<p>In Memoriam &#8211; Balachandra V. Paranjape (1922-2014), p. 194-195.<\/p>\n<p><strong>Vol. 70, No. 1 (2014)<\/strong><\/p>\n<p>In Memoriam &#8211; Erich Vogt (1929-2014), p. 45-46.<\/p>\n<p><strong>Vol. 69, No. 2 (2013)<\/strong><\/p>\n<p>In Memoriam &#8211; Morrel Bachynski (1930-2012), p. 103.<\/p>\n<p>In Memoriam &#8211; Donald Drysdale Betts (1929-2012), p. 104.<\/p>\n<p>In Memoriam &#8211; George Dobrowolski (1931-2013). p. 105-106.<\/p>\n<p><strong>Vol. 68, No. 4 (2012)<\/strong><\/p>\n<p>In Memoriam &#8211; Ragnar Galt Dworschak (1964-2012), p. 213.<\/p>\n<p><strong>Vol. 68, No. 3 (2012)<\/strong><\/p>\n<p>&#8220;Celebrating 50 Years of Connecting Science Education and Research in Atlantic Canada&#8221;, WHITEHEAD, Lois, p. 122-124.<\/p>\n<p><strong>Vol. 68, No. 2 (2012)<\/strong><\/p>\n<p>&#8220;Letter RE Rutherford&#8217;s Legacy to Canada&#8221;, McKEE, Jasper, p. 49.<\/p>\n<p><strong>Vol. 68, No. 1 (2012)<\/strong><\/p>\n<p>In Memoriam &#8211; Fred T. Hedgcock (1924-2011), p. 41.<\/p>\n<p>In Memoriam &#8211; Neil Raymond Isenor (1932-2011), p. 42.<\/p>\n<p>&#8220;Cosmic Rays &#8211; A 100-Year Mystery&#8221;, HANNA, David, p. 3-6.<\/p>\n<p>&#8220;Early Muon-Physics Measurements with Cosmic Rays&#8221;, HANNA, David, p. 7-11.<\/p>\n<p>&#8220;Pioneering Canadian Cosmic-Ray Experiment at Echo Lake Motivated by the Chalk River Nuclear Energy Program&#8221;, BERCOVITCH, Mort and DAVIDSON, Walter F., p. 12-15.<\/p>\n<p>&#8220;Cosmic Ray Neutron Monitoring in Canada&#8221;, BERCOVITCH, Mort and DAVIDSON, Walter F., p. 16-20.<\/p>\n<p>&#8220;Ernest Rutherford and the Origins of Nuclear Physics&#8221;, HARDY, John C., p. 21-25.<\/p>\n<p><strong>Vol. 67, No. 4 (2011)<\/strong><\/p>\n<p>In Memoriam &#8211; Allan Griffin (1939-2011), p. 285-286.<\/p>\n<p><strong>Vol. 67, No. 3 (2011)<\/strong><\/p>\n<p>In Memoriam &#8211; Robert Bruce Moore (1935-2011), p. 210-211.<\/p>\n<p>In Memoriam &#8211; John Clifford Woolley (1921-2011), p. 211.<\/p>\n<p>&#8220;Rutherford&#8217;s Legacy to Canada&#8221;, VOGT, Erich, p. 155-160.<\/p>\n<p>&#8220;A History of the Physics and Astronomy Department at the University of Lethbridge (1967-2010)&#8221;, SIMINOVICH, David, p. 165-170.<\/p>\n<p><strong>Vol. 67, No. 1 (2011)<\/strong><\/p>\n<p>&#8220;Rutherford&#8217;s Impact on Science over the Last 110 Years: A Bibliometric Analysis&#8221;, MARX, Werner, CARDONA, Manuel and LOCKWOOD, David, p. 35-40.<\/p>\n<p><strong>Vol. 66, No. 4 (2010)<\/strong><\/p>\n<p>In Memoriam &#8211; Francis Konopasek (1930-2010), p. 220.<\/p>\n<p>In Memoriam &#8211; John A. Weil (1929-2010), p. 221.<\/p>\n<p>&#8220;The 50th Anniversary of the Laser&#8221;, TOWNES, Charles, p. 250-255.<\/p>\n<p>&#8220;Theodore Maiman in Vancouver&#8221;, RAWICZ, Andrew H., p. 257-258.<\/p>\n<p>&#8220;The Impact of the Laser Discovery in Canada&#8221;, BEAULIEU, Jacques, p. 259-260.<\/p>\n<p>&#8220;Laser Spectroscopy of Solids&#8221;, SZABO, Alexander, p. 261-262.<\/p>\n<p>&#8220;Semiconductor Laser Development in Canada for Telecommunications Applications&#8221;, KRIEGLER, Rudolph J., p. 263-270.<\/p>\n<p>&#8220;My Laser Adventure, 1961 to 2010&#8221;, CARSWELL, Allan I., 283-284.<\/p>\n<p>&#8220;High Intensity Lasers for Plasma\/Fusion Science (IR to UV)&#8221;, OFFENBERGER, Allan, p. 285-287.<\/p>\n<p>&#8220;Phil Wallace and Theoretical Physics at McGill in the 1950&#8217;s: A Personal Perspective&#8221;, JACKSON, John David, p. 293-299.<\/p>\n<p><strong>Vol. 66, No. 3 (2010)<\/strong><\/p>\n<p>In Memoriam &#8211; Allan H. Morrish (1921-2010), p. 219.<\/p>\n<p>In Memoriam &#8211; Randy Kobes (1956-2010), p. 220.<\/p>\n<p><strong>Vol. 66, No. 2 (2010)<\/strong><\/p>\n<p>In Memoriam &#8211; H. Roy Krouse (1935-2010), p. 144.<\/p>\n<p>In Memoriam &#8211; Boris P. Stoicheff (1924-2010), p. 145.<\/p>\n<p><strong>Vol. 65, No. 3 (2009)<\/strong><\/p>\n<p>&#8220;The 1909 Meeting of the British Association for the Advancement of Science in Winnipeg at the University of Manitoba&#8221;, CONNOR, Robin D., p. 113-117.<\/p>\n<p><strong>Vol. 65, No. 1 (2009)<\/strong><\/p>\n<p>In Memoriam &#8211; Henry (Harry) Edmison Duckworth (1915-2008), p. 39-40.<\/p>\n<p>&#8220;Rutherford and the Nobel Prize&#8221;, CAMPBELL, John, p. 13-18.<\/p>\n<p><strong>Vol. 64, No. 4 (2008)<\/strong><\/p>\n<p>In Memoriam &#8211; Martin Wesley Johns (1913-2008), p. 263.<\/p>\n<p><strong>Vol. 64, No. 3 (2008)<\/strong><\/p>\n<p>In Memoriam &#8211; Lynn Emmet Homer Trainor (1921-2008), p. 161.<\/p>\n<p>&#8220;My Encounter with Gerhard Herzberg in Wartime Saskatoon&#8221;, TRAINOR, Lynn E. H., p. 107-110.<\/p>\n<p><strong>Vol. 64, No. 2 (2008)<\/strong><\/p>\n<p>In Memoriam &#8211; Ralph Nicholls (1926-2008), p. 89.<\/p>\n<p>In Memoriam &#8211; Tapan Kumar Bose (1938-2008), p. 90.<\/p>\n<p>In Memoriam &#8211; Yoginder Joshi (1938-2008), p. 91.<\/p>\n<p>In Memoriam &#8211; Barry Wallbank (1949-2008), p. 91.<\/p>\n<p><strong>Vol. 63, No. 3 (2007)<\/strong><\/p>\n<p>&#8220;An Adventure of 30 Years (A Brief History of MPB Technologies Inc.)&#8221;, BACHYNSKI, Morrel P., p. 127-130.<\/p>\n<p><strong>Vol. 63, No. 2 (2007)<\/strong><\/p>\n<p>In Memoriam &#8211; Roger A. Lessard (1944-2007), p. 59.<\/p>\n<p>In Memoriam &#8211; Doug Smeaton (1949-2007), p. 60<\/p>\n<p><strong>Vol. 62, No. 6 (2006)<\/strong><\/p>\n<p>In Memoriam &#8211; Paul Lorrain (1916-2006), p. 336.<\/p>\n<p>&#8220;Why Canada Never Had a National Association for the Advancement of Science&#8221;, GINGRAS, Yves, p. 355-359.<\/p>\n<p><strong>Vol. 62, No. 4 (2006)<\/strong><\/p>\n<p>In Memoriam &#8211; Philip Richard Wallace (1915-2006), p. 134.<\/p>\n<p>&#8220;Some Personal Recollections of Canadian Physics: 1931 to 1965&#8221;, DUCKWORTH, Harry E., p. 159-162.<\/p>\n<p><strong>Vol. 62, No. 3 (2006)<\/strong><\/p>\n<p>In Memoriam &#8211; Robert L. Clarke (1922-2005), p. 4.<\/p>\n<p><strong>Vol. 61, No. 6 (2005)<\/strong><\/p>\n<p>In Memoriam &#8211; Mona Jento (1926-2005), p. 333.<\/p>\n<p>&#8220;William Rowan Hamilton: Energetic Operator and Father of Complex Algebra \/ William Rowan Hamilton: Op\u00e9rateur \u00e9nerg(\u00e9t)ique et p\u00e8re de l&#8217;alg\u00e8bre complexe&#8221;, McKEE, Jasper, p. 330-332.<\/p>\n<p>&#8220;Early Development of the Underground SNO Laboratory in Canada&#8221;, EWAN, G. T. and DAVIDSON, W. F., p. 339-346.<\/p>\n<p>&#8220;The Funding Campaign for the Sudbury Neutrino Observatory&#8221;, DAVIDSON, W. F., and EWAN, G. T., p. 347-350.<\/p>\n<p><strong>Vol. 61, No. 5 (2005)<\/strong><\/p>\n<p>In Memoriam &#8211; Paul Redhead (1924-2005), p. 206.<\/p>\n<p>&#8220;The Canadian Ozone Story&#8221;, McELROY, C. T., p. 261-268.<\/p>\n<p>&#8220;Remote-Sensing Education in Canada: Trends and New Approaches as Illustrated by the Sherbrooke Experience&#8221;, BONN, Ferdinand, p. 311-315.<\/p>\n<p><strong>Vol. 61, No. 4 (2005)<\/strong><\/p>\n<p>In Memoriam &#8211; Paul Marmet (1932-2005), p. 147.<\/p>\n<p><strong>Vol. 61, No. 2 (2005)<\/strong><\/p>\n<p>In Memoriam &#8211; D. Allan Bromley (1926-2005), p. 61-62.<\/p>\n<p><strong>Vol. 61, No. 1 (2005)<\/strong><\/p>\n<p>&#8220;1905-2005: A Century of Canadian Physics \/ 1905-2005: Un si\u00e8cle de physique au Canada&#8221;, LOCKWOOD, D. J., p. 2-4.<\/p>\n<p>&#8220;1905, Rutherford, Canada, and All That&#8221;, CAMPBELL, John, p. 21-27.<\/p>\n<p>&#8220;Harriet Brooks (1876-1933): Canada&#8217;s First Woman Physicist&#8221;, RAYNER-CANHAM, Marelene and RAYNER-CANHAM, Geoff, p. 29-32.<\/p>\n<p>&#8220;John C. McLennan and his Pioneering Research on Superfluid Helium&#8221;, GRIFFIN, Allan, p. 33-40.<\/p>\n<p><strong>Vol. 60, No. 6 (2004)<\/strong><\/p>\n<p>In Memoriam &#8211; Jack Sample (1927-2004), p. 335<\/p>\n<p>&#8220;The Physics Department at the University of Windsor&#8221;, KRAUSE, Lucjan, p. 397-402.<\/p>\n<p><strong>Vol. 60, No. 5 (2004)<\/strong><\/p>\n<p>&#8220;The Past and Present of Optics as a Teaching and Research Domain at Laval University&#8221;, LESSARD, R. A., McCARTHY, N., ROY, R. and BORRA, E. F., p. 309-318.<\/p>\n<p><strong>Vol. 60, No. 4 (2004)<\/strong><\/p>\n<p>In Memoriam &#8211; J. Larkin Kerwin (1924-2004), p. 219.<\/p>\n<p><strong>Vol. 60, No. 2 (2004)<\/strong><\/p>\n<p>In Memoriam &#8211; Leon Katz (1910-2004), p. 70-71.<\/p>\n<p><strong>Vol. 60, No. 1 (2004)<\/strong><\/p>\n<p>In Memoriam &#8211; Bertram Neville Brockhouse (1918-2003), p. 5-6.<\/p>\n<p>In Memoriam &#8211; Archibald Cameron Hollis Hallett (1927-2003), p. 6.<\/p>\n<p>&#8220;La petite histoire du laser TEA CO2&#8221;, BEAULIEU, Jacques, pp. 13-16.<\/p>\n<p><strong>Vol. 59, No. 6 (2003)<\/strong><\/p>\n<p>&#8220;Women in Physics at McGill University During the 20th Century&#8221;, GAUTHIER, Luce, p. 313-317.<\/p>\n<p>&#8220;Physics at the Royal Military College&#8221;, BAIRD, David C., p. 319-330.<\/p>\n<p><strong>Vol. 59, No. 5 (2003)<\/strong><\/p>\n<p>In Memoriam \u2013 Andre Stephane Hamer (1968-2003), p. 227.<\/p>\n<p><strong>Vol. 59, No. 4 (2003)<\/strong><\/p>\n<p>In Memoriam \u2013 Mik Pintar (1934-2003), p. 165.<\/p>\n<p><strong>Vol. 59, No. 2 (2003)<\/strong><\/p>\n<p>In Memoriam \u2013 John Peter Hobson (1925-2003), p. 44.<\/p>\n<p><strong>Vol. 59, No. 1 (2003)<\/strong><\/p>\n<p>&#8220;Microtrons in Canada&#8221;, REDHEAD, Paul A., p. 9-16.<\/p>\n<p>&#8220;History of Carleton&#8217;s Physics Department&#8221;, SUNDARESAN, M. K. and CLARKE, R. L., p. 17-24.<\/p>\n<p><strong>Vol. 58, No. 5 (2002)<\/strong><\/p>\n<p>In Memoriam \u2013 Dan Kessler (1924-2002), p. 220.<\/p>\n<p><strong>Vol. 58, No. 4 (2002)<\/strong><\/p>\n<p>In Memoriam &#8211; Nathan Lee Rodning (1957-2002), p. 170.<\/p>\n<p><strong>Vol. 58, No. 3 (2002)<\/strong><\/p>\n<p>In Memoriam \u2013 Sid Ingrey, p. 5.<\/p>\n<p>In Memoriam \u2013 Bela Lombos (1931-2002), p. 5.<\/p>\n<p><strong>Vol. 58, No. 2 (2002)<\/strong><\/p>\n<p>In Memoriam \u2013 Nathaniel C. Gerson (1915-2002), p. 42.<\/p>\n<p><strong>Vol. 57, No. 6 (2001)<\/strong><\/p>\n<p>In Memoriam \u2013 George Leibbrandt (1937-2001), p. 310.<\/p>\n<p>&#8220;The Invention of the Cavity Magnetron and its Introduction into Canada and the U.S.A.&#8221;, REDHEAD, Paul A., p. 321-328.<\/p>\n<p><strong>Vol. 57, No. 5 (2001)<\/strong><\/p>\n<p>In Memoriam \u2013 Nathan Isgur (1947-2001), p. 228-229.<\/p>\n<p><strong>Vol. 57, No. 4 (2001)<\/strong><\/p>\n<p>In Memoriam \u2013 William James Archibald (1912-2001), p. 170.<\/p>\n<p>&#8220;A Short History of Physics at Dalhousie University&#8221;, TRIM, B. E., DUNLAP, R. A. and MARCH, R. H., p, 191-198.<\/p>\n<p><strong>Vol. 57, No. 3 (2001)<\/strong><\/p>\n<p>In Memoriam \u2013 John Allen (1908-2001), p. 6.<\/p>\n<p><strong>Vol. 57, No. 1 (2001)<\/strong><\/p>\n<p>&#8220;The Early History of Astronomy at Queen&#8217;s University&#8221;, HUGUES, Victor A., p. 37-40.<\/p>\n<p>&#8220;Histoire du d\u00e9partement de physique de l&#8217;Universit\u00e9 d&#8217;Ottawa \/ History of the Physics Department of the University of Ottawa&#8221;, LAMARCHE, Gilles, p. 41-50.<\/p>\n<p><strong>Vol. 56, No. 6 (2000)<\/strong><\/p>\n<p>In Memoriam \u2013 Eric Fawcett (1927-2000), p. 285.<\/p>\n<p>&#8220;Lord Kelvin and the Age-of-the-Earth Debate: The Rise and Fall of Kelvin&#8217;s Calculations of the Age of the Earth and the Sun&#8221;, STINNER, Art, p. 321-332.<\/p>\n<p><strong>Vol. 56, No. 5 (2000)<\/strong><\/p>\n<p>In Memoriam \u2013 George Michael Volkoff (1914-2000), p. 225.<\/p>\n<p><strong>Vol. 56, No. 4 (2000)<\/strong><\/p>\n<p>In Memoriam \u2013 John Michael Robson (1920-2000), p. 172.<\/p>\n<p>&#8220;40 Years of Physics at the University of Regina: Building a Research Tradition in Challenging Times&#8221;, HUBER, Garth M., LOLOS, George J. and MATHIE, Edward L., p. 197-204.<\/p>\n<p><strong>Vol. 56, No. 3 (2000)<\/strong><\/p>\n<p>In Memoriam \u2013 Donald Geoffrey Hurst (1911-1999), p. 5-6.<\/p>\n<p><strong>Vol. 56, No. 2 (2000)<\/strong><\/p>\n<p>&#8220;A Century of Canadian Physics \/ Un si\u00e8cle de physique au Canada&#8221;, VOGT, Erich, p. 56-57.<\/p>\n<p>&#8220;A Century of Canadian Physics &#8211; Much to Celebrate&#8221;, VOGT, Erich, p. 61-72.<\/p>\n<p>&#8220;A Brief History of the Canadian Association of Physicists \/ l&#8217;Association canadienne des physiciens et physiciennes&#8221;, BETTS, Donald D., p. 75-77.<\/p>\n<p>&#8220;The Evolution of CAP\/ACP Activities&#8221;, FORD, Francine M., p. 78-86.<\/p>\n<p>&#8220;Rutherford and His Legacy to Canada&#8221;, ROBSON, John M., p. 87-90.<\/p>\n<p>&#8220;The Life of Sir John Cunningham McLennan, Ph.D., F.R.S., O.B.E., K.B.E., 1867-1935&#8221;, BROWN, Robert Craig, p. 91-101.<\/p>\n<p>&#8220;Rasetti \u00e0 Laval&#8221;, LE TOURNEUX, Jean, p. 103-107.<\/p>\n<p>&#8220;The National Research Council&#8217;s Impact on Canadian Physics&#8221;, REDHEAD, Paul A., p. 109-121.<\/p>\n<p>&#8220;Atomic Energy in Canada: Personal Recollections of the Wartime Years&#8221;, WALLACE, Philip R., p. 123-131.<\/p>\n<p>&#8220;Nuclear Physics Activities at Chalk River&#8221;, GEIGER, James S. and ALEXANDER, Tom K., p. 135-143.<\/p>\n<p>&#8220;Neutron and Other Stories From Chalk River&#8221;, BUYERS, William J. L., p. 145-151.<\/p>\n<p>&#8220;Emergence of Physics Graduate Work in Canadian Universities: 1945-1960&#8221;, PRESTON, Mel A. and HOWARD-LOCK, Helen E., p. 153-162.<\/p>\n<p>&#8220;Walter Kohn, 1923-&#8220;, VOGT, Erich, p. 60.<\/p>\n<p>&#8220;Richard Taylor, 1929-&#8220;, VOGT, Erich, p. 73.<\/p>\n<p>&#8220;John Tuzo Wilson, 1908-1993&#8221;, RUSSELL, R. Don, p. 74.<\/p>\n<p>&#8220;Arthur Leonard Schawlow, 1921-1999&#8221;, STOICHEFF, Boris, p. 90.<\/p>\n<p>&#8220;Harry Lambert Welsh, 1910-1984&#8221;, STOICHEFF, Boris, p. 102.<\/p>\n<p>&#8220;David Keith C. MacDonald, 1920-1963&#8221;, PRESTON-THOMAS, H., p. 108.<\/p>\n<p>&#8220;Gerhard Herzberg, 1904-1999&#8221;, VOGT, Erich and FORD, Francine, p. 122<\/p>\n<p>&#8220;George Craig Laurence, 1905-1987&#8221;, VOGT, Erich, p. 132.<\/p>\n<p>&#8220;John Stuart Foster, 1890-1964&#8221;, TOMMY MARK, S. K., p. 133-134.<\/p>\n<p>&#8220;Bruno Pontecorvo, 1914-1993&#8221;, VOGT, Erich, p. 134.<\/p>\n<p>&#8220;LLoyd George Elliott, 1919-1970&#8221;, VOGT, Erich and FORD, Francine, p. 144.<\/p>\n<p>&#8220;Wilfred Bennett Lewis, 1908-1987&#8221;, VOGT, Erich, p. 152.<\/p>\n<p>&#8220;Gordon Merritt Shrum, 1896-1985&#8221;, VOGT, Erich, p. 163.<\/p>\n<p>&#8220;Robert Edward Bell, 1918-1991&#8221;, TOMMY MARK, S. K., p. 164-165.<\/p>\n<p><strong>Vol. 56, No. 1 (2000)<\/strong><\/p>\n<p>In Memoriam \u2013 Saewoong Oh (1931-1999), p. 6.<\/p>\n<p>&#8220;Ease his Pain: Joseph Gray or Arthur Compton&#8221;, MACKENZIE, Innes K., p. 43-45.<\/p>\n<p>&#8220;Histoire du d\u00e9partment de physique de l&#8217;Universit\u00e9 du Qu\u00e9bec \u00e0 Trois-Rivi\u00e8res&#8221; MARCHILDON, Louis, p. 23-26.<\/p>\n<p><strong>Vol. 55, No. 6 (1999)<\/strong><\/p>\n<p>In Memoriam \u2013 Michael S. Duesbery (1942-1999), p. 319-320.<\/p>\n<p>&#8220;Further Notes on and Biographical Sketches of Nobel Laureates in Science Having a Canadian Connection&#8221;, VIJH, Ashok. K. and DUFOUR, Paul, p. 341-344.<\/p>\n<p><strong>Vol. 55, No. 4 (1999)<\/strong><\/p>\n<p>In Memoriam &#8211; Gerhard Herzberg (1904-1999), p. 127-129.<\/p>\n<p>&#8220;Celebrating the Canadian Heritage in Nobel Prizes&#8221;, VIJH, Ashok. K., p. 145-149.<\/p>\n<p>&#8220;A History of the Department of Physics and Astronomy at the University of Western Ontario&#8221;, MOORCROFT, D. R., p. 159-176.<\/p>\n<p><strong>Vol. 55, No. 3 (1999)<\/strong><\/p>\n<p>In Memoriam \u2013 Gerhard Herzberg (1904-1999), p. 8<\/p>\n<p>In Memoriam \u2013 Harry M. Sullivan (1921-1998), p. 8-9.<\/p>\n<p><strong>Vol. 55, No. 2 (1999)<\/strong><\/p>\n<p>In Memoriam \u2013 John Reginald Richardson (1912-1997), p. 47.<\/p>\n<p>&#8220;The Little Physics Department that Could (The History of the St. Francis Xavier University Physics Department)&#8221;, STEINITZ, M. O., p. 109-112.<\/p>\n<p><strong>Vol. 54, No. 6 (1998)<\/strong><\/p>\n<p>In Memoriam \u2013 Robert Lockhart Graham (1921-1998), p. 350.<\/p>\n<p>In Memoriam \u2013 Harold Elford Johns (1915-1998), p. 351-352.<\/p>\n<p>In Memoriam \u2013 Robert John McIntyre (1928-1998), p. 352.<\/p>\n<p>&#8220;SIGINT in Space&#8221;, GERSON, N. C., p. 353-358.<\/p>\n<p>&#8220;Collaboration in SIGINT: Canada \u2013 U.S.&#8221;, GERSON, N. C., p. 359-362.<\/p>\n<p><strong>Vol. 54, No. 5 (1998)<\/strong><\/p>\n<p>In Memoriam \u2013 Geoffrey Chalmers Hanna (1920-1998), p. 272-273.<\/p>\n<p>&#8220;Geomagnetic Forecasting in Canada: A Review&#8221;, COLES, R. L. and LAM, H. L., p. 327-331.<\/p>\n<p><strong>Vol. 54, No. 4 (1998)<\/strong><\/p>\n<p>In Memoriam \u2013 Paul Gaunt (1932-1998), p. 183.<\/p>\n<p>In Memoriam \u2013 Otto H\u00e4usser (1937-1998), p. 183-184.<\/p>\n<p>In Memoriam \u2013 Ernest K. Kanasewich (1931-1998), p. 184-185.<\/p>\n<p>&#8220;A History of the Department of Physics and Astronomy at the University of Victoria&#8221;, MASON, G. R. and DOSSO, H. W., p. 208-216.<\/p>\n<p><strong>Vol. 54, No. 1 (1998)<\/strong><\/p>\n<p>&#8220;The Glorious History of Nuclear Physics at Chalk River&#8221;, VOGT, Erich, p. 4-9.<\/p>\n<p>&#8220;The Department of Physics and Astronomy: York University (1965-)&#8221;, NICHOLLS, Ralph W., p. 31-36.<\/p>\n<p><strong>Vol. 53, No. 6 (1997)<\/strong><\/p>\n<p>In Memoriam \u2013 John Rolfe (1927-1994), p. 319.<\/p>\n<p><strong>Vol. 53, No. 2 (1997)<\/strong><\/p>\n<p>In Memoriam \u2013 Henry Kiefte (1942-1997), p. 52.<\/p>\n<p><strong>Vol. 53, No. 1 (1997)<\/strong><\/p>\n<p>&#8220;Anecdotal Tales of the Cavendish Laboratory as Told in Cambridge in 1982, Are Recalled&#8221;, McKEE, Jasper, p. 15-16.<\/p>\n<p><strong>Vol. 52, No. 6 (1996)<\/strong><\/p>\n<p>In Memoriam \u2013 Kenneth Clifford Mann (1910-1996), p. 303.<\/p>\n<p>In Memoriam \u2013 Robert W. Pringle (1920-1996), p. 303-304.<\/p>\n<p><strong>Vol. 52, No. 4 (1996)<\/strong><\/p>\n<p>In Memoriam \u2013 Bernard Margolis (1926-1995), p. 147.<\/p>\n<p>In Memoriam &#8211; Austin Donald Misener (1911-1996), p. 147.<\/p>\n<p><strong>Vol. 52, No. 2 (1996)<\/strong><\/p>\n<p>&#8220;The Early History of Women in University Physics: A Toronto Case Study&#8221;, PRENTICE, Alison, p. 94-96, 100.<\/p>\n<p><strong>Vol. 52, No. 1 (1996)<\/strong><\/p>\n<p>&#8220;Thirty Years of Cosmic Ray Intensity (Neutron Monitor) Research (1965-1995)&#8221;, VENKATESAN, D., p. 5-10.<\/p>\n<p><strong>Vol. 51, No. 5 (1995)<\/strong><\/p>\n<p>In Memoriam &#8211; Sir Rudolph Peierls, p. 282-283.<\/p>\n<p>In Memoriam &#8211; Roberto Ruben Mendel (1955-1995), p. 283.<\/p>\n<p>&#8220;Neutron Phonon Scattering: Early Days with Brockhouse&#8221;, STEWART, A. T., p. 254-257, 272.<\/p>\n<p>&#8220;Fifty Years of Physics and Physicists&#8221;, SCHAWLOW, Arthur L., p. 261-264.<\/p>\n<p>&#8220;One Hundred Years of Physics at the Ontario Agricultural College and the University of Guelph&#8221;, HUNT, J. L., p. 265-269.<\/p>\n<p>&#8220;Nuclear Physics at Chalk River, an Historical Perspective&#8221;, DAVIES, Walter G., p. 270-272.<\/p>\n<p><strong>Vol. 51, No. 4 (1995)<\/strong><\/p>\n<p>In Memoriam &#8211; Seymour. H. Vosko, p. 155.<\/p>\n<p>&#8220;Physics of Radiation Therapy and Medical Imaging: An Historical Overview&#8221;, CARRIER, R. and CORMACK, D. V., p. 162-168.<\/p>\n<p><strong>Vol. 51, No. 2 (1995)<\/strong><\/p>\n<p>In Memoriam &#8211; Peter Kirkby (1938-1995), p. 74-75.<\/p>\n<p><strong>Vol. 51, No. 1 (1995)<\/strong><\/p>\n<p>In Memoriam &#8211; Sy Vosko, p. 15.<\/p>\n<p>&#8220;Addendum to &#8216;A Brief History of the Physics Department at the University of Manitoba&#8217; &#8220;, CONNOR, R. D., p. 23-25.<\/p>\n<p><strong>Vol. 50, No. 5 (1994)<\/strong><\/p>\n<p>&#8220;A Brief History of the Physics Department, University of Manitoba: The First Ninety Years&#8221;, CONNOR, R. D., p. 340-351.<\/p>\n<p><strong>Vol. 50, No. 4 (1994)<\/strong><\/p>\n<p>&#8220;The Origin of the Chalk River van de Graaff Accelerator&#8221;, HANNA, G. C., p. 219-222.<\/p>\n<p>&#8220;A Short History of Wavelength Measurement&#8221;, BRAND, J. C. D., p. 223-228.<\/p>\n<p><strong>Vol. 50, No. 2 (1994)<\/strong><\/p>\n<p>In Memoriam &#8211; O. George Fritz (1935-1994), p. 86.<\/p>\n<p>In Memoriam &#8211; Elizabeth J. Allin (1905-1993), p. 86-87.<\/p>\n<p><strong>Vol. 50, No. 1 (1994)<\/strong><\/p>\n<p>In Memoriam &#8211; Bernice Weldon Sargent (1906-1993), p. 5.<\/p>\n<p><strong>Vol. 49, No. 6 (1993)<\/strong><\/p>\n<p>In Memoriam &#8211; George Sinclair (1912-1993), p. 317-318.<\/p>\n<p>&#8220;Addendum to &#8216;A Brief History of Heavy Water&#8217; &#8220;, WALTHAM, Chris, p. 356-357.<\/p>\n<p>&#8220;The Beginnings of Theoretical Physics in Canada&#8221;, Wallace, P., p. 358-364.<\/p>\n<p><strong>Vol. 49, No. 4 (1993)<\/strong><\/p>\n<p>&#8220;Fifty Years of Theoretical Physics at AECL: 1943-1993&#8221;, SEARS, Varley F., p. 209-213.<\/p>\n<p><strong>Vol. 49, No. 2 (1993)<\/strong><\/p>\n<p>In Memoriam &#8211; Ian Ralph Dagg (1928-1993), p. 80.<\/p>\n<p>&#8220;A Brief History of Heavy Water&#8221;, WALTHAM, Chris, p. 81-86.<\/p>\n<p>&#8220;A Brief History of Force&#8221;, STINNER, A., p. 135-144.<\/p>\n<p><strong>Vol. 49, No. 1 (1993)<\/strong><\/p>\n<p>In Memoriam &#8211; Michael J. C. Crooks, p. 5.<\/p>\n<p><strong>Vol. 48, No. 4 (1992)<\/strong><\/p>\n<p>In Memoriam &#8211; Cecil C. Costain, p. 186-187.<\/p>\n<p>In Memoriam &#8211; Robert Edward Bell, p. 187-188.<\/p>\n<p>In Memoriam &#8211; John Stewart Marshall, p. 188-189.<\/p>\n<p>&#8220;The Development of the Metric System&#8221;, CONNOR, R. D., p. 191-206.<\/p>\n<p><strong>Vol. 48, No. 1 (1992)<\/strong><\/p>\n<p>&#8220;Perches, Pottles and Pounds: An Overview of the Weights and Measures of England&#8221;, CONNOR, R. D., p. 63-76.<\/p>\n<p><strong>Vol. 47, No. 5 (1991)<\/strong><\/p>\n<p>&#8220;Sir James Chadwick (1891-1974)&#8221;, BURCHAM, W. E., p. 162.<\/p>\n<p><strong>Vol. 47, No. 1 (1991)<\/strong><\/p>\n<p>&#8220;Superstring Theory: A Historical Perspective and a Review of the Current Status&#8221;, SUNDARESAN, M. K., p. 15-19.<\/p>\n","protected":false},"excerpt":{"rendered":"<p>Mat\u00e9riel reli\u00e9 \u00e0 l&#8217;histoire de la physique publi\u00e9 dans La Physique au Canada depuis 1990. Les articles sont accessibles sous l&#8217;onglet Publications \/ La Physique au Canada. Vol. 73, No. 3 (2017) &#8220;Four Decades of High School Physics Olympics Competitions at the University of British Columbia&#8221;, LIAO, T., McKENNA, J. and MILNER-BOLOTIN, M., p. 127-129&#8230;.  <a class=\"excerpt-read-more\" href=\"https:\/\/cap.ca\/fr\/divisions\/dhpf\/picpacfr\/\" title=\"LireHistoire de la physique dans PaC\">Lire la suite &raquo;<\/a><\/p>\n","protected":false},"author":10,"featured_media":0,"parent":3233,"menu_order":286,"comment_status":"closed","ping_status":"closed","template":"","meta":{"footnotes":""},"class_list":["post-3235","page","type-page","status-publish","hentry"],"_links":{"self":[{"href":"https:\/\/cap.ca\/fr\/wp-json\/wp\/v2\/pages\/3235","targetHints":{"allow":["GET"]}}],"collection":[{"href":"https:\/\/cap.ca\/fr\/wp-json\/wp\/v2\/pages"}],"about":[{"href":"https:\/\/cap.ca\/fr\/wp-json\/wp\/v2\/types\/page"}],"author":[{"embeddable":true,"href":"https:\/\/cap.ca\/fr\/wp-json\/wp\/v2\/users\/10"}],"replies":[{"embeddable":true,"href":"https:\/\/cap.ca\/fr\/wp-json\/wp\/v2\/comments?post=3235"}],"version-history":[{"count":4,"href":"https:\/\/cap.ca\/fr\/wp-json\/wp\/v2\/pages\/3235\/revisions"}],"predecessor-version":[{"id":9565,"href":"https:\/\/cap.ca\/fr\/wp-json\/wp\/v2\/pages\/3235\/revisions\/9565"}],"up":[{"embeddable":true,"href":"https:\/\/cap.ca\/fr\/wp-json\/wp\/v2\/pages\/3233"}],"wp:attachment":[{"href":"https:\/\/cap.ca\/fr\/wp-json\/wp\/v2\/media?parent=3235"}],"curies":[{"name":"wp","href":"https:\/\/api.w.org\/{rel}","templated":true}]}}