{"id":3234,"date":"2017-03-09T15:15:58","date_gmt":"2017-03-09T20:15:58","guid":{"rendered":"http:\/\/caph-02.eproofs.ca\/dhpf-nouvelles\/"},"modified":"2018-05-15T08:48:49","modified_gmt":"2018-05-15T12:48:49","slug":"dhpf-nouvelles","status":"publish","type":"page","link":"https:\/\/cap.ca\/fr\/divisions\/dhpf\/dhpf-nouvelles\/","title":{"rendered":"Nouvelles et ressources de la DHP"},"content":{"rendered":"<h5>Bulletin<\/h5>\n<ul class=\"content-list\">\n<li><a href=\"https:\/\/cap.ca\/wp-content\/uploads\/2017\/03\/Info-DHP-Printemps-2018.pdf\">Info DHP, Printemps 2018<\/a><\/li>\n<li><a href=\"https:\/\/cap.ca\/wp-content\/uploads\/2017\/12\/Info-DHP-Automne-2017.pdf\">Info DHP, Automne 2017<\/a><\/li>\n<\/ul>\n<h5>Societies \/ Associations:<\/h5>\n<ul class=\"content-list\">\n<li><a href=\"http:\/\/www.aps.org\/units\/fhp\/\">APS Forum on the History of Physics<\/a><\/li>\n<li><a href=\"https:\/\/www.aip.org\/history-programs\/physics-history\">AIP Center for History of Physics<\/a><\/li>\n<li><a href=\"http:\/\/www.iop.org\/activity\/groups\/subject\/hp\/index.html\">IOP History of Physics Group<\/a><\/li>\n<li><a href=\"http:\/\/hssonline.org\/\">History of Science Society<\/a><\/li>\n<li><a href=\"http:\/\/sfhst.hypotheses.org\/\">Soci\u00e9t\u00e9 fran\u00e7aise d&#8217;histoire des sciences et des techniques<\/a><\/li>\n<\/ul>\n","protected":false},"excerpt":{"rendered":"<p>Bulletin Info DHP, Printemps 2018 Info DHP, Automne 2017 Societies \/ Associations: APS Forum on the History of Physics AIP Center for History of Physics IOP History of Physics Group History of Science Society Soci\u00e9t\u00e9 fran\u00e7aise d&#8217;histoire des sciences et des techniques<\/p>\n","protected":false},"author":10,"featured_media":0,"parent":3233,"menu_order":285,"comment_status":"closed","ping_status":"closed","template":"","meta":{"footnotes":""},"class_list":["post-3234","page","type-page","status-publish","hentry"],"_links":{"self":[{"href":"https:\/\/cap.ca\/fr\/wp-json\/wp\/v2\/pages\/3234","targetHints":{"allow":["GET"]}}],"collection":[{"href":"https:\/\/cap.ca\/fr\/wp-json\/wp\/v2\/pages"}],"about":[{"href":"https:\/\/cap.ca\/fr\/wp-json\/wp\/v2\/types\/page"}],"author":[{"embeddable":true,"href":"https:\/\/cap.ca\/fr\/wp-json\/wp\/v2\/users\/10"}],"replies":[{"embeddable":true,"href":"https:\/\/cap.ca\/fr\/wp-json\/wp\/v2\/comments?post=3234"}],"version-history":[{"count":5,"href":"https:\/\/cap.ca\/fr\/wp-json\/wp\/v2\/pages\/3234\/revisions"}],"predecessor-version":[{"id":10299,"href":"https:\/\/cap.ca\/fr\/wp-json\/wp\/v2\/pages\/3234\/revisions\/10299"}],"up":[{"embeddable":true,"href":"https:\/\/cap.ca\/fr\/wp-json\/wp\/v2\/pages\/3233"}],"wp:attachment":[{"href":"https:\/\/cap.ca\/fr\/wp-json\/wp\/v2\/media?parent=3234"}],"curies":[{"name":"wp","href":"https:\/\/api.w.org\/{rel}","templated":true}]}}