{"id":3233,"date":"2017-03-09T15:15:54","date_gmt":"2017-03-09T20:15:54","guid":{"rendered":"http:\/\/caph-02.eproofs.ca\/dhpf\/"},"modified":"2025-11-03T16:17:15","modified_gmt":"2025-11-03T21:17:15","slug":"dhpf","status":"publish","type":"page","link":"https:\/\/cap.ca\/fr\/divisions\/dhpf\/","title":{"rendered":"Division de l&#8217;histoire de la physique (DHP)"},"content":{"rendered":"<div class=\"wpb-content-wrapper\"><p>[vc_row][vc_column][vc_column_text]<\/p>\n<h2><span style=\"font-size: 14pt;\"><strong>\u00c0 propos de nous :<\/strong><\/span><\/h2>\n<p>La Division d&#8217;histoire de la physique accueille tous les membres de l&#8217;ACP int\u00e9ress\u00e9s \u00e0 l&#8217;\u00e9volution historique de la physique et de ses instruments, au Canada et \u00e0 l&#8217;\u00e9chelle internationale. Nous invitons les participants au congr\u00e8s annuel de l&#8217;ACP \u00e0 faire une pr\u00e9sentation \u00e0 la session que nous organisons. Nous cherchons \u00e0 lier notre page Web \u00e0 diff\u00e9rentes ressources pour l&#8217;histoire de la physique, au Canada et ailleurs.<\/p>\n<h2><\/h2>\n<h2><span style=\"font-size: 14pt;\"><strong>Nos objectifs\/activit\u00e9s :<\/strong><\/span><\/h2>\n<ul class=\"content-list\">\n<li>offrir un forum lors du congr\u00e8s annuel de l&#8217;ACP pour la discussion de l&#8217;histoire du d\u00e9veloppement de la recherche en physique au Canada. Ceci comprend les anciens instruments de physique, les grands moments de la physique canadienne, les premi\u00e8res rencontres avec des physiciens des \u00c9tats-Unis et de l&#8217;Europe, le d\u00e9veloppement de la physique th\u00e9orique au Canada, etc.<\/li>\n<li>offrir un soutien aux membres de l&#8217;ACP dans leurs efforts pour rassembler, pr\u00e9server et pr\u00e9senter des collections d&#8217;anciens instruments de physique dans les universit\u00e9s et les laboratoires de recherche.<\/li>\n<li>offrir un soutien \u00e0 la prise de conscience, par les \u00e9tudiants de physique, les professeurs et le public, des contributions importantes faites par des physiciens canadiens \u00e0 travers les ann\u00e9es.<\/li>\n<\/ul>\n<p>&nbsp;<\/p>\n<h2><span style=\"font-size: 14pt;\"><strong>Plus :<\/strong><\/span><\/h2>\n<ul class=\"content-list\">\n<li><a href=\"https:\/\/cap.ca\/fr\/divisions\/dhpf\/dhpf-nouvelles\/\">Nouvelles et ressources de la DHP<\/a><\/li>\n<li><a href=\"https:\/\/cap.ca\/fr\/divisions\/dhpf\/picpacfr\/\">Histoire de la physique dans PaC<\/a><\/li>\n<li><a href=\"https:\/\/cap.ca\/fr\/divisions\/dhpf\/congresssessionsfr\/\">Histoire de la physique au Congr\u00e9s<\/a><\/li>\n<\/ul>\n<p>[\/vc_column_text][vc_separator][\/vc_column][\/vc_row][vc_row][vc_column][vc_column_text]<\/p>\n<h2><span style=\"font-size: 14pt;\"><b>Notre leadership :<\/b><\/span><\/h2>\n<p>[\/vc_column_text][vc_row_inner][vc_column_inner width=&#8221;1\/3&#8243;][vc_single_image image=&#8221;13956&#8243; img_size=&#8221;150 x 150&#8243; style=&#8221;vc_box_rounded&#8221; css=&#8221;.vc_custom_1625517389592{margin-bottom: 0px !important;border-bottom-width: 0px !important;padding-bottom: 0px !important;}&#8221;][vc_custom_heading text=&#8221;Pr\u00e9sident&#8221; font_container=&#8221;tag:h3|font_size:17px|text_align:left&#8221; use_theme_fonts=&#8221;yes&#8221;][vc_column_text]<em>Vacant<\/em>[\/vc_column_text][\/vc_column_inner][vc_column_inner width=&#8221;1\/3&#8243;][vc_single_image image=&#8221;13956&#8243; img_size=&#8221;150 x 150&#8243; style=&#8221;vc_box_rounded&#8221; css=&#8221;.vc_custom_1625517389592{margin-bottom: 0px !important;border-bottom-width: 0px !important;padding-bottom: 0px !important;}&#8221;][vc_custom_heading text=&#8221;Vice-pr\u00e9sident&#8221; font_container=&#8221;tag:h3|font_size:17px|text_align:left&#8221; use_theme_fonts=&#8221;yes&#8221;][vc_column_text]<em>Vacant<\/em>[\/vc_column_text][\/vc_column_inner][vc_column_inner width=&#8221;1\/3&#8243;][vc_single_image image=&#8221;13956&#8243; img_size=&#8221;150 x 150&#8243; style=&#8221;vc_box_rounded&#8221; css=&#8221;.vc_custom_1625517389592{margin-bottom: 0px !important;border-bottom-width: 0px !important;padding-bottom: 0px !important;}&#8221;][vc_custom_heading text=&#8221;Secr\u00e9taire\/Tr\u00e9sorier&#8221; font_container=&#8221;tag:h3|font_size:17px|text_align:left&#8221; use_theme_fonts=&#8221;yes&#8221;][vc_column_text]<em>Vacant<\/em>[\/vc_column_text][\/vc_column_inner][\/vc_row_inner][vc_separator][vc_row_inner][vc_column_inner width=&#8221;1\/3&#8243;][vc_single_image image=&#8221;13956&#8243; img_size=&#8221;150 x 150&#8243; style=&#8221;vc_box_rounded&#8221; css=&#8221;.vc_custom_1625517389592{margin-bottom: 0px !important;border-bottom-width: 0px !important;padding-bottom: 0px !important;}&#8221;][vc_custom_heading text=&#8221;Webma\u00eetre&#8221; font_container=&#8221;tag:h3|font_size:17px|text_align:left&#8221; use_theme_fonts=&#8221;yes&#8221;][vc_column_text]<em>Vacant<\/em>[\/vc_column_text][\/vc_column_inner][vc_column_inner width=&#8221;1\/3&#8243;][vc_single_image image=&#8221;13956&#8243; img_size=&#8221;150 x 150&#8243; style=&#8221;vc_box_rounded&#8221; css=&#8221;.vc_custom_1625517389592{margin-bottom: 0px !important;border-bottom-width: 0px !important;padding-bottom: 0px !important;}&#8221;][vc_custom_heading text=&#8221;Ancien pr\u00e9sident&#8221; font_container=&#8221;tag:h3|font_size:17px|text_align:left&#8221; use_theme_fonts=&#8221;yes&#8221;][vc_column_text]<em>Vacant<\/em>[\/vc_column_text][\/vc_column_inner][vc_column_inner width=&#8221;1\/3&#8243;][\/vc_column_inner][\/vc_row_inner][\/vc_column][\/vc_row]<\/p>\n<\/div>","protected":false},"excerpt":{"rendered":"<p>[vc_row][vc_column][vc_column_text] \u00c0 propos de nous : La Division d&#8217;histoire de la physique accueille tous les membres de l&#8217;ACP int\u00e9ress\u00e9s \u00e0 l&#8217;\u00e9volution historique de la physique et de ses instruments, au Canada et \u00e0 l&#8217;\u00e9chelle internationale. Nous invitons les participants au congr\u00e8s annuel de l&#8217;ACP \u00e0 faire une pr\u00e9sentation \u00e0 la session que nous organisons. Nous&#8230;  <a class=\"excerpt-read-more\" href=\"https:\/\/cap.ca\/fr\/divisions\/dhpf\/\" title=\"LireDivision de l&#8217;histoire de la physique (DHP)\">Lire la suite &raquo;<\/a><\/p>\n","protected":false},"author":10,"featured_media":0,"parent":3203,"menu_order":149,"comment_status":"closed","ping_status":"closed","template":"","meta":{"footnotes":""},"class_list":["post-3233","page","type-page","status-publish","hentry"],"_links":{"self":[{"href":"https:\/\/cap.ca\/fr\/wp-json\/wp\/v2\/pages\/3233","targetHints":{"allow":["GET"]}}],"collection":[{"href":"https:\/\/cap.ca\/fr\/wp-json\/wp\/v2\/pages"}],"about":[{"href":"https:\/\/cap.ca\/fr\/wp-json\/wp\/v2\/types\/page"}],"author":[{"embeddable":true,"href":"https:\/\/cap.ca\/fr\/wp-json\/wp\/v2\/users\/10"}],"replies":[{"embeddable":true,"href":"https:\/\/cap.ca\/fr\/wp-json\/wp\/v2\/comments?post=3233"}],"version-history":[{"count":17,"href":"https:\/\/cap.ca\/fr\/wp-json\/wp\/v2\/pages\/3233\/revisions"}],"predecessor-version":[{"id":28127,"href":"https:\/\/cap.ca\/fr\/wp-json\/wp\/v2\/pages\/3233\/revisions\/28127"}],"up":[{"embeddable":true,"href":"https:\/\/cap.ca\/fr\/wp-json\/wp\/v2\/pages\/3203"}],"wp:attachment":[{"href":"https:\/\/cap.ca\/fr\/wp-json\/wp\/v2\/media?parent=3233"}],"curies":[{"name":"wp","href":"https:\/\/api.w.org\/{rel}","templated":true}]}}