{"id":3232,"date":"2017-03-09T15:15:51","date_gmt":"2017-03-09T20:15:51","guid":{"rendered":"http:\/\/caph-02.eproofs.ca\/dpt-nouvelles\/"},"modified":"2017-12-20T08:04:16","modified_gmt":"2017-12-20T13:04:16","slug":"dpt-nouvelles","status":"publish","type":"page","link":"https:\/\/cap.ca\/fr\/divisions\/dpt\/dpt-nouvelles\/","title":{"rendered":"Nouvelles et ressources de la DPT"},"content":{"rendered":"<h5>Conf\u00e9rences et \u00e9v\u00e9nements<\/h5>\n<ul class=\"content-list\">\n<li><a href=\"https:\/\/cap.ca\/fr\/congres-de-lacp\/theory-canada\/\">Conf\u00e9rence de Th\u00e9orie Canada<\/a><\/li>\n<\/ul>\n<h5>Liens<\/h5>\n<ul class=\"content-list\">\n<li><a href=\"http:\/\/perimeterinstitute.ca\/fr\" target=\"_blank\" rel=\"noopener noreferrer\">Institut p\u00e9rim\u00e8tre de physique th\u00e9orique<\/a><\/li>\n<li><a href=\"http:\/\/www.lps.umontreal.ca\/~paranj\/APCTP\/APCTP-Canada.html\">Asia-Pacific Center for Theoretical Physics <\/a><\/li>\n<\/ul>\n","protected":false},"excerpt":{"rendered":"<p>Conf\u00e9rences et \u00e9v\u00e9nements Conf\u00e9rence de Th\u00e9orie Canada Liens Institut p\u00e9rim\u00e8tre de physique th\u00e9orique Asia-Pacific Center for Theoretical Physics<\/p>\n","protected":false},"author":10,"featured_media":0,"parent":3230,"menu_order":276,"comment_status":"closed","ping_status":"closed","template":"","meta":{"footnotes":""},"class_list":["post-3232","page","type-page","status-publish","hentry"],"_links":{"self":[{"href":"https:\/\/cap.ca\/fr\/wp-json\/wp\/v2\/pages\/3232","targetHints":{"allow":["GET"]}}],"collection":[{"href":"https:\/\/cap.ca\/fr\/wp-json\/wp\/v2\/pages"}],"about":[{"href":"https:\/\/cap.ca\/fr\/wp-json\/wp\/v2\/types\/page"}],"author":[{"embeddable":true,"href":"https:\/\/cap.ca\/fr\/wp-json\/wp\/v2\/users\/10"}],"replies":[{"embeddable":true,"href":"https:\/\/cap.ca\/fr\/wp-json\/wp\/v2\/comments?post=3232"}],"version-history":[{"count":5,"href":"https:\/\/cap.ca\/fr\/wp-json\/wp\/v2\/pages\/3232\/revisions"}],"predecessor-version":[{"id":8937,"href":"https:\/\/cap.ca\/fr\/wp-json\/wp\/v2\/pages\/3232\/revisions\/8937"}],"up":[{"embeddable":true,"href":"https:\/\/cap.ca\/fr\/wp-json\/wp\/v2\/pages\/3230"}],"wp:attachment":[{"href":"https:\/\/cap.ca\/fr\/wp-json\/wp\/v2\/media?parent=3232"}],"curies":[{"name":"wp","href":"https:\/\/api.w.org\/{rel}","templated":true}]}}