{"id":3231,"date":"2017-03-09T15:15:48","date_gmt":"2017-03-09T20:15:48","guid":{"rendered":"http:\/\/caph-02.eproofs.ca\/dpt-prix\/"},"modified":"2019-07-08T15:42:11","modified_gmt":"2019-07-08T19:42:11","slug":"dpt-prix","status":"publish","type":"page","link":"https:\/\/cap.ca\/fr\/divisions\/dpt\/dpt-prix\/","title":{"rendered":"Prix et r\u00e9compenses de la DPT"},"content":{"rendered":"<h3><span style=\"font-size: 14pt; color: #993300;\">En avril chaque ann\u00e9e, la Division de la physique th\u00e9orique (DPT) et le Winnipeg Institute for Theoretical Physics (WITP) octroieront un prix de th\u00e8se de la DPT\/WITP\u00a0P R Wallace \u00e0 l\u2019\u00e9tudiant auquel une universit\u00e9 canadienne aura d\u00e9cern\u00e9 un doctorat en physique. <\/span><\/h3>\n<p>La th\u00e8se doit traiter de physique th\u00e9orique et \u00eatre termin\u00e9e (version finale) moins de deux ans avant l&#8217;\u00e9ch\u00e9ance de pr\u00e9sentation, le 15 janvier de l&#8217;ann\u00e9e de remise du Prix.<\/p>\n<p>Le laur\u00e9at du Prix P R Wallace de la DPT\/WITP doit \u00eatre membre de l&#8217;ACP et de la DPT lors de la remise du Prix, \u00e0 la conf\u00e9rence annuelle de Theory CANADA, au d\u00e9but de juin (ou \u00e0 la fin mai).<\/p>\n<p>Les candidatures ne sont examin\u00e9es que l&#8217;ann\u00e9e de pr\u00e9sentation, sauf si moins de trois th\u00e8ses sont pr\u00e9sent\u00e9e, auquel cas aucun prix \u00a0n&#8217;est attribu\u00e9 et les candidatures re\u00e7ues cette ann\u00e9e-l\u00e0 sont automatiquement examin\u00e9es au concours de l&#8217;ann\u00e9e suivante.<\/p>\n<p>La pr\u00e9sidence du Comit\u00e9 du prix de th\u00e8se P R Wallace de la DPT\/WITP sera assur\u00e9e par le pr\u00e9sident sortant de la DPT. Si\u00e9geront aussi au Comit\u00e9 le directeur sortant de WITP et les membres nomm\u00e9s par le pr\u00e9sident du Comit\u00e9 selon les r\u00e9gions\/langues des th\u00e8ses pr\u00e9sent\u00e9es. Les membres du Comit\u00e9 ne peuvent proposer la candidature de leurs propres \u00e9tudiants. Dans la mesure du possible, chaque membre du Comit\u00e9 repr\u00e9sentera une r\u00e9gion diff\u00e9rente du Canada.<\/p>\n<p>Le Comit\u00e9 du prix de th\u00e8se retiendra un seul gagnant; il ne pourra y avoir \u00e9galit\u00e9 des voix. Le gagnant recevra un prix en esp\u00e8ces de 500 $ de la DPT\/WITP. Le prix sera annonc\u00e9 \u00e0 la conf\u00e9rence Theory CANADA et un avis en sera envoy\u00e9 \u00e0 tous les membres de la DPT et de WITP.<\/p>\n<p>Le laur\u00e9at sera averti au plus tard le 31 mars et invit\u00e9 \u00e0 donner une allocution \u00e0 la conf\u00e9rence Theory CANADA. Ses frais de d\u00e9placement proviendront des fonds de Theory CANADA, sous r\u00e9serve de contraintes budg\u00e9taires.\u00a0 Si Theory CANADA publie ses d\u00e9lib\u00e9rations cette ann\u00e9e-l\u00e0, le laur\u00e9at sera invit\u00e9 \u00e0 pr\u00e9senter un r\u00e9sum\u00e9 de ses travaux de th\u00e8se, destin\u00e9 \u00e0 y figurer, pour toucher le prix en esp\u00e8ces. Si les d\u00e9lib\u00e9rations ne sont pas publi\u00e9es, le laur\u00e9at sera invit\u00e9 \u00e0 faire accepter un r\u00e9sum\u00e9 de deux pages de ses travaux de th\u00e8se pour toucher ce prix. Ce r\u00e9sum\u00e9 para\u00eetra dans un num\u00e9ro de <em>La Physique au Canada<\/em>.<\/p>\n<p>Un r\u00e9sum\u00e9 d\u2019une page d\u00e9crivant les r\u00e9sultats du concours sera affich\u00e9 par le pr\u00e9sident du Comit\u00e9 du prix de th\u00e8se sur le site Web de la DPT.<\/p>\n<h2>Comment soumettre une candidature au concours du prix de th\u00e8se P R Wallce de la DPT \/WITP :<\/h2>\n<p>Tout r\u00e9cipiendaire d&#8217;un doctorat en physique th\u00e9orique d\u00e9cern\u00e9 par une universit\u00e9 canadienne, dont la th\u00e8se en physique th\u00e9orique est termin\u00e9e (version finale) moins de deux ans avant l&#8217;\u00e9ch\u00e9ance de pr\u00e9sentation, le 15 janvier de l&#8217;ann\u00e9e de remise du Prix, peut poser sa candidature au Prix P R Wallace de th\u00e8se de doctorat de la DTP\/WITP.<\/p>\n<p>Pour \u00eatre admissibles, le candidat doivent tous deux \u00eatre membres de l\u2019ACP et de la DPT.<\/p>\n<p>Pour que sa candidature au prix soit examin\u00e9e, une copie de la th\u00e8se et l&#8217;adresse courriel du patron de th\u00e8se (ou celles des patrons de th\u00e8se) doivent \u00eatre envoy\u00e9es au pr\u00e9sident de la DPT (en 2017-2018\u00a0: Ariel Edery, <a href=\"mailto:aedery@ubishops.ca\">aedery@ubishops.ca<\/a>), avec copie \u00e0 <a href=\"mailto:cap@uottawa.ca\">cap@uottawa.ca<\/a>, au plus tard le 15 janvier de l&#8217;ann\u00e9e de remise du Prix (2018).<\/p>\n<p>Une liste restreinte sera \u00e9tablie apr\u00e8s l&#8217;\u00e9ch\u00e9ance du 15 janvier (2018), puis d&#8217;autres documents seront demand\u00e9s avant qu&#8217;un laur\u00e9at ne soit choisi.<\/p>\n<p>Aucun candidat ne peut se voir attribuer deux prix de th\u00e8se de doctorat (s&#8217;il les pr\u00e9sente \u00e0 deux divisions diff\u00e9rentes de l&#8217;ACP).<\/p>\n<p>Les laur\u00e9ats du Prix P R Wallace de la DPT\/WITP et les candidats pr\u00e9s\u00e9lectionn\u00e9s soutiennent leur curriculum vit\u00e6 et augmentent leurs chances d&#8217;avancement de carri\u00e8re.\u00a0 Nous encourageons tous les auteurs de th\u00e8ses r\u00e9centes de haute qualit\u00e9 au doctorat en physique th\u00e9orique dans une universit\u00e9 canadienne \u00e0 se pr\u00e9senter.<\/p>\n<p>Pri\u00e8re d&#8217;adresser toute question au pr\u00e9sident de la DPT (en 2017-2018\u00a0: Ariel Edery, <a href=\"mailto:aedery@ubishops.ca\">aedery@ubishops.ca<\/a>).<\/p>\n<hr \/>\n<h3><\/h3>\n<h3><strong>Gagnants des \u00abprix de th\u00e8se P.R Wallace\u00bb 2019\u00a0:<\/strong><\/h3>\n<p>Robie Hennigar, Universit\u00e9 de Waterloo<\/p>\n<p>Evan McDonough, Universit\u00e9 McGill<\/p>\n<h3><\/h3>\n<h3><strong>Anciens laur\u00e9ats :<\/strong><\/h3>\n<p>2017: Aucune comp\u00e9tition.<\/p>\n<p>2016: Vincent Genest (PhD Universit\u00e9 de Montr\u00e9al 2015) dont le titre de la th\u00e8se est : \u00ab\u00a0Algebraic Structures, Super-Integrable systems and Orthogonal Polynomials \u00bb.<\/p>\n<p>2015 : Soloman Akaranka Owerre (Ph.D. Universit\u00e9 de Montr\u00e9al 2014) Th\u00e8se : \u00ab <em>\u00c9tudes de l&#8217;effet tunnel des spins quantiques macroscopiques \u00bb<\/em> (Studies of the tunnel effect of macroscopic quantum spins).<\/p>\n","protected":false},"excerpt":{"rendered":"<p>En avril chaque ann\u00e9e, la Division de la physique th\u00e9orique (DPT) et le Winnipeg Institute for Theoretical Physics (WITP) octroieront un prix de th\u00e8se de la DPT\/WITP\u00a0P R Wallace \u00e0 l\u2019\u00e9tudiant auquel une universit\u00e9 canadienne aura d\u00e9cern\u00e9 un doctorat en physique. La th\u00e8se doit traiter de physique th\u00e9orique et \u00eatre termin\u00e9e (version finale) moins de&#8230;  <a class=\"excerpt-read-more\" href=\"https:\/\/cap.ca\/fr\/divisions\/dpt\/dpt-prix\/\" title=\"LirePrix et r\u00e9compenses de la DPT\">Lire la suite &raquo;<\/a><\/p>\n","protected":false},"author":10,"featured_media":0,"parent":3230,"menu_order":275,"comment_status":"closed","ping_status":"closed","template":"","meta":{"footnotes":""},"class_list":["post-3231","page","type-page","status-publish","hentry"],"_links":{"self":[{"href":"https:\/\/cap.ca\/fr\/wp-json\/wp\/v2\/pages\/3231","targetHints":{"allow":["GET"]}}],"collection":[{"href":"https:\/\/cap.ca\/fr\/wp-json\/wp\/v2\/pages"}],"about":[{"href":"https:\/\/cap.ca\/fr\/wp-json\/wp\/v2\/types\/page"}],"author":[{"embeddable":true,"href":"https:\/\/cap.ca\/fr\/wp-json\/wp\/v2\/users\/10"}],"replies":[{"embeddable":true,"href":"https:\/\/cap.ca\/fr\/wp-json\/wp\/v2\/comments?post=3231"}],"version-history":[{"count":14,"href":"https:\/\/cap.ca\/fr\/wp-json\/wp\/v2\/pages\/3231\/revisions"}],"predecessor-version":[{"id":13803,"href":"https:\/\/cap.ca\/fr\/wp-json\/wp\/v2\/pages\/3231\/revisions\/13803"}],"up":[{"embeddable":true,"href":"https:\/\/cap.ca\/fr\/wp-json\/wp\/v2\/pages\/3230"}],"wp:attachment":[{"href":"https:\/\/cap.ca\/fr\/wp-json\/wp\/v2\/media?parent=3231"}],"curies":[{"name":"wp","href":"https:\/\/api.w.org\/{rel}","templated":true}]}}