{"id":3230,"date":"2017-03-09T15:15:45","date_gmt":"2017-03-09T20:15:45","guid":{"rendered":"http:\/\/caph-02.eproofs.ca\/dpt\/"},"modified":"2025-11-03T16:49:19","modified_gmt":"2025-11-03T21:49:19","slug":"dpt","status":"publish","type":"page","link":"https:\/\/cap.ca\/fr\/divisions\/dpt\/","title":{"rendered":"Division de la physique th\u00e9orique (DPT)"},"content":{"rendered":"<div class=\"wpb-content-wrapper\"><p>[vc_row][vc_column][vc_column_text]<\/p>\n<h2>Nos objectifs\/activit\u00e9s<\/h2>\n<p>Notre mission est d&#8217;\u00e9tablir et de r\u00e9aliser le programme de la DPT au congr\u00e8s annuel de l&#8217;ACP et, de fa\u00e7on g\u00e9n\u00e9rale, de revigorer le milieu canadien de la physique th\u00e9orique. \u00c0 cette fin, nous avons entam\u00e9 une s\u00e9rie de conf\u00e9rences satellites appel\u00e9es Th\u00e9orie CANADA, tenues de concert avec le congr\u00e8s de l&#8217;ACP d&#8217;une mani\u00e8re strat\u00e9gique qui permet aux participants d&#8217;assister aux deux.<\/p>\n<p><a class=\"placeholder-for-division-link\" href=\"https:\/\/cap.ca\/fr\/divisions\/dpt\/dpt-prix\/\">Prix et recompenses de la DPT<\/a><\/p>\n<p><a class=\"placeholder-for-division-link\" href=\"https:\/\/cap.ca\/fr\/divisions\/dpt\/dpt-nouvelles\/\">Nouvelles et ressources de la DPT<\/a>[\/vc_column_text][\/vc_column][\/vc_row][vc_row][vc_column][vc_custom_heading text=&#8221;Notre leadership&#8221; use_theme_fonts=&#8221;yes&#8221;][vc_row_inner][vc_column_inner width=&#8221;1\/3&#8243;][vc_single_image image=&#8221;22884&#8243; img_size=&#8221;full&#8221; style=&#8221;vc_box_rounded&#8221; css=&#8221;.vc_custom_1490027444101{margin-bottom: 0px !important;border-bottom-width: 0px !important;padding-bottom: 0px !important;}&#8221;][vc_custom_heading text=&#8221;Pr\u00e9sident&#8221; font_container=&#8221;tag:h3|font_size:17px|text_align:left&#8221; use_theme_fonts=&#8221;yes&#8221;][vc_column_text]<strong>Hari Kunduri<br \/>\n<\/strong>McMaster University[\/vc_column_text][\/vc_column_inner][vc_column_inner width=&#8221;1\/3&#8243;][vc_single_image image=&#8221;22884&#8243; img_size=&#8221;full&#8221; style=&#8221;vc_box_rounded&#8221; css=&#8221;.vc_custom_1490027444101{margin-bottom: 0px !important;border-bottom-width: 0px !important;padding-bottom: 0px !important;}&#8221;][vc_custom_heading text=&#8221;Vice-pr\u00e9sident&#8221; font_container=&#8221;tag:h3|font_size:17px|text_align:left&#8221; use_theme_fonts=&#8221;yes&#8221;][vc_column_text]<strong>Hubert de Guise<br \/>\n<\/strong>Lakehead University[\/vc_column_text][\/vc_column_inner][vc_column_inner width=&#8221;1\/3&#8243;][vc_single_image image=&#8221;22884&#8243; img_size=&#8221;full&#8221; style=&#8221;vc_box_rounded&#8221; css=&#8221;.vc_custom_1490027444101{margin-bottom: 0px !important;border-bottom-width: 0px !important;padding-bottom: 0px !important;}&#8221;][vc_custom_heading text=&#8221;Tr\u00e9sorier \/ Secr\u00e9taire&#8221; font_container=&#8221;tag:h3|font_size:17px|text_align:left&#8221; use_theme_fonts=&#8221;yes&#8221;][vc_column_text css=&#8221;&#8221;]<b>Vacant<\/b>[\/vc_column_text][\/vc_column_inner][\/vc_row_inner][vc_separator][vc_row_inner][vc_column_inner width=&#8221;1\/3&#8243;][vc_single_image image=&#8221;13956&#8243; style=&#8221;vc_box_rounded&#8221; css=&#8221;.vc_custom_1689952468902{margin-bottom: 0px !important;border-bottom-width: 0px !important;padding-bottom: 0px !important;}&#8221;][vc_custom_heading text=&#8221;Ancienne pr\u00e9sident&#8221; font_container=&#8221;tag:h3|font_size:17px|text_align:left&#8221; use_theme_fonts=&#8221;yes&#8221; css=&#8221;&#8221;][vc_column_text]<strong>Ivan Booth<br \/>\n<\/strong>Memorial University[\/vc_column_text][\/vc_column_inner][vc_column_inner width=&#8221;1\/3&#8243;][vc_single_image image=&#8221;22884&#8243; img_size=&#8221;full&#8221; style=&#8221;vc_box_rounded&#8221; css=&#8221;.vc_custom_1490027444101{margin-bottom: 0px !important;border-bottom-width: 0px !important;padding-bottom: 0px !important;}&#8221;][vc_custom_heading text=&#8221;Webma\u00eetre&#8221; font_container=&#8221;tag:h3|font_size:17px|text_align:left&#8221; use_theme_fonts=&#8221;yes&#8221;][vc_column_text css=&#8221;&#8221;]<strong>Olivia Di Matteo<br \/>\n<\/strong>University of British Columbia[\/vc_column_text][\/vc_column_inner][vc_column_inner width=&#8221;1\/3&#8243;][vc_single_image image=&#8221;22884&#8243; img_size=&#8221;full&#8221; style=&#8221;vc_box_rounded&#8221; css=&#8221;.vc_custom_1490027444101{margin-bottom: 0px !important;border-bottom-width: 0px !important;padding-bottom: 0px !important;}&#8221;][vc_custom_heading text=&#8221;Repr\u00e9sentant des \u00e9tudiant(e)s&#8221; font_container=&#8221;tag:h3|font_size:17px|text_align:left&#8221; use_theme_fonts=&#8221;yes&#8221; css=&#8221;&#8221;][vc_column_text css=&#8221;&#8221;]<strong>Turkuler Durgut<br \/>\n<\/strong>Memorial University[\/vc_column_text][\/vc_column_inner][\/vc_row_inner][\/vc_column][\/vc_row]<\/p>\n<\/div>","protected":false},"excerpt":{"rendered":"<p>[vc_row][vc_column][vc_column_text] Nos objectifs\/activit\u00e9s Notre mission est d&#8217;\u00e9tablir et de r\u00e9aliser le programme de la DPT au congr\u00e8s annuel de l&#8217;ACP et, de fa\u00e7on g\u00e9n\u00e9rale, de revigorer le milieu canadien de la physique th\u00e9orique. \u00c0 cette fin, nous avons entam\u00e9 une s\u00e9rie de conf\u00e9rences satellites appel\u00e9es Th\u00e9orie CANADA, tenues de concert avec le congr\u00e8s de l&#8217;ACP&#8230;  <a class=\"excerpt-read-more\" href=\"https:\/\/cap.ca\/fr\/divisions\/dpt\/\" title=\"LireDivision de la physique th\u00e9orique (DPT)\">Lire la suite &raquo;<\/a><\/p>\n","protected":false},"author":10,"featured_media":0,"parent":3203,"menu_order":148,"comment_status":"closed","ping_status":"closed","template":"","meta":{"footnotes":""},"class_list":["post-3230","page","type-page","status-publish","hentry"],"_links":{"self":[{"href":"https:\/\/cap.ca\/fr\/wp-json\/wp\/v2\/pages\/3230","targetHints":{"allow":["GET"]}}],"collection":[{"href":"https:\/\/cap.ca\/fr\/wp-json\/wp\/v2\/pages"}],"about":[{"href":"https:\/\/cap.ca\/fr\/wp-json\/wp\/v2\/types\/page"}],"author":[{"embeddable":true,"href":"https:\/\/cap.ca\/fr\/wp-json\/wp\/v2\/users\/10"}],"replies":[{"embeddable":true,"href":"https:\/\/cap.ca\/fr\/wp-json\/wp\/v2\/comments?post=3230"}],"version-history":[{"count":19,"href":"https:\/\/cap.ca\/fr\/wp-json\/wp\/v2\/pages\/3230\/revisions"}],"predecessor-version":[{"id":28157,"href":"https:\/\/cap.ca\/fr\/wp-json\/wp\/v2\/pages\/3230\/revisions\/28157"}],"up":[{"embeddable":true,"href":"https:\/\/cap.ca\/fr\/wp-json\/wp\/v2\/pages\/3203"}],"wp:attachment":[{"href":"https:\/\/cap.ca\/fr\/wp-json\/wp\/v2\/media?parent=3230"}],"curies":[{"name":"wp","href":"https:\/\/api.w.org\/{rel}","templated":true}]}}