{"id":3227,"date":"2017-03-09T15:15:33","date_gmt":"2017-03-09T20:15:33","guid":{"rendered":"http:\/\/caph-02.eproofs.ca\/dpp-nouvelles\/"},"modified":"2017-04-11T09:34:54","modified_gmt":"2017-04-11T13:34:54","slug":"dpp-nouvelles","status":"publish","type":"page","link":"https:\/\/cap.ca\/fr\/divisions\/dppf\/dpp-nouvelles\/","title":{"rendered":"Nouvelles et ressources de la DPP"},"content":{"rendered":"<h5>Conf\u00e9rences d&#8217;int\u00e9r\u00eat \u00e0 venir sur les plasmas pour les membres de la DPP-ACP<\/h5>\n<ul class=\"content-list\">\n<li><a href=\"http:\/\/ispc23.com\">23rd International Symposium on Plasma Chemistry<\/a> (ISPC23): July 30-Aug. 4 2017, Montr\u00e9al<\/li>\n<li><a href=\"http:\/\/ispc23.com\/summer_school\/\">ISPC23 Summer School: July 28-29 2017, Montr\u00e9al<\/a><\/li>\n<li><a href=\"http:\/\/iccworkshops.org\/epr2017\/index.php\">Exploratory Plasma and Fusion Research Workshop<\/a> (EPR 2017): August 1-4 2017, Vancouver<\/li>\n<li>19th International Congress on Plasma Physics (ICPP-2018): June 4-8 2018, Vancouver<\/li>\n<\/ul>\n<h5>Ressources et nouveaut\u00e9s de <em>La physique au Canada<\/em> dans le domaine des plasmas<\/h5>\n<ul class=\"content-list\">\n<li><a href=\"https:\/\/cap.ca\/wp-content\/uploads\/2017\/03\/Fusion_2030_roadmap_20160930.pdf\">Fusion 2030 Roadmap<\/a><\/li>\n<li><a href=\"https:\/\/www.aps.org\/units\/fip\/newsletters\/201609\/canada.cfm\">\u201cPlasma Physics in Canada\u201d<\/a> (From APS Forum on International Physics 2016 Newsletter)<\/li>\n<li><a href=\"https:\/\/pic-pac.cap.ca\/index.php\/Issues\/view_issue\/393\">\u201cA snapshot of research at Plasma Quebec\u201d themed edition of Physics in Canada, 2012.<\/a><\/li>\n<\/ul>\n","protected":false},"excerpt":{"rendered":"<p>Conf\u00e9rences d&#8217;int\u00e9r\u00eat \u00e0 venir sur les plasmas pour les membres de la DPP-ACP 23rd International Symposium on Plasma Chemistry (ISPC23): July 30-Aug. 4 2017, Montr\u00e9al ISPC23 Summer School: July 28-29 2017, Montr\u00e9al Exploratory Plasma and Fusion Research Workshop (EPR 2017): August 1-4 2017, Vancouver 19th International Congress on Plasma Physics (ICPP-2018): June 4-8 2018, Vancouver&#8230;  <a class=\"excerpt-read-more\" href=\"https:\/\/cap.ca\/fr\/divisions\/dppf\/dpp-nouvelles\/\" title=\"LireNouvelles et ressources de la DPP\">Lire la suite &raquo;<\/a><\/p>\n","protected":false},"author":10,"featured_media":0,"parent":3225,"menu_order":251,"comment_status":"closed","ping_status":"closed","template":"","meta":{"footnotes":""},"class_list":["post-3227","page","type-page","status-publish","hentry"],"_links":{"self":[{"href":"https:\/\/cap.ca\/fr\/wp-json\/wp\/v2\/pages\/3227","targetHints":{"allow":["GET"]}}],"collection":[{"href":"https:\/\/cap.ca\/fr\/wp-json\/wp\/v2\/pages"}],"about":[{"href":"https:\/\/cap.ca\/fr\/wp-json\/wp\/v2\/types\/page"}],"author":[{"embeddable":true,"href":"https:\/\/cap.ca\/fr\/wp-json\/wp\/v2\/users\/10"}],"replies":[{"embeddable":true,"href":"https:\/\/cap.ca\/fr\/wp-json\/wp\/v2\/comments?post=3227"}],"version-history":[{"count":3,"href":"https:\/\/cap.ca\/fr\/wp-json\/wp\/v2\/pages\/3227\/revisions"}],"predecessor-version":[{"id":6800,"href":"https:\/\/cap.ca\/fr\/wp-json\/wp\/v2\/pages\/3227\/revisions\/6800"}],"up":[{"embeddable":true,"href":"https:\/\/cap.ca\/fr\/wp-json\/wp\/v2\/pages\/3225"}],"wp:attachment":[{"href":"https:\/\/cap.ca\/fr\/wp-json\/wp\/v2\/media?parent=3227"}],"curies":[{"name":"wp","href":"https:\/\/api.w.org\/{rel}","templated":true}]}}