{"id":3225,"date":"2017-03-09T15:15:26","date_gmt":"2017-03-09T20:15:26","guid":{"rendered":"http:\/\/caph-02.eproofs.ca\/dppf\/"},"modified":"2026-02-25T12:51:33","modified_gmt":"2026-02-25T17:51:33","slug":"dppf","status":"publish","type":"page","link":"https:\/\/cap.ca\/fr\/divisions\/dppf\/","title":{"rendered":"Division de la physique des plasmas (DPP)"},"content":{"rendered":"<div class=\"wpb-content-wrapper\"><p>[vc_row][vc_column][vc_column_text]<\/p>\n<h2><span style=\"font-size: 14pt;\"><strong>\u00c0 propos de nous :<\/strong><\/span><\/h2>\n<p>La Division de la physique des plasmas de l&#8217;Association canadienne des physiciens et physiciennes (DPP-ACP) est vou\u00e9e \u00e0 l&#8217;avancement de la physique th\u00e9orique et exp\u00e9rimentale des plasmas sur un vaste front. La physique des plasmas est un domaine tr\u00e8s h\u00e9t\u00e9rog\u00e8ne, aux multiples applications en technologie, allant du traitement des mat\u00e9riaux \u00e0 la recherche \u00e9nerg\u00e9tique et aux nouvelles applications biom\u00e9dicales. La formation donn\u00e9e aux \u00e9tudiants en physique des plasmas leur permet de travailler dans divers domaines de haute technologie pendant leur carri\u00e8re. La DPP-ACP s&#8217;efforce d&#8217;unir les groupes de recherche sur les plasmas dans tout le pays, \u00e0 la fois en milieu universitaire et industriel.<\/p>\n<p>&nbsp;<\/p>\n<h2><span style=\"font-size: 14pt;\"><strong>Nos objectifs\/activit\u00e9s :<\/strong><\/span><\/h2>\n<p>La DPP-ACP appuie les activit\u00e9s dans les domaines suivants de la physique des plasmas :<\/p>\n<ul class=\"content-list\">\n<li>th\u00e9orie et exp\u00e9rience en physique fondamentale des plasmas<\/li>\n<li>interactions laser-plasma<\/li>\n<li>traitement de mat\u00e9riaux d\u00e9riv\u00e9s du plasma<\/li>\n<li>recherche sur la fusion des plasmas (confinement magn\u00e9tique ou par inertie et autres approches)<\/li>\n<li>applications biom\u00e9dicales des plasmas<\/li>\n<\/ul>\n<h2><span style=\"font-size: 14pt;\"><strong>Plus d&#8217;ici :<\/strong><\/span><\/h2>\n<ul class=\"content-list\">\n<li><a href=\"https:\/\/cap.ca\/fr\/divisions\/dppf\/dpp-prix\/\">Prix et recompenses de la DPP<\/a><\/li>\n<li><a href=\"https:\/\/cap.ca\/fr\/divisions\/dppf\/dpp-nouvelles\/\">Nouvelles et ressources de la DPP<\/a><\/li>\n<\/ul>\n<p>[\/vc_column_text][vc_separator][\/vc_column][\/vc_row][vc_row][vc_column][vc_single_image image=&#8221;28713&#8243; img_size=&#8221;full&#8221; style=&#8221;vc_box_rounded&#8221; css=&#8221;.vc_custom_1502222143261{margin-bottom: 0px !important;border-bottom-width: 0px !important;padding-bottom: 0px !important;}&#8221;][vc_column_text]<\/p>\n<h2><span style=\"font-size: 14pt;\"><b>Notre leadership :<\/b><\/span><\/h2>\n<p>[\/vc_column_text][vc_row_inner][vc_column_inner width=&#8221;1\/3&#8243;][vc_single_image image=&#8221;28713&#8243; img_size=&#8221;full&#8221; style=&#8221;vc_box_rounded&#8221; css=&#8221;.vc_custom_1502222143261{margin-bottom: 0px !important;border-bottom-width: 0px !important;padding-bottom: 0px !important;}&#8221;][vc_custom_heading text=&#8221;Pr\u00e9sident&#8221; font_container=&#8221;tag:h3|font_size:17px|text_align:left&#8221; use_theme_fonts=&#8221;yes&#8221;][vc_column_text css=&#8221;&#8221;]<strong>Amina Hussein<br \/>\n<\/strong>University of Alberta[\/vc_column_text][\/vc_column_inner][vc_column_inner width=&#8221;1\/3&#8243;][vc_single_image image=&#8221;28713&#8243; img_size=&#8221;full&#8221; style=&#8221;vc_box_rounded&#8221; css=&#8221;.vc_custom_1502222143261{margin-bottom: 0px !important;border-bottom-width: 0px !important;padding-bottom: 0px !important;}&#8221;][vc_custom_heading text=&#8221;Vice-pr\u00e9sidente&#8221; font_container=&#8221;tag:h3|font_size:17px|text_align:left&#8221; use_theme_fonts=&#8221;yes&#8221;][vc_column_text css=&#8221;&#8221;]<strong>Emile Carbone<br \/>\n<\/strong>Institut national de la recherche scientifique (INRS)[\/vc_column_text][\/vc_column_inner][vc_column_inner width=&#8221;1\/3&#8243;][vc_single_image image=&#8221;13957&#8243; img_size=&#8221;full&#8221; style=&#8221;vc_box_rounded&#8221; css=&#8221;.vc_custom_1561131664995{margin-bottom: 0px !important;border-bottom-width: 0px !important;padding-bottom: 0px !important;}&#8221;][vc_custom_heading text=&#8221;Secr\u00e9taire&#8221; font_container=&#8221;tag:h3|font_size:17px|text_align:left&#8221; use_theme_fonts=&#8221;yes&#8221;][vc_column_text]<strong>Jason Myatt<br \/>\n<\/strong>University of Alberta[\/vc_column_text][\/vc_column_inner][\/vc_row_inner][vc_separator][vc_row_inner][vc_column_inner width=&#8221;1\/3&#8243;][vc_single_image image=&#8221;28713&#8243; img_size=&#8221;full&#8221; style=&#8221;vc_box_rounded&#8221; css=&#8221;.vc_custom_1502222143261{margin-bottom: 0px !important;border-bottom-width: 0px !important;padding-bottom: 0px !important;}&#8221;][vc_custom_heading text=&#8221;Ancienne pr\u00e9sident&#8221; font_container=&#8221;tag:h3|font_size:17px|text_align:left&#8221; use_theme_fonts=&#8221;yes&#8221; css=&#8221;&#8221;][vc_column_text css=&#8221;&#8221;]<b>Stephan Reuter<br \/>\n<\/b>Polytechnique Montr\u00e9al[\/vc_column_text][\/vc_column_inner][vc_column_inner width=&#8221;1\/3&#8243;][vc_single_image image=&#8221;28713&#8243; img_size=&#8221;full&#8221; style=&#8221;vc_box_rounded&#8221; css=&#8221;.vc_custom_1502222143261{margin-bottom: 0px !important;border-bottom-width: 0px !important;padding-bottom: 0px !important;}&#8221;][vc_custom_heading text=&#8221;Webma\u00eetre&#8221; font_container=&#8221;tag:h3|font_size:17px|text_align:left&#8221; use_theme_fonts=&#8221;yes&#8221;][vc_column_text css=&#8221;&#8221;]<strong>Amina Hussein<br \/>\n<\/strong>University of Alberta[\/vc_column_text][\/vc_column_inner][\/vc_row_inner][\/vc_column][\/vc_row]<\/p>\n<\/div>","protected":false},"excerpt":{"rendered":"<p>[vc_row][vc_column][vc_column_text] \u00c0 propos de nous : La Division de la physique des plasmas de l&#8217;Association canadienne des physiciens et physiciennes (DPP-ACP) est vou\u00e9e \u00e0 l&#8217;avancement de la physique th\u00e9orique et exp\u00e9rimentale des plasmas sur un vaste front. La physique des plasmas est un domaine tr\u00e8s h\u00e9t\u00e9rog\u00e8ne, aux multiples applications en technologie, allant du traitement des&#8230;  <a class=\"excerpt-read-more\" href=\"https:\/\/cap.ca\/fr\/divisions\/dppf\/\" title=\"LireDivision de la physique des plasmas (DPP)\">Lire la suite &raquo;<\/a><\/p>\n","protected":false},"author":10,"featured_media":0,"parent":3203,"menu_order":146,"comment_status":"closed","ping_status":"closed","template":"","meta":{"footnotes":""},"class_list":["post-3225","page","type-page","status-publish","hentry"],"_links":{"self":[{"href":"https:\/\/cap.ca\/fr\/wp-json\/wp\/v2\/pages\/3225","targetHints":{"allow":["GET"]}}],"collection":[{"href":"https:\/\/cap.ca\/fr\/wp-json\/wp\/v2\/pages"}],"about":[{"href":"https:\/\/cap.ca\/fr\/wp-json\/wp\/v2\/types\/page"}],"author":[{"embeddable":true,"href":"https:\/\/cap.ca\/fr\/wp-json\/wp\/v2\/users\/10"}],"replies":[{"embeddable":true,"href":"https:\/\/cap.ca\/fr\/wp-json\/wp\/v2\/comments?post=3225"}],"version-history":[{"count":22,"href":"https:\/\/cap.ca\/fr\/wp-json\/wp\/v2\/pages\/3225\/revisions"}],"predecessor-version":[{"id":28716,"href":"https:\/\/cap.ca\/fr\/wp-json\/wp\/v2\/pages\/3225\/revisions\/28716"}],"up":[{"embeddable":true,"href":"https:\/\/cap.ca\/fr\/wp-json\/wp\/v2\/pages\/3203"}],"wp:attachment":[{"href":"https:\/\/cap.ca\/fr\/wp-json\/wp\/v2\/media?parent=3225"}],"curies":[{"name":"wp","href":"https:\/\/api.w.org\/{rel}","templated":true}]}}