{"id":3223,"date":"2017-03-09T15:15:19","date_gmt":"2017-03-09T20:15:19","guid":{"rendered":"http:\/\/caph-02.eproofs.ca\/dpmbf\/"},"modified":"2025-11-03T16:39:23","modified_gmt":"2025-11-03T21:39:23","slug":"dpmbf","status":"publish","type":"page","link":"https:\/\/cap.ca\/fr\/divisions\/dpmbf\/","title":{"rendered":"Division de la physique en m\u00e9decine et en biologie (DPMB)"},"content":{"rendered":"<div class=\"wpb-content-wrapper\"><p>[vc_row][vc_column][vc_column_text]<\/p>\n<h2>Nos objectifs\/activit\u00e9s<\/h2>\n<ul class=\"content-list\">\n<li>rehausser le profil de la recherche en physique reli\u00e9e \u00e0 la m\u00e9decine et \u00e0 la biologie au Canada<\/li>\n<li>soutenir les possibilit\u00e9s de recherche et les \u00e9tudes sup\u00e9rieures pour les \u00e9tudiants int\u00e9ress\u00e9s \u00e0 la recherche concernant la physique en m\u00e9decine et en biologie<\/li>\n<\/ul>\n<h2><a href=\"http:\/\/dpmb.physics.umanitoba.ca\">DPMB Site Externe<\/a><\/h2>\n<ul class=\"content-list\">\n<li>Cliquez sur le lien ci-dessus pour \u00eatre redirig\u00e9 vers les derni\u00e8res nouvelles et informations du DPMB<\/li>\n<\/ul>\n<p><a class=\"placeholder-for-division-link\" href=\"https:\/\/cap.ca\/fr\/divisions\/dpmbf\/dpmb-nouvelles\/\">Nouvelles et ressources de la DPMB<\/a>[\/vc_column_text][\/vc_column][\/vc_row][vc_row][vc_column][vc_custom_heading text=&#8221;Notre leadership&#8221; use_theme_fonts=&#8221;yes&#8221;][vc_row_inner][vc_column_inner width=&#8221;1\/3&#8243;][vc_single_image image=&#8221;8042&#8243; img_size=&#8221;full&#8221; style=&#8221;vc_box_rounded&#8221; css=&#8221;.vc_custom_1502311988688{margin-bottom: 0px !important;border-bottom-width: 0px !important;padding-bottom: 0px !important;}&#8221;][vc_custom_heading text=&#8221;Pr\u00e9sidente&#8221; font_container=&#8221;tag:h3|font_size:17px|text_align:left&#8221; use_theme_fonts=&#8221;yes&#8221; css=&#8221;&#8221;][vc_column_text css=&#8221;&#8221;]<b>Maria Kilfoil<\/b><br \/>\nUniversity of PEI[\/vc_column_text][\/vc_column_inner][vc_column_inner width=&#8221;1\/3&#8243;][vc_single_image image=&#8221;8042&#8243; style=&#8221;vc_box_rounded&#8221; css=&#8221;.vc_custom_1722444961055{margin-bottom: 0px !important;border-bottom-width: 0px !important;padding-bottom: 0px !important;}&#8221;][vc_custom_heading text=&#8221;Vice-pr\u00e9sidente&#8221; font_container=&#8221;tag:h3|font_size:17px|text_align:left&#8221; use_theme_fonts=&#8221;yes&#8221; css=&#8221;&#8221;][vc_column_text css=&#8221;&#8221;]<b>Vacant<\/b>[\/vc_column_text][\/vc_column_inner][vc_column_inner width=&#8221;1\/3&#8243;][vc_single_image image=&#8221;17759&#8243; img_size=&#8221;full&#8221; style=&#8221;vc_box_rounded&#8221; css=&#8221;.vc_custom_1561475252272{margin-bottom: 0px !important;border-bottom-width: 0px !important;padding-bottom: 0px !important;}&#8221;][vc_custom_heading text=&#8221;Secr\u00e9taire-tr\u00e9sorier&#8221; font_container=&#8221;tag:h3|font_size:17px|text_align:left&#8221; use_theme_fonts=&#8221;yes&#8221; css=&#8221;&#8221;][vc_column_text]<strong>Melanie Campbell<br \/>\n<\/strong>University of Waterloo[\/vc_column_text][\/vc_column_inner][\/vc_row_inner][vc_separator][vc_row_inner][vc_column_inner width=&#8221;1\/3&#8243;][vc_single_image image=&#8221;8042&#8243; img_size=&#8221;full&#8221; style=&#8221;vc_box_rounded&#8221; css=&#8221;.vc_custom_1661171156212{margin-bottom: 0px !important;border-bottom-width: 0px !important;padding-bottom: 0px !important;}&#8221;][vc_custom_heading text=&#8221;Ancienne pr\u00e9sident&#8221; font_container=&#8221;tag:h3|font_size:17px|text_align:left&#8221; use_theme_fonts=&#8221;yes&#8221; css=&#8221;&#8221;][vc_column_text]<b>Mamadou Diop<\/b><br \/>\nUniversity of Western Ontario[\/vc_column_text][\/vc_column_inner][vc_column_inner width=&#8221;1\/3&#8243;][vc_single_image image=&#8221;8042&#8243; img_size=&#8221;full&#8221; style=&#8221;vc_box_rounded&#8221; css=&#8221;.vc_custom_1502311687636{margin-bottom: 0px !important;border-bottom-width: 0px !important;padding-bottom: 0px !important;}&#8221;][vc_custom_heading text=&#8221;Webmestre&#8221; font_container=&#8221;tag:h3|font_size:17px|text_align:left&#8221; use_theme_fonts=&#8221;yes&#8221; css=&#8221;&#8221;][vc_column_text]<strong>Vacant<br \/>\n<\/strong>[\/vc_column_text][\/vc_column_inner][\/vc_row_inner][\/vc_column][\/vc_row]<\/p>\n<\/div>","protected":false},"excerpt":{"rendered":"<p>[vc_row][vc_column][vc_column_text] Nos objectifs\/activit\u00e9s rehausser le profil de la recherche en physique reli\u00e9e \u00e0 la m\u00e9decine et \u00e0 la biologie au Canada soutenir les possibilit\u00e9s de recherche et les \u00e9tudes sup\u00e9rieures pour les \u00e9tudiants int\u00e9ress\u00e9s \u00e0 la recherche concernant la physique en m\u00e9decine et en biologie DPMB Site Externe Cliquez sur le lien ci-dessus pour \u00eatre&#8230;  <a class=\"excerpt-read-more\" href=\"https:\/\/cap.ca\/fr\/divisions\/dpmbf\/\" title=\"LireDivision de la physique en m\u00e9decine et en biologie (DPMB)\">Lire la suite &raquo;<\/a><\/p>\n","protected":false},"author":10,"featured_media":0,"parent":3203,"menu_order":145,"comment_status":"closed","ping_status":"closed","template":"","meta":{"footnotes":""},"class_list":["post-3223","page","type-page","status-publish","hentry"],"_links":{"self":[{"href":"https:\/\/cap.ca\/fr\/wp-json\/wp\/v2\/pages\/3223","targetHints":{"allow":["GET"]}}],"collection":[{"href":"https:\/\/cap.ca\/fr\/wp-json\/wp\/v2\/pages"}],"about":[{"href":"https:\/\/cap.ca\/fr\/wp-json\/wp\/v2\/types\/page"}],"author":[{"embeddable":true,"href":"https:\/\/cap.ca\/fr\/wp-json\/wp\/v2\/users\/10"}],"replies":[{"embeddable":true,"href":"https:\/\/cap.ca\/fr\/wp-json\/wp\/v2\/comments?post=3223"}],"version-history":[{"count":26,"href":"https:\/\/cap.ca\/fr\/wp-json\/wp\/v2\/pages\/3223\/revisions"}],"predecessor-version":[{"id":28147,"href":"https:\/\/cap.ca\/fr\/wp-json\/wp\/v2\/pages\/3223\/revisions\/28147"}],"up":[{"embeddable":true,"href":"https:\/\/cap.ca\/fr\/wp-json\/wp\/v2\/pages\/3203"}],"wp:attachment":[{"href":"https:\/\/cap.ca\/fr\/wp-json\/wp\/v2\/media?parent=3223"}],"curies":[{"name":"wp","href":"https:\/\/api.w.org\/{rel}","templated":true}]}}