{"id":3222,"date":"2017-03-09T15:15:15","date_gmt":"2017-03-09T20:15:15","guid":{"rendered":"http:\/\/caph-02.eproofs.ca\/dep-nouvelles\/"},"modified":"2020-12-02T08:44:17","modified_gmt":"2020-12-02T13:44:17","slug":"dep-nouvelles","status":"publish","type":"page","link":"https:\/\/cap.ca\/fr\/divisions\/dep\/dep-nouvelles\/","title":{"rendered":"Nouvelles et ressources de la DEP"},"content":{"rendered":"<div class=\"wpb-content-wrapper\"><p>[vc_row][vc_column][vc_cta h2=&#8221;&#8221; h4=&#8221;R\u00e9pertoire des ressources DPE pour les laboratoires en ligne&#8221;]<\/p>\n<h3><\/h3>\n<p>Les derniers mois ont montr\u00e9 la n\u00e9cessit\u00e9 &#8211; et les avantages &#8211; de cr\u00e9er et de partager des ressources pour l&#8217;enseignement en ligne, en particulier des laboratoires, au sein de la communaut\u00e9 de la physique. Bien qu&#8217;il existe plusieurs sites Web tels que compadre.org qui proposent du mat\u00e9riel sous licence CC, nous avons \u00e9galement remarqu\u00e9 que les gens sont int\u00e9ress\u00e9s \u00e0 apprendre de leurs coll\u00e8gues (locaux), \u00e0 partager leurs propres cr\u00e9ations et \u00e0 collaborer \u00e0 d&#8217;autres am\u00e9liorations. Cela n\u00e9cessite un espace communautaire o\u00f9 les instructeurs sont \u00e0 l&#8217;aise de partager leur travail pas encore compl\u00e8tement perfectionn\u00e9 avec d&#8217;autres. Ce r\u00e9pertoire fournit cet espace.<\/p>\n<p>Si vous souhaitez partager des informations sur une exp\u00e9rience de laboratoire en ligne, comme un manuel de laboratoire, une vid\u00e9o de d\u00e9monstration, des ensembles de donn\u00e9es, une rubrique d&#8217;\u00e9valuation, etc., veuillez cliquer ici (lien \u00e0 venir). Vos informations permettront aux autres membres du DPE de consulter votre ressource ou de vous contacter, selon ce que vous avez d\u00e9cid\u00e9 de partager.<\/p>\n<p><strong>AVIS DISPONIBLE<\/strong> &#8211; Pour consulter la liste des ressources affich\u00e9es dans notre r\u00e9pertoire des ressources des laboratoires en ligne du DEP, <strong><a href=\"https:\/\/dpe.cap.ca\/resources-online-labs\/\" target=\"_blank\" rel=\"noopener noreferrer\">veuillez cliquer ici<\/a><\/strong>. Veuillez noter que le contenu du r\u00e9pertoire sera accessible au public jusqu&#8217;au 15 d\u00e9cembre 2020. \u00c0 partir du 16 d\u00e9cembre 2020, seuls les membres \u00e0 part enti\u00e8re non \u00e9tudiants et les enseignants du secondaire affili\u00e9s \u00e0 l&#8217;ACP pourront acc\u00e9der au contenu du r\u00e9pertoire..<\/p>\n<p>Si vous avez des questions, contactez les membres du groupe de travail: Chitra Rangan, Daria Ahrensmeier, Jahanvi Patel, Joanna O&#8217;Meara, Jennifer Kirkey.<\/p>\n<p><strong>Si vous trouvez une ressource inappropri\u00e9e, veuillez le signaler en utilisant le formulaire <a href=\"#Report-Form\">au bas de cette page<\/a><\/strong>.[\/vc_cta][vc_column_text]<\/p>\n<h3><\/h3>\n<h5><\/h5>\n<h5>Ressources<\/h5>\n<ul class=\"content-list\">\n<li><a href=\"\/fr\/activites\/ressources-enseignants-physique\/outreachf\">Ressources en enseignement\/apprentissage pour les enseignants en physique<\/a><\/li>\n<li><a href=\"https:\/\/pic-pac.cap.ca\/?lang=fr-ca\">L&#8217;espace enseignement de <em>La Physique au Canada<\/em><\/a><\/li>\n<\/ul>\n<h5>S\u00e9ances du congr\u00e8s de la DEP<\/h5>\n<ul class=\"content-list\">\n<li><a href=\"https:\/\/cap.ca\/fr\/congres-de-lacp\/congres-anterieurs\/congres-2016\/journee-des-enseignants-2016\/\">Atelier 2016 des enseignants<\/a><\/li>\n<\/ul>\n<h5><a href=\"https:\/\/cap.ca\/wp-content\/uploads\/2017\/03\/arion_dpe_talk_2014.pdf\">Congr\u00e8s 2015<\/a><\/h5>\n<ul class=\"content-list\">\n<li>June 15: 15:45 \u201317:15: Teaching Physics to a Wider Audience<\/li>\n<li>June 16: 8:30 \u2013 17:00 : Annual Teacher\u2019s Day<\/li>\n<li>June 16: 10:15 \u2013 10:45: CAP Teaching Medal Plenary<\/li>\n<li>June 16: 13:45 \u2013 15:15: Gender and Arts in Physics Teaching<\/li>\n<li>June 17: 8:45 \u2013 10:15: Strengthening Physics Departments<\/li>\n<li>June 17: 13:45 \u2013 15:15: PM Labs and Research Experiments for Students<\/li>\n<li>June 18: 8:45 \u2013 10:45: Interactive Teaching and Use of Technology<\/li>\n<li>June 18: 13:45 \u2013 155: Curriculum Development<\/li>\n<\/ul>\n<h5>Congr\u00e8s 2014<\/h5>\n<ul class=\"content-list\">\n<li><a href=\"https:\/\/cap.ca\/wp-content\/uploads\/2017\/03\/arion_dpe_talk_2014.pdf\">Douglas Arion : Aider les \u00e9tudiants \u00e0 trouver des carri\u00e8res hors du milieu universitaire<\/a><\/li>\n<\/ul>\n<p>[\/vc_column_text][\/vc_column][\/vc_row]<\/p>\n<p>&nbsp;<\/p>\n<p><a id=\"Report-Form\"><\/a><script type=\"text\/javascript\">\n\/* <![CDATA[ *\/\nvar gform;gform||(document.addEventListener(\"gform_main_scripts_loaded\",function(){gform.scriptsLoaded=!0}),document.addEventListener(\"gform\/theme\/scripts_loaded\",function(){gform.themeScriptsLoaded=!0}),window.addEventListener(\"DOMContentLoaded\",function(){gform.domLoaded=!0}),gform={domLoaded:!1,scriptsLoaded:!1,themeScriptsLoaded:!1,isFormEditor:()=>\"function\"==typeof InitializeEditor,callIfLoaded:function(o){return!(!gform.domLoaded||!gform.scriptsLoaded||!gform.themeScriptsLoaded&&!gform.isFormEditor()||(gform.isFormEditor()&&console.warn(\"The use of gform.initializeOnLoaded() is deprecated in the form editor context and will be removed in Gravity Forms 3.1.\"),o(),0))},initializeOnLoaded:function(o){gform.callIfLoaded(o)||(document.addEventListener(\"gform_main_scripts_loaded\",()=>{gform.scriptsLoaded=!0,gform.callIfLoaded(o)}),document.addEventListener(\"gform\/theme\/scripts_loaded\",()=>{gform.themeScriptsLoaded=!0,gform.callIfLoaded(o)}),window.addEventListener(\"DOMContentLoaded\",()=>{gform.domLoaded=!0,gform.callIfLoaded(o)}))},hooks:{action:{},filter:{}},addAction:function(o,r,e,t){gform.addHook(\"action\",o,r,e,t)},addFilter:function(o,r,e,t){gform.addHook(\"filter\",o,r,e,t)},doAction:function(o){gform.doHook(\"action\",o,arguments)},applyFilters:function(o){return gform.doHook(\"filter\",o,arguments)},removeAction:function(o,r){gform.removeHook(\"action\",o,r)},removeFilter:function(o,r,e){gform.removeHook(\"filter\",o,r,e)},addHook:function(o,r,e,t,n){null==gform.hooks[o][r]&&(gform.hooks[o][r]=[]);var d=gform.hooks[o][r];null==n&&(n=r+\"_\"+d.length),gform.hooks[o][r].push({tag:n,callable:e,priority:t=null==t?10:t})},doHook:function(r,o,e){var t;if(e=Array.prototype.slice.call(e,1),null!=gform.hooks[r][o]&&((o=gform.hooks[r][o]).sort(function(o,r){return o.priority-r.priority}),o.forEach(function(o){\"function\"!=typeof(t=o.callable)&&(t=window[t]),\"action\"==r?t.apply(null,e):e[0]=t.apply(null,e)})),\"filter\"==r)return e[0]},removeHook:function(o,r,t,n){var e;null!=gform.hooks[o][r]&&(e=(e=gform.hooks[o][r]).filter(function(o,r,e){return!!(null!=n&&n!=o.tag||null!=t&&t!=o.priority)}),gform.hooks[o][r]=e)}});\n\/* ]]> *\/\n<\/script>\n\n                <div class='gf_browser_gecko gform_wrapper gform_legacy_markup_wrapper gform-theme--no-framework' data-form-theme='legacy' data-form-index='0' id='gform_wrapper_21' ><style>#gform_wrapper_21[data-form-index=\"0\"].gform-theme,[data-parent-form=\"21_0\"]{--gf-color-primary: #204ce5;--gf-color-primary-rgb: 32, 76, 229;--gf-color-primary-contrast: #fff;--gf-color-primary-contrast-rgb: 255, 255, 255;--gf-color-primary-darker: #001AB3;--gf-color-primary-lighter: #527EFF;--gf-color-secondary: #fff;--gf-color-secondary-rgb: 255, 255, 255;--gf-color-secondary-contrast: #112337;--gf-color-secondary-contrast-rgb: 17, 35, 55;--gf-color-secondary-darker: #F5F5F5;--gf-color-secondary-lighter: #FFFFFF;--gf-color-out-ctrl-light: rgba(17, 35, 55, 0.1);--gf-color-out-ctrl-light-rgb: 17, 35, 55;--gf-color-out-ctrl-light-darker: rgba(104, 110, 119, 0.35);--gf-color-out-ctrl-light-lighter: #F5F5F5;--gf-color-out-ctrl-dark: #585e6a;--gf-color-out-ctrl-dark-rgb: 88, 94, 106;--gf-color-out-ctrl-dark-darker: #112337;--gf-color-out-ctrl-dark-lighter: rgba(17, 35, 55, 0.65);--gf-color-in-ctrl: #fff;--gf-color-in-ctrl-rgb: 255, 255, 255;--gf-color-in-ctrl-contrast: #112337;--gf-color-in-ctrl-contrast-rgb: 17, 35, 55;--gf-color-in-ctrl-darker: #F5F5F5;--gf-color-in-ctrl-lighter: #FFFFFF;--gf-color-in-ctrl-primary: #204ce5;--gf-color-in-ctrl-primary-rgb: 32, 76, 229;--gf-color-in-ctrl-primary-contrast: #fff;--gf-color-in-ctrl-primary-contrast-rgb: 255, 255, 255;--gf-color-in-ctrl-primary-darker: #001AB3;--gf-color-in-ctrl-primary-lighter: #527EFF;--gf-color-in-ctrl-light: rgba(17, 35, 55, 0.1);--gf-color-in-ctrl-light-rgb: 17, 35, 55;--gf-color-in-ctrl-light-darker: rgba(104, 110, 119, 0.35);--gf-color-in-ctrl-light-lighter: #F5F5F5;--gf-color-in-ctrl-dark: #585e6a;--gf-color-in-ctrl-dark-rgb: 88, 94, 106;--gf-color-in-ctrl-dark-darker: #112337;--gf-color-in-ctrl-dark-lighter: rgba(17, 35, 55, 0.65);--gf-radius: 3px;--gf-font-size-secondary: 14px;--gf-font-size-tertiary: 13px;--gf-icon-ctrl-number: url(\"data:image\/svg+xml,%3Csvg width='8' height='14' viewBox='0 0 8 14' fill='none' xmlns='http:\/\/www.w3.org\/2000\/svg'%3E%3Cpath fill-rule='evenodd' clip-rule='evenodd' d='M4 0C4.26522 5.96046e-08 4.51957 0.105357 4.70711 0.292893L7.70711 3.29289C8.09763 3.68342 8.09763 4.31658 7.70711 4.70711C7.31658 5.09763 6.68342 5.09763 6.29289 4.70711L4 2.41421L1.70711 4.70711C1.31658 5.09763 0.683417 5.09763 0.292893 4.70711C-0.0976311 4.31658 -0.097631 3.68342 0.292893 3.29289L3.29289 0.292893C3.48043 0.105357 3.73478 0 4 0ZM0.292893 9.29289C0.683417 8.90237 1.31658 8.90237 1.70711 9.29289L4 11.5858L6.29289 9.29289C6.68342 8.90237 7.31658 8.90237 7.70711 9.29289C8.09763 9.68342 8.09763 10.3166 7.70711 10.7071L4.70711 13.7071C4.31658 14.0976 3.68342 14.0976 3.29289 13.7071L0.292893 10.7071C-0.0976311 10.3166 -0.0976311 9.68342 0.292893 9.29289Z' fill='rgba(17, 35, 55, 0.65)'\/%3E%3C\/svg%3E\");--gf-icon-ctrl-select: url(\"data:image\/svg+xml,%3Csvg width='10' height='6' viewBox='0 0 10 6' fill='none' xmlns='http:\/\/www.w3.org\/2000\/svg'%3E%3Cpath fill-rule='evenodd' clip-rule='evenodd' d='M0.292893 0.292893C0.683417 -0.097631 1.31658 -0.097631 1.70711 0.292893L5 3.58579L8.29289 0.292893C8.68342 -0.0976311 9.31658 -0.0976311 9.70711 0.292893C10.0976 0.683417 10.0976 1.31658 9.70711 1.70711L5.70711 5.70711C5.31658 6.09763 4.68342 6.09763 4.29289 5.70711L0.292893 1.70711C-0.0976311 1.31658 -0.0976311 0.683418 0.292893 0.292893Z' fill='rgba(17, 35, 55, 0.65)'\/%3E%3C\/svg%3E\");--gf-icon-ctrl-search: url(\"data:image\/svg+xml,%3Csvg width='640' height='640' xmlns='http:\/\/www.w3.org\/2000\/svg'%3E%3Cpath d='M256 128c-70.692 0-128 57.308-128 128 0 70.691 57.308 128 128 128 70.691 0 128-57.309 128-128 0-70.692-57.309-128-128-128zM64 256c0-106.039 85.961-192 192-192s192 85.961 192 192c0 41.466-13.146 79.863-35.498 111.248l154.125 154.125c12.496 12.496 12.496 32.758 0 45.254s-32.758 12.496-45.254 0L367.248 412.502C335.862 434.854 297.467 448 256 448c-106.039 0-192-85.962-192-192z' fill='rgba(17, 35, 55, 0.65)'\/%3E%3C\/svg%3E\");--gf-label-space-y-secondary: var(--gf-label-space-y-md-secondary);--gf-ctrl-border-color: #686e77;--gf-ctrl-size: var(--gf-ctrl-size-md);--gf-ctrl-label-color-primary: #112337;--gf-ctrl-label-color-secondary: #112337;--gf-ctrl-choice-size: var(--gf-ctrl-choice-size-md);--gf-ctrl-checkbox-check-size: var(--gf-ctrl-checkbox-check-size-md);--gf-ctrl-radio-check-size: var(--gf-ctrl-radio-check-size-md);--gf-ctrl-btn-font-size: var(--gf-ctrl-btn-font-size-md);--gf-ctrl-btn-padding-x: var(--gf-ctrl-btn-padding-x-md);--gf-ctrl-btn-size: var(--gf-ctrl-btn-size-md);--gf-ctrl-btn-border-color-secondary: #686e77;--gf-ctrl-file-btn-bg-color-hover: #EBEBEB;--gf-field-img-choice-size: var(--gf-field-img-choice-size-md);--gf-field-img-choice-card-space: var(--gf-field-img-choice-card-space-md);--gf-field-img-choice-check-ind-size: var(--gf-field-img-choice-check-ind-size-md);--gf-field-img-choice-check-ind-icon-size: var(--gf-field-img-choice-check-ind-icon-size-md);--gf-field-pg-steps-number-color: rgba(17, 35, 55, 0.8);}<\/style>\n                        <div class='gform_heading'>\n                            <h3 class=\"gform_title\">DPE Online Resource Reporting Form \/ Formulaire de d\u00e9claration des ressources en ligne du DEP<\/h3>\n                            <p class='gform_description'>This form is to be used to submit concerns about resources that have been posted to the DPE online resource page. \/ Ce formulaire doit \u00eatre utilis\u00e9 pour soumettre des pr\u00e9occupations concernant les ressources qui ont \u00e9t\u00e9 affich\u00e9es sur la page des ressources en ligne du DEP.<\/p>\n                        <\/div><form method='post' enctype='multipart\/form-data'  id='gform_21'  action='\/fr\/wp-json\/wp\/v2\/pages\/3222' data-formid='21' novalidate>\n                        <div class='gform-body gform_body'><ul id='gform_fields_21' class='gform_fields top_label form_sublabel_above description_above validation_below'><li id=\"field_21_5\" class=\"gfield gfield--type-honeypot gform_validation_container field_sublabel_above gfield--has-description field_description_above field_validation_below gfield_visibility_visible\"  ><label class='gfield_label gform-field-label' for='input_21_5'>URL<\/label><div class='gfield_description' id='gfield_description_21_5'>Ce champ n\u2019est utilis\u00e9 qu\u2019\u00e0 des fins de validation et devrait rester inchang\u00e9.<\/div><div class='ginput_container'><input name='input_5' id='input_21_5' type='text' value='' autocomplete='new-password'\/><\/div><\/li><li id=\"field_21_1\" class=\"gfield gfield--type-name gfield_contains_required field_sublabel_above gfield--no-description field_description_above field_validation_below gfield_visibility_visible\"  ><label class='gfield_label gform-field-label gfield_label_before_complex' >Name \/ Nom<span class=\"gfield_required\"><span class=\"gfield_required gfield_required_asterisk\">*<\/span><\/span><\/label><div class='ginput_complex ginput_container ginput_container--name no_prefix has_first_name no_middle_name has_last_name no_suffix gf_name_has_2 ginput_container_name gform-grid-row' id='input_21_1'>\n                            \n                            <span id='input_21_1_3_container' class='name_first gform-grid-col gform-grid-col--size-auto' >\n                                                    <label for='input_21_1_3' class='gform-field-label gform-field-label--type-sub '>First \/ Pr\u00e9nom<\/label>\n                                                    <input type='text' name='input_1.3' id='input_21_1_3' value=''   aria-required='true'     \/>\n                                                <\/span>\n                            \n                            <span id='input_21_1_6_container' class='name_last gform-grid-col gform-grid-col--size-auto' >\n                                                            <label for='input_21_1_6' class='gform-field-label gform-field-label--type-sub '>Last \/ Nom de famille<\/label>\n                                                            <input type='text' name='input_1.6' id='input_21_1_6' value=''   aria-required='true'     \/>\n                                                        <\/span>\n                            \n                        <\/div><\/li><li id=\"field_21_2\" class=\"gfield gfield--type-date gfield--input-type-datepicker gfield--datepicker-default-icon gfield_contains_required field_sublabel_above gfield--no-description field_description_above field_validation_below gfield_visibility_visible\"  ><label class='gfield_label gform-field-label' for='input_21_2'>Date<span class=\"gfield_required\"><span class=\"gfield_required gfield_required_asterisk\">*<\/span><\/span><\/label><div class='ginput_container ginput_container_date'>\n                            <input name='input_2' id='input_21_2' type='text' value='' class='datepicker gform-datepicker mdy datepicker_with_icon gdatepicker_with_icon'   placeholder='mm\/jj\/aaaa' aria-describedby=\"input_21_2_date_format\" aria-invalid=\"false\" aria-required=\"true\"\/>\n                            <span id='input_21_2_date_format' class='screen-reader-text'>MM slash JJ slash AAAA<\/span>\n                        <\/div>\n                        <input type='hidden' id='gforms_calendar_icon_input_21_2' class='gform_hidden' value='https:\/\/cap.ca\/wp-content\/plugins\/gravityforms\/images\/datepicker\/datepicker.svg'\/><\/li><li id=\"field_21_3\" class=\"gfield gfield--type-email gfield_contains_required field_sublabel_above gfield--no-description field_description_above field_validation_below gfield_visibility_visible\"  ><label class='gfield_label gform-field-label gfield_label_before_complex' >Email \/ Courriel<span class=\"gfield_required\"><span class=\"gfield_required gfield_required_asterisk\">*<\/span><\/span><\/label><div class='ginput_complex ginput_container ginput_container_email gform-grid-row' id='input_21_3_container'>\n                                <span id='input_21_3_1_container' class='ginput_left gform-grid-col gform-grid-col--size-auto'>\n                                    <label for='input_21_3' class='gform-field-label gform-field-label--type-sub '>Enter Email \/ Entrez votre courriel<\/label>\n                                    <input class='' type='email' name='input_3' id='input_21_3' value=''    aria-required=\"true\" aria-invalid=\"false\"  \/>\n                                <\/span>\n                                <span id='input_21_3_2_container' class='ginput_right gform-grid-col gform-grid-col--size-auto'>\n                                    <label for='input_21_3_2' class='gform-field-label gform-field-label--type-sub '>Confirm Email \/ Confirmer le courriel<\/label>\n                                    <input class='' type='email' name='input_3_2' id='input_21_3_2' value=''    aria-required=\"true\" aria-invalid=\"false\"  \/>\n                                <\/span>\n                                <div class='gf_clear gf_clear_complex'><\/div>\n                            <\/div><\/li><li id=\"field_21_4\" class=\"gfield gfield--type-textarea gfield_contains_required field_sublabel_above gfield--has-description field_description_above field_validation_below gfield_visibility_visible\"  ><label class='gfield_label gform-field-label' for='input_21_4'>Description<span class=\"gfield_required\"><span class=\"gfield_required gfield_required_asterisk\">*<\/span><\/span><\/label><div class='gfield_description' id='gfield_description_21_4'>Please note which resource listed on the DPE Online Resources Page you are writing about and describe your concern with same.    \/     Veuillez noter la ressource figurant sur la page des ressources en ligne du DEP sur laquelle vous \u00e9crivez et d\u00e9crivez votre pr\u00e9occupation \u00e0 ce sujet.<\/div><div class='ginput_container ginput_container_textarea'><textarea name='input_4' id='input_21_4' class='textarea medium'  aria-describedby=\"gfield_description_21_4\"   aria-required=\"true\" aria-invalid=\"false\"   rows='10' cols='50'><\/textarea><\/div><\/li><\/ul><\/div>\n        <div class='gform-footer gform_footer top_label'> <input type='submit' id='gform_submit_button_21' class='gform_button button' onclick='gform.submission.handleButtonClick(this);' data-submission-type='submit' value='Submit \/ Soumettre'  \/> \n            <input type='hidden' class='gform_hidden' name='gform_submission_method' data-js='gform_submission_method_21' value='postback' \/>\n            <input type='hidden' class='gform_hidden' name='gform_theme' data-js='gform_theme_21' id='gform_theme_21' value='legacy' \/>\n            <input type='hidden' class='gform_hidden' name='gform_style_settings' data-js='gform_style_settings_21' id='gform_style_settings_21' value='[]' \/>\n            <input type='hidden' class='gform_hidden' name='is_submit_21' value='1' \/>\n            <input type='hidden' class='gform_hidden' name='gform_submit' value='21' \/>\n            \n            <input type='hidden' class='gform_hidden' name='gform_currency' data-currency='CAD' value='LhbHQjAqVCykjHuyl02+PdDFVPCPJhffjoL5fTJldyIAy+CghEF+yVoY84Qn6e7dsjC6MWZ0CywO6nLpdsmUgFP2e1H\/z+gXdZ1za8POw0u+jv0=' \/>\n            <input type='hidden' class='gform_hidden' name='gform_unique_id' value='' \/>\n            <input type='hidden' class='gform_hidden' name='state_21' value='WyJbXSIsIjM1OTRiYWY0NGQ0OWU2Yzg4ZWQxYzI3ZWVmOGIyZWY1Il0=' \/>\n            <input type='hidden' autocomplete='off' class='gform_hidden' name='gform_target_page_number_21' id='gform_target_page_number_21' value='0' \/>\n            <input type='hidden' autocomplete='off' class='gform_hidden' name='gform_source_page_number_21' id='gform_source_page_number_21' value='1' \/>\n            <input type='hidden' name='gform_field_values' value='' \/>\n            \n        <\/div>\n                        <\/form>\n                        <\/div><script type=\"text\/javascript\">\n\/* <![CDATA[ *\/\n gform.initializeOnLoaded( function() {gformInitSpinner( 21, 'https:\/\/cap.ca\/wp-content\/plugins\/gravityforms\/images\/spinner.svg', true );jQuery('#gform_ajax_frame_21').on('load',function(){var contents = jQuery(this).contents().find('*').html();var is_postback = contents.indexOf('GF_AJAX_POSTBACK') >= 0;if(!is_postback){return;}var form_content = jQuery(this).contents().find('#gform_wrapper_21');var is_confirmation = jQuery(this).contents().find('#gform_confirmation_wrapper_21').length > 0;var is_redirect = contents.indexOf('gformRedirect(){') >= 0;var is_form = form_content.length > 0 && ! is_redirect && ! is_confirmation;var mt = parseInt(jQuery('html').css('margin-top'), 10) + parseInt(jQuery('body').css('margin-top'), 10) + 100;if(is_form){jQuery('#gform_wrapper_21').html(form_content.html());if(form_content.hasClass('gform_validation_error')){jQuery('#gform_wrapper_21').addClass('gform_validation_error');} else {jQuery('#gform_wrapper_21').removeClass('gform_validation_error');}setTimeout( function() { \/* delay the scroll by 50 milliseconds to fix a bug in chrome *\/  }, 50 );if(window['gformInitDatepicker']) {gformInitDatepicker();}if(window['gformInitPriceFields']) {gformInitPriceFields();}var current_page = jQuery('#gform_source_page_number_21').val();gformInitSpinner( 21, 'https:\/\/cap.ca\/wp-content\/plugins\/gravityforms\/images\/spinner.svg', true );jQuery(document).trigger('gform_page_loaded', [21, current_page]);window['gf_submitting_21'] = false;}else if(!is_redirect){var confirmation_content = jQuery(this).contents().find('.GF_AJAX_POSTBACK').html();if(!confirmation_content){confirmation_content = contents;}jQuery('#gform_wrapper_21').replaceWith(confirmation_content);jQuery(document).trigger('gform_confirmation_loaded', [21]);window['gf_submitting_21'] = false;wp.a11y.speak(jQuery('#gform_confirmation_message_21').text());}else{jQuery('#gform_21').append(contents);if(window['gformRedirect']) {gformRedirect();}}jQuery(document).trigger(\"gform_pre_post_render\", [{ formId: \"21\", currentPage: \"current_page\", abort: function() { this.preventDefault(); } }]);        if (event && event.defaultPrevented) {                return;        }        const gformWrapperDiv = document.getElementById( \"gform_wrapper_21\" );        if ( gformWrapperDiv ) {            const visibilitySpan = document.createElement( \"span\" );            visibilitySpan.id = \"gform_visibility_test_21\";            gformWrapperDiv.insertAdjacentElement( \"afterend\", visibilitySpan );        }        const visibilityTestDiv = document.getElementById( \"gform_visibility_test_21\" );        let postRenderFired = false;        function triggerPostRender() {            if ( postRenderFired ) {                return;            }            postRenderFired = true;            gform.core.triggerPostRenderEvents( 21, current_page );            if ( visibilityTestDiv ) {                visibilityTestDiv.parentNode.removeChild( visibilityTestDiv );            }        }        function debounce( func, wait, immediate ) {            var timeout;            return function() {                var context = this, args = arguments;                var later = function() {                    timeout = null;                    if ( !immediate ) func.apply( context, args );                };                var callNow = immediate && !timeout;                clearTimeout( timeout );                timeout = setTimeout( later, wait );                if ( callNow ) func.apply( context, args );            };        }        const debouncedTriggerPostRender = debounce( function() {            triggerPostRender();        }, 200 );        if ( visibilityTestDiv && visibilityTestDiv.offsetParent === null ) {            const observer = new MutationObserver( ( mutations ) => {                mutations.forEach( ( mutation ) => {                    if ( mutation.type === 'attributes' && visibilityTestDiv.offsetParent !== null ) {                        debouncedTriggerPostRender();                        observer.disconnect();                    }                });            });            observer.observe( document.body, {                attributes: true,                childList: false,                subtree: true,                attributeFilter: [ 'style', 'class' ],            });        } else {            triggerPostRender();        }    } );} ); \n\/* ]]> *\/\n<\/script>\n<\/p>\n<\/div>","protected":false},"excerpt":{"rendered":"<p>[vc_row][vc_column][vc_cta h2=&#8221;&#8221; h4=&#8221;R\u00e9pertoire des ressources DPE pour les laboratoires en ligne&#8221;] Les derniers mois ont montr\u00e9 la n\u00e9cessit\u00e9 &#8211; et les avantages &#8211; de cr\u00e9er et de partager des ressources pour l&#8217;enseignement en ligne, en particulier des laboratoires, au sein de la communaut\u00e9 de la physique. Bien qu&#8217;il existe plusieurs sites Web tels que compadre.org&#8230;  <a class=\"excerpt-read-more\" href=\"https:\/\/cap.ca\/fr\/divisions\/dep\/dep-nouvelles\/\" title=\"LireNouvelles et ressources de la DEP\">Lire la suite &raquo;<\/a><\/p>\n","protected":false},"author":10,"featured_media":0,"parent":3221,"menu_order":229,"comment_status":"closed","ping_status":"closed","template":"","meta":{"footnotes":""},"class_list":["post-3222","page","type-page","status-publish","hentry"],"_links":{"self":[{"href":"https:\/\/cap.ca\/fr\/wp-json\/wp\/v2\/pages\/3222","targetHints":{"allow":["GET"]}}],"collection":[{"href":"https:\/\/cap.ca\/fr\/wp-json\/wp\/v2\/pages"}],"about":[{"href":"https:\/\/cap.ca\/fr\/wp-json\/wp\/v2\/types\/page"}],"author":[{"embeddable":true,"href":"https:\/\/cap.ca\/fr\/wp-json\/wp\/v2\/users\/10"}],"replies":[{"embeddable":true,"href":"https:\/\/cap.ca\/fr\/wp-json\/wp\/v2\/comments?post=3222"}],"version-history":[{"count":16,"href":"https:\/\/cap.ca\/fr\/wp-json\/wp\/v2\/pages\/3222\/revisions"}],"predecessor-version":[{"id":16737,"href":"https:\/\/cap.ca\/fr\/wp-json\/wp\/v2\/pages\/3222\/revisions\/16737"}],"up":[{"embeddable":true,"href":"https:\/\/cap.ca\/fr\/wp-json\/wp\/v2\/pages\/3221"}],"wp:attachment":[{"href":"https:\/\/cap.ca\/fr\/wp-json\/wp\/v2\/media?parent=3222"}],"curies":[{"name":"wp","href":"https:\/\/api.w.org\/{rel}","templated":true}]}}