{"id":3220,"date":"2017-03-09T15:15:09","date_gmt":"2017-03-09T20:15:09","guid":{"rendered":"http:\/\/caph-02.eproofs.ca\/dpn-nouvelles\/"},"modified":"2017-03-09T15:15:09","modified_gmt":"2017-03-09T20:15:09","slug":"dpn-nouvelles","status":"publish","type":"page","link":"https:\/\/cap.ca\/fr\/divisions\/dpn\/dpn-nouvelles\/","title":{"rendered":"Nouvelles et ressources de la DPN"},"content":{"rendered":"<p><a href=\"http:\/\/dnp.phys.uregina.ca\/\" target=\"_blank\">Consultez notre site externe<\/a> pour avoir des renseignements \u00e0 jour sur les s\u00e9ances de travail, la gouvernance et les conf\u00e9rences et r\u00e9unions \u00e0 venir de la DPN.<\/p>\n","protected":false},"excerpt":{"rendered":"<p>Consultez notre site externe pour avoir des renseignements \u00e0 jour sur les s\u00e9ances de travail, la gouvernance et les conf\u00e9rences et r\u00e9unions \u00e0 venir de la DPN.<\/p>\n","protected":false},"author":10,"featured_media":0,"parent":3218,"menu_order":219,"comment_status":"open","ping_status":"open","template":"","meta":{"footnotes":""},"class_list":["post-3220","page","type-page","status-publish","hentry"],"_links":{"self":[{"href":"https:\/\/cap.ca\/fr\/wp-json\/wp\/v2\/pages\/3220","targetHints":{"allow":["GET"]}}],"collection":[{"href":"https:\/\/cap.ca\/fr\/wp-json\/wp\/v2\/pages"}],"about":[{"href":"https:\/\/cap.ca\/fr\/wp-json\/wp\/v2\/types\/page"}],"author":[{"embeddable":true,"href":"https:\/\/cap.ca\/fr\/wp-json\/wp\/v2\/users\/10"}],"replies":[{"embeddable":true,"href":"https:\/\/cap.ca\/fr\/wp-json\/wp\/v2\/comments?post=3220"}],"version-history":[{"count":1,"href":"https:\/\/cap.ca\/fr\/wp-json\/wp\/v2\/pages\/3220\/revisions"}],"predecessor-version":[{"id":3547,"href":"https:\/\/cap.ca\/fr\/wp-json\/wp\/v2\/pages\/3220\/revisions\/3547"}],"up":[{"embeddable":true,"href":"https:\/\/cap.ca\/fr\/wp-json\/wp\/v2\/pages\/3218"}],"wp:attachment":[{"href":"https:\/\/cap.ca\/fr\/wp-json\/wp\/v2\/media?parent=3220"}],"curies":[{"name":"wp","href":"https:\/\/api.w.org\/{rel}","templated":true}]}}