{"id":3219,"date":"2017-03-09T15:15:06","date_gmt":"2017-03-09T20:15:06","guid":{"rendered":"http:\/\/caph-02.eproofs.ca\/dpn-prix\/"},"modified":"2022-07-12T01:12:07","modified_gmt":"2022-07-12T05:12:07","slug":"dpn-prix","status":"publish","type":"page","link":"https:\/\/cap.ca\/fr\/divisions\/dpn\/dpn-prix\/","title":{"rendered":"Prix et r\u00e9compenses de la DPN"},"content":{"rendered":"<h3 class=\"page-title\">Comp\u00e9tition pour la meilleure communication \u00e9tudiante<\/h3>\n<p>Au prochain <a href=\"https:\/\/cap.ca\/fr\/congres-de-lacp\/congres-2018\/\">Congr\u00e8s de l&#8217;ACP<\/a>, DPN offrira deux prix pour la meilleure pr\u00e9sentation des \u00e9tudiants et un prix pour la meilleure affiche<\/p>\n<h3>Comp\u00e9tition pour la meilleure th\u00e8se de doctorat<\/h3>\n<p>La Division de la physique nucl\u00e9aire encourage les candidatures au prix de th\u00e8se au doctorat de la DPN de la part de tout \u00e9tudiant qui re\u00e7oit son doctorat d&#8217;une universit\u00e9 canadienne pendant l&#8217;ann\u00e9e civile en cours ou la pr\u00e9c\u00e9dente.<\/p>\n<ul class=\"content-list\">\n<li><a href=\"https:\/\/dnp.cap.ca\/index.php\/home\/prizes-and-awards\/phd-thesis-prize\/\">renseignements sur le prix de th\u00e8se au doctorat de la DPN<\/a> (anglais seulement)\n<ul class=\"content-list\">\n<li><a href=\"https:\/\/dnp.cap.ca\/wp-content\/uploads\/2020\/05\/CAP_DNP_checklist.pdf\" target=\"_blank\" rel=\"noopener noreferrer\">comment poser sa candidature<\/a> (anglais seulement)<\/li>\n<\/ul>\n<\/li>\n<\/ul>\n","protected":false},"excerpt":{"rendered":"<p>Comp\u00e9tition pour la meilleure communication \u00e9tudiante Au prochain Congr\u00e8s de l&#8217;ACP, DPN offrira deux prix pour la meilleure pr\u00e9sentation des \u00e9tudiants et un prix pour la meilleure affiche Comp\u00e9tition pour la meilleure th\u00e8se de doctorat La Division de la physique nucl\u00e9aire encourage les candidatures au prix de th\u00e8se au doctorat de la DPN de la&#8230;  <a class=\"excerpt-read-more\" href=\"https:\/\/cap.ca\/fr\/divisions\/dpn\/dpn-prix\/\" title=\"LirePrix et r\u00e9compenses de la DPN\">Lire la suite &raquo;<\/a><\/p>\n","protected":false},"author":10,"featured_media":0,"parent":3218,"menu_order":218,"comment_status":"closed","ping_status":"closed","template":"","meta":{"footnotes":""},"class_list":["post-3219","page","type-page","status-publish","hentry"],"_links":{"self":[{"href":"https:\/\/cap.ca\/fr\/wp-json\/wp\/v2\/pages\/3219","targetHints":{"allow":["GET"]}}],"collection":[{"href":"https:\/\/cap.ca\/fr\/wp-json\/wp\/v2\/pages"}],"about":[{"href":"https:\/\/cap.ca\/fr\/wp-json\/wp\/v2\/types\/page"}],"author":[{"embeddable":true,"href":"https:\/\/cap.ca\/fr\/wp-json\/wp\/v2\/users\/10"}],"replies":[{"embeddable":true,"href":"https:\/\/cap.ca\/fr\/wp-json\/wp\/v2\/comments?post=3219"}],"version-history":[{"count":7,"href":"https:\/\/cap.ca\/fr\/wp-json\/wp\/v2\/pages\/3219\/revisions"}],"predecessor-version":[{"id":21282,"href":"https:\/\/cap.ca\/fr\/wp-json\/wp\/v2\/pages\/3219\/revisions\/21282"}],"up":[{"embeddable":true,"href":"https:\/\/cap.ca\/fr\/wp-json\/wp\/v2\/pages\/3218"}],"wp:attachment":[{"href":"https:\/\/cap.ca\/fr\/wp-json\/wp\/v2\/media?parent=3219"}],"curies":[{"name":"wp","href":"https:\/\/api.w.org\/{rel}","templated":true}]}}