{"id":3216,"date":"2017-03-09T15:14:54","date_gmt":"2017-03-09T20:14:54","guid":{"rendered":"http:\/\/caph-02.eproofs.ca\/dpim\/"},"modified":"2017-08-16T07:52:42","modified_gmt":"2017-08-16T11:52:42","slug":"dpim","status":"publish","type":"page","link":"https:\/\/cap.ca\/fr\/dpim\/","title":{"rendered":"Division de la physique des instruments et mesures (DPIM)"},"content":{"rendered":"<div class=\"wpb-content-wrapper\"><p>[vc_row][vc_column][vc_column_text]<\/p>\n<h2>\u00c0 propos de nous<\/h2>\n<p>Le principal objectif de la DPIM est de rehausser le profil et de mettre l&#8217;accent sur les probl\u00e8mes d&#8217;instruments et de mesures qui sont communs \u00e0 toutes les disciplines de la physique utilisant des outils exp\u00e9rimentaux.<\/p>\n<h2><a class=\"placeholder-for-division-link\" href=\"https:\/\/cap.ca\/fr\/divisions\/dpim\/dpim-prix\/\">Nouvelles et ressources de la DPIM<\/a><\/h2>\n<p>[\/vc_column_text][\/vc_column][\/vc_row][vc_row][vc_column][vc_custom_heading text=&#8221;Notre leadership&#8221; use_theme_fonts=&#8221;yes&#8221;][vc_row_inner][vc_column_inner width=&#8221;1\/3&#8243;][vc_single_image image=&#8221;5494&#8243; img_size=&#8221;full&#8221; style=&#8221;vc_box_rounded&#8221; css=&#8221;.vc_custom_1490037158487{margin-bottom: 0px !important;border-bottom-width: 0px !important;padding-bottom: 0px !important;}&#8221;][vc_custom_heading text=&#8221;Pr\u00e9sident&#8221; font_container=&#8221;tag:h3|font_size:17px|text_align:left&#8221; use_theme_fonts=&#8221;yes&#8221;][vc_column_text]<strong>Kirk Michaelian<br \/>\n<\/strong>CANMET, Natural Resources Canada[\/vc_column_text][\/vc_column_inner][vc_column_inner width=&#8221;1\/3&#8243;][vc_single_image image=&#8221;5460&#8243; img_size=&#8221;full&#8221; style=&#8221;vc_box_rounded&#8221; css=&#8221;.vc_custom_1490027444101{margin-bottom: 0px !important;border-bottom-width: 0px !important;padding-bottom: 0px !important;}&#8221;][vc_custom_heading text=&#8221;Vice-pr\u00e9sident&#8221; font_container=&#8221;tag:h3|font_size:17px|text_align:left&#8221; use_theme_fonts=&#8221;yes&#8221;][vc_column_text]<strong>Liam Kieser<br \/>\n<\/strong>Universit\u00e9\u00a0d&#8217;Ottawa[\/vc_column_text][\/vc_column_inner][vc_column_inner width=&#8221;1\/3&#8243;][vc_single_image image=&#8221;8133&#8243; img_size=&#8221;full&#8221; style=&#8221;vc_box_rounded&#8221; css=&#8221;.vc_custom_1502884357445{margin-bottom: 0px !important;border-bottom-width: 0px !important;padding-bottom: 0px !important;}&#8221;][vc_custom_heading text=&#8221;Secr\u00e9taire&#8221; font_container=&#8221;tag:h3|font_size:17px|text_align:left&#8221; use_theme_fonts=&#8221;yes&#8221;][vc_column_text]<strong>Louis Poirier<br \/>\n<\/strong>Conseil national de recherches[\/vc_column_text][\/vc_column_inner][\/vc_row_inner][vc_separator][vc_row_inner][vc_column_inner width=&#8221;1\/3&#8243;][vc_single_image image=&#8221;5496&#8243; img_size=&#8221;full&#8221; style=&#8221;vc_box_rounded&#8221; css=&#8221;.vc_custom_1490037187204{margin-bottom: 0px !important;border-bottom-width: 0px !important;padding-bottom: 0px !important;}&#8221;][vc_custom_heading text=&#8221;Ancien pr\u00e9sident&#8221; font_container=&#8221;tag:h3|font_size:17px|text_align:left&#8221; use_theme_fonts=&#8221;yes&#8221;][vc_column_text]<strong>Andreas Mandelis<br \/>\n<\/strong>University of Toronto[\/vc_column_text][\/vc_column_inner][vc_column_inner width=&#8221;1\/3&#8243;][vc_single_image image=&#8221;5460&#8243; img_size=&#8221;full&#8221; style=&#8221;vc_box_rounded&#8221; css=&#8221;.vc_custom_1490027444101{margin-bottom: 0px !important;border-bottom-width: 0px !important;padding-bottom: 0px !important;}&#8221;][vc_custom_heading text=&#8221;Tr\u00e9sorier&#8221; font_container=&#8221;tag:h3|font_size:17px|text_align:left&#8221; use_theme_fonts=&#8221;yes&#8221;][vc_column_text]<strong>Vacant<br \/>\n<\/strong>[\/vc_column_text][\/vc_column_inner][vc_column_inner width=&#8221;1\/3&#8243;][vc_single_image image=&#8221;5460&#8243; img_size=&#8221;full&#8221; style=&#8221;vc_box_rounded&#8221; css=&#8221;.vc_custom_1490027444101{margin-bottom: 0px !important;border-bottom-width: 0px !important;padding-bottom: 0px !important;}&#8221;][vc_custom_heading text=&#8221;Webma\u00eetre&#8221; font_container=&#8221;tag:h3|font_size:17px|text_align:left&#8221; use_theme_fonts=&#8221;yes&#8221;][vc_column_text]<strong>Vacant<br \/>\n<\/strong>[\/vc_column_text][\/vc_column_inner][\/vc_row_inner][\/vc_column][\/vc_row]<\/p>\n<\/div>","protected":false},"excerpt":{"rendered":"<p>[vc_row][vc_column][vc_column_text] \u00c0 propos de nous Le principal objectif de la DPIM est de rehausser le profil et de mettre l&#8217;accent sur les probl\u00e8mes d&#8217;instruments et de mesures qui sont communs \u00e0 toutes les disciplines de la physique utilisant des outils exp\u00e9rimentaux. Nouvelles et ressources de la DPIM [\/vc_column_text][\/vc_column][\/vc_row][vc_row][vc_column][vc_custom_heading text=&#8221;Notre leadership&#8221; use_theme_fonts=&#8221;yes&#8221;][vc_row_inner][vc_column_inner width=&#8221;1\/3&#8243;][vc_single_image image=&#8221;5494&#8243; img_size=&#8221;full&#8221; style=&#8221;vc_box_rounded&#8221;&#8230;  <a class=\"excerpt-read-more\" href=\"https:\/\/cap.ca\/fr\/dpim\/\" title=\"LireDivision de la physique des instruments et mesures (DPIM)\">Lire la suite &raquo;<\/a><\/p>\n","protected":false},"author":10,"featured_media":0,"parent":0,"menu_order":100,"comment_status":"closed","ping_status":"closed","template":"","meta":{"footnotes":""},"class_list":["post-3216","page","type-page","status-publish","hentry"],"_links":{"self":[{"href":"https:\/\/cap.ca\/fr\/wp-json\/wp\/v2\/pages\/3216","targetHints":{"allow":["GET"]}}],"collection":[{"href":"https:\/\/cap.ca\/fr\/wp-json\/wp\/v2\/pages"}],"about":[{"href":"https:\/\/cap.ca\/fr\/wp-json\/wp\/v2\/types\/page"}],"author":[{"embeddable":true,"href":"https:\/\/cap.ca\/fr\/wp-json\/wp\/v2\/users\/10"}],"replies":[{"embeddable":true,"href":"https:\/\/cap.ca\/fr\/wp-json\/wp\/v2\/comments?post=3216"}],"version-history":[{"count":9,"href":"https:\/\/cap.ca\/fr\/wp-json\/wp\/v2\/pages\/3216\/revisions"}],"predecessor-version":[{"id":8137,"href":"https:\/\/cap.ca\/fr\/wp-json\/wp\/v2\/pages\/3216\/revisions\/8137"}],"wp:attachment":[{"href":"https:\/\/cap.ca\/fr\/wp-json\/wp\/v2\/media?parent=3216"}],"curies":[{"name":"wp","href":"https:\/\/api.w.org\/{rel}","templated":true}]}}