{"id":3212,"date":"2017-03-09T15:14:37","date_gmt":"2017-03-09T20:14:37","guid":{"rendered":"http:\/\/caph-02.eproofs.ca\/dpmcm-prix\/"},"modified":"2019-11-21T23:14:28","modified_gmt":"2019-11-22T04:14:28","slug":"dpmcm-prix","status":"publish","type":"page","link":"https:\/\/cap.ca\/fr\/divisions\/dpmcm\/dpmcm-prix\/","title":{"rendered":"Comp\u00e9titions et Prix de la DPMCM"},"content":{"rendered":"<h3>Prix de th\u00e8se de doctorat 2020 de la Division de la Physique de la mati\u00e8re condens\u00e9e et mat\u00e9riaux de l&#8217;ACP (DPMCM)<\/h3>\n<p><strong>Date\u00a0limite:\u00a028 f\u00e9vrier 2020<\/strong><\/p>\n<p>La Division de la physique de la mati\u00e8re condens\u00e9e et mat\u00e9riaux (DPMCM) de l&#8217;Association canadienne des physiciens et physiciennes (ACP) est heureuse d&#8217;annoncer le nouveau concours du <strong><em>prix de th\u00e8se de doctorat en physique de la mati\u00e8re condens\u00e9e et mat\u00e9riaux<\/em><\/strong>.<\/p>\n<p>Ce concours, qui se tiendra le cadre du Congr\u00e8s annuel de l&#8217;ACP, est ouvert aux dipl\u00f4m\u00e9s en physique de la mati\u00e8re condens\u00e9e et mat\u00e9riaux des universit\u00e9s canadiennes, qui ont d\u00e9fendu leur premi\u00e8re th\u00e8se de doctorat durant l&#8217;ann\u00e9e civile 2019. Les candidats doivent \u00eatre membres en r\u00e8gle de l&#8217;ACP et de la DPMCM au moment du concours. Quiconque pr\u00e9sente une th\u00e8se \u00e0 ce concours sans \u00eatre membre de l&#8217;ACP doit faire une demande d&#8217;adh\u00e9sion \u00e0 la DPMCM notamment, en pr\u00e9sentant son r\u00e9sum\u00e9. S&#8217;il est membre de l&#8217;ACP mais pas de la DPMCM, il peut envoyer un courriel \u00e0 <a href=\"mailto:membership@cap.ca\">membership@cap.ca<\/a>\u00a0au moment de pr\u00e9senter sa demande d&#8217;ajout de l&#8217;adh\u00e9sion \u00e0 la DPMCM \u00e0 son dossier. Jusqu&#8217;\u00e0 trois candidats seront choisis parmi tous les documents de participation \u00e0 ce concours dans le processus de pr\u00e9sentation de r\u00e9sum\u00e9s au congr\u00e8s de l&#8217;ACP. Les candidats retenus seront invit\u00e9s \u00e0 remettre une copie de leur th\u00e8se et disposeront de 30 minutes pour faire un expos\u00e9 oral (de 25 minutes, plus 5 minutes pour les questions) \u00e0 une s\u00e9ance pr\u00e9vue \u00e0 cette fin au Congr\u00e8s. Le jugement sera fond\u00e9 sur la qualit\u00e9 de la th\u00e8se \u00e9crite (50 %) et de l&#8217;expos\u00e9 oral (50 %) au Congr\u00e8s. Le laur\u00e9at du prix sera annonc\u00e9 \u00e0 la r\u00e9ception de reconnaissance du jeudi soir.<\/p>\n<ol class=\"content-list\">\n<li><strong><u>Pr\u00e9sentation de r\u00e9sum\u00e9s<\/u><\/strong> &#8211; Les dipl\u00f4m\u00e9s au doctorat admissibles pourront pr\u00e9senter un r\u00e9sum\u00e9 \u00e0 la s\u00e9ance d&#8217;expos\u00e9 oral au \u00ab <strong><em>prix de th\u00e8se de doctorat de la DPMCM<\/em><\/strong> \u00bb, au congr\u00e8s de l&#8217;ACP. Le r\u00e9sum\u00e9 devra \u00eatre pr\u00e9sent\u00e9 par l&#8217;entremise du site de pr\u00e9sentation de r\u00e9sum\u00e9s au congr\u00e8s de l&#8217;ACP. Le titre propos\u00e9 pour l&#8217;expos\u00e9 devra \u00eatre le m\u00eame que celui de la th\u00e8se de doctorat du dipl\u00f4m\u00e9 et le corps du r\u00e9sum\u00e9 (moins de 2400 caract\u00e8res au total, incluant les espaces ~300 mots) devra refl\u00e9ter le contenu de la th\u00e8se. Le r\u00e9sum\u00e9 devra citer les documents publi\u00e9s par le dipl\u00f4m\u00e9 pendant ses \u00e9tudes au doctorat et reli\u00e9s aux travaux de la th\u00e8se. <u>LA DATE LIMITE DE PR\u00c9SENTATION DE R\u00c9SUM\u00c9S \u00c0 CETTE S\u00c9ANCE EST LE\u00a028 F\u00c9VRIER 2020 (23 h 59, temps universel coordonn\u00e9)<\/u>. Les r\u00e9sum\u00e9s multiples ou pr\u00e9sent\u00e9s en retard \u00e0 ce concours ne seront pas examin\u00e9s.<\/li>\n<li><strong><u>Examen pr\u00e9alable<\/u><\/strong> \u2013 Les r\u00e9sum\u00e9s pr\u00e9sent\u00e9s \u00e0 la s\u00e9ance \u00ab <strong><em>prix de th\u00e8se de doctorat de la DPMCM<\/em><\/strong> \u00bb seront examin\u00e9s par les repr\u00e9sentants de la mati\u00e8re condens\u00e9e au comit\u00e9 du programme du Congr\u00e8s. Ils ne seront pas automatiquement accept\u00e9s \u00e0 cette s\u00e9ance. On pr\u00e9voit que les trois r\u00e9sum\u00e9s sup\u00e9rieurs seront retenus pour l&#8217;expos\u00e9 oral au \u00ab <strong><em>prix de th\u00e8se de doctorat de la DPMCM<\/em><\/strong> \u00bb. Les r\u00e9sum\u00e9s qui ne seront pas retenus \u00e0 ce concours seront consid\u00e9r\u00e9s comme pr\u00e9sent\u00e9s et examin\u00e9s \u00e0 une autre s\u00e9ance sp\u00e9ciale du Congr\u00e8s, celle de l&#8217;expos\u00e9 oral ou de la s\u00e9ance d&#8217;affiches.<\/li>\n<li><strong><u>Acceptation et pr\u00e9sentation des th\u00e8ses<\/u><\/strong> <strong>&#8211;<\/strong> Les candidats qui auront pr\u00e9sent\u00e9 un r\u00e9sum\u00e9 pour le \u00ab <strong><em>prix de th\u00e8se de doctorat de la DPMCM<\/em><\/strong> \u00bb seront avertis par courriel de la d\u00e9cision du comit\u00e9 du programme. Ceux dont les r\u00e9sum\u00e9s auront \u00e9t\u00e9 retenus pour le concours seront invit\u00e9s \u00e0 remettre une copie PDF de leur th\u00e8se, que le comit\u00e9 d&#8217;attribution \u00e9valuera.<\/li>\n<li><strong><u>\u00c9valuation des th\u00e8ses<\/u><\/strong> \u2013 La th\u00e8se de chaque dipl\u00f4m\u00e9 candidat au \u00ab <strong><em>prix de th\u00e8se de doctorat de la DPMCM<\/em><\/strong> \u00bb sera examin\u00e9 de fa\u00e7on ind\u00e9pendante par un comit\u00e9 comprenant : 1) pr\u00e9sident(e) sortant(e) de la DPMCM (ou personne d\u00e9sign\u00e9e par lui\/elle) 2) vice-pr\u00e9sident(e) de la DPMCM (ou personne d\u00e9sign\u00e9e par lui\/elle) et 3) un membre de la DPMCM nomm\u00e9 par le pr\u00e9sident du comit\u00e9 du programme. Les membres du comit\u00e9 d&#8217;\u00e9valuation sont tenus de signaler sur-le-champ tout conflit d&#8217;int\u00e9r\u00eat r\u00e9el ou per\u00e7u chez les dipl\u00f4m\u00e9s accept\u00e9s au concours. Les cas susceptibles de conflit d&#8217;int\u00e9r\u00eat sont notamment ceux de parents et amis, d&#8217;anciens \u00e9tudiants \u00e0 la ma\u00eetrise ou au doctorat, ainsi que de boursiers de recherche postdoctorale et assistants \u00e0 la recherche actuels ou pass\u00e9s. Le pr\u00e9sident du comit\u00e9 du programme remplacera les membres du comit\u00e9 d&#8217;attribution qu&#8217;on estime \u00eatre en conflit d&#8217;int\u00e9r\u00eat. Apr\u00e8s avoir confirm\u00e9 l&#8217;admissibilit\u00e9 de chacun des candidats accept\u00e9s, chaque membre du comit\u00e9 d&#8217;\u00e9valuation examinera la th\u00e8se de fa\u00e7on ind\u00e9pendante.<\/li>\n<li><strong><u>Pr\u00e9sentation au congr\u00e8s de l&#8217;ACP<\/u><\/strong> \u2013 Chacun des dipl\u00f4m\u00e9s retenus sera invit\u00e9 \u00e0 pr\u00e9senter sa th\u00e8se dans un expos\u00e9 oral de 25 minutes (plus 5 minutes pour les questions) \u00e0 la s\u00e9ance du \u00ab <strong><em>prix de th\u00e8se de doctorat de la DPMCM<\/em><\/strong> \u00bb au Congr\u00e8s annuel de l&#8217;ACP. Le comit\u00e9 d&#8217;\u00e9valuation sera compos\u00e9 des juges de l&#8217;expos\u00e9 oral et prendra part au processus de questions et r\u00e9ponses \u00e0 la suite des expos\u00e9s. Le prix sera remis au candidat ayant le meilleur ensemble \u00ab th\u00e8se \u00e9crite\/expos\u00e9 oral \u00bb qui compteront chacun pour 50 %. La d\u00e9cision du comit\u00e9 d&#8217;attribution sera finale et ne pourra \u00eatre port\u00e9e en appel.<\/li>\n<li><strong><u>Prix<\/u><\/strong> <strong>&#8211;<\/strong> Le prix consistera en un montant de 200 $ et sera remis avec les autres prix de la DPMCM \u00e0 la r\u00e9ception de reconnaissance, en soir\u00e9e du jeudi.<\/li>\n<\/ol>\n<p>Pour tout renseignement suppl\u00e9mentaire, veuillez communiquer avec <a href=\"mailto:programs@cap.ca\">programs@cap.ca<\/a>.<\/p>\n<h3>Gagnants des ann\u00e9es pr\u00e9c\u00e9dentes<\/h3>\n<ul class=\"content-list\">\n<li>2019:\u00a0 aucun prix attribu\u00e9<\/li>\n<li>2018:\u00a0 Jan Hendrik Pohls, (PhD Dalhousie University, 2018).\u00a0 Thesis: &#8220;Ultralow Thermal Conductivity and Novel Thermoelectric Materials&#8221;<\/li>\n<li>2017:\u00a0 John Malcolm, (PhD University of Guelph, 2017).\u00a0 Thesis: &#8220;The role of pseudospin in the optical and electronic properties of relativistic materials<\/li>\n<li>2016: Isil Ozfidan (PhD University of Ottawa 2015).\u00a0 Thesis: &#8220;Electron-Electron Interactions in Optical Properties of Graphene Quantum Dots&#8221;.<\/li>\n<\/ul>\n","protected":false},"excerpt":{"rendered":"<p>Prix de th\u00e8se de doctorat 2020 de la Division de la Physique de la mati\u00e8re condens\u00e9e et mat\u00e9riaux de l&#8217;ACP (DPMCM) Date\u00a0limite:\u00a028 f\u00e9vrier 2020 La Division de la physique de la mati\u00e8re condens\u00e9e et mat\u00e9riaux (DPMCM) de l&#8217;Association canadienne des physiciens et physiciennes (ACP) est heureuse d&#8217;annoncer le nouveau concours du prix de th\u00e8se de&#8230;  <a class=\"excerpt-read-more\" href=\"https:\/\/cap.ca\/fr\/divisions\/dpmcm\/dpmcm-prix\/\" title=\"LireComp\u00e9titions et Prix de la DPMCM\">Lire la suite &raquo;<\/a><\/p>\n","protected":false},"author":10,"featured_media":0,"parent":3211,"menu_order":187,"comment_status":"closed","ping_status":"closed","template":"","meta":{"footnotes":""},"class_list":["post-3212","page","type-page","status-publish","hentry"],"_links":{"self":[{"href":"https:\/\/cap.ca\/fr\/wp-json\/wp\/v2\/pages\/3212","targetHints":{"allow":["GET"]}}],"collection":[{"href":"https:\/\/cap.ca\/fr\/wp-json\/wp\/v2\/pages"}],"about":[{"href":"https:\/\/cap.ca\/fr\/wp-json\/wp\/v2\/types\/page"}],"author":[{"embeddable":true,"href":"https:\/\/cap.ca\/fr\/wp-json\/wp\/v2\/users\/10"}],"replies":[{"embeddable":true,"href":"https:\/\/cap.ca\/fr\/wp-json\/wp\/v2\/comments?post=3212"}],"version-history":[{"count":11,"href":"https:\/\/cap.ca\/fr\/wp-json\/wp\/v2\/pages\/3212\/revisions"}],"predecessor-version":[{"id":14413,"href":"https:\/\/cap.ca\/fr\/wp-json\/wp\/v2\/pages\/3212\/revisions\/14413"}],"up":[{"embeddable":true,"href":"https:\/\/cap.ca\/fr\/wp-json\/wp\/v2\/pages\/3211"}],"wp:attachment":[{"href":"https:\/\/cap.ca\/fr\/wp-json\/wp\/v2\/media?parent=3212"}],"curies":[{"name":"wp","href":"https:\/\/api.w.org\/{rel}","templated":true}]}}