{"id":3211,"date":"2017-03-09T15:14:33","date_gmt":"2017-03-09T20:14:33","guid":{"rendered":"http:\/\/caph-02.eproofs.ca\/dpmcm\/"},"modified":"2026-02-23T11:07:43","modified_gmt":"2026-02-23T16:07:43","slug":"dpmcm","status":"publish","type":"page","link":"https:\/\/cap.ca\/fr\/divisions\/dpmcm\/","title":{"rendered":"Division de la physique de la mati\u00e8re condens\u00e9e et mat\u00e9riaux (DPMCM)"},"content":{"rendered":"<div class=\"wpb-content-wrapper\"><p>[vc_row][vc_column][vc_column_text]<\/p>\n<h2>Nos objectifs\/activit\u00e9s<\/h2>\n<ul class=\"content-list\">\n<li>Rehausser le profil de la recherche en physique de la mati\u00e8re condens\u00e9e et des mat\u00e9riaux au Canada et soutenir les chercheurs dans cette discipline de la physique au Canada.<\/li>\n<\/ul>\n<p><a class=\"placeholder-for-division-link\" href=\"https:\/\/cap.ca\/fr\/divisions\/dpmcm\/dpmcm-prix\/\">Prix et r\u00e9compenses de la DPMCM<\/a><\/p>\n<p><a class=\"placeholder-for-division-link\" href=\"https:\/\/cap.ca\/fr\/divisions\/dpmcm\/dpmcm-nouvelles\/\">Nouvelles et ressources de la DPMCM<\/a>[\/vc_column_text][\/vc_column][\/vc_row][vc_row][vc_column][vc_custom_heading text=&#8221;Notre leadership&#8221; use_theme_fonts=&#8221;yes&#8221;][vc_row_inner][vc_column_inner width=&#8221;1\/3&#8243;][vc_single_image image=&#8221;22884&#8243; css=&#8221;&#8221;][vc_custom_heading text=&#8221;Pr\u00e9sidente&#8221; font_container=&#8221;tag:h3|font_size:17px|text_align:left&#8221; use_theme_fonts=&#8221;yes&#8221;][vc_column_text css=&#8221;&#8221;]<strong>Greg van Anders<\/strong><br \/>\nQueen\u2019s University[\/vc_column_text][\/vc_column_inner][vc_column_inner width=&#8221;1\/3&#8243;][vc_single_image image=&#8221;28699&#8243; img_size=&#8221;full&#8221; style=&#8221;vc_box_rounded&#8221; css=&#8221;.vc_custom_1531231196835{margin-bottom: 0px !important;border-bottom-width: 0px !important;padding-bottom: 0px !important;}&#8221;][vc_custom_heading text=&#8221;Vice-pr\u00e9sident&#8221; font_container=&#8221;tag:h3|font_size:17px|text_align:left&#8221; use_theme_fonts=&#8221;yes&#8221;][vc_column_text css=&#8221;&#8221;]<strong>Rachel Wortis<\/strong><br \/>\nTrent University[\/vc_column_text][\/vc_column_inner][vc_column_inner width=&#8221;1\/3&#8243;][vc_single_image image=&#8221;22884&#8243; img_size=&#8221;full&#8221; style=&#8221;vc_box_rounded&#8221; css=&#8221;.vc_custom_1490027444101{margin-bottom: 0px !important;border-bottom-width: 0px !important;padding-bottom: 0px !important;}&#8221;][vc_custom_heading text=&#8221;Secr\u00e9taire\/Tr\u00e9sorier&#8221; font_container=&#8221;tag:h3|font_size:17px|text_align:left&#8221; use_theme_fonts=&#8221;yes&#8221;][vc_column_text]<b>Vacant<\/b>[\/vc_column_text][\/vc_column_inner][\/vc_row_inner][vc_separator][vc_row_inner][vc_column_inner width=&#8221;1\/3&#8243;][vc_single_image image=&#8221;20717&#8243; img_size=&#8221;full&#8221; style=&#8221;vc_box_rounded&#8221; css=&#8221;.vc_custom_1771862766707{margin-bottom: 0px !important;border-bottom-width: 0px !important;padding-bottom: 0px !important;}&#8221;][vc_custom_heading text=&#8221;Ancien pr\u00e9sident&#8221; font_container=&#8221;tag:h3|font_size:17px|text_align:left&#8221; use_theme_fonts=&#8221;yes&#8221;][vc_column_text css=&#8221;&#8221;]<strong>Tami Pereg-Barnea<br \/>\n<\/strong>McGill University[\/vc_column_text][\/vc_column_inner][vc_column_inner width=&#8221;1\/3&#8243;][vc_single_image image=&#8221;28699&#8243; img_size=&#8221;full&#8221; style=&#8221;vc_box_rounded&#8221; css=&#8221;.vc_custom_1531231196835{margin-bottom: 0px !important;border-bottom-width: 0px !important;padding-bottom: 0px !important;}&#8221;][vc_custom_heading text=&#8221;Webma\u00eetre&#8221; font_container=&#8221;tag:h3|font_size:17px|text_align:left&#8221; use_theme_fonts=&#8221;yes&#8221;][vc_column_text]<b>Vacant<\/b><\/p>\n<p><strong>\u00a0<\/strong>[\/vc_column_text][\/vc_column_inner][vc_column_inner width=&#8221;1\/3&#8243;][\/vc_column_inner][\/vc_row_inner][\/vc_column][\/vc_row]<\/p>\n<\/div>","protected":false},"excerpt":{"rendered":"<p>[vc_row][vc_column][vc_column_text] Nos objectifs\/activit\u00e9s Rehausser le profil de la recherche en physique de la mati\u00e8re condens\u00e9e et des mat\u00e9riaux au Canada et soutenir les chercheurs dans cette discipline de la physique au Canada. Prix et r\u00e9compenses de la DPMCM Nouvelles et ressources de la DPMCM[\/vc_column_text][\/vc_column][\/vc_row][vc_row][vc_column][vc_custom_heading text=&#8221;Notre leadership&#8221; use_theme_fonts=&#8221;yes&#8221;][vc_row_inner][vc_column_inner width=&#8221;1\/3&#8243;][vc_single_image image=&#8221;22884&#8243; css=&#8221;&#8221;][vc_custom_heading text=&#8221;Pr\u00e9sidente&#8221; font_container=&#8221;tag:h3|font_size:17px|text_align:left&#8221; use_theme_fonts=&#8221;yes&#8221;][vc_column_text css=&#8221;&#8221;]Greg van&#8230;  <a class=\"excerpt-read-more\" href=\"https:\/\/cap.ca\/fr\/divisions\/dpmcm\/\" title=\"LireDivision de la physique de la mati\u00e8re condens\u00e9e et mat\u00e9riaux (DPMCM)\">Lire la suite &raquo;<\/a><\/p>\n","protected":false},"author":10,"featured_media":0,"parent":3203,"menu_order":135,"comment_status":"closed","ping_status":"closed","template":"","meta":{"footnotes":""},"class_list":["post-3211","page","type-page","status-publish","hentry"],"_links":{"self":[{"href":"https:\/\/cap.ca\/fr\/wp-json\/wp\/v2\/pages\/3211","targetHints":{"allow":["GET"]}}],"collection":[{"href":"https:\/\/cap.ca\/fr\/wp-json\/wp\/v2\/pages"}],"about":[{"href":"https:\/\/cap.ca\/fr\/wp-json\/wp\/v2\/types\/page"}],"author":[{"embeddable":true,"href":"https:\/\/cap.ca\/fr\/wp-json\/wp\/v2\/users\/10"}],"replies":[{"embeddable":true,"href":"https:\/\/cap.ca\/fr\/wp-json\/wp\/v2\/comments?post=3211"}],"version-history":[{"count":22,"href":"https:\/\/cap.ca\/fr\/wp-json\/wp\/v2\/pages\/3211\/revisions"}],"predecessor-version":[{"id":28703,"href":"https:\/\/cap.ca\/fr\/wp-json\/wp\/v2\/pages\/3211\/revisions\/28703"}],"up":[{"embeddable":true,"href":"https:\/\/cap.ca\/fr\/wp-json\/wp\/v2\/pages\/3203"}],"wp:attachment":[{"href":"https:\/\/cap.ca\/fr\/wp-json\/wp\/v2\/media?parent=3211"}],"curies":[{"name":"wp","href":"https:\/\/api.w.org\/{rel}","templated":true}]}}