{"id":3210,"date":"2017-03-09T15:14:30","date_gmt":"2017-03-09T20:14:30","guid":{"rendered":"http:\/\/caph-02.eproofs.ca\/dpampc-nouvelles\/"},"modified":"2022-04-22T11:49:06","modified_gmt":"2022-04-22T15:49:06","slug":"dpampc-nouvelles","status":"publish","type":"page","link":"https:\/\/cap.ca\/fr\/divisions\/dpampc\/dpampc-nouvelles\/","title":{"rendered":"Nouvelles et ressources de la DPAMPC"},"content":{"rendered":"<h5>Conf\u00e9rences<\/h5>\n<ul class=\"content-list\">\n<li>53rd Annual Meeting of the APS Division of Atomic, Molecular and Optical Physics, 30.\u00a0May &#8211;\u00a003 Jun\u00a02022, \u00a0<a href=\"https:\/\/engage.aps.org\/damop\/meetings\/annual\">https:\/\/engage.aps.org\/damop\/meetings\/annual<\/a><\/li>\n<li>27th International Conference on Atomic Physics, Toronto, ON,17-22 Jul 2022, \u00a0<a href=\"https:\/\/conference.physics.utoronto.ca\/event\/1\/\">https:\/\/conference.physics.utoronto.ca\/event\/1\/\/<\/a><\/li>\n<\/ul>\n<p><span style=\"color: #ff0000;\">Votre conf\u00e9rence pourrait \u00eatre annonc\u00e9e ici <\/span><\/p>\n","protected":false},"excerpt":{"rendered":"<p>Conf\u00e9rences 53rd Annual Meeting of the APS Division of Atomic, Molecular and Optical Physics, 30.\u00a0May &#8211;\u00a003 Jun\u00a02022, \u00a0https:\/\/engage.aps.org\/damop\/meetings\/annual 27th International Conference on Atomic Physics, Toronto, ON,17-22 Jul 2022, \u00a0https:\/\/conference.physics.utoronto.ca\/event\/1\/\/ Votre conf\u00e9rence pourrait \u00eatre annonc\u00e9e ici<\/p>\n","protected":false},"author":10,"featured_media":0,"parent":3208,"menu_order":178,"comment_status":"closed","ping_status":"closed","template":"","meta":{"footnotes":""},"class_list":["post-3210","page","type-page","status-publish","hentry"],"_links":{"self":[{"href":"https:\/\/cap.ca\/fr\/wp-json\/wp\/v2\/pages\/3210","targetHints":{"allow":["GET"]}}],"collection":[{"href":"https:\/\/cap.ca\/fr\/wp-json\/wp\/v2\/pages"}],"about":[{"href":"https:\/\/cap.ca\/fr\/wp-json\/wp\/v2\/types\/page"}],"author":[{"embeddable":true,"href":"https:\/\/cap.ca\/fr\/wp-json\/wp\/v2\/users\/10"}],"replies":[{"embeddable":true,"href":"https:\/\/cap.ca\/fr\/wp-json\/wp\/v2\/comments?post=3210"}],"version-history":[{"count":6,"href":"https:\/\/cap.ca\/fr\/wp-json\/wp\/v2\/pages\/3210\/revisions"}],"predecessor-version":[{"id":20517,"href":"https:\/\/cap.ca\/fr\/wp-json\/wp\/v2\/pages\/3210\/revisions\/20517"}],"up":[{"embeddable":true,"href":"https:\/\/cap.ca\/fr\/wp-json\/wp\/v2\/pages\/3208"}],"wp:attachment":[{"href":"https:\/\/cap.ca\/fr\/wp-json\/wp\/v2\/media?parent=3210"}],"curies":[{"name":"wp","href":"https:\/\/api.w.org\/{rel}","templated":true}]}}