{"id":3209,"date":"2017-03-09T15:14:27","date_gmt":"2017-03-09T20:14:27","guid":{"rendered":"http:\/\/caph-02.eproofs.ca\/dpampc-prix\/"},"modified":"2020-05-28T15:05:51","modified_gmt":"2020-05-28T19:05:51","slug":"dpampc-prix","status":"publish","type":"page","link":"https:\/\/cap.ca\/fr\/divisions\/dpampc\/dpampc-prix\/","title":{"rendered":"DPAMPC Comp\u00e9titions et Prix"},"content":{"rendered":"<h2>Comp\u00e9tition pour la meilleure th\u00e8se de doctorat<\/h2>\n<p>La division DPAMPC a \u00e9tabli une comp\u00e9tition biennale visant \u00e0 reconna\u00eetre la meilleure th\u00e8se de doctorat r\u00e9alis\u00e9e dans une th\u00e9matique li\u00e9e \u00e0 la science de la physique atomique, mol\u00e9culaire, et photonique. Les nominations sont accept\u00e9es jusqu\u2019au 31 janvier de chaque ann\u00e9e m\u00eame (date limite suivant: <strong>31 janvier 2020<\/strong>), et le gagnant sera annonc\u00e9 au mois de mars. Le r\u00e9cipiendaire recevra un certificat, un prix de 500$ et sera invit\u00e9 \u00e0 donner une pr\u00e9sentation orale lors du prochain congr\u00e8s annuel de l\u2019Association canadienne des physiciens et physiciennes. Un montant maximal de 1000$ sera \u00e9galement donn\u00e9 \u00e0 l\u2019\u00e9tudiant choisi pour rembourser les frais de d\u00e9placement li\u00e9s \u00e0 sa participation au congr\u00e8s annuel.<\/p>\n<h3>Proc\u00e9dure de s\u00e9lection<\/h3>\n<p>Pour \u00eatre \u00e9ligible, le nomin\u00e9 doit avoir r\u00e9alis\u00e9 sa th\u00e8se de doctorat en physique atomique, mol\u00e9culaire, et photonique dans une universit\u00e9 canadienne. Au 31 d\u00e9cembre de l\u2019ann\u00e9e d\u2019application au prix de la meilleure th\u00e8se de doctorat, le nomin\u00e9 devra avoir rempli toutes les exigences li\u00e9es \u00e0 l\u2019obtention de son doctorat entre le 1er Janvier 2018 et le 31 d\u00e9cembre 2019, ou ce dans une p\u00e9riode \u00e9quivalente de 36 mois.<\/p>\n<p>Le dossier de candidature doit inclure : une lettre justifiant la nomination, la th\u00e8se de doctorat, le rapport ou une lettre de support de l\u2019examinateur externe si\u00e9geant sur le comit\u00e9 d\u2019\u00e9valuation de la th\u00e8se de doctorat (ou une lettre d\u2019un expert externe dans le cas o\u00f9 l\u2019institution universitaire n\u2019a pas recourt \u00e0 un examinateur externe pour l\u2019\u00e9valuation de la th\u00e8se), et une lettre de support additionnel (exemple : d\u2019un autre membre du comit\u00e9 ayant r\u00e9alis\u00e9 l\u2019\u00e9valuation de la th\u00e8se). Le dossier de candidature doit-\u00eatre pr\u00e9f\u00e9rablement envoy\u00e9 par courriel, duquel suivra rapidement un courriel de confirmation. Le dossier de candidature doit-\u00eatre envoy\u00e9 au pr\u00e9sident DPAMPC.<\/p>\n<p>Le r\u00e9cipiendaire du prix de la meilleure th\u00e8se de doctorat \u2013 Division de la physique atomique, mol\u00e9culaire, et photonique, Canada sera choisi en fevrier des ann\u00e9es impaires par le comit\u00e9 ex\u00e9cutif de la division DPAMPC de l\u2019Association canadienne des physiciens et physiciennes, et annonc\u00e9 au mois du mars. Dans le cas d\u2019un conflit d\u2019int\u00e9r\u00eat, le membre du comit\u00e9 ex\u00e9cutif concern\u00e9 se retirera des discussions, de l\u2019\u00e9valuation et du classement de la th\u00e8se concern\u00e9e. Dans le cas o\u00f9 il y a plus d\u2019un conflit d\u2019int\u00e9r\u00eat, ou dans le cas o\u00f9 il y a seulement une candidature, le comit\u00e9 ex\u00e9cutif de DPAMPC remplacera l\u2019\u00e9valuateur du comit\u00e9 ex\u00e9cutif en conflit d\u2019int\u00e9r\u00eat par un membre de la division DPAMPC. Le comit\u00e9 ex\u00e9cutif se r\u00e9serve le droit de nommer plus d\u2019un r\u00e9cipiendaire au prix de la meilleure th\u00e8se de doctorat, et le prix de 500$ et le support financier de 1000$ pour participer au congr\u00e8s annuel seront divis\u00e9s \u00e0 part \u00e9gal entre les gagnants. De plus, si aucune candidature ne r\u00e9pond aux exigences les plus strictes d\u2019excellence, le comit\u00e9 ex\u00e9cutif de DPAMPC se r\u00e9serve le droit de ne pas attribuer de prix.<\/p>\n<h3>Gagnant<\/h3>\n<p>Samuel Beaulieu (INRS): &#8220;Probing femtosecond and attosecond electronic and chiral dynamics: high-order harmonic generation, XUV free induction decay, photoelectron spectroscopy and Coulomb explosion&#8221;<\/p>\n<h3>Gagnants des ann\u00e9es pr\u00e9c\u00e9dentes<\/h3>\n<ul class=\"content-list\">\n<li>2017: Martin Bittter (BC): &#8220;<span class=\"background-details\">\u201cQuantum coherent control of laser-kicked molecular rotors\u201d<\/span><\/li>\n<li>2015: Alma Bardon (Toronto): &#8220;Dynamics of a Unitary Fermi Gas&#8221;<\/li>\n<li>2012: Julien Bertrand (Ottawa): &#8220;Homodyne High-Harmonic Spectroscopy: Toward Real-Time Tomographic Imaging of Unimolecular Chemical Reactions&#8221;<\/li>\n<li>2010: Lindsay Leblanc (Toronto) : &#8220;Exploring many-body physics with ultracold atoms&#8221;<\/li>\n<\/ul>\n<h2>Prix de l\u2019ACP pour le meilleur article en physique atomique, mol\u00e9culaire et photonique<\/h2>\n<p>\u00c0 partir de 2013, la division DAMOPC de l\u2019ACP remettra un prix au meilleur article lors du congr\u00e8s conjoint de l\u2019ACP et de l\u2019APS. Ces congr\u00e8s ont lieu une fois par trois ans, alternant entre le Canada et les Etats-Unis. Ce prix a pour objectif de reconna\u00eetre les \u00e9tudiants gradu\u00e9s qui ont fait un excellent travail de recherches, et qui pr\u00e9sentent lors de la conf\u00e9rence DAMOP. Les r\u00e9sultats de la recherche pr\u00e9sent\u00e9s doivent avoir \u00e9t\u00e9 publi\u00e9s, ou un manuscrit soumis doit-\u00eatre disponible (exemple : arXiv). Ce concours est ouvert aux \u00e9tudiants de tout pays, et les r\u00e9gles d\u2019\u00e9ligibilit\u00e9 sont donn\u00e9es ci-dessous :<\/p>\n<h3>\u00c9ligibilit\u00e9 &amp; Proc\u00e9dure de s\u00e9lection<\/h3>\n<p>Les crit\u00e8res d\u2019\u00e9ligibilit\u00e9 sont:<\/p>\n<ul class=\"content-list\">\n<li>Le candidat est un \u00e9tudiant gradu\u00e9<\/li>\n<li>Le candidat est l\u2019auteur principal (normalement premier) d\u2019un article publi\u00e9 ou d\u2019un manuscript soumis (ex: arXiv). Dans le cas ou la position de premier auteur n\u2019est pas clair, ceci doit-\u00eatre clairement adress\u00e9 dans la lettre de soutien du directeur de recherche.<\/li>\n<li>Les r\u00e9sultats de recherche sont pr\u00e9sent\u00e9s de fa\u00e7on orale par l\u2019\u00e9tudiant \u00e0 la conf\u00e9rence DAMOP,<\/li>\n<li>L\u2019\u00e9tudiant est membre de l\u2019ACP, ou de l\u2019APS, ou de toutes autres organisations internationales qui reconnaient les b\u00e9n\u00e9fices de l\u2019ACP et de l\u2019APS.<\/li>\n<li>L\u2019\u00e9tudiant est nomin\u00e9 avant la date limite, soit environ deux semaines avant le congr\u00e8s<\/li>\n<\/ul>\n<p>Le dossier de nomination consisite d\u2019une lettre de support du directeur de recherche, et d\u2019une citation de la publication ou le manuscript soumis avec preuve de soumission. Le travail de recherche en cours qui ne fait pas l\u2019object d\u2019une publication ou d\u2019un manuscrit soumis n\u2019est pas \u00e9ligible. Le dossier de nomination doit \u00eatre adress\u00e9 au pr\u00e9sident de la division DAMOPC de l\u2019ACP.<\/p>\n<p>Le meilleur papier sera choisi sur la base de l\u2019importance des r\u00e9sultats, de la qualit\u00e9 de la pr\u00e9sentation orale, de la qualit\u00e9 du manuscrit, et de la capacit\u00e9 de l\u2019\u00e9tudiant \u00e0 r\u00e9pondre aux questions \u00e0 la fin de sa pr\u00e9sentation.<\/p>\n<p>D\u00e9pendant du nombre de dossiers de nomination soumis, les pr\u00e9sentations orales seront distribu\u00e9es \u00e0 un jury compos\u00e9 de membres de l\u2019ACP et de l\u2019APS. Chaque pr\u00e9sentation sera \u00e9valu\u00e9e par au moins deux juges, par contre il est important de noter que ceci d\u00e9pend du nombre de dossiers et du nombre de sessions associ\u00e9es ayant lieu en parall\u00e8les. Dans la semaine suivant le congr\u00e8s, le jury discutera de la meilleure pr\u00e9sentation par vid\u00e9oconf\u00e9rence ou par conf\u00e9rence t\u00e9l\u00e9phonique, et le gagnant sera annonc\u00e9 via les sites web et les journaux de l\u2019ACP et de l\u2019APS. Le nombre de prix remis d\u00e9pendra de la qualit\u00e9 des dossiers soumis, et sera \u00e0 la discr\u00e9tion du jury. Entre z\u00e9ro et quatre prix pourront \u00eatre remis.<\/p>\n<p>Le prix s\u2019intitule \u201cLe prix de l\u2019Association canadienne des physiciens et physiciennes pour le meilleur papier en physique atomique, mol\u00e9culaire et photonique\u201d. Le prix sera accompagn\u00e9 d\u2019un ch\u00e8que de 300 $CDN et d\u2019une lettre de f\u00e9licitation du pr\u00e9sident de la division DAMOPC de l\u2019ACP.<\/p>\n<h2>Prix de la meilleure presentation \u00e9tudiante lors du congr\u00e8s annuel de l\u2019ACP<\/h2>\n<p>\u00c0 chaque congr\u00e8s annuel de l\u2019ACP, une competition visera \u00e0 d\u00e9terminer la meilleure pr\u00e9sentation \u00e9tudiante. Il y a \u00e0 la fois une comp\u00e9tition sp\u00e9cifique \u00e0 chaque division, et une comp\u00e9tition pour tout le congr\u00e8s. L\u2019intention de ces comp\u00e9titions est d\u2019encourager les \u00e9tudiants gradu\u00e9s \u00e0 pr\u00e9senter leurs travaux de recherche et \u00e0 interagir avec la communaut\u00e9 canadienne des physiciens et physiciennes et ce en tout d\u00e9but de carri\u00e8re. Les \u00e9tudiants doivent pr\u00e9senter leurs travaux de recherche et \u00eatre responsable principal du compte tenu de la pr\u00e9sentation ainsi que de l\u2019\u00e9criture de l\u2019abstract soumis. De plus, le gagnant devra faire parvenir un sommaire complet des travaux de recherche pr\u00e9sent\u00e9s \u00e0 La Physique au Canada. Les \u00e9tudiants au premier cycle qui rencontrent ces crit\u00e8res sont les bienvenus de participer \u00e0 la comp\u00e9tition. D\u2019ann\u00e9e en ann\u00e9e, les modalit\u00e9s de cette comp\u00e9tition peuvent changer, et peuvent \u00eatre trouv\u00e9es sur la page du congr\u00e8s annuel. Typiquement, les crit\u00e8res d\u2019\u00e9ligibilit\u00e9 sont les suivants :<\/p>\n<ul class=\"content-list\">\n<li>Le candidat est un \u00e9tudiant gradu\u00e9 ou au premier cycle, et membre de l\u2019ACP,<\/li>\n<li>Les candidats doivent indiquer s\u2019ils d\u00e9sirent participer \u00e0 la comp\u00e9tition lorsqu\u2019ils soumettent le sommaire au congr\u00e8s de l\u2019ACP,<\/li>\n<li>Compte tenu qu\u2019il y a des sessions par affiches et orales en parall\u00e8le lors du congr\u00e8s annuel de l\u2019ACP, et que le nombre de pr\u00e9sentations orales est limit\u00e9, chaque \u00e9tudiant participant \u00e0 cette comp\u00e9tition devra r\u00e9aliser une pr\u00e9sentation par affiches.<\/li>\n<\/ul>\n<p>Les gagnants seront annonc\u00e9s le jeudi du congr\u00e8s de l\u2019ACP et les r\u00e9sultats seront disponibles au kiosque d\u2019information du congr\u00e8s. Chaque gagnant se m\u00e9ritera un coupon pour avoir acc\u00e8s au banquet du congr\u00e8s qui se tient dans la soir\u00e9e du jeudi.<\/p>\n","protected":false},"excerpt":{"rendered":"<p>Comp\u00e9tition pour la meilleure th\u00e8se de doctorat La division DPAMPC a \u00e9tabli une comp\u00e9tition biennale visant \u00e0 reconna\u00eetre la meilleure th\u00e8se de doctorat r\u00e9alis\u00e9e dans une th\u00e9matique li\u00e9e \u00e0 la science de la physique atomique, mol\u00e9culaire, et photonique. Les nominations sont accept\u00e9es jusqu\u2019au 31 janvier de chaque ann\u00e9e m\u00eame (date limite suivant: 31 janvier 2020),&#8230;  <a class=\"excerpt-read-more\" href=\"https:\/\/cap.ca\/fr\/divisions\/dpampc\/dpampc-prix\/\" title=\"LireDPAMPC Comp\u00e9titions et Prix\">Lire la suite &raquo;<\/a><\/p>\n","protected":false},"author":10,"featured_media":0,"parent":3208,"menu_order":177,"comment_status":"closed","ping_status":"closed","template":"","meta":{"footnotes":""},"class_list":["post-3209","page","type-page","status-publish","hentry"],"_links":{"self":[{"href":"https:\/\/cap.ca\/fr\/wp-json\/wp\/v2\/pages\/3209","targetHints":{"allow":["GET"]}}],"collection":[{"href":"https:\/\/cap.ca\/fr\/wp-json\/wp\/v2\/pages"}],"about":[{"href":"https:\/\/cap.ca\/fr\/wp-json\/wp\/v2\/types\/page"}],"author":[{"embeddable":true,"href":"https:\/\/cap.ca\/fr\/wp-json\/wp\/v2\/users\/10"}],"replies":[{"embeddable":true,"href":"https:\/\/cap.ca\/fr\/wp-json\/wp\/v2\/comments?post=3209"}],"version-history":[{"count":9,"href":"https:\/\/cap.ca\/fr\/wp-json\/wp\/v2\/pages\/3209\/revisions"}],"predecessor-version":[{"id":15490,"href":"https:\/\/cap.ca\/fr\/wp-json\/wp\/v2\/pages\/3209\/revisions\/15490"}],"up":[{"embeddable":true,"href":"https:\/\/cap.ca\/fr\/wp-json\/wp\/v2\/pages\/3208"}],"wp:attachment":[{"href":"https:\/\/cap.ca\/fr\/wp-json\/wp\/v2\/media?parent=3209"}],"curies":[{"name":"wp","href":"https:\/\/api.w.org\/{rel}","templated":true}]}}